{"id":7157,"date":"2014-12-17T11:29:15","date_gmt":"2014-12-17T09:29:15","guid":{"rendered":"http:\/\/www.eoc.ee\/?page_id=7157"},"modified":"2015-03-11T10:08:27","modified_gmt":"2015-03-11T08:08:27","slug":"eglise-orthodoxe-dans-le-monde","status":"publish","type":"page","link":"https:\/\/www.eoc.ee\/fr\/eglise-orthodoxe-dans-le-monde\/","title":{"rendered":"L&rsquo;\u00c9glise Orthodoxe dans le monde"},"content":{"rendered":"<p>Liste des Eglises orthodoxes autoc\u00e9phales et autonomes<\/p>\n<p><strong>LES QUATRES ANCIENS PATRIARCATS<\/strong><\/p>\n<p><b><span style=\"text-decoration: underline;\">PATRIARCAT \u0152CUM\u00c9NIQUE<\/span><\/b> Si\u00e8ge \u00e0 (Istanbul) Constantinople<\/p>\n<p><strong>Sa Toute-Saintet\u00e9 Bartholomeos I<\/strong><br \/>\nTitre officiel : Archev\u00eaque de Constantinople, Nouvelle Rome et Patriarche \u0152cum\u00e9nique<br \/>\nSite web : <a href=\"http:\/\/www.ec-part.org\">http:\/\/www.ec-part.org<\/a><\/p>\n<p><b><span style=\"text-decoration: underline;\">PATRIARCAT D&rsquo;ALEXANDRIE <\/span><\/b><b>\u00a0<\/b>Si\u00e8ge \u00e0 Alexandrie<\/p>\n<p><strong>Sa B\u00e9atitude Th\u00e9odore II<\/strong><br \/>\nTitre officiel : Pape et Patriarche d&rsquo;Alexandrie et de toute l\u2019Afrique<br \/>\nSite web : <a href=\"http:\/\/www.patriarchateofalexandria.com\/\">http:\/\/www.patriarchateofalexandria.com\/#<\/a><\/p>\n<p><b><span style=\"text-decoration: underline;\">PATRIARCAT D\u2019ANTIOCHE <\/span><\/b><b>\u00a0<\/b>Si\u00e8ge \u00e0 Damas<\/p>\n<p><strong>Sa B\u00e9atitude Ignace IV<\/strong><br \/>\nTitre officiel : Patriarche d&rsquo;Antioche et de tout l\u2019Orient<br \/>\nSite Web : <span style=\"text-decoration: underline;\"><a href=\"http:\/\/www.antiochpat.org\/\">http:\/\/www.antiochpat.org<\/a><\/span><\/p>\n<p><b><span style=\"text-decoration: underline;\">PATRIARCAT DE J\u00c9RUSALEM<\/span><\/b> Si\u00e8ge \u00e0 J\u00e9rusalem<\/p>\n<p><strong>Sa B\u00e9atitude Th\u00e9ophile<\/strong><br \/>\nTitre officiel : Patriarche de la Sainte Ville de J\u00e9rusalem et de toute la Palestine<br \/>\nSite Web : <a href=\"http:\/\/www.jerusalem-patriarchate.info\/\">http:\/\/www.jerusalem-patriarchate.info\/<\/a><\/p>\n<p>&nbsp;<\/p>\n<p><b>LES AUTRES PATRIARCATS<\/b><\/p>\n<p><b><span style=\"text-decoration: underline;\">PATRIARCAT DE MOSCOU <\/span><\/b><b>\u00a0<\/b>Si\u00e8ge \u00e0 Moscou<\/p>\n<p><strong>Sa Saintet\u00e9 Cyrille Ier<\/strong><br \/>\nTitre officiel : Patriarche de Moscou et de toute la Russie<br \/>\nSite Web :\u00a0<a href=\"http:\/\/www.mospat.ru\/?lng=1\">http:\/\/www.mospat.ru\/?lng=1<\/a><\/p>\n<p><b><span style=\"text-decoration: underline;\">PATRIARCAT DE SERBIE <\/span><\/b><b>\u00a0<\/b>Si\u00e8ge \u00e0 Belgrade<\/p>\n<p><strong>Sa B\u00e9atitude Ir\u00e9n\u00e9e<\/strong><br \/>\nTitre officiel : Patriarche de Belgrade et de toute la Serbie<br \/>\nElle conna\u00eet aujourd&rsquo;hui deux conflits territoriaux qui l&rsquo;opposent \u00e0 des Eglises orthodoxes auto-proclam\u00e9es, et qui font qu&rsquo;il existe dans chacun de ces territoires deux juridictions oppos\u00e9es\u00a0:<\/p>\n<p>en Mac\u00e9doine<br \/>\nL\u2019Eglise orthodoxe mac\u00e9donienne, autoc\u00e9phale mais non reconnue par les autres Eglises<br \/>\nL&rsquo;Eglise orthodoxe autonome d\u2019Ohrid, archev\u00each\u00e9 autonome de l&rsquo;Eglise serbe.<\/p>\n<p>au Mont\u00e9n\u00e9gro<br \/>\nL\u2019Eglise orthodoxe mont\u00e9n\u00e9grine, autoc\u00e9phale mais non reconnue par les autres \u00c9glises<br \/>\nLa m\u00e9tropole du Mont\u00e9n\u00e9gro et du littoral de l&rsquo;Eglise serbe.<\/p>\n<p>Site Web : <a href=\"http:\/\/www.spc.rs\">http:\/\/www.spc.rs<\/a><\/p>\n<p><b><span style=\"text-decoration: underline;\">PATRIARCAT DE ROUMANIE <\/span><\/b>\u00a0Si\u00e8ge \u00e0 Bucarest<\/p>\n<p><strong>Sa B\u00e9atitude Daniel<\/strong><br \/>\nTitre officiel : Patriarche de Bucarest et de toute la Roumanie<br \/>\nSite Web : <a href=\"http:\/\/www.patriarhia.ro\/\">http:\/\/www.patriarhia.ro\/<\/a><\/p>\n<p><b><span style=\"text-decoration: underline;\">PATRIARCAT DE BULGARIE <\/span><\/b><b>\u00a0<\/b>Si\u00e8ge \u00e0 Sofia<\/p>\n<p><strong>Sa B\u00e9atitude Maxime<\/strong><br \/>\nTitre officiel : Patriarche de Sofia et de toute la Bulgarie<br \/>\nSite Web :\u00a0\u00a0<a href=\"http:\/\/www.bg-patriarshia.bg\/\">http:\/\/www.bg-patriarshia.bg\/<\/a><\/p>\n<p><b><span style=\"text-decoration: underline;\">PATRIARCAT DE GEORGIE <\/span><\/b><b>\u00a0<\/b>Si\u00e8ge \u00e0 Tbilissi<\/p>\n<p><strong>Sa B\u00e9atitude Elie II<\/strong><br \/>\nTitre officiel : Archev\u00eaque de Mzcheta et Tbilissi, Catholicos et Patriarche de toute la G\u00e9orgie<br \/>\nSite Web : <a href=\"http:\/\/www.patriarchate.ge\/\">http:\/\/www.patriarchate.ge\/<\/a><\/p>\n<p>&nbsp;<\/p>\n<p><b>LES AUTRES EGLISES AUTOC\u00c9PHALES<\/b><\/p>\n<p><b><span style=\"text-decoration: underline;\">\u00c9GLISE DE CHYPRE <\/span><\/b><b>\u00a0<\/b>Si\u00e8ge \u00e0 Nicosie<\/p>\n<p><strong>Sa B\u00e9atitude Chrysostome II<\/strong><br \/>\nTitre officiel : Archev\u00eaque de la Nouvelle-Justinianie et de toute Chypre<br \/>\nSite Web :\u00a0<a href=\"http:\/\/www.churchofcyprus.org.cy\/\">http:\/\/www.churchofcyprus.org.cy\/<\/a><\/p>\n<p><b><span style=\"text-decoration: underline;\">\u00c9GLISE DE GRECE <\/span><\/b><b>\u00a0<\/b>Si\u00e8ge \u00e0 Ath\u00e8nes<\/p>\n<p><strong>Sa B\u00e9atitude Hi\u00e9ronymos II<\/strong><br \/>\nTitre officiel : Archev\u00eaque d\u2019Ath\u00e8nes et de toute la Gr\u00e8ce<br \/>\nSite Web: <a href=\"http:\/\/www.ecclesia.gr\/\">http:\/\/www.ecclesia.gr\/<\/a><\/p>\n<p><b><span style=\"text-decoration: underline;\">\u00c9GLISE DE POLOGNE <\/span><\/b><b>\u00a0<\/b>Si\u00e8ge \u00e0 Varsovie<\/p>\n<p><strong>Sa B\u00e9atitude Sawa<\/strong><br \/>\nTitre officiel : M\u00e9tropolite de Varsovie et de toute la Pologne<br \/>\nSite Web : <a href=\"http:\/\/www.orthodox.pl\/\">http:\/\/www.orthodox.pl\/<\/a><\/p>\n<p><b><span style=\"text-decoration: underline;\">\u00c9GLISE D\u2019ALBANIE <\/span><\/b><b>\u00a0<\/b>Si\u00e8ge \u00e0 Tirana<\/p>\n<p><strong>Sa B\u00e9atitude Anastasios<\/strong><br \/>\nTitre officiel : Archev\u00eaque de Tirana et de toute l\u2019Albanie<br \/>\nSite Web : <a href=\"http:\/\/www.orthodoxalbania.org\/\">http:\/\/www.orthodoxalbania.org\/<\/a><\/p>\n<p><b><span style=\"text-decoration: underline;\">\u00c9GLISE DE TCHEQUIE ET DE LA SLOVAQUIE <\/span><\/b><b>\u00a0<\/b>Si\u00e8ge \u00e0 Prague<\/p>\n<p><b>Sa B\u00e9atitude Christophe<\/b><br \/>\nTitre officiel : Archev\u00eaque de Tch\u00e9quie et de Slovaquie.<br \/>\nSite Web : en tch\u00e8que\u00a0: <span style=\"text-decoration: underline;\"><a href=\"http:\/\/www.pravoslavnacirkev.info\/\">http:\/\/www.pravoslavnacirkev.info<\/a><\/span><br \/>\nSite Web : en slovaque\u00a0: <span style=\"text-decoration: underline;\"><a href=\"http:\/\/www.orthodox.sk\/\">http:\/\/www.orthodox.sk<\/a><\/span><\/p>\n<p>&nbsp;<\/p>\n<p><b><\/b><b>LES EGLISES AUTONOMES<\/b><\/p>\n<p><b><span style=\"text-decoration: underline;\">\u00c9GLISE DE FINLANDE <\/span><\/b>\u00a0Si\u00e8ge \u00e0 Kuopio, sous la protection du Patriarcat de Constantinople<b><\/b><\/p>\n<p><b>Son Eminence L\u00e9o<\/b><br \/>\nTitre officiel : Archev\u00eaque de Car\u00e9lie et de toute la Finlande<br \/>\nSite Web : <span style=\"text-decoration: underline;\"><a href=\"http:\/\/www.ort.fi\/\">http:\/\/www.ort.fi<\/a><\/span><\/p>\n<p><b><span style=\"text-decoration: underline;\">\u00c9GLISE D\u2019ESTONIE <\/span><\/b><b>\u00a0<\/b>Si\u00e8ge \u00e0 Tallinn, sous la protection du Patriarcat de Constantinople<\/p>\n<p><b>Son Eminence Stephanos<\/b><br \/>\nTitre officiel : Archev\u00eaque de Tallinn et de toute l\u2019Estonie<br \/>\nSite Web: <span style=\"text-decoration: underline;\"><a href=\"http:\/\/www.eoc.ee\/fr\">http:\/\/www.eoc.ee\/fr<\/a><\/span><\/p>\n","protected":false},"excerpt":{"rendered":"<p>Liste des Eglises orthodoxes autoc\u00e9phales et autonomes LES QUATRES ANCIENS PATRIARCATS PATRIARCAT \u0152CUM\u00c9NIQUE Si\u00e8ge \u00e0 (Istanbul) Constantinople Sa Toute-Saintet\u00e9 Bartholomeos I Titre officiel : Archev\u00eaque de Constantinople, Nouvelle Rome et Patriarche \u0152cum\u00e9nique Site web : http:\/\/www.ec-part.org PATRIARCAT D&rsquo;ALEXANDRIE \u00a0Si\u00e8ge \u00e0 Alexandrie Sa B\u00e9atitude Th\u00e9odore II Titre officiel : Pape et Patriarche d&rsquo;Alexandrie et de toute [&hellip;]<\/p>\n","protected":false},"author":7,"featured_media":0,"parent":0,"menu_order":0,"comment_status":"closed","ping_status":"closed","template":"","meta":{"_exactmetrics_skip_tracking":false,"_exactmetrics_sitenote_active":false,"_exactmetrics_sitenote_note":"","_exactmetrics_sitenote_category":0,"_monsterinsights_skip_tracking":false,"_monsterinsights_sitenote_active":false,"_monsterinsights_sitenote_note":"","_monsterinsights_sitenote_category":0,"footnotes":""},"class_list":["post-7157","page","type-page","status-publish","hentry"],"yoast_head":"<!-- This site is optimized with the Yoast SEO plugin v27.5 - https:\/\/yoast.com\/product\/yoast-seo-wordpress\/ -->\n<title>L&#039;\u00c9glise Orthodoxe dans le monde &#8211; \u00c9glise Orthodoxe d&#039;Estonie<\/title>\n<meta name=\"robots\" content=\"index, follow, max-snippet:-1, max-image-preview:large, max-video-preview:-1\" \/>\n<link rel=\"canonical\" href=\"https:\/\/www.eoc.ee\/fr\/eglise-orthodoxe-dans-le-monde\/\" \/>\n<meta property=\"og:locale\" content=\"fr_FR\" \/>\n<meta property=\"og:type\" content=\"article\" \/>\n<meta property=\"og:title\" content=\"L&#039;\u00c9glise Orthodoxe dans le monde &#8211; \u00c9glise Orthodoxe d&#039;Estonie\" \/>\n<meta property=\"og:description\" content=\"Liste des Eglises orthodoxes autoc\u00e9phales et autonomes LES QUATRES ANCIENS PATRIARCATS PATRIARCAT \u0152CUM\u00c9NIQUE Si\u00e8ge \u00e0 (Istanbul) Constantinople Sa Toute-Saintet\u00e9 Bartholomeos I Titre officiel : Archev\u00eaque de Constantinople, Nouvelle Rome et Patriarche \u0152cum\u00e9nique Site web : http:\/\/www.ec-part.org PATRIARCAT D&rsquo;ALEXANDRIE \u00a0Si\u00e8ge \u00e0 Alexandrie Sa B\u00e9atitude Th\u00e9odore II Titre officiel : Pape et Patriarche d&rsquo;Alexandrie et de toute [&hellip;]\" \/>\n<meta property=\"og:url\" content=\"https:\/\/www.eoc.ee\/fr\/eglise-orthodoxe-dans-le-monde\/\" \/>\n<meta property=\"og:site_name\" content=\"\u00c9glise Orthodoxe d&#039;Estonie\" \/>\n<meta property=\"article:modified_time\" content=\"2015-03-11T08:08:27+00:00\" \/>\n<meta name=\"twitter:label1\" content=\"Dur\u00e9e de lecture estim\u00e9e\" \/>\n\t<meta name=\"twitter:data1\" content=\"3 minutes\" \/>\n<script type=\"application\/ld+json\" class=\"yoast-schema-graph\">{\"@context\":\"https:\\\/\\\/schema.org\",\"@graph\":[{\"@type\":\"WebPage\",\"@id\":\"https:\\\/\\\/www.eoc.ee\\\/fr\\\/eglise-orthodoxe-dans-le-monde\\\/\",\"url\":\"https:\\\/\\\/www.eoc.ee\\\/fr\\\/eglise-orthodoxe-dans-le-monde\\\/\",\"name\":\"L'\u00c9glise Orthodoxe dans le monde &#8211; \u00c9glise Orthodoxe d'Estonie\",\"isPartOf\":{\"@id\":\"https:\\\/\\\/www.eoc.ee\\\/#website\"},\"datePublished\":\"2014-12-17T09:29:15+00:00\",\"dateModified\":\"2015-03-11T08:08:27+00:00\",\"breadcrumb\":{\"@id\":\"https:\\\/\\\/www.eoc.ee\\\/fr\\\/eglise-orthodoxe-dans-le-monde\\\/#breadcrumb\"},\"inLanguage\":\"fr-FR\",\"potentialAction\":[{\"@type\":\"ReadAction\",\"target\":[\"https:\\\/\\\/www.eoc.ee\\\/fr\\\/eglise-orthodoxe-dans-le-monde\\\/\"]}]},{\"@type\":\"BreadcrumbList\",\"@id\":\"https:\\\/\\\/www.eoc.ee\\\/fr\\\/eglise-orthodoxe-dans-le-monde\\\/#breadcrumb\",\"itemListElement\":[{\"@type\":\"ListItem\",\"position\":1,\"name\":\"Home\",\"item\":\"https:\\\/\\\/www.eoc.ee\\\/\"},{\"@type\":\"ListItem\",\"position\":2,\"name\":\"L&rsquo;\u00c9glise Orthodoxe dans le monde\"}]},{\"@type\":\"WebSite\",\"@id\":\"https:\\\/\\\/www.eoc.ee\\\/#website\",\"url\":\"https:\\\/\\\/www.eoc.ee\\\/\",\"name\":\"\u00c9glise Orthodoxe d'Estonie\",\"description\":\"Eesti Apostlik-\u00d5igeusu Kirik\",\"potentialAction\":[{\"@type\":\"SearchAction\",\"target\":{\"@type\":\"EntryPoint\",\"urlTemplate\":\"https:\\\/\\\/www.eoc.ee\\\/?s={search_term_string}\"},\"query-input\":{\"@type\":\"PropertyValueSpecification\",\"valueRequired\":true,\"valueName\":\"search_term_string\"}}],\"inLanguage\":\"fr-FR\"}]}<\/script>\n<!-- \/ Yoast SEO plugin. -->","yoast_head_json":{"title":"L'\u00c9glise Orthodoxe dans le monde &#8211; \u00c9glise Orthodoxe d'Estonie","robots":{"index":"index","follow":"follow","max-snippet":"max-snippet:-1","max-image-preview":"max-image-preview:large","max-video-preview":"max-video-preview:-1"},"canonical":"https:\/\/www.eoc.ee\/fr\/eglise-orthodoxe-dans-le-monde\/","og_locale":"fr_FR","og_type":"article","og_title":"L'\u00c9glise Orthodoxe dans le monde &#8211; \u00c9glise Orthodoxe d'Estonie","og_description":"Liste des Eglises orthodoxes autoc\u00e9phales et autonomes LES QUATRES ANCIENS PATRIARCATS PATRIARCAT \u0152CUM\u00c9NIQUE Si\u00e8ge \u00e0 (Istanbul) Constantinople Sa Toute-Saintet\u00e9 Bartholomeos I Titre officiel : Archev\u00eaque de Constantinople, Nouvelle Rome et Patriarche \u0152cum\u00e9nique Site web : http:\/\/www.ec-part.org PATRIARCAT D&rsquo;ALEXANDRIE \u00a0Si\u00e8ge \u00e0 Alexandrie Sa B\u00e9atitude Th\u00e9odore II Titre officiel : Pape et Patriarche d&rsquo;Alexandrie et de toute [&hellip;]","og_url":"https:\/\/www.eoc.ee\/fr\/eglise-orthodoxe-dans-le-monde\/","og_site_name":"\u00c9glise Orthodoxe d'Estonie","article_modified_time":"2015-03-11T08:08:27+00:00","twitter_misc":{"Dur\u00e9e de lecture estim\u00e9e":"3 minutes"},"schema":{"@context":"https:\/\/schema.org","@graph":[{"@type":"WebPage","@id":"https:\/\/www.eoc.ee\/fr\/eglise-orthodoxe-dans-le-monde\/","url":"https:\/\/www.eoc.ee\/fr\/eglise-orthodoxe-dans-le-monde\/","name":"L'\u00c9glise Orthodoxe dans le monde &#8211; \u00c9glise Orthodoxe d'Estonie","isPartOf":{"@id":"https:\/\/www.eoc.ee\/#website"},"datePublished":"2014-12-17T09:29:15+00:00","dateModified":"2015-03-11T08:08:27+00:00","breadcrumb":{"@id":"https:\/\/www.eoc.ee\/fr\/eglise-orthodoxe-dans-le-monde\/#breadcrumb"},"inLanguage":"fr-FR","potentialAction":[{"@type":"ReadAction","target":["https:\/\/www.eoc.ee\/fr\/eglise-orthodoxe-dans-le-monde\/"]}]},{"@type":"BreadcrumbList","@id":"https:\/\/www.eoc.ee\/fr\/eglise-orthodoxe-dans-le-monde\/#breadcrumb","itemListElement":[{"@type":"ListItem","position":1,"name":"Home","item":"https:\/\/www.eoc.ee\/"},{"@type":"ListItem","position":2,"name":"L&rsquo;\u00c9glise Orthodoxe dans le monde"}]},{"@type":"WebSite","@id":"https:\/\/www.eoc.ee\/#website","url":"https:\/\/www.eoc.ee\/","name":"\u00c9glise Orthodoxe d'Estonie","description":"Eesti Apostlik-\u00d5igeusu Kirik","potentialAction":[{"@type":"SearchAction","target":{"@type":"EntryPoint","urlTemplate":"https:\/\/www.eoc.ee\/?s={search_term_string}"},"query-input":{"@type":"PropertyValueSpecification","valueRequired":true,"valueName":"search_term_string"}}],"inLanguage":"fr-FR"}]}},"_links":{"self":[{"href":"https:\/\/www.eoc.ee\/fr\/wp-json\/wp\/v2\/pages\/7157","targetHints":{"allow":["GET"]}}],"collection":[{"href":"https:\/\/www.eoc.ee\/fr\/wp-json\/wp\/v2\/pages"}],"about":[{"href":"https:\/\/www.eoc.ee\/fr\/wp-json\/wp\/v2\/types\/page"}],"author":[{"embeddable":true,"href":"https:\/\/www.eoc.ee\/fr\/wp-json\/wp\/v2\/users\/7"}],"replies":[{"embeddable":true,"href":"https:\/\/www.eoc.ee\/fr\/wp-json\/wp\/v2\/comments?post=7157"}],"version-history":[{"count":28,"href":"https:\/\/www.eoc.ee\/fr\/wp-json\/wp\/v2\/pages\/7157\/revisions"}],"predecessor-version":[{"id":9596,"href":"https:\/\/www.eoc.ee\/fr\/wp-json\/wp\/v2\/pages\/7157\/revisions\/9596"}],"wp:attachment":[{"href":"https:\/\/www.eoc.ee\/fr\/wp-json\/wp\/v2\/media?parent=7157"}],"curies":[{"name":"wp","href":"https:\/\/api.w.org\/{rel}","templated":true}]}}