{"id":8337,"date":"2015-02-05T10:14:11","date_gmt":"2015-02-05T08:14:11","guid":{"rendered":"http:\/\/www.eoc.ee\/?page_id=8337"},"modified":"2015-03-02T16:42:01","modified_gmt":"2015-03-02T14:42:01","slug":"eglise-orthodoxe-destonie","status":"publish","type":"page","link":"https:\/\/www.eoc.ee\/fr\/eglise-orthodoxe-destonie\/","title":{"rendered":"\u00c9glise Orthodoxe d&rsquo;Estonie"},"content":{"rendered":"<p><strong>Information administrative<\/strong><br \/>\n<strong>\u00c9glise Orthodoxe d\u2019Estonie<\/strong><\/p>\n<p style=\"text-align: left;\" align=\"center\"><b>Saint Synode\u00a0<\/b><b>(assembl\u00e9e d\u2019\u00e9v\u00eaques)<\/b><\/p>\n<p><strong>Pr\u00e9sident:\u00a0<\/strong>Son Eminence m\u00e9tropolite de Tallinn et de toute l\u2019Estonie St\u00e9phanos<br \/>\n<strong>Membre<\/strong>: Son Excellence l\u2019\u00e9v\u00eaque de Tartu Eelija<br \/>\n<strong>Membre:\u00a0<\/strong>Son Excellence l\u2019\u00e9v\u00eaque de P\u00e4rnu et Saare, Aleksander<\/p>\n<p><strong>Secr\u00e9taire:\u00a0<\/strong>Pr\u00eatre Tihhon Tammes.<br \/>\nAdresse: Wismari 32, 10136 Tallinn. E-mail: <i>sinod@eoc.ee<\/i><\/p>\n<p style=\"text-align: left;\" align=\"center\"><b><i>Commissions synodales<\/i><\/b><\/p>\n<p style=\"text-align: left;\" align=\"center\"><b><i><\/i><\/b><strong>A) Commission des m\u00e9dias :<\/strong><br \/>\nM\u00e9tropolite St\u00e9phanos (pr\u00e9sident), archipr\u00eatre Mattias Palli (secr\u00e9taire), archipr\u00eatre Andreas P\u00f5ld, pr\u00eatre Tihhon Tammes<\/p>\n<p><strong>B) Commission d\u2019archives:<\/strong><br \/>\nEv\u00eaque \u00a0Eelija (pr\u00e9sident), archipr\u00eatre Aleksander Sarapik (secr\u00e9taire), archipr\u00eatre Ardalion Keskk\u00fcla, pr\u00eatre Tihhon Tammes<\/p>\n<p><strong>C) \u00a0Commission liturgique <\/strong><b>: <\/b><br \/>\nEv\u00eaque Eelija (pr\u00e9sident), archipr\u00eatre Mattias Palli (secr\u00e9taire scientifique), archipr\u00eatre Ardalion Keskk\u00fcla (consultant)\u00a0; pr\u00eatre Tihhon Tammes<\/p>\n<p><strong>D) Commission de clerg\u00e9:<\/strong><br \/>\nEv\u00eaque Aleksander (pr\u00e9sident), archipr\u00eatre Andreas P\u00f5ld (secr\u00e9taire), archipr\u00eatre Mattias Palli, pr\u00eatre Stefan Fraiman<\/p>\n<p style=\"text-align: left;\" align=\"center\"><b>Bureau du M\u00e9tropolite <\/b><\/p>\n<p><strong>Contacts<\/strong>: Wismari 32, 10136 Tallinn.\u00a0T\u00e9l (+372) 660 0780. Fax (+372) 660 0780. E-mail: <i>metropoliit@eoc.ee<\/i><br \/>\n<strong>Vicaire g\u00e9n\u00e9ral:\u00a0<\/strong>archipr\u00eatre Mattias Palli.Mob (+372) 552 2265. E-mail: <i>mattias@eoc.ee<\/i><br \/>\n<strong>Pr\u00e9dicateur:\u00a0<\/strong>pr\u00eatre Justinus (Kiviloo). Mob (+372) 524 6786<br \/>\n<strong>Assistante :\u00a0<\/strong>Mme Marje Kuusmik. Mob (+372) 503 9579. E-mail: <i>eoc@eoc.ee<\/i><\/p>\n<p style=\"text-align: left;\" align=\"center\"><b>\u00c9dition:<\/b><br \/>\nR\u00e9dacteur en chef: \u00a0Mr Madis Kolk. Mob (+372) 521 0070.\u00a0E-mail: <i>metropoolia@eoc.ee<\/i><\/p>\n<p><strong>P\u00e9riodiques:<\/strong><br \/>\nMagazine th\u00e9ologique \u00abUsk ja Elu\u00bb<br \/>\nJournal trimestriel \u00abMetropoolia\u00bb<br \/>\nCalendrier de l\u2019\u00c9glise Orthodoxe d\u2019Estonie<\/p>\n<p><b>S\u00e9minaire de Saint Platon:<\/b><br \/>\n<strong>Recteur<\/strong>: M\u00e9tropolite St\u00e9phanos<i><\/i><br \/>\n<strong>Coordinateur<\/strong>: Mr Tauri T\u00f6lpt<br \/>\n<strong>Contact<\/strong>: Wismari 32, 10136 Tallinn. E-mail: <i>seminar@eoc.ee<\/i><\/p>\n<p>Le S\u00e9minaire de saint Platon a \u00e9t\u00e9 cr\u00e9e \u0101 Tallinn en 2002 par Son Eminence le m\u00e9tropolite St\u00e9phanos. Le but est de donner un enseignement th\u00e9ologique orthodoxe en estonien au clerg\u00e9 ainsi qu\u2019aux autres membres de l\u2019\u00c9glise.<br \/>\nLes cours sont assur\u00e9s par les enseignants estoniens et enrichis par les professeurs du Liban, de Finlande, de Gr\u00e8ce, de France etc..<\/p>\n<p><strong>Enseignants:<\/strong><br \/>\nM\u00e9tropolite St\u00e9phanos (asc\u00e9tique, homil\u00e9tique, th\u00e9ologie morale),<br \/>\nArchimandrite Makarios Griniezakis (bio\u00e9thique)<br \/>\nArchimandrite \u00a0Grigorios Papathomas (dogmatique et \u00a0droit canon),<br \/>\nArchimandrite Athanasios Paravantsos (th\u00e9ologie pastorale)<br \/>\nArchimandrite Jacques Khalil (Nouveau Testament),<br \/>\nArchipr\u00eatre Mattias Palli (liturgique),<br \/>\nArchipr\u00eatre Heikki Huttunen (histoire de l\u2019\u00c9glise),<br \/>\nPr\u00eatre Tihhon Tammes (th\u00e9ologie pastorale, droit canon),<br \/>\nPr\u00eatre Kristoforos Parts (patristique et Nouveau Testament).<\/p>\n<p><strong>Groupe de dialogue du S\u00e9minaire de St Platon aupr\u00e8s l\u2019Institut Th\u00e9ologique Luth\u00e9rien<\/strong>: M\u00e9tropolite St\u00e9phanos, archimandrite Grigorios Papathomas, archimandrite Jacques Khalil, archipr\u00eatre Mattias Palli, pr\u00eatre Tihhon Tammes.<\/p>\n<p style=\"text-align: left;\" align=\"center\"><b>Union de Jeunesse Orthodoxe d\u2019Estonie<br \/>\nAdresse: Wismari 32, 10136 Tallinn, t\u00e9l (+372) 660 0780. E-mail: <i>eoc@eoc.ee<\/i><\/b><\/p>\n<p style=\"text-align: left;\" align=\"center\"><strong>Emissions \u0101 la radio<\/strong><br \/>\n\u00c9mission\u00a0\u00abOrtodoksia\u00bb\u00a0\u0101 Pereraadio:<br \/>\n<i>en estonien <\/i>: pr\u00eatre Kristoforos Parts<br \/>\n<i>en russe <\/i>: archipr\u00eatre Rostislav Kozakevit\u0161<\/p>\n<p><b>Aum\u00f4nerie \u00a0et \u00a0diaconie<\/b><br \/>\n<strong>&#8211; Arm\u00e9e<\/strong><b>\u00a0:\u00a0<\/b><br \/>\nAum\u00f4nier \u00a0 &#8211; archipr\u00eatre Aleksander Sarapik,\u00a0Mob (+372) 565 1090. E-mail: aleksander.sarapik@eoc.ee<br \/>\n<strong>&#8211; Prison<\/strong><b>:\u00a0<\/b><br \/>\nAum\u00f4nier \u00a0 &#8211; pr\u00eatre Vadim Rebase. E-mail: vadim@eoc.ee<br \/>\nAum\u00f4nier \u00a0&#8211; pr\u00eatre Justinus (Kiviloo). E-mail: justinus@eoc.ee<br \/>\nAum\u00f4nier &#8211;\u00a0diacre Timoteus Vassel. E-mail: timoteus@eoc.ee<b><\/b><br \/>\n<strong>&#8211; Diaconie<\/strong>: Mme Leena T\u00f6lpt.<i>\u00a0<\/i>Mob (+372) 517 4933. E-mail: diakoonia@eoc.ee<\/p>\n<p><strong>Donations\u00a0: Swedbank\u00a0\u0399\u0392\u0391\u039d: \u0395\u0395362200221012256032; SWIFT code: \u0397\u0391\u0392\u0391 \u0395\u03952\u03a7\u03a7<\/strong><\/p>\n<p><b>Relations oecum\u00e9niques<\/b><\/p>\n<p>Repr\u00e9sentants de l\u2019EA\u00d5K aupr\u00e8s de Eesti Kirikute N\u00f5ukogus: m\u00e9tropolite St\u00e9phanos, archipr\u00eatre Mattias Palli.<br \/>\nRepr\u00e9sentant de l\u2019EA\u00d5K aupr\u00e8s de la CEC (<i>Conference of European Churches, Konferenz der Europ\u00e4ischen Kirchen<\/i>): m\u00e9tropolite St\u00e9phanos, \u00e9v\u00eaque Eelija.<\/p>\n<p style=\"text-align: left;\" align=\"center\"><b>Tribunal eccl\u00e9sial<\/b><\/p>\n<p>Le tribunal eccl\u00e9siastique de l\u2019\u00e9v\u00each\u00e9 est compos\u00e9 de trois membres, son pr\u00e9sident est l\u2019\u00e9v\u00eaque local. Les deux autres membres sont nomm\u00e9s par l\u2019\u00e9v\u00eaque pour chaque cas \u0101 part.<br \/>\nLe tribunal synodal est pr\u00e9sid\u00e9 par le m\u00e9tropolite St\u00e9phanos et les membres sont les \u00e9v\u00eaques du Saint Synode de l\u2019EA\u00d5K.<\/p>\n<p style=\"text-align: left;\" align=\"center\"><strong>Administration de l\u2019EA\u00d5K\u00a0<\/strong><strong>(Conseil d\u2019administration de l\u2019EA\u00d5K)<\/strong><\/p>\n<p style=\"text-align: left;\"><strong>Pr\u00e9sident\u00a0<\/strong>: M\u00e9tropolite St\u00e9phanos (Christakis Charalambides)<br \/>\n<strong>Vice-pr\u00e9sident:\u00a0<\/strong>Ev\u00eaque Aleksander (Hopjorski)<br \/>\n<strong>Membres du clerg\u00e9:\u00a0<\/strong><br \/>\nEv\u00eaque Eelija (Ott Ojaperv)<br \/>\nArchipr\u00eatre Andreas (Kaupo) P\u00f5ld<br \/>\nPr\u00eatre Miikael (Margus) Raissar<br \/>\nPr\u00eatre Peeter Uibo<br \/>\n<strong>Membres la\u00efcs:<br \/>\n<\/strong>Archonte Viljo Vetik<br \/>\nMr. Martin Toon<br \/>\nMr. Enn Rand<br \/>\nAdresse: Wismari 32, 10136 Tallinn. T\u00e9l (+372) 660 0780. Fax (+372) 660 0780. E-mail:<i> kirikuvalitsus@eoc.ee<\/i><\/p>\n<p><strong>Chancelier:\u00a0<\/strong>Mr. Martin Toon,\u00a0T\u00e9l (+372) 660 0782. E-mail:<em id=\"__mceDel\"> <i>kantsler@eoc.ee<\/i><\/em><br \/>\n<i><\/i><strong>Assistante de chancelier :\u00a0<\/strong>Mlle. Kadi K\u00f5iv.\u00a0Mob (+372) 509 0671. E-mail: assistent@eoc.ee<br \/>\n<strong>Responsable des\u00a0affaires financi\u00e8res:\u00a0<\/strong>Mme. Terje Toon.\u00a0T\u00e9l (+372) 660 0783. Mob (+372) 514 1099.\u00a0E-mail: <em>terje.toon@eoc.ee<\/em><br \/>\nCompte bancaire 332703730002 Danske Bank AS \u2013 cierges<br \/>\nIBAN: EE603300332703730002; SWIFT code: FORE EE2X<br \/>\nCompte bancaire 221054414515 Swedbank \u2013 articles religieux, \u00e9ditions<br \/>\nIBAN:EE 872200221054414515<br \/>\n<strong>Magasin \u00e1 la cath\u00e9drale de St Sim\u00e9on de Proph\u00e9tesse Anne<\/strong><br \/>\nAhtri 7 \/ Paadi 2. T\u00e9l\u00a0: 662 0699.<\/p>\n<p><b>Commission de r\u00e9vision de l\u2019EA\u00d5K<\/b><\/p>\n<p><strong>Pr\u00e9sident<\/strong>: Pr\u00eatre Aabraham T\u00f6lpt<br \/>\n<strong>Membres:\u00a0<\/strong>Diacre Matti Timmermann, Mr. Indrek Rand<\/p>\n<p>&nbsp;<\/p>\n<p>&nbsp;<\/p>\n<p>&nbsp;<\/p>\n","protected":false},"excerpt":{"rendered":"<p>Information administrative \u00c9glise Orthodoxe d\u2019Estonie Saint Synode\u00a0(assembl\u00e9e d\u2019\u00e9v\u00eaques) Pr\u00e9sident:\u00a0Son Eminence m\u00e9tropolite de Tallinn et de toute l\u2019Estonie St\u00e9phanos Membre: Son Excellence l\u2019\u00e9v\u00eaque de Tartu Eelija Membre:\u00a0Son Excellence l\u2019\u00e9v\u00eaque de P\u00e4rnu et Saare, Aleksander Secr\u00e9taire:\u00a0Pr\u00eatre Tihhon Tammes. Adresse: Wismari 32, 10136 Tallinn. E-mail: sinod@eoc.ee Commissions synodales A) Commission des m\u00e9dias : M\u00e9tropolite St\u00e9phanos (pr\u00e9sident), archipr\u00eatre Mattias [&hellip;]<\/p>\n","protected":false},"author":7,"featured_media":0,"parent":0,"menu_order":0,"comment_status":"open","ping_status":"open","template":"","meta":{"_exactmetrics_skip_tracking":false,"_exactmetrics_sitenote_active":false,"_exactmetrics_sitenote_note":"","_exactmetrics_sitenote_category":0,"_monsterinsights_skip_tracking":false,"_monsterinsights_sitenote_active":false,"_monsterinsights_sitenote_note":"","_monsterinsights_sitenote_category":0,"footnotes":""},"class_list":["post-8337","page","type-page","status-publish","hentry"],"yoast_head":"<!-- This site is optimized with the Yoast SEO plugin v27.4 - https:\/\/yoast.com\/product\/yoast-seo-wordpress\/ -->\n<title>\u00c9glise Orthodoxe d&#039;Estonie &#8211; \u00c9glise Orthodoxe d&#039;Estonie<\/title>\n<meta name=\"robots\" content=\"index, follow, max-snippet:-1, max-image-preview:large, max-video-preview:-1\" \/>\n<link rel=\"canonical\" href=\"https:\/\/www.eoc.ee\/fr\/eglise-orthodoxe-destonie\/\" \/>\n<meta property=\"og:locale\" content=\"fr_FR\" \/>\n<meta property=\"og:type\" content=\"article\" \/>\n<meta property=\"og:title\" content=\"\u00c9glise Orthodoxe d&#039;Estonie &#8211; \u00c9glise Orthodoxe d&#039;Estonie\" \/>\n<meta property=\"og:description\" content=\"Information administrative \u00c9glise Orthodoxe d\u2019Estonie Saint Synode\u00a0(assembl\u00e9e d\u2019\u00e9v\u00eaques) Pr\u00e9sident:\u00a0Son Eminence m\u00e9tropolite de Tallinn et de toute l\u2019Estonie St\u00e9phanos Membre: Son Excellence l\u2019\u00e9v\u00eaque de Tartu Eelija Membre:\u00a0Son Excellence l\u2019\u00e9v\u00eaque de P\u00e4rnu et Saare, Aleksander Secr\u00e9taire:\u00a0Pr\u00eatre Tihhon Tammes. Adresse: Wismari 32, 10136 Tallinn. E-mail: sinod@eoc.ee Commissions synodales A) Commission des m\u00e9dias : M\u00e9tropolite St\u00e9phanos (pr\u00e9sident), archipr\u00eatre Mattias [&hellip;]\" \/>\n<meta property=\"og:url\" content=\"https:\/\/www.eoc.ee\/fr\/eglise-orthodoxe-destonie\/\" \/>\n<meta property=\"og:site_name\" content=\"\u00c9glise Orthodoxe d&#039;Estonie\" \/>\n<meta property=\"article:modified_time\" content=\"2015-03-02T14:42:01+00:00\" \/>\n<meta name=\"twitter:label1\" content=\"Dur\u00e9e de lecture estim\u00e9e\" \/>\n\t<meta name=\"twitter:data1\" content=\"4 minutes\" \/>\n<script type=\"application\/ld+json\" class=\"yoast-schema-graph\">{\"@context\":\"https:\\\/\\\/schema.org\",\"@graph\":[{\"@type\":\"WebPage\",\"@id\":\"https:\\\/\\\/www.eoc.ee\\\/fr\\\/eglise-orthodoxe-destonie\\\/\",\"url\":\"https:\\\/\\\/www.eoc.ee\\\/fr\\\/eglise-orthodoxe-destonie\\\/\",\"name\":\"\u00c9glise Orthodoxe d'Estonie &#8211; \u00c9glise Orthodoxe d'Estonie\",\"isPartOf\":{\"@id\":\"https:\\\/\\\/www.eoc.ee\\\/#website\"},\"datePublished\":\"2015-02-05T08:14:11+00:00\",\"dateModified\":\"2015-03-02T14:42:01+00:00\",\"breadcrumb\":{\"@id\":\"https:\\\/\\\/www.eoc.ee\\\/fr\\\/eglise-orthodoxe-destonie\\\/#breadcrumb\"},\"inLanguage\":\"fr-FR\",\"potentialAction\":[{\"@type\":\"ReadAction\",\"target\":[\"https:\\\/\\\/www.eoc.ee\\\/fr\\\/eglise-orthodoxe-destonie\\\/\"]}]},{\"@type\":\"BreadcrumbList\",\"@id\":\"https:\\\/\\\/www.eoc.ee\\\/fr\\\/eglise-orthodoxe-destonie\\\/#breadcrumb\",\"itemListElement\":[{\"@type\":\"ListItem\",\"position\":1,\"name\":\"Home\",\"item\":\"https:\\\/\\\/www.eoc.ee\\\/\"},{\"@type\":\"ListItem\",\"position\":2,\"name\":\"\u00c9glise Orthodoxe d&rsquo;Estonie\"}]},{\"@type\":\"WebSite\",\"@id\":\"https:\\\/\\\/www.eoc.ee\\\/#website\",\"url\":\"https:\\\/\\\/www.eoc.ee\\\/\",\"name\":\"\u00c9glise Orthodoxe d'Estonie\",\"description\":\"Eesti Apostlik-\u00d5igeusu Kirik\",\"potentialAction\":[{\"@type\":\"SearchAction\",\"target\":{\"@type\":\"EntryPoint\",\"urlTemplate\":\"https:\\\/\\\/www.eoc.ee\\\/?s={search_term_string}\"},\"query-input\":{\"@type\":\"PropertyValueSpecification\",\"valueRequired\":true,\"valueName\":\"search_term_string\"}}],\"inLanguage\":\"fr-FR\"}]}<\/script>\n<!-- \/ Yoast SEO plugin. -->","yoast_head_json":{"title":"\u00c9glise Orthodoxe d'Estonie &#8211; \u00c9glise Orthodoxe d'Estonie","robots":{"index":"index","follow":"follow","max-snippet":"max-snippet:-1","max-image-preview":"max-image-preview:large","max-video-preview":"max-video-preview:-1"},"canonical":"https:\/\/www.eoc.ee\/fr\/eglise-orthodoxe-destonie\/","og_locale":"fr_FR","og_type":"article","og_title":"\u00c9glise Orthodoxe d'Estonie &#8211; \u00c9glise Orthodoxe d'Estonie","og_description":"Information administrative \u00c9glise Orthodoxe d\u2019Estonie Saint Synode\u00a0(assembl\u00e9e d\u2019\u00e9v\u00eaques) Pr\u00e9sident:\u00a0Son Eminence m\u00e9tropolite de Tallinn et de toute l\u2019Estonie St\u00e9phanos Membre: Son Excellence l\u2019\u00e9v\u00eaque de Tartu Eelija Membre:\u00a0Son Excellence l\u2019\u00e9v\u00eaque de P\u00e4rnu et Saare, Aleksander Secr\u00e9taire:\u00a0Pr\u00eatre Tihhon Tammes. Adresse: Wismari 32, 10136 Tallinn. E-mail: sinod@eoc.ee Commissions synodales A) Commission des m\u00e9dias : M\u00e9tropolite St\u00e9phanos (pr\u00e9sident), archipr\u00eatre Mattias [&hellip;]","og_url":"https:\/\/www.eoc.ee\/fr\/eglise-orthodoxe-destonie\/","og_site_name":"\u00c9glise Orthodoxe d'Estonie","article_modified_time":"2015-03-02T14:42:01+00:00","twitter_misc":{"Dur\u00e9e de lecture estim\u00e9e":"4 minutes"},"schema":{"@context":"https:\/\/schema.org","@graph":[{"@type":"WebPage","@id":"https:\/\/www.eoc.ee\/fr\/eglise-orthodoxe-destonie\/","url":"https:\/\/www.eoc.ee\/fr\/eglise-orthodoxe-destonie\/","name":"\u00c9glise Orthodoxe d'Estonie &#8211; \u00c9glise Orthodoxe d'Estonie","isPartOf":{"@id":"https:\/\/www.eoc.ee\/#website"},"datePublished":"2015-02-05T08:14:11+00:00","dateModified":"2015-03-02T14:42:01+00:00","breadcrumb":{"@id":"https:\/\/www.eoc.ee\/fr\/eglise-orthodoxe-destonie\/#breadcrumb"},"inLanguage":"fr-FR","potentialAction":[{"@type":"ReadAction","target":["https:\/\/www.eoc.ee\/fr\/eglise-orthodoxe-destonie\/"]}]},{"@type":"BreadcrumbList","@id":"https:\/\/www.eoc.ee\/fr\/eglise-orthodoxe-destonie\/#breadcrumb","itemListElement":[{"@type":"ListItem","position":1,"name":"Home","item":"https:\/\/www.eoc.ee\/"},{"@type":"ListItem","position":2,"name":"\u00c9glise Orthodoxe d&rsquo;Estonie"}]},{"@type":"WebSite","@id":"https:\/\/www.eoc.ee\/#website","url":"https:\/\/www.eoc.ee\/","name":"\u00c9glise Orthodoxe d'Estonie","description":"Eesti Apostlik-\u00d5igeusu Kirik","potentialAction":[{"@type":"SearchAction","target":{"@type":"EntryPoint","urlTemplate":"https:\/\/www.eoc.ee\/?s={search_term_string}"},"query-input":{"@type":"PropertyValueSpecification","valueRequired":true,"valueName":"search_term_string"}}],"inLanguage":"fr-FR"}]}},"_links":{"self":[{"href":"https:\/\/www.eoc.ee\/fr\/wp-json\/wp\/v2\/pages\/8337","targetHints":{"allow":["GET"]}}],"collection":[{"href":"https:\/\/www.eoc.ee\/fr\/wp-json\/wp\/v2\/pages"}],"about":[{"href":"https:\/\/www.eoc.ee\/fr\/wp-json\/wp\/v2\/types\/page"}],"author":[{"embeddable":true,"href":"https:\/\/www.eoc.ee\/fr\/wp-json\/wp\/v2\/users\/7"}],"replies":[{"embeddable":true,"href":"https:\/\/www.eoc.ee\/fr\/wp-json\/wp\/v2\/comments?post=8337"}],"version-history":[{"count":7,"href":"https:\/\/www.eoc.ee\/fr\/wp-json\/wp\/v2\/pages\/8337\/revisions"}],"predecessor-version":[{"id":9330,"href":"https:\/\/www.eoc.ee\/fr\/wp-json\/wp\/v2\/pages\/8337\/revisions\/9330"}],"wp:attachment":[{"href":"https:\/\/www.eoc.ee\/fr\/wp-json\/wp\/v2\/media?parent=8337"}],"curies":[{"name":"wp","href":"https:\/\/api.w.org\/{rel}","templated":true}]}}