{"id":8341,"date":"2015-02-05T10:17:34","date_gmt":"2015-02-05T08:17:34","guid":{"rendered":"http:\/\/www.eoc.ee\/?page_id=8341"},"modified":"2015-03-02T14:23:58","modified_gmt":"2015-03-02T12:23:58","slug":"seminaire-de-saint-platon","status":"publish","type":"page","link":"https:\/\/www.eoc.ee\/fr\/eglise-orthodoxe-destonie\/seminaire-de-saint-platon\/","title":{"rendered":"S\u00e9minaire de Saint Platon"},"content":{"rendered":"<p><strong>S\u00e9minaire de Saint Platon<\/strong><\/p>\n<p><strong>Recteur:<\/strong> M\u00e9tropolite St\u00e9phanos<br \/>\n<strong>Coordinateur:<\/strong> Mr Tauri T\u00f6lpt,<br \/>\n<strong>Contact:<\/strong> Wismari 32, 10136 Tallinn. E-mail: seminar@eoc.ee<\/p>\n<p>Le S\u00e9minaire de Saint Platon a \u00e9t\u00e9 cr\u00e9e \u0101 Tallinn en 2002 par Son Eminence le m\u00e9tropolite St\u00e9phanos. Le but est de donner un enseignement th\u00e9ologique orthodoxe en estonien au clerg\u00e9 ainsi qu\u2019aux autres membres de l\u2019\u00c9glise. Les cours sont assur\u00e9s par les enseignants estoniens et enrichis par les professeurs du Liban, de Finlande, de Gr\u00e8ce, de France etc..<\/p>\n<p><strong>Enseignants:<\/strong><\/p>\n<p>M\u00e9tropolite St\u00e9phanos (asc\u00e9tique, homil\u00e9tique, th\u00e9ologie morale),<br \/>\nArchimandrite Makarios Griniezakis (bio\u00e9thique)<br \/>\nArchimandrite \u00a0Grigorios Papathomas (dogmatique et \u00a0droit canon),<br \/>\nArchimandrite Athanasios Paravantsos (th\u00e9ologie pastorale)<br \/>\nArchimandrite Jacques Khalil (Nouveau Testament),<br \/>\nArchipr\u00eatre Mattias Palli (liturgique),<br \/>\nArchipr\u00eatre Heikki Huttunen (histoire de l\u2019\u00c9glise),<br \/>\nPr\u00eatre Tihhon Tammes (th\u00e9ologie pastorale, droit canon),<br \/>\nPr\u00eatre Kristoforos Parts (patristique et Nouveau Testament).<br \/>\nGroupe de dialogue du S\u00e9minaire de St Platon aupr\u00e8s l\u2019Institut Th\u00e9ologique Luth\u00e9rien: M\u00e9tropolite St\u00e9phanos, archimandrite Grigorios Papathomas, archimandrite Jacques Khalil, archipr\u00eatre Mattias Palli, pr\u00eatre Tihhon Tammes.<\/p>\n<p>&nbsp;<\/p>\n","protected":false},"excerpt":{"rendered":"<p>S\u00e9minaire de Saint Platon Recteur: M\u00e9tropolite St\u00e9phanos Coordinateur: Mr Tauri T\u00f6lpt, Contact: Wismari 32, 10136 Tallinn. E-mail: seminar@eoc.ee Le S\u00e9minaire de Saint Platon a \u00e9t\u00e9 cr\u00e9e \u0101 Tallinn en 2002 par Son Eminence le m\u00e9tropolite St\u00e9phanos. Le but est de donner un enseignement th\u00e9ologique orthodoxe en estonien au clerg\u00e9 ainsi qu\u2019aux autres membres de l\u2019\u00c9glise. [&hellip;]<\/p>\n","protected":false},"author":7,"featured_media":0,"parent":8337,"menu_order":0,"comment_status":"closed","ping_status":"closed","template":"","meta":{"_exactmetrics_skip_tracking":false,"_exactmetrics_sitenote_active":false,"_exactmetrics_sitenote_note":"","_exactmetrics_sitenote_category":0,"_monsterinsights_skip_tracking":false,"_monsterinsights_sitenote_active":false,"_monsterinsights_sitenote_note":"","_monsterinsights_sitenote_category":0,"footnotes":""},"class_list":["post-8341","page","type-page","status-publish","hentry"],"yoast_head":"<!-- This site is optimized with the Yoast SEO plugin v27.4 - https:\/\/yoast.com\/product\/yoast-seo-wordpress\/ -->\n<title>S\u00e9minaire de Saint Platon &#8211; \u00c9glise Orthodoxe d&#039;Estonie<\/title>\n<meta name=\"robots\" content=\"index, follow, max-snippet:-1, max-image-preview:large, max-video-preview:-1\" \/>\n<link rel=\"canonical\" href=\"https:\/\/www.eoc.ee\/fr\/eglise-orthodoxe-destonie\/seminaire-de-saint-platon\/\" \/>\n<meta property=\"og:locale\" content=\"fr_FR\" \/>\n<meta property=\"og:type\" content=\"article\" \/>\n<meta property=\"og:title\" content=\"S\u00e9minaire de Saint Platon &#8211; \u00c9glise Orthodoxe d&#039;Estonie\" \/>\n<meta property=\"og:description\" content=\"S\u00e9minaire de Saint Platon Recteur: M\u00e9tropolite St\u00e9phanos Coordinateur: Mr Tauri T\u00f6lpt, Contact: Wismari 32, 10136 Tallinn. E-mail: seminar@eoc.ee Le S\u00e9minaire de Saint Platon a \u00e9t\u00e9 cr\u00e9e \u0101 Tallinn en 2002 par Son Eminence le m\u00e9tropolite St\u00e9phanos. Le but est de donner un enseignement th\u00e9ologique orthodoxe en estonien au clerg\u00e9 ainsi qu\u2019aux autres membres de l\u2019\u00c9glise. [&hellip;]\" \/>\n<meta property=\"og:url\" content=\"https:\/\/www.eoc.ee\/fr\/eglise-orthodoxe-destonie\/seminaire-de-saint-platon\/\" \/>\n<meta property=\"og:site_name\" content=\"\u00c9glise Orthodoxe d&#039;Estonie\" \/>\n<meta property=\"article:modified_time\" content=\"2015-03-02T12:23:58+00:00\" \/>\n<meta name=\"twitter:label1\" content=\"Dur\u00e9e de lecture estim\u00e9e\" \/>\n\t<meta name=\"twitter:data1\" content=\"1 minute\" \/>\n<script type=\"application\/ld+json\" class=\"yoast-schema-graph\">{\"@context\":\"https:\\\/\\\/schema.org\",\"@graph\":[{\"@type\":\"WebPage\",\"@id\":\"https:\\\/\\\/www.eoc.ee\\\/fr\\\/eglise-orthodoxe-destonie\\\/seminaire-de-saint-platon\\\/\",\"url\":\"https:\\\/\\\/www.eoc.ee\\\/fr\\\/eglise-orthodoxe-destonie\\\/seminaire-de-saint-platon\\\/\",\"name\":\"S\u00e9minaire de Saint Platon &#8211; \u00c9glise Orthodoxe d'Estonie\",\"isPartOf\":{\"@id\":\"https:\\\/\\\/www.eoc.ee\\\/#website\"},\"datePublished\":\"2015-02-05T08:17:34+00:00\",\"dateModified\":\"2015-03-02T12:23:58+00:00\",\"breadcrumb\":{\"@id\":\"https:\\\/\\\/www.eoc.ee\\\/fr\\\/eglise-orthodoxe-destonie\\\/seminaire-de-saint-platon\\\/#breadcrumb\"},\"inLanguage\":\"fr-FR\",\"potentialAction\":[{\"@type\":\"ReadAction\",\"target\":[\"https:\\\/\\\/www.eoc.ee\\\/fr\\\/eglise-orthodoxe-destonie\\\/seminaire-de-saint-platon\\\/\"]}]},{\"@type\":\"BreadcrumbList\",\"@id\":\"https:\\\/\\\/www.eoc.ee\\\/fr\\\/eglise-orthodoxe-destonie\\\/seminaire-de-saint-platon\\\/#breadcrumb\",\"itemListElement\":[{\"@type\":\"ListItem\",\"position\":1,\"name\":\"Home\",\"item\":\"https:\\\/\\\/www.eoc.ee\\\/\"},{\"@type\":\"ListItem\",\"position\":2,\"name\":\"\u00c9glise Orthodoxe d&rsquo;Estonie\",\"item\":\"https:\\\/\\\/www.eoc.ee\\\/fr\\\/eglise-orthodoxe-destonie\\\/\"},{\"@type\":\"ListItem\",\"position\":3,\"name\":\"S\u00e9minaire de Saint Platon\"}]},{\"@type\":\"WebSite\",\"@id\":\"https:\\\/\\\/www.eoc.ee\\\/#website\",\"url\":\"https:\\\/\\\/www.eoc.ee\\\/\",\"name\":\"\u00c9glise Orthodoxe d'Estonie\",\"description\":\"Eesti Apostlik-\u00d5igeusu Kirik\",\"potentialAction\":[{\"@type\":\"SearchAction\",\"target\":{\"@type\":\"EntryPoint\",\"urlTemplate\":\"https:\\\/\\\/www.eoc.ee\\\/?s={search_term_string}\"},\"query-input\":{\"@type\":\"PropertyValueSpecification\",\"valueRequired\":true,\"valueName\":\"search_term_string\"}}],\"inLanguage\":\"fr-FR\"}]}<\/script>\n<!-- \/ Yoast SEO plugin. -->","yoast_head_json":{"title":"S\u00e9minaire de Saint Platon &#8211; \u00c9glise Orthodoxe d'Estonie","robots":{"index":"index","follow":"follow","max-snippet":"max-snippet:-1","max-image-preview":"max-image-preview:large","max-video-preview":"max-video-preview:-1"},"canonical":"https:\/\/www.eoc.ee\/fr\/eglise-orthodoxe-destonie\/seminaire-de-saint-platon\/","og_locale":"fr_FR","og_type":"article","og_title":"S\u00e9minaire de Saint Platon &#8211; \u00c9glise Orthodoxe d'Estonie","og_description":"S\u00e9minaire de Saint Platon Recteur: M\u00e9tropolite St\u00e9phanos Coordinateur: Mr Tauri T\u00f6lpt, Contact: Wismari 32, 10136 Tallinn. E-mail: seminar@eoc.ee Le S\u00e9minaire de Saint Platon a \u00e9t\u00e9 cr\u00e9e \u0101 Tallinn en 2002 par Son Eminence le m\u00e9tropolite St\u00e9phanos. Le but est de donner un enseignement th\u00e9ologique orthodoxe en estonien au clerg\u00e9 ainsi qu\u2019aux autres membres de l\u2019\u00c9glise. [&hellip;]","og_url":"https:\/\/www.eoc.ee\/fr\/eglise-orthodoxe-destonie\/seminaire-de-saint-platon\/","og_site_name":"\u00c9glise Orthodoxe d'Estonie","article_modified_time":"2015-03-02T12:23:58+00:00","twitter_misc":{"Dur\u00e9e de lecture estim\u00e9e":"1 minute"},"schema":{"@context":"https:\/\/schema.org","@graph":[{"@type":"WebPage","@id":"https:\/\/www.eoc.ee\/fr\/eglise-orthodoxe-destonie\/seminaire-de-saint-platon\/","url":"https:\/\/www.eoc.ee\/fr\/eglise-orthodoxe-destonie\/seminaire-de-saint-platon\/","name":"S\u00e9minaire de Saint Platon &#8211; \u00c9glise Orthodoxe d'Estonie","isPartOf":{"@id":"https:\/\/www.eoc.ee\/#website"},"datePublished":"2015-02-05T08:17:34+00:00","dateModified":"2015-03-02T12:23:58+00:00","breadcrumb":{"@id":"https:\/\/www.eoc.ee\/fr\/eglise-orthodoxe-destonie\/seminaire-de-saint-platon\/#breadcrumb"},"inLanguage":"fr-FR","potentialAction":[{"@type":"ReadAction","target":["https:\/\/www.eoc.ee\/fr\/eglise-orthodoxe-destonie\/seminaire-de-saint-platon\/"]}]},{"@type":"BreadcrumbList","@id":"https:\/\/www.eoc.ee\/fr\/eglise-orthodoxe-destonie\/seminaire-de-saint-platon\/#breadcrumb","itemListElement":[{"@type":"ListItem","position":1,"name":"Home","item":"https:\/\/www.eoc.ee\/"},{"@type":"ListItem","position":2,"name":"\u00c9glise Orthodoxe d&rsquo;Estonie","item":"https:\/\/www.eoc.ee\/fr\/eglise-orthodoxe-destonie\/"},{"@type":"ListItem","position":3,"name":"S\u00e9minaire de Saint Platon"}]},{"@type":"WebSite","@id":"https:\/\/www.eoc.ee\/#website","url":"https:\/\/www.eoc.ee\/","name":"\u00c9glise Orthodoxe d'Estonie","description":"Eesti Apostlik-\u00d5igeusu Kirik","potentialAction":[{"@type":"SearchAction","target":{"@type":"EntryPoint","urlTemplate":"https:\/\/www.eoc.ee\/?s={search_term_string}"},"query-input":{"@type":"PropertyValueSpecification","valueRequired":true,"valueName":"search_term_string"}}],"inLanguage":"fr-FR"}]}},"_links":{"self":[{"href":"https:\/\/www.eoc.ee\/fr\/wp-json\/wp\/v2\/pages\/8341","targetHints":{"allow":["GET"]}}],"collection":[{"href":"https:\/\/www.eoc.ee\/fr\/wp-json\/wp\/v2\/pages"}],"about":[{"href":"https:\/\/www.eoc.ee\/fr\/wp-json\/wp\/v2\/types\/page"}],"author":[{"embeddable":true,"href":"https:\/\/www.eoc.ee\/fr\/wp-json\/wp\/v2\/users\/7"}],"replies":[{"embeddable":true,"href":"https:\/\/www.eoc.ee\/fr\/wp-json\/wp\/v2\/comments?post=8341"}],"version-history":[{"count":4,"href":"https:\/\/www.eoc.ee\/fr\/wp-json\/wp\/v2\/pages\/8341\/revisions"}],"predecessor-version":[{"id":9266,"href":"https:\/\/www.eoc.ee\/fr\/wp-json\/wp\/v2\/pages\/8341\/revisions\/9266"}],"up":[{"embeddable":true,"href":"https:\/\/www.eoc.ee\/fr\/wp-json\/wp\/v2\/pages\/8337"}],"wp:attachment":[{"href":"https:\/\/www.eoc.ee\/fr\/wp-json\/wp\/v2\/media?parent=8341"}],"curies":[{"name":"wp","href":"https:\/\/api.w.org\/{rel}","templated":true}]}}