{"id":8357,"date":"2015-02-06T09:47:23","date_gmt":"2015-02-06T07:47:23","guid":{"rendered":"http:\/\/www.eoc.ee\/?page_id=8357"},"modified":"2015-03-24T19:52:11","modified_gmt":"2015-03-24T17:52:11","slug":"monastere-2","status":"publish","type":"page","link":"https:\/\/www.eoc.ee\/fr\/eglise-orthodoxe-destonie\/monastere-2\/","title":{"rendered":"Monast\u00e8re"},"content":{"rendered":"<p><b>Le skite du Saint Pr\u00e9curseur \u0101 Reom\u00e4e EA\u00d5K <\/b><\/p>\n<p>La r\u00e9v\u00e9rende\u00a0: S\u0153ur Theofili (Siinmaa)<\/p>\n<p>Contacts\u00a0: village de Reo, commune de Pihtla vald, sur l\u2019ile de Saaremaa<\/p>\n<p>T\u00e9l +372 601 5561. Mob +372 5399 1224. E-mail: skiita@gmail.com<\/p>\n<p>Site internet du monast\u00e8re m\u00e8re\u00a0: <a href=\"http:\/\/www.stjohnmonastery.org\">www.stjohnmonastery.org<\/a><\/p>\n<p>Donations\/Compte bancaire\u00a0: 221048993440 Swedbank<\/p>\n<p>&nbsp;<\/p>\n<p>Le skite est ouvert aux visiteurs et aux p\u00e8lerins en \u00e9t\u00e9 entre 8H00 \u2013 20H00, en hiver entre 9H00 &#8211; 18H00.<\/p>\n<p>Le pr\u00eatre Toivo Treima est responsable des liturgies.<\/p>\n<ul id='gallery-18357' class='list gallery-list galleryid-8357 gallery-columns-3 gallery-size-thumbnail'><li class='gallery-item'>\n\t\t\t<p class='gallery-icon'>\n\t\t\t\t<a href='https:\/\/www.eoc.ee\/wp-content\/uploads\/2015\/02\/klooster.png'><img loading=\"lazy\" decoding=\"async\" width=\"88\" height=\"88\" src=\"https:\/\/www.eoc.ee\/wp-content\/uploads\/2015\/02\/klooster-88x88.png\" class=\"attachment-thumbnail size-thumbnail\" alt=\"\" srcset=\"https:\/\/www.eoc.ee\/wp-content\/uploads\/2015\/02\/klooster-88x88.png 88w, https:\/\/www.eoc.ee\/wp-content\/uploads\/2015\/02\/klooster-100x100.png 100w\" sizes=\"auto, (max-width: 88px) 100vw, 88px\" \/><\/a>\n\t\t\t<\/p><\/li><li class='gallery-item'>\n\t\t\t<p class='gallery-icon'>\n\t\t\t\t<a href='https:\/\/www.eoc.ee\/wp-content\/uploads\/2015\/02\/klooster2.png'><img loading=\"lazy\" decoding=\"async\" width=\"88\" height=\"88\" src=\"https:\/\/www.eoc.ee\/wp-content\/uploads\/2015\/02\/klooster2-88x88.png\" class=\"attachment-thumbnail size-thumbnail\" alt=\"\" srcset=\"https:\/\/www.eoc.ee\/wp-content\/uploads\/2015\/02\/klooster2-88x88.png 88w, https:\/\/www.eoc.ee\/wp-content\/uploads\/2015\/02\/klooster2-100x100.png 100w\" sizes=\"auto, (max-width: 88px) 100vw, 88px\" \/><\/a>\n\t\t\t<\/p><\/li><\/ul>\n\n","protected":false},"excerpt":{"rendered":"<p>Le skite du Saint Pr\u00e9curseur \u0101 Reom\u00e4e EA\u00d5K La r\u00e9v\u00e9rende\u00a0: S\u0153ur Theofili (Siinmaa) Contacts\u00a0: village de Reo, commune de Pihtla vald, sur l\u2019ile de Saaremaa T\u00e9l +372 601 5561. Mob +372 5399 1224. E-mail: skiita@gmail.com Site internet du monast\u00e8re m\u00e8re\u00a0: www.stjohnmonastery.org Donations\/Compte bancaire\u00a0: 221048993440 Swedbank &nbsp; Le skite est ouvert aux visiteurs et aux p\u00e8lerins [&hellip;]<\/p>\n","protected":false},"author":7,"featured_media":0,"parent":8337,"menu_order":0,"comment_status":"closed","ping_status":"closed","template":"","meta":{"_exactmetrics_skip_tracking":false,"_exactmetrics_sitenote_active":false,"_exactmetrics_sitenote_note":"","_exactmetrics_sitenote_category":0,"_monsterinsights_skip_tracking":false,"_monsterinsights_sitenote_active":false,"_monsterinsights_sitenote_note":"","_monsterinsights_sitenote_category":0,"footnotes":""},"class_list":["post-8357","page","type-page","status-publish","hentry"],"yoast_head":"<!-- This site is optimized with the Yoast SEO plugin v27.3 - https:\/\/yoast.com\/product\/yoast-seo-wordpress\/ -->\n<title>Monast\u00e8re &#8211; \u00c9glise Orthodoxe d&#039;Estonie<\/title>\n<meta name=\"robots\" content=\"index, follow, max-snippet:-1, max-image-preview:large, max-video-preview:-1\" \/>\n<link rel=\"canonical\" href=\"https:\/\/www.eoc.ee\/fr\/eglise-orthodoxe-destonie\/monastere-2\/\" \/>\n<meta property=\"og:locale\" content=\"fr_FR\" \/>\n<meta property=\"og:type\" content=\"article\" \/>\n<meta property=\"og:title\" content=\"Monast\u00e8re &#8211; \u00c9glise Orthodoxe d&#039;Estonie\" \/>\n<meta property=\"og:description\" content=\"Le skite du Saint Pr\u00e9curseur \u0101 Reom\u00e4e EA\u00d5K La r\u00e9v\u00e9rende\u00a0: S\u0153ur Theofili (Siinmaa) Contacts\u00a0: village de Reo, commune de Pihtla vald, sur l\u2019ile de Saaremaa T\u00e9l +372 601 5561. Mob +372 5399 1224. E-mail: skiita@gmail.com Site internet du monast\u00e8re m\u00e8re\u00a0: www.stjohnmonastery.org Donations\/Compte bancaire\u00a0: 221048993440 Swedbank &nbsp; Le skite est ouvert aux visiteurs et aux p\u00e8lerins [&hellip;]\" \/>\n<meta property=\"og:url\" content=\"https:\/\/www.eoc.ee\/fr\/eglise-orthodoxe-destonie\/monastere-2\/\" \/>\n<meta property=\"og:site_name\" content=\"\u00c9glise Orthodoxe d&#039;Estonie\" \/>\n<meta property=\"article:modified_time\" content=\"2015-03-24T17:52:11+00:00\" \/>\n<script type=\"application\/ld+json\" class=\"yoast-schema-graph\">{\"@context\":\"https:\\\/\\\/schema.org\",\"@graph\":[{\"@type\":\"WebPage\",\"@id\":\"https:\\\/\\\/www.eoc.ee\\\/fr\\\/eglise-orthodoxe-destonie\\\/monastere-2\\\/\",\"url\":\"https:\\\/\\\/www.eoc.ee\\\/fr\\\/eglise-orthodoxe-destonie\\\/monastere-2\\\/\",\"name\":\"Monast\u00e8re &#8211; \u00c9glise Orthodoxe d'Estonie\",\"isPartOf\":{\"@id\":\"https:\\\/\\\/www.eoc.ee\\\/#website\"},\"datePublished\":\"2015-02-06T07:47:23+00:00\",\"dateModified\":\"2015-03-24T17:52:11+00:00\",\"breadcrumb\":{\"@id\":\"https:\\\/\\\/www.eoc.ee\\\/fr\\\/eglise-orthodoxe-destonie\\\/monastere-2\\\/#breadcrumb\"},\"inLanguage\":\"fr-FR\",\"potentialAction\":[{\"@type\":\"ReadAction\",\"target\":[\"https:\\\/\\\/www.eoc.ee\\\/fr\\\/eglise-orthodoxe-destonie\\\/monastere-2\\\/\"]}]},{\"@type\":\"BreadcrumbList\",\"@id\":\"https:\\\/\\\/www.eoc.ee\\\/fr\\\/eglise-orthodoxe-destonie\\\/monastere-2\\\/#breadcrumb\",\"itemListElement\":[{\"@type\":\"ListItem\",\"position\":1,\"name\":\"Home\",\"item\":\"https:\\\/\\\/www.eoc.ee\\\/\"},{\"@type\":\"ListItem\",\"position\":2,\"name\":\"\u00c9glise Orthodoxe d&rsquo;Estonie\",\"item\":\"https:\\\/\\\/www.eoc.ee\\\/fr\\\/eglise-orthodoxe-destonie\\\/\"},{\"@type\":\"ListItem\",\"position\":3,\"name\":\"Monast\u00e8re\"}]},{\"@type\":\"WebSite\",\"@id\":\"https:\\\/\\\/www.eoc.ee\\\/#website\",\"url\":\"https:\\\/\\\/www.eoc.ee\\\/\",\"name\":\"\u00c9glise Orthodoxe d'Estonie\",\"description\":\"Eesti Apostlik-\u00d5igeusu Kirik\",\"potentialAction\":[{\"@type\":\"SearchAction\",\"target\":{\"@type\":\"EntryPoint\",\"urlTemplate\":\"https:\\\/\\\/www.eoc.ee\\\/?s={search_term_string}\"},\"query-input\":{\"@type\":\"PropertyValueSpecification\",\"valueRequired\":true,\"valueName\":\"search_term_string\"}}],\"inLanguage\":\"fr-FR\"}]}<\/script>\n<!-- \/ Yoast SEO plugin. -->","yoast_head_json":{"title":"Monast\u00e8re &#8211; \u00c9glise Orthodoxe d'Estonie","robots":{"index":"index","follow":"follow","max-snippet":"max-snippet:-1","max-image-preview":"max-image-preview:large","max-video-preview":"max-video-preview:-1"},"canonical":"https:\/\/www.eoc.ee\/fr\/eglise-orthodoxe-destonie\/monastere-2\/","og_locale":"fr_FR","og_type":"article","og_title":"Monast\u00e8re &#8211; \u00c9glise Orthodoxe d'Estonie","og_description":"Le skite du Saint Pr\u00e9curseur \u0101 Reom\u00e4e EA\u00d5K La r\u00e9v\u00e9rende\u00a0: S\u0153ur Theofili (Siinmaa) Contacts\u00a0: village de Reo, commune de Pihtla vald, sur l\u2019ile de Saaremaa T\u00e9l +372 601 5561. Mob +372 5399 1224. E-mail: skiita@gmail.com Site internet du monast\u00e8re m\u00e8re\u00a0: www.stjohnmonastery.org Donations\/Compte bancaire\u00a0: 221048993440 Swedbank &nbsp; Le skite est ouvert aux visiteurs et aux p\u00e8lerins [&hellip;]","og_url":"https:\/\/www.eoc.ee\/fr\/eglise-orthodoxe-destonie\/monastere-2\/","og_site_name":"\u00c9glise Orthodoxe d'Estonie","article_modified_time":"2015-03-24T17:52:11+00:00","schema":{"@context":"https:\/\/schema.org","@graph":[{"@type":"WebPage","@id":"https:\/\/www.eoc.ee\/fr\/eglise-orthodoxe-destonie\/monastere-2\/","url":"https:\/\/www.eoc.ee\/fr\/eglise-orthodoxe-destonie\/monastere-2\/","name":"Monast\u00e8re &#8211; \u00c9glise Orthodoxe d'Estonie","isPartOf":{"@id":"https:\/\/www.eoc.ee\/#website"},"datePublished":"2015-02-06T07:47:23+00:00","dateModified":"2015-03-24T17:52:11+00:00","breadcrumb":{"@id":"https:\/\/www.eoc.ee\/fr\/eglise-orthodoxe-destonie\/monastere-2\/#breadcrumb"},"inLanguage":"fr-FR","potentialAction":[{"@type":"ReadAction","target":["https:\/\/www.eoc.ee\/fr\/eglise-orthodoxe-destonie\/monastere-2\/"]}]},{"@type":"BreadcrumbList","@id":"https:\/\/www.eoc.ee\/fr\/eglise-orthodoxe-destonie\/monastere-2\/#breadcrumb","itemListElement":[{"@type":"ListItem","position":1,"name":"Home","item":"https:\/\/www.eoc.ee\/"},{"@type":"ListItem","position":2,"name":"\u00c9glise Orthodoxe d&rsquo;Estonie","item":"https:\/\/www.eoc.ee\/fr\/eglise-orthodoxe-destonie\/"},{"@type":"ListItem","position":3,"name":"Monast\u00e8re"}]},{"@type":"WebSite","@id":"https:\/\/www.eoc.ee\/#website","url":"https:\/\/www.eoc.ee\/","name":"\u00c9glise Orthodoxe d'Estonie","description":"Eesti Apostlik-\u00d5igeusu Kirik","potentialAction":[{"@type":"SearchAction","target":{"@type":"EntryPoint","urlTemplate":"https:\/\/www.eoc.ee\/?s={search_term_string}"},"query-input":{"@type":"PropertyValueSpecification","valueRequired":true,"valueName":"search_term_string"}}],"inLanguage":"fr-FR"}]}},"_links":{"self":[{"href":"https:\/\/www.eoc.ee\/fr\/wp-json\/wp\/v2\/pages\/8357","targetHints":{"allow":["GET"]}}],"collection":[{"href":"https:\/\/www.eoc.ee\/fr\/wp-json\/wp\/v2\/pages"}],"about":[{"href":"https:\/\/www.eoc.ee\/fr\/wp-json\/wp\/v2\/types\/page"}],"author":[{"embeddable":true,"href":"https:\/\/www.eoc.ee\/fr\/wp-json\/wp\/v2\/users\/7"}],"replies":[{"embeddable":true,"href":"https:\/\/www.eoc.ee\/fr\/wp-json\/wp\/v2\/comments?post=8357"}],"version-history":[{"count":8,"href":"https:\/\/www.eoc.ee\/fr\/wp-json\/wp\/v2\/pages\/8357\/revisions"}],"predecessor-version":[{"id":9876,"href":"https:\/\/www.eoc.ee\/fr\/wp-json\/wp\/v2\/pages\/8357\/revisions\/9876"}],"up":[{"embeddable":true,"href":"https:\/\/www.eoc.ee\/fr\/wp-json\/wp\/v2\/pages\/8337"}],"wp:attachment":[{"href":"https:\/\/www.eoc.ee\/fr\/wp-json\/wp\/v2\/media?parent=8357"}],"curies":[{"name":"wp","href":"https:\/\/api.w.org\/{rel}","templated":true}]}}