{"id":8359,"date":"2015-02-06T09:48:17","date_gmt":"2015-02-06T07:48:17","guid":{"rendered":"http:\/\/www.eoc.ee\/?page_id=8359"},"modified":"2015-03-02T12:41:17","modified_gmt":"2015-03-02T10:41:17","slug":"histoire","status":"publish","type":"page","link":"https:\/\/www.eoc.ee\/fr\/eglise-orthodoxe-destonie\/histoire\/","title":{"rendered":"Histoire"},"content":{"rendered":"<p><b>Bref aper\u00e7u historique et canonique<\/b><\/p>\n<p>L\u2019\u00c9glise Orthodoxe d\u2019Estonie (en estonien EA\u00d5K) a \u00e9t\u00e9 proclam\u00e9e autonome au sein du Patriarcat \u0152cum\u00e9nique de Constantinople, conform\u00e9ment au Tomos patriarcal et synodal du\u00a0 7 juillet 1923.<\/p>\n<p>Les premi\u00e8res sources \u00e9crites relatant de la pr\u00e9sence de l\u2019Orthodoxie sur le territoire de l\u2019Estonie actuelle remontent vers le 11eme si\u00e8cle.\u00a0\u00a0 En 1558 le prince Ivan III d\u00e9clara que les chr\u00e9tiens orthodoxes baltes relevaient de la juridiction de Constantinople.<\/p>\n<p>Le Tomos du Patriarcat\u00a0 \u0152cum\u00e9nique\u00a0 de Constantinople de 1589 qui proclamait l\u2019autoc\u00e9phalie de l\u2019\u00c9glise Orthodoxe de Russie a exclu des fronti\u00e8res de cette dernier la Livonie d\u2019alors et l\u2019Estonie.<\/p>\n<p>A partir du 18eme si\u00e8cle jusqu\u2019en\u00a0 1923 l\u2019Estonie orthodoxe fut annex\u00e9e par l\u2019\u00c9glise Orthodoxe de Russie \u00e0 cause du fait que le territoire estonien passait, apr\u00e8s la guerre du Nord en 1721, sous la domination russe. L\u2019extension de la juridiction du Patriarcat de Moscou en Estonie se fit sans l\u2019accord du\u00a0 Patriarcat Oecum\u00e9nique.<\/p>\n<p>Apres la d\u00e9claration de l\u2019ind\u00e9pendance de la R\u00e9publique d\u2019Estonie en 1918, le Saint Synode de l&rsquo;Eglise de Russie d\u00e9cida en 1920 d&rsquo;octroyer \u00e0 l&rsquo;Eglise d&rsquo;Estonie l&rsquo;autonomie en mati\u00e8re d&rsquo;\u00e9conomie, d&rsquo;administration et d&rsquo;\u00e9ducation.<\/p>\n<p>La situation eccl\u00e9siastique en Russie devenant de plus en plus instable, aucun contact ne pouvait plus s&rsquo;\u00e9tablir avec le Patriarche Tikhon. C&rsquo;est alors que les Estoniens eurent naturellement recours au Patriarcat Oecum\u00e9nique de Constantinople le 17 avril 1923 pour qu\u2019ils se placent sous sa \u00a0protection. Ce dernier accepta leur demande et comme c\u2019\u00e9tait le cas pour les autres Eglises Orthodoxes locales qui n\u2019avaient plus aucun lien avec l\u2019\u00c9glise de Russie, et Il prit la d\u00e9cision de leur accorder l\u2019autonomie. Le Tomos d&rsquo;Autonomie fut promulgu\u00e9 par le Patriarche Oecum\u00e9nique de Constantinople Meletios IV et les membres de son Saint Synode le 7 juillet 1923.<\/p>\n<p>Apres \u00a0l\u2019occupation de la R\u00e9publique d\u2019Estonie par l\u2019Union Sovi\u00e9tique, l\u2019\u00e9glise d\u2019Estonie fut elle aussi\u00a0 dissoute de fa\u00e7on arbitraire, brutale et anticanonique.<\/p>\n<p>Le 10 d\u00e9cembre 1944, le Saint Synode du Patriarcat de Moscou promulgua l&rsquo;oukase de mettre fin au fonctionnement de l&rsquo;Eglise Orthodoxe d&rsquo;Estonie et de cr\u00e9er \u00e0 la place une administration nouvelle en qualit\u00e9 de \u00ab\u00a0Dioc\u00e8se de Tallinn et de l&rsquo;Estonie\u00a0\u00bb. Cette dissolution eut lieu de fa\u00e7on effective le 9 mars 1945.<\/p>\n<p>Le M\u00e9tropolite Alexandre (Paulus) fut oblig\u00e9 de s\u2019exiler en Europe Occidentale, plus pr\u00e9cis\u00e9ment \u00e0 Stockholm. Depuis son exil il continua de diriger et de prendre soin des paroisses orthodoxes \u00e9parpill\u00e9es par la guerre partout dans le monde, garantissant ainsi la continuit\u00e9 canonique et juridique de l\u2019EA\u00d5K jusqu\u2019\u00e0 son retour en Terre d\u2019 Estonie.<\/p>\n<p>En effet, apr\u00e8s le r\u00e9tablissement de l\u2019ind\u00e9pendance de la R\u00e9publique d\u2019Estonie en 1991,\u00a0 des voix commenc\u00e8rent \u00e0 s&rsquo;\u00e9lever pour que soit restaur\u00e9e l&rsquo;autonomie de notre Eglise. Le Patriarcat Oecum\u00e9nique accepta aussi bien la demande des paroisses orthodoxes que celle du gouvernement estonien et en 1996, il fit part de sa d\u00e9cision de r\u00e9activer le Tomos d&rsquo;Autonomie de 1923. L&rsquo;Archev\u00eaque de Finlande Jean (Rinne) fut alors d\u00e9sign\u00e9 comme locum tenens jusqu&rsquo;\u00e0 l&rsquo;\u00e9lection du nouveau M\u00e9tropolite de Tallinn et de toute l&rsquo;Estonie.<\/p>\n<p>Le 9 mars 1999, le Congr\u00e8s de l&rsquo;Eglise Orthodoxe d&rsquo;Estonie \u00e9lit pour Primat\u00a0 l&rsquo;\u00e9v\u00eaque de Nazianze Stephanos (Charalambides), qui \u00e9tait \u00e0 cette \u00e9poque \u00a0l&rsquo;auxiliaire du m\u00e9tropolite du Patriarcat Oecum\u00e9nique en France, ceci en raison du manque d&rsquo;un candidat valable sur place. Il fut intronis\u00e9 \u00e0 Tallinn le 21 mars de la m\u00eame ann\u00e9e.<\/p>\n<p>En janvier 2009, l&rsquo;Eglise Orthodoxe d&rsquo;Estonie se dotait d&rsquo;une structure synodale avec les ordinations de l&rsquo;\u00e9v\u00eaque de Tartu Elias (Ojaperv) et de l&rsquo;\u00e9v\u00eaque de P\u00e4rnu-Saaremaa Alexandre (Hopjorski).<\/p>\n<p>La plus haute instance canonique de l\u2019\u00c9glise Orthodoxe d\u2019Estonie est le Saint Synode \u2013 le pr\u00e9sident est le m\u00e9tropolite de l\u2019EA\u00d5K et les \u00e9v\u00eaques actifs de l\u2019EA\u00d5K. Secr\u00e9taire G\u00e9n\u00e9ral\u00a0 du Synode: pr\u00eatre Tihhon Tammes.<\/p>\n<p>L\u2019\u00c9glise est canoniquement partag\u00e9 en trois \u00e9v\u00each\u00e9s \u2013 l\u2019archev\u00each\u00e9 de Tallinn, l\u2019\u00e9v\u00each\u00e9 de Tartu et l\u2019\u00e9v\u00each\u00e9 de P\u00e4rnu et Saare.<\/p>\n<p>L\u2019\u00e9ducation orthodoxe est dispens\u00e9e par le S\u00e9minaire de Saint Platon au sein de l\u2019Institut luth\u00e9rien de Tallinn.<\/p>\n<p>Le travail de jeunes est coordonn\u00e9 par le Mouvement de Jeunesse orthodoxe.<\/p>\n<p>Outre le clerg\u00e9 qui dessert les paroisses, l\u2019Eglise Orthodoxe d\u2019Estonie organise un service d\u2019aum\u00f4niers dans l\u2019arm\u00e9e, les prisons etc.<\/p>\n<p>&nbsp;<\/p>\n<p>&nbsp;<\/p>\n<p>&nbsp;<\/p>\n","protected":false},"excerpt":{"rendered":"<p>Bref aper\u00e7u historique et canonique L\u2019\u00c9glise Orthodoxe d\u2019Estonie (en estonien EA\u00d5K) a \u00e9t\u00e9 proclam\u00e9e autonome au sein du Patriarcat \u0152cum\u00e9nique de Constantinople, conform\u00e9ment au Tomos patriarcal et synodal du\u00a0 7 juillet 1923. Les premi\u00e8res sources \u00e9crites relatant de la pr\u00e9sence de l\u2019Orthodoxie sur le territoire de l\u2019Estonie actuelle remontent vers le 11eme si\u00e8cle.\u00a0\u00a0 En 1558 [&hellip;]<\/p>\n","protected":false},"author":7,"featured_media":0,"parent":8337,"menu_order":0,"comment_status":"closed","ping_status":"open","template":"page-history.php","meta":{"_exactmetrics_skip_tracking":false,"_exactmetrics_sitenote_active":false,"_exactmetrics_sitenote_note":"","_exactmetrics_sitenote_category":0,"_monsterinsights_skip_tracking":false,"_monsterinsights_sitenote_active":false,"_monsterinsights_sitenote_note":"","_monsterinsights_sitenote_category":0,"footnotes":""},"class_list":["post-8359","page","type-page","status-publish","hentry"],"yoast_head":"<!-- This site is optimized with the Yoast SEO plugin v27.5 - https:\/\/yoast.com\/product\/yoast-seo-wordpress\/ -->\n<title>Histoire &#8211; \u00c9glise Orthodoxe d&#039;Estonie<\/title>\n<meta name=\"robots\" content=\"index, follow, max-snippet:-1, max-image-preview:large, max-video-preview:-1\" \/>\n<link rel=\"canonical\" href=\"https:\/\/www.eoc.ee\/fr\/eglise-orthodoxe-destonie\/histoire\/\" \/>\n<meta property=\"og:locale\" content=\"fr_FR\" \/>\n<meta property=\"og:type\" content=\"article\" \/>\n<meta property=\"og:title\" content=\"Histoire &#8211; \u00c9glise Orthodoxe d&#039;Estonie\" \/>\n<meta property=\"og:description\" content=\"Bref aper\u00e7u historique et canonique L\u2019\u00c9glise Orthodoxe d\u2019Estonie (en estonien EA\u00d5K) a \u00e9t\u00e9 proclam\u00e9e autonome au sein du Patriarcat \u0152cum\u00e9nique de Constantinople, conform\u00e9ment au Tomos patriarcal et synodal du\u00a0 7 juillet 1923. Les premi\u00e8res sources \u00e9crites relatant de la pr\u00e9sence de l\u2019Orthodoxie sur le territoire de l\u2019Estonie actuelle remontent vers le 11eme si\u00e8cle.\u00a0\u00a0 En 1558 [&hellip;]\" \/>\n<meta property=\"og:url\" content=\"https:\/\/www.eoc.ee\/fr\/eglise-orthodoxe-destonie\/histoire\/\" \/>\n<meta property=\"og:site_name\" content=\"\u00c9glise Orthodoxe d&#039;Estonie\" \/>\n<meta property=\"article:modified_time\" content=\"2015-03-02T10:41:17+00:00\" \/>\n<meta name=\"twitter:label1\" content=\"Dur\u00e9e de lecture estim\u00e9e\" \/>\n\t<meta name=\"twitter:data1\" content=\"4 minutes\" \/>\n<script type=\"application\/ld+json\" class=\"yoast-schema-graph\">{\"@context\":\"https:\\\/\\\/schema.org\",\"@graph\":[{\"@type\":\"WebPage\",\"@id\":\"https:\\\/\\\/www.eoc.ee\\\/fr\\\/eglise-orthodoxe-destonie\\\/histoire\\\/\",\"url\":\"https:\\\/\\\/www.eoc.ee\\\/fr\\\/eglise-orthodoxe-destonie\\\/histoire\\\/\",\"name\":\"Histoire &#8211; \u00c9glise Orthodoxe d'Estonie\",\"isPartOf\":{\"@id\":\"https:\\\/\\\/www.eoc.ee\\\/#website\"},\"datePublished\":\"2015-02-06T07:48:17+00:00\",\"dateModified\":\"2015-03-02T10:41:17+00:00\",\"breadcrumb\":{\"@id\":\"https:\\\/\\\/www.eoc.ee\\\/fr\\\/eglise-orthodoxe-destonie\\\/histoire\\\/#breadcrumb\"},\"inLanguage\":\"fr-FR\",\"potentialAction\":[{\"@type\":\"ReadAction\",\"target\":[\"https:\\\/\\\/www.eoc.ee\\\/fr\\\/eglise-orthodoxe-destonie\\\/histoire\\\/\"]}]},{\"@type\":\"BreadcrumbList\",\"@id\":\"https:\\\/\\\/www.eoc.ee\\\/fr\\\/eglise-orthodoxe-destonie\\\/histoire\\\/#breadcrumb\",\"itemListElement\":[{\"@type\":\"ListItem\",\"position\":1,\"name\":\"Home\",\"item\":\"https:\\\/\\\/www.eoc.ee\\\/\"},{\"@type\":\"ListItem\",\"position\":2,\"name\":\"\u00c9glise Orthodoxe d&rsquo;Estonie\",\"item\":\"https:\\\/\\\/www.eoc.ee\\\/fr\\\/eglise-orthodoxe-destonie\\\/\"},{\"@type\":\"ListItem\",\"position\":3,\"name\":\"Histoire\"}]},{\"@type\":\"WebSite\",\"@id\":\"https:\\\/\\\/www.eoc.ee\\\/#website\",\"url\":\"https:\\\/\\\/www.eoc.ee\\\/\",\"name\":\"\u00c9glise Orthodoxe d'Estonie\",\"description\":\"Eesti Apostlik-\u00d5igeusu Kirik\",\"potentialAction\":[{\"@type\":\"SearchAction\",\"target\":{\"@type\":\"EntryPoint\",\"urlTemplate\":\"https:\\\/\\\/www.eoc.ee\\\/?s={search_term_string}\"},\"query-input\":{\"@type\":\"PropertyValueSpecification\",\"valueRequired\":true,\"valueName\":\"search_term_string\"}}],\"inLanguage\":\"fr-FR\"}]}<\/script>\n<!-- \/ Yoast SEO plugin. -->","yoast_head_json":{"title":"Histoire &#8211; \u00c9glise Orthodoxe d'Estonie","robots":{"index":"index","follow":"follow","max-snippet":"max-snippet:-1","max-image-preview":"max-image-preview:large","max-video-preview":"max-video-preview:-1"},"canonical":"https:\/\/www.eoc.ee\/fr\/eglise-orthodoxe-destonie\/histoire\/","og_locale":"fr_FR","og_type":"article","og_title":"Histoire &#8211; \u00c9glise Orthodoxe d'Estonie","og_description":"Bref aper\u00e7u historique et canonique L\u2019\u00c9glise Orthodoxe d\u2019Estonie (en estonien EA\u00d5K) a \u00e9t\u00e9 proclam\u00e9e autonome au sein du Patriarcat \u0152cum\u00e9nique de Constantinople, conform\u00e9ment au Tomos patriarcal et synodal du\u00a0 7 juillet 1923. Les premi\u00e8res sources \u00e9crites relatant de la pr\u00e9sence de l\u2019Orthodoxie sur le territoire de l\u2019Estonie actuelle remontent vers le 11eme si\u00e8cle.\u00a0\u00a0 En 1558 [&hellip;]","og_url":"https:\/\/www.eoc.ee\/fr\/eglise-orthodoxe-destonie\/histoire\/","og_site_name":"\u00c9glise Orthodoxe d'Estonie","article_modified_time":"2015-03-02T10:41:17+00:00","twitter_misc":{"Dur\u00e9e de lecture estim\u00e9e":"4 minutes"},"schema":{"@context":"https:\/\/schema.org","@graph":[{"@type":"WebPage","@id":"https:\/\/www.eoc.ee\/fr\/eglise-orthodoxe-destonie\/histoire\/","url":"https:\/\/www.eoc.ee\/fr\/eglise-orthodoxe-destonie\/histoire\/","name":"Histoire &#8211; \u00c9glise Orthodoxe d'Estonie","isPartOf":{"@id":"https:\/\/www.eoc.ee\/#website"},"datePublished":"2015-02-06T07:48:17+00:00","dateModified":"2015-03-02T10:41:17+00:00","breadcrumb":{"@id":"https:\/\/www.eoc.ee\/fr\/eglise-orthodoxe-destonie\/histoire\/#breadcrumb"},"inLanguage":"fr-FR","potentialAction":[{"@type":"ReadAction","target":["https:\/\/www.eoc.ee\/fr\/eglise-orthodoxe-destonie\/histoire\/"]}]},{"@type":"BreadcrumbList","@id":"https:\/\/www.eoc.ee\/fr\/eglise-orthodoxe-destonie\/histoire\/#breadcrumb","itemListElement":[{"@type":"ListItem","position":1,"name":"Home","item":"https:\/\/www.eoc.ee\/"},{"@type":"ListItem","position":2,"name":"\u00c9glise Orthodoxe d&rsquo;Estonie","item":"https:\/\/www.eoc.ee\/fr\/eglise-orthodoxe-destonie\/"},{"@type":"ListItem","position":3,"name":"Histoire"}]},{"@type":"WebSite","@id":"https:\/\/www.eoc.ee\/#website","url":"https:\/\/www.eoc.ee\/","name":"\u00c9glise Orthodoxe d'Estonie","description":"Eesti Apostlik-\u00d5igeusu Kirik","potentialAction":[{"@type":"SearchAction","target":{"@type":"EntryPoint","urlTemplate":"https:\/\/www.eoc.ee\/?s={search_term_string}"},"query-input":{"@type":"PropertyValueSpecification","valueRequired":true,"valueName":"search_term_string"}}],"inLanguage":"fr-FR"}]}},"_links":{"self":[{"href":"https:\/\/www.eoc.ee\/fr\/wp-json\/wp\/v2\/pages\/8359","targetHints":{"allow":["GET"]}}],"collection":[{"href":"https:\/\/www.eoc.ee\/fr\/wp-json\/wp\/v2\/pages"}],"about":[{"href":"https:\/\/www.eoc.ee\/fr\/wp-json\/wp\/v2\/types\/page"}],"author":[{"embeddable":true,"href":"https:\/\/www.eoc.ee\/fr\/wp-json\/wp\/v2\/users\/7"}],"replies":[{"embeddable":true,"href":"https:\/\/www.eoc.ee\/fr\/wp-json\/wp\/v2\/comments?post=8359"}],"version-history":[{"count":3,"href":"https:\/\/www.eoc.ee\/fr\/wp-json\/wp\/v2\/pages\/8359\/revisions"}],"predecessor-version":[{"id":9259,"href":"https:\/\/www.eoc.ee\/fr\/wp-json\/wp\/v2\/pages\/8359\/revisions\/9259"}],"up":[{"embeddable":true,"href":"https:\/\/www.eoc.ee\/fr\/wp-json\/wp\/v2\/pages\/8337"}],"wp:attachment":[{"href":"https:\/\/www.eoc.ee\/fr\/wp-json\/wp\/v2\/media?parent=8359"}],"curies":[{"name":"wp","href":"https:\/\/api.w.org\/{rel}","templated":true}]}}