{"id":8362,"date":"2015-02-06T09:49:59","date_gmt":"2015-02-06T07:49:59","guid":{"rendered":"http:\/\/www.eoc.ee\/?page_id=8362"},"modified":"2015-03-02T12:48:23","modified_gmt":"2015-03-02T10:48:23","slug":"base-de-donnees-du-clerge","status":"publish","type":"page","link":"https:\/\/www.eoc.ee\/fr\/eglise-orthodoxe-destonie\/base-de-donnees-du-clerge\/","title":{"rendered":"Base de donn\u00e9es du clerg\u00e9"},"content":{"rendered":"<p><b>Le clerg\u00e9 (nom suivi par la date d\u2019ordination)<\/b><\/p>\n<p><b>Les \u00e9v\u00eaques\u00a0:<\/b><\/p>\n<p>Son Eminence m\u00e9tropolite de Tallinn et de toute l\u2019Estonie St\u00e9phanos (Charalambides) (ordonn\u00e9 \u00e9v\u00eaque le 25 mars 1987)<br \/>\nIntronis\u00e9 m\u00e9tropolite de Tallinn et de toute l\u2019Estonie le 21 mars 1999.<br \/>\nAdresse\u00a0: Wismari 32, 10136 Tallinn. E-mail\u00a0: stefanus@eoc.ee<\/p>\n<p>&nbsp;<\/p>\n<p>Son Excellence Eelija (Ojaperv), \u00e9v\u00eaque de Tartu (10.01.2009)<br \/>\nAdresse\u00a0: Magasini 1, 51005 Tartu. E-mail: <a href=\"mailto:eelija@eoc.ee\">eelija@eoc.ee<\/a><\/p>\n<p>&nbsp;<\/p>\n<p>Son Excellence Aleksander (Hopjorski), \u00e9v\u00eaque de P\u00e4rnu et Saare (12.01.2009)<br \/>\nAdresse\u00a0: Aia 5, 80011 P\u00e4rnu. E-mail: aleksander@eoc.ee<\/p>\n<p>&nbsp;<\/p>\n<p><b>Les pr\u00eatres\u00a0:<\/b><\/p>\n<p><b>\u00a0<\/b><\/p>\n<p>Vicaire g\u00e9n\u00e9ral de l\u2019Archev\u00each\u00e9 de Tallinn\u00a0: archipr\u00eatre Mattias (Madis) Palli (15.12.1996)<br \/>\nMob +372 552 2265. E-mail: mattias@eoc.ee<br \/>\n(Tallinn)<\/p>\n<p>&nbsp;<\/p>\n<p>Archimandrite Gennadi (Kru\u017ekov) (12.03.1978)<br \/>\nMob +372 528 7182 (Tartu)<\/p>\n<p>&nbsp;<\/p>\n<p>Archipr\u00eatre Ardalion (Ardo) Keskk\u00fcla (15.04.1988)<br \/>\nMob +372 526 5285. E-mail: <a href=\"mailto:ardalion@eoc.ee\">ardalion@eoc.ee<\/a><br \/>\n(P\u00e4rnu)<\/p>\n<p>&nbsp;<\/p>\n<p>Archipr\u00eatre Andreas (Kaupo) P\u00f5ld (20.04.1991)<br \/>\nMob +372 5660 6703. E-mail: <a href=\"mailto:andreas@eoc.ee\">andreas@eoc.ee<\/a><br \/>\n(V\u00e4rska)<\/p>\n<p>&nbsp;<\/p>\n<p>Archipr\u00eatre Aleksander (Aivar) Sarapik (07.04.1996)<br \/>\nMob +372 565 1090. E-mail: <a href=\"mailto:aleksander.sarapik@eoc.ee\">aleksander.sarapik@eoc.ee<\/a><br \/>\n(Tallinn)<\/p>\n<p>&nbsp;<\/p>\n<p>Pr\u00eatre J\u00fcri Ilves (24.08.1997)<br \/>\nMob +372 53 015 251. E-mail: <a href=\"mailto:georgius@maria-magdaleena.net\">georgius@maria-magdaleena.net<\/a><br \/>\n(Haapsalu)<\/p>\n<p>&nbsp;<\/p>\n<p>Pr\u00eatre Valeri Nazarenko (06.01.1998)<br \/>\nMob +372 5648 6625<br \/>\n(Paldiski)<\/p>\n<p>&nbsp;<\/p>\n<p>Archipr\u00eatre Viktor (Merikk) Ivask (26.04.1998)<br \/>\nMob +372 514 0322. E-mail: <a href=\"mailto:viktor@eoc.ee\">viktor@eoc.ee<\/a><br \/>\n(Obinitsa)<\/p>\n<p>&nbsp;<\/p>\n<p>Archipr\u00eatre Rostislav Kozakevit\u0161 (31.10.1999)<br \/>\nMob +372 5344 8404<br \/>\n(Valga)<\/p>\n<p>&nbsp;<\/p>\n<p>Pr\u00eatre \u00a0Afrat (Ergo) Laas (14.02.2004)<br \/>\nMob +372 523 1933. E-mail: <a href=\"mailto:afrat@eoc.ee\">afrat@eoc.ee<\/a><br \/>\n(Tallinn)<\/p>\n<p>&nbsp;<\/p>\n<p>Pr\u00eatre Markus (Margus) Kooviste (17.10.2004)<br \/>\nMob +372 524 4560. E-mail: <a href=\"mailto:markus@eoc.ee\">markus@eoc.ee<\/a><br \/>\n(Tallinn)<\/p>\n<p>&nbsp;<\/p>\n<p>Pr\u00eatre Vladimir (Volodymyr) Mykhalskyy (30.11.2005)<br \/>\nMob +372 5393 3863. E-post: <a href=\"mailto:vladimir@eoc.ee\">vladimir@eoc.ee<\/a><br \/>\n(Tartu)<\/p>\n<p>Pr\u00eatre Sakarias (Jaan) Leppik (29.01.2006)<br \/>\nMob +372 5664 9999. E-mail: <a href=\"mailto:sakarias@eoc.ee\">sakarias@eoc.ee<\/a><br \/>\n(Tallinn)<\/p>\n<p>Pr\u00eatre Kuldar Rajapu (02.04.2006)<br \/>\nMob +372 5698 3489. E-mail: <a href=\"mailto:kuldar_rajapu@hotmail.com\">kuldar_rajapu@hotmail.com<\/a><br \/>\n(Tallinn)<\/p>\n<p>Pr\u00eatre Stefan (Ots) (25.05.2006)<br \/>\nMob +372 505 9377. E-mail: <a href=\"mailto:stefan@eoc.ee\">stefan@eoc.ee<\/a><br \/>\n(P\u00f5ltsamaa)<\/p>\n<p>Pr\u00eatre Tihhon (Tarmo) Tammes (26.07.2006)<br \/>\nMob +372 508 3414. E-mail: <a href=\"mailto:tihhon@eoc.ee\">tihhon@eoc.ee<\/a><br \/>\n(R\u00e4pina)<\/p>\n<p>&nbsp;<\/p>\n<p>Pr\u00eatre Enos (Henn) Heinsoo (15.01.2007)<br \/>\nMob +372 5198 7323. E-mail: <a href=\"mailto:enos@eoc.ee\">enos@eoc.ee<\/a><br \/>\n(Sindi)<\/p>\n<p>&nbsp;<\/p>\n<p>Pr\u00eatre Miikael (Margus) Raissar (15.03.2008)<br \/>\nMob +372 5332 9714. E-post: miikael@eoc.ee<br \/>\n(Tartu)<\/p>\n<p>Pr\u00eatre Stefan (Ilon) Fraiman (09.11.2008)<br \/>\nMob +372 5598 0911. E-mail: <a href=\"mailto:stefan.fraiman@eoc.ee\">stefan.fraiman@eoc.ee<\/a><br \/>\n(V\u00f5ru)<\/p>\n<p>Pr\u00eatre Toivo Treima (26.10.2008)<br \/>\nMob +372 5635 0051. E-mail: <a href=\"mailto:toivo@eoc.ee\">toivo@eoc.ee<\/a><br \/>\n(Saaremaa)<\/p>\n<p>Pr\u00eatre Peeter Uibo (09.12.2008)<br \/>\nMob +372 515 9766. E-mail: <a href=\"mailto:peeter@eoc.ee\">peeter@eoc.ee<\/a><br \/>\n(Miikse)<\/p>\n<p>Pr\u00eatre Roland T\u00f5nisson (09.01.2011)<br \/>\nMob +372 5349 2534. E-mail: <a href=\"mailto:roland@eoc.ee\">roland@eoc.ee<\/a><br \/>\n(Saaremaa)<\/p>\n<p>Pr\u00eatre Aabraham (Avo) T\u00f6lpt (16.04.2011)<br \/>\nMob +372 509 0251. E-mail: <a href=\"mailto:aabraham@eoc.ee\">aabraham@eoc.ee<\/a><br \/>\n(Hiiumaa)<\/p>\n<p>Pr\u00eatre Arseni (Barkov) (08.09.2011)<br \/>\nMob +372 5399 5938. E-mail: <a href=\"mailto:arseni@eoc.ee\">arseni@eoc.ee<\/a><br \/>\n(Tartu)<\/p>\n<p>Pr\u00eatre Vadim Rebase (11.06.2012)<br \/>\nMob +372 5342 2532. E-mail: <a href=\"mailto:vadim@eoc.ee\">vadim@eoc.ee<\/a><br \/>\n(Tartu)<\/p>\n<p>Pr\u00eatre Kristoforos (Kristo) Parts (08.09.2013)<br \/>\nMob +372 5819 3110. E-mail: <a href=\"mailto:kristoforos@eoc.ee\">kristoforos@eoc.ee<\/a><br \/>\n(P\u00e4rnu)<\/p>\n<p>Pr\u00eatre Justinus (Kiviloo) (01.12.2013)<br \/>\nMob +372 524 6786. E-mail: <a href=\"mailto:justinus@eoc.ee\">justinus@eoc.ee<\/a><br \/>\n(Kihnu)<\/p>\n<p>Pr\u00eatre Agaton (Ago) Paalberg (14.12.2013)<br \/>\nMob +372 5384 1350. E-mail: <a href=\"mailto:agaton@eoc.ee\">agaton@eoc.ee<\/a><br \/>\n(Pootsi-K\u00f5pu)<\/p>\n<p>Pr\u00eatre Kallistratos (Kalju) Vahtram\u00e4e (06.05.2014)<br \/>\n(V\u00e4rska)<\/p>\n<p>Pr\u00eatre Herodion (V\u00e4ino) Niitv\u00e4gi (09.06.2014)<br \/>\nMob +372 510 9623. E-mail: herodion@eoc.ee<br \/>\n(Luhamaa)<\/p>\n<p><b>Les diacres<\/b><\/p>\n<p><b>\u00a0<\/b><\/p>\n<p>Archidiacre Marius Raudsepp (04.08.2013)<br \/>\nMob +372 5661 0197. E-mail: <a href=\"mailto:marius@eoc.ee\">marius@eoc.ee<\/a><br \/>\n(Tallinn)<\/p>\n<p>Diacre Joonas (Jaanus) Sarapuu (15.08.2000)<br \/>\nMob 5383 1344. E-post: <a href=\"mailto:joonassarapuu@hot.ee\">joonassarapuu@hot.ee<\/a><br \/>\n(Tallinn)<\/p>\n<p>Diacre Matti Timmermann (06.08.2007)<\/p>\n<p>Mob 501 2431. E-post: <a href=\"mailto:matti@eoc.ee\">matti@eoc.ee<\/a><\/p>\n<p>(Tallinn)<\/p>\n<p>Diacre Toomas Erikson (30.08.2010)<br \/>\nMob 5333 2130. E-post: <a href=\"mailto:toomas@eoc.ee\">toomas@eoc.ee<\/a><br \/>\n(Tartu)<\/p>\n<p>Diacre Herman (Moss) (27.04.2013)<br \/>\nMob +372 522 9737. E-mail: <a href=\"mailto:herman@eoc.ee\">herman@eoc.ee<\/a><br \/>\n(Tartu)<\/p>\n<p>Diacre Svjatoslav (Stanislav) Gorobt\u0161uk (03.06.2013)<br \/>\nMob +372 5836 6061. E-mail: <a href=\"mailto:svjatoslav@eoc.ee\">svjatoslav@eoc.ee<\/a><br \/>\n(Tartu)<\/p>\n<p>Diacre Timoteus (Tanel) Vassel (09.06.2013)<br \/>\nMob +372 5354 2776. E-mail: <a href=\"mailto:timoteus@eoc.ee\">timoteus@eoc.ee<\/a><br \/>\n(Tartu)<\/p>\n<p>Diacre Ignatius (Indrek) Rand (13.12.2014)<br \/>\nMob +372 5625 4400. E-mail: ignatius@eoc.ee<br \/>\n(P\u00e4rnu)<\/p>\n<p>b). <i>Emeritus<\/i><\/p>\n<p>Archipr\u00eatre \u00a0Emmanuel (Eduard) Kirss (05.12.1948)<br \/>\nArchipr\u00eatre Innokenti Hiet (14.09.1957)<\/p>\n<p>&nbsp;<\/p>\n<p>c). Provisoirement \u0101 l\u2019\u00e9tranger<\/p>\n<p>Archipr\u00eatre Rafael (Raul) Hinrikus (16.11.1991)<br \/>\nPr\u00eatre Andrei S\u00f5t\u0161ov (11.01.2009)<\/p>\n<p>&nbsp;<\/p>\n<p>e). Non-actifs<\/p>\n<p>Pr\u00eatre Meletios (Kalmar) Ulm (21.04.1996)<br \/>\nPr\u00eatre Orenti (M\u00e4gi) (19.01.1999)<\/p>\n<p>&nbsp;<\/p>\n","protected":false},"excerpt":{"rendered":"<p>Le clerg\u00e9 (nom suivi par la date d\u2019ordination) Les \u00e9v\u00eaques\u00a0: Son Eminence m\u00e9tropolite de Tallinn et de toute l\u2019Estonie St\u00e9phanos (Charalambides) (ordonn\u00e9 \u00e9v\u00eaque le 25 mars 1987) Intronis\u00e9 m\u00e9tropolite de Tallinn et de toute l\u2019Estonie le 21 mars 1999. Adresse\u00a0: Wismari 32, 10136 Tallinn. E-mail\u00a0: stefanus@eoc.ee &nbsp; Son Excellence Eelija (Ojaperv), \u00e9v\u00eaque de Tartu (10.01.2009) [&hellip;]<\/p>\n","protected":false},"author":7,"featured_media":0,"parent":8337,"menu_order":0,"comment_status":"closed","ping_status":"closed","template":"page-chaplains.php","meta":{"_exactmetrics_skip_tracking":false,"_exactmetrics_sitenote_active":false,"_exactmetrics_sitenote_note":"","_exactmetrics_sitenote_category":0,"_monsterinsights_skip_tracking":false,"_monsterinsights_sitenote_active":false,"_monsterinsights_sitenote_note":"","_monsterinsights_sitenote_category":0,"footnotes":""},"class_list":["post-8362","page","type-page","status-publish","hentry"],"yoast_head":"<!-- This site is optimized with the Yoast SEO plugin v27.4 - https:\/\/yoast.com\/product\/yoast-seo-wordpress\/ -->\n<title>Base de donn\u00e9es du clerg\u00e9 &#8211; \u00c9glise Orthodoxe d&#039;Estonie<\/title>\n<meta name=\"robots\" content=\"index, follow, max-snippet:-1, max-image-preview:large, max-video-preview:-1\" \/>\n<link rel=\"canonical\" href=\"https:\/\/www.eoc.ee\/fr\/eglise-orthodoxe-destonie\/base-de-donnees-du-clerge\/\" \/>\n<meta property=\"og:locale\" content=\"fr_FR\" \/>\n<meta property=\"og:type\" content=\"article\" \/>\n<meta property=\"og:title\" content=\"Base de donn\u00e9es du clerg\u00e9 &#8211; \u00c9glise Orthodoxe d&#039;Estonie\" \/>\n<meta property=\"og:description\" content=\"Le clerg\u00e9 (nom suivi par la date d\u2019ordination) Les \u00e9v\u00eaques\u00a0: Son Eminence m\u00e9tropolite de Tallinn et de toute l\u2019Estonie St\u00e9phanos (Charalambides) (ordonn\u00e9 \u00e9v\u00eaque le 25 mars 1987) Intronis\u00e9 m\u00e9tropolite de Tallinn et de toute l\u2019Estonie le 21 mars 1999. Adresse\u00a0: Wismari 32, 10136 Tallinn. E-mail\u00a0: stefanus@eoc.ee &nbsp; Son Excellence Eelija (Ojaperv), \u00e9v\u00eaque de Tartu (10.01.2009) [&hellip;]\" \/>\n<meta property=\"og:url\" content=\"https:\/\/www.eoc.ee\/fr\/eglise-orthodoxe-destonie\/base-de-donnees-du-clerge\/\" \/>\n<meta property=\"og:site_name\" content=\"\u00c9glise Orthodoxe d&#039;Estonie\" \/>\n<meta property=\"article:modified_time\" content=\"2015-03-02T10:48:23+00:00\" \/>\n<meta name=\"twitter:label1\" content=\"Dur\u00e9e de lecture estim\u00e9e\" \/>\n\t<meta name=\"twitter:data1\" content=\"3 minutes\" \/>\n<script type=\"application\/ld+json\" class=\"yoast-schema-graph\">{\"@context\":\"https:\\\/\\\/schema.org\",\"@graph\":[{\"@type\":\"WebPage\",\"@id\":\"https:\\\/\\\/www.eoc.ee\\\/fr\\\/eglise-orthodoxe-destonie\\\/base-de-donnees-du-clerge\\\/\",\"url\":\"https:\\\/\\\/www.eoc.ee\\\/fr\\\/eglise-orthodoxe-destonie\\\/base-de-donnees-du-clerge\\\/\",\"name\":\"Base de donn\u00e9es du clerg\u00e9 &#8211; \u00c9glise Orthodoxe d'Estonie\",\"isPartOf\":{\"@id\":\"https:\\\/\\\/www.eoc.ee\\\/#website\"},\"datePublished\":\"2015-02-06T07:49:59+00:00\",\"dateModified\":\"2015-03-02T10:48:23+00:00\",\"breadcrumb\":{\"@id\":\"https:\\\/\\\/www.eoc.ee\\\/fr\\\/eglise-orthodoxe-destonie\\\/base-de-donnees-du-clerge\\\/#breadcrumb\"},\"inLanguage\":\"fr-FR\",\"potentialAction\":[{\"@type\":\"ReadAction\",\"target\":[\"https:\\\/\\\/www.eoc.ee\\\/fr\\\/eglise-orthodoxe-destonie\\\/base-de-donnees-du-clerge\\\/\"]}]},{\"@type\":\"BreadcrumbList\",\"@id\":\"https:\\\/\\\/www.eoc.ee\\\/fr\\\/eglise-orthodoxe-destonie\\\/base-de-donnees-du-clerge\\\/#breadcrumb\",\"itemListElement\":[{\"@type\":\"ListItem\",\"position\":1,\"name\":\"Home\",\"item\":\"https:\\\/\\\/www.eoc.ee\\\/\"},{\"@type\":\"ListItem\",\"position\":2,\"name\":\"\u00c9glise Orthodoxe d&rsquo;Estonie\",\"item\":\"https:\\\/\\\/www.eoc.ee\\\/fr\\\/eglise-orthodoxe-destonie\\\/\"},{\"@type\":\"ListItem\",\"position\":3,\"name\":\"Base de donn\u00e9es du clerg\u00e9\"}]},{\"@type\":\"WebSite\",\"@id\":\"https:\\\/\\\/www.eoc.ee\\\/#website\",\"url\":\"https:\\\/\\\/www.eoc.ee\\\/\",\"name\":\"\u00c9glise Orthodoxe d'Estonie\",\"description\":\"Eesti Apostlik-\u00d5igeusu Kirik\",\"potentialAction\":[{\"@type\":\"SearchAction\",\"target\":{\"@type\":\"EntryPoint\",\"urlTemplate\":\"https:\\\/\\\/www.eoc.ee\\\/?s={search_term_string}\"},\"query-input\":{\"@type\":\"PropertyValueSpecification\",\"valueRequired\":true,\"valueName\":\"search_term_string\"}}],\"inLanguage\":\"fr-FR\"}]}<\/script>\n<!-- \/ Yoast SEO plugin. -->","yoast_head_json":{"title":"Base de donn\u00e9es du clerg\u00e9 &#8211; \u00c9glise Orthodoxe d'Estonie","robots":{"index":"index","follow":"follow","max-snippet":"max-snippet:-1","max-image-preview":"max-image-preview:large","max-video-preview":"max-video-preview:-1"},"canonical":"https:\/\/www.eoc.ee\/fr\/eglise-orthodoxe-destonie\/base-de-donnees-du-clerge\/","og_locale":"fr_FR","og_type":"article","og_title":"Base de donn\u00e9es du clerg\u00e9 &#8211; \u00c9glise Orthodoxe d'Estonie","og_description":"Le clerg\u00e9 (nom suivi par la date d\u2019ordination) Les \u00e9v\u00eaques\u00a0: Son Eminence m\u00e9tropolite de Tallinn et de toute l\u2019Estonie St\u00e9phanos (Charalambides) (ordonn\u00e9 \u00e9v\u00eaque le 25 mars 1987) Intronis\u00e9 m\u00e9tropolite de Tallinn et de toute l\u2019Estonie le 21 mars 1999. Adresse\u00a0: Wismari 32, 10136 Tallinn. E-mail\u00a0: stefanus@eoc.ee &nbsp; Son Excellence Eelija (Ojaperv), \u00e9v\u00eaque de Tartu (10.01.2009) [&hellip;]","og_url":"https:\/\/www.eoc.ee\/fr\/eglise-orthodoxe-destonie\/base-de-donnees-du-clerge\/","og_site_name":"\u00c9glise Orthodoxe d'Estonie","article_modified_time":"2015-03-02T10:48:23+00:00","twitter_misc":{"Dur\u00e9e de lecture estim\u00e9e":"3 minutes"},"schema":{"@context":"https:\/\/schema.org","@graph":[{"@type":"WebPage","@id":"https:\/\/www.eoc.ee\/fr\/eglise-orthodoxe-destonie\/base-de-donnees-du-clerge\/","url":"https:\/\/www.eoc.ee\/fr\/eglise-orthodoxe-destonie\/base-de-donnees-du-clerge\/","name":"Base de donn\u00e9es du clerg\u00e9 &#8211; \u00c9glise Orthodoxe d'Estonie","isPartOf":{"@id":"https:\/\/www.eoc.ee\/#website"},"datePublished":"2015-02-06T07:49:59+00:00","dateModified":"2015-03-02T10:48:23+00:00","breadcrumb":{"@id":"https:\/\/www.eoc.ee\/fr\/eglise-orthodoxe-destonie\/base-de-donnees-du-clerge\/#breadcrumb"},"inLanguage":"fr-FR","potentialAction":[{"@type":"ReadAction","target":["https:\/\/www.eoc.ee\/fr\/eglise-orthodoxe-destonie\/base-de-donnees-du-clerge\/"]}]},{"@type":"BreadcrumbList","@id":"https:\/\/www.eoc.ee\/fr\/eglise-orthodoxe-destonie\/base-de-donnees-du-clerge\/#breadcrumb","itemListElement":[{"@type":"ListItem","position":1,"name":"Home","item":"https:\/\/www.eoc.ee\/"},{"@type":"ListItem","position":2,"name":"\u00c9glise Orthodoxe d&rsquo;Estonie","item":"https:\/\/www.eoc.ee\/fr\/eglise-orthodoxe-destonie\/"},{"@type":"ListItem","position":3,"name":"Base de donn\u00e9es du clerg\u00e9"}]},{"@type":"WebSite","@id":"https:\/\/www.eoc.ee\/#website","url":"https:\/\/www.eoc.ee\/","name":"\u00c9glise Orthodoxe d'Estonie","description":"Eesti Apostlik-\u00d5igeusu Kirik","potentialAction":[{"@type":"SearchAction","target":{"@type":"EntryPoint","urlTemplate":"https:\/\/www.eoc.ee\/?s={search_term_string}"},"query-input":{"@type":"PropertyValueSpecification","valueRequired":true,"valueName":"search_term_string"}}],"inLanguage":"fr-FR"}]}},"_links":{"self":[{"href":"https:\/\/www.eoc.ee\/fr\/wp-json\/wp\/v2\/pages\/8362","targetHints":{"allow":["GET"]}}],"collection":[{"href":"https:\/\/www.eoc.ee\/fr\/wp-json\/wp\/v2\/pages"}],"about":[{"href":"https:\/\/www.eoc.ee\/fr\/wp-json\/wp\/v2\/types\/page"}],"author":[{"embeddable":true,"href":"https:\/\/www.eoc.ee\/fr\/wp-json\/wp\/v2\/users\/7"}],"replies":[{"embeddable":true,"href":"https:\/\/www.eoc.ee\/fr\/wp-json\/wp\/v2\/comments?post=8362"}],"version-history":[{"count":4,"href":"https:\/\/www.eoc.ee\/fr\/wp-json\/wp\/v2\/pages\/8362\/revisions"}],"predecessor-version":[{"id":9260,"href":"https:\/\/www.eoc.ee\/fr\/wp-json\/wp\/v2\/pages\/8362\/revisions\/9260"}],"up":[{"embeddable":true,"href":"https:\/\/www.eoc.ee\/fr\/wp-json\/wp\/v2\/pages\/8337"}],"wp:attachment":[{"href":"https:\/\/www.eoc.ee\/fr\/wp-json\/wp\/v2\/media?parent=8362"}],"curies":[{"name":"wp","href":"https:\/\/api.w.org\/{rel}","templated":true}]}}