{"id":32735,"date":"2020-04-30T16:52:59","date_gmt":"2020-04-30T13:52:59","guid":{"rendered":"http:\/\/www.eoc.ee\/?post_type=product&#038;p=32735"},"modified":"2021-01-28T13:04:58","modified_gmt":"2021-01-28T11:04:58","slug":"oigeusu-palveraamat","status":"publish","type":"product","link":"https:\/\/www.eoc.ee\/fr\/pood\/eestikeelne-kirjandus\/oigeusu-palveraamat\/","title":{"rendered":"\u00d5IGEUSU PALVERAAMAT"},"content":{"rendered":"<p><strong>Autorid:<\/strong> \u00fclempreester Mattias Palli, Kristi Sarapuu, Taimi Kopli<br \/>\n<strong>Ilmumise kuup\u00e4ev:<\/strong> 2007<br \/>\n<strong>Lehek\u00fclgi:<\/strong> 266<br \/>\n<strong>Formaat: <\/strong>k\u00f5vakaaneline<strong><br \/>\nKirjastus:<\/strong> Grief<br \/>\n<strong>ISBN:<\/strong> 998597033-0<\/p>\n<p>&nbsp;<\/p>\n","protected":false},"excerpt":{"rendered":"<p>Palve on kristlase vaimulikus elus kesksel kohal. Palve on t\u00e4nulikkuse ja meeleparanduse v\u00e4ljenduseks, appih\u00fc\u00fcdmiseks h\u00e4das ja j\u00e4tkuva vaimuliku vaevan\u00e4gemise saatjaks iga\u00fchele, kes tahab p\u00e4\u00e4seda ning elada Kristuse k\u00e4sus\u00f5nade j\u00e4rgi. Palvetamist \u00f5pime j\u00e4rjekindla harjutamise teel ja eeskujuks on meile p\u00fchade isade palvetekstid, kuna neid kasutades \u00f5pime \u00f5igeks palvetamiseks vajalikku usu, alandlikkuse ja armastuse vaimu.<\/p>\n","protected":false},"featured_media":32736,"template":"","meta":{"_exactmetrics_skip_tracking":false,"_exactmetrics_sitenote_active":false,"_exactmetrics_sitenote_note":"","_exactmetrics_sitenote_category":0,"_monsterinsights_skip_tracking":false,"_monsterinsights_sitenote_active":false,"_monsterinsights_sitenote_note":"","_monsterinsights_sitenote_category":0},"product_brand":[],"product_cat":[222],"product_tag":[219,339],"class_list":{"0":"post-32735","1":"product","2":"type-product","3":"status-publish","4":"has-post-thumbnail","6":"product_cat-eestikeelne-kirjandus","7":"product_tag-palveraamat","8":"product_tag-ulempreester-mattias-palli","10":"first","11":"instock","12":"shipping-taxable","13":"purchasable","14":"product-type-simple"},"yoast_head":"<!-- This site is optimized with the Yoast SEO plugin v27.5 - https:\/\/yoast.com\/product\/yoast-seo-wordpress\/ -->\n<title>\u00d5IGEUSU PALVERAAMAT &#8211; \u00c9glise Orthodoxe d&#039;Estonie<\/title>\n<meta name=\"robots\" content=\"index, follow, max-snippet:-1, max-image-preview:large, max-video-preview:-1\" \/>\n<link rel=\"canonical\" href=\"https:\/\/www.eoc.ee\/pood\/eestikeelne-kirjandus\/oigeusu-palveraamat\/\" \/>\n<meta property=\"og:locale\" content=\"fr_FR\" \/>\n<meta property=\"og:type\" content=\"article\" \/>\n<meta property=\"og:title\" content=\"\u00d5IGEUSU PALVERAAMAT &#8211; \u00c9glise Orthodoxe d&#039;Estonie\" \/>\n<meta property=\"og:description\" content=\"Palve on kristlase vaimulikus elus kesksel kohal. Palve on t\u00e4nulikkuse ja meeleparanduse v\u00e4ljenduseks, appih\u00fc\u00fcdmiseks h\u00e4das ja j\u00e4tkuva vaimuliku vaevan\u00e4gemise saatjaks iga\u00fchele, kes tahab p\u00e4\u00e4seda ning elada Kristuse k\u00e4sus\u00f5nade j\u00e4rgi. Palvetamist \u00f5pime j\u00e4rjekindla harjutamise teel ja eeskujuks on meile p\u00fchade isade palvetekstid, kuna neid kasutades \u00f5pime \u00f5igeks palvetamiseks vajalikku usu, alandlikkuse ja armastuse vaimu.\" \/>\n<meta property=\"og:url\" content=\"https:\/\/www.eoc.ee\/pood\/eestikeelne-kirjandus\/oigeusu-palveraamat\/\" \/>\n<meta property=\"og:site_name\" content=\"\u00c9glise Orthodoxe d&#039;Estonie\" \/>\n<meta property=\"article:modified_time\" content=\"2021-01-28T11:04:58+00:00\" \/>\n<meta property=\"og:image\" content=\"https:\/\/www.eoc.ee\/wp-content\/uploads\/2020\/04\/0001-compressor.jpg\" \/>\n\t<meta property=\"og:image:width\" content=\"525\" \/>\n\t<meta property=\"og:image:height\" content=\"800\" \/>\n\t<meta property=\"og:image:type\" content=\"image\/jpeg\" \/>\n<script type=\"application\/ld+json\" class=\"yoast-schema-graph\">{\"@context\":\"https:\\\/\\\/schema.org\",\"@graph\":[{\"@type\":\"WebPage\",\"@id\":\"https:\\\/\\\/www.eoc.ee\\\/pood\\\/eestikeelne-kirjandus\\\/oigeusu-palveraamat\\\/\",\"url\":\"https:\\\/\\\/www.eoc.ee\\\/pood\\\/eestikeelne-kirjandus\\\/oigeusu-palveraamat\\\/\",\"name\":\"\u00d5IGEUSU PALVERAAMAT &#8211; \u00c9glise Orthodoxe d'Estonie\",\"isPartOf\":{\"@id\":\"https:\\\/\\\/www.eoc.ee\\\/#website\"},\"primaryImageOfPage\":{\"@id\":\"https:\\\/\\\/www.eoc.ee\\\/pood\\\/eestikeelne-kirjandus\\\/oigeusu-palveraamat\\\/#primaryimage\"},\"image\":{\"@id\":\"https:\\\/\\\/www.eoc.ee\\\/pood\\\/eestikeelne-kirjandus\\\/oigeusu-palveraamat\\\/#primaryimage\"},\"thumbnailUrl\":\"https:\\\/\\\/www.eoc.ee\\\/wp-content\\\/uploads\\\/2020\\\/04\\\/0001-compressor.jpg\",\"datePublished\":\"2020-04-30T13:52:59+00:00\",\"dateModified\":\"2021-01-28T11:04:58+00:00\",\"breadcrumb\":{\"@id\":\"https:\\\/\\\/www.eoc.ee\\\/pood\\\/eestikeelne-kirjandus\\\/oigeusu-palveraamat\\\/#breadcrumb\"},\"inLanguage\":\"fr-FR\",\"potentialAction\":[{\"@type\":\"ReadAction\",\"target\":[\"https:\\\/\\\/www.eoc.ee\\\/pood\\\/eestikeelne-kirjandus\\\/oigeusu-palveraamat\\\/\"]}]},{\"@type\":\"ImageObject\",\"inLanguage\":\"fr-FR\",\"@id\":\"https:\\\/\\\/www.eoc.ee\\\/pood\\\/eestikeelne-kirjandus\\\/oigeusu-palveraamat\\\/#primaryimage\",\"url\":\"https:\\\/\\\/www.eoc.ee\\\/wp-content\\\/uploads\\\/2020\\\/04\\\/0001-compressor.jpg\",\"contentUrl\":\"https:\\\/\\\/www.eoc.ee\\\/wp-content\\\/uploads\\\/2020\\\/04\\\/0001-compressor.jpg\",\"width\":525,\"height\":800,\"caption\":\"\u00d5igeusu Palveraamat\"},{\"@type\":\"BreadcrumbList\",\"@id\":\"https:\\\/\\\/www.eoc.ee\\\/pood\\\/eestikeelne-kirjandus\\\/oigeusu-palveraamat\\\/#breadcrumb\",\"itemListElement\":[{\"@type\":\"ListItem\",\"position\":1,\"name\":\"Home\",\"item\":\"https:\\\/\\\/www.eoc.ee\\\/\"},{\"@type\":\"ListItem\",\"position\":2,\"name\":\"\u00d5IGEUSU PALVERAAMAT\"}]},{\"@type\":\"WebSite\",\"@id\":\"https:\\\/\\\/www.eoc.ee\\\/#website\",\"url\":\"https:\\\/\\\/www.eoc.ee\\\/\",\"name\":\"\u00c9glise Orthodoxe d'Estonie\",\"description\":\"Eesti Apostlik-\u00d5igeusu Kirik\",\"potentialAction\":[{\"@type\":\"SearchAction\",\"target\":{\"@type\":\"EntryPoint\",\"urlTemplate\":\"https:\\\/\\\/www.eoc.ee\\\/?s={search_term_string}\"},\"query-input\":{\"@type\":\"PropertyValueSpecification\",\"valueRequired\":true,\"valueName\":\"search_term_string\"}}],\"inLanguage\":\"fr-FR\"}]}<\/script>\n<!-- \/ Yoast SEO plugin. -->","yoast_head_json":{"title":"\u00d5IGEUSU PALVERAAMAT &#8211; \u00c9glise Orthodoxe d'Estonie","robots":{"index":"index","follow":"follow","max-snippet":"max-snippet:-1","max-image-preview":"max-image-preview:large","max-video-preview":"max-video-preview:-1"},"canonical":"https:\/\/www.eoc.ee\/pood\/eestikeelne-kirjandus\/oigeusu-palveraamat\/","og_locale":"fr_FR","og_type":"article","og_title":"\u00d5IGEUSU PALVERAAMAT &#8211; \u00c9glise Orthodoxe d'Estonie","og_description":"Palve on kristlase vaimulikus elus kesksel kohal. Palve on t\u00e4nulikkuse ja meeleparanduse v\u00e4ljenduseks, appih\u00fc\u00fcdmiseks h\u00e4das ja j\u00e4tkuva vaimuliku vaevan\u00e4gemise saatjaks iga\u00fchele, kes tahab p\u00e4\u00e4seda ning elada Kristuse k\u00e4sus\u00f5nade j\u00e4rgi. Palvetamist \u00f5pime j\u00e4rjekindla harjutamise teel ja eeskujuks on meile p\u00fchade isade palvetekstid, kuna neid kasutades \u00f5pime \u00f5igeks palvetamiseks vajalikku usu, alandlikkuse ja armastuse vaimu.","og_url":"https:\/\/www.eoc.ee\/pood\/eestikeelne-kirjandus\/oigeusu-palveraamat\/","og_site_name":"\u00c9glise Orthodoxe d'Estonie","article_modified_time":"2021-01-28T11:04:58+00:00","og_image":[{"width":525,"height":800,"url":"https:\/\/www.eoc.ee\/wp-content\/uploads\/2020\/04\/0001-compressor.jpg","type":"image\/jpeg"}],"schema":{"@context":"https:\/\/schema.org","@graph":[{"@type":"WebPage","@id":"https:\/\/www.eoc.ee\/pood\/eestikeelne-kirjandus\/oigeusu-palveraamat\/","url":"https:\/\/www.eoc.ee\/pood\/eestikeelne-kirjandus\/oigeusu-palveraamat\/","name":"\u00d5IGEUSU PALVERAAMAT &#8211; \u00c9glise Orthodoxe d'Estonie","isPartOf":{"@id":"https:\/\/www.eoc.ee\/#website"},"primaryImageOfPage":{"@id":"https:\/\/www.eoc.ee\/pood\/eestikeelne-kirjandus\/oigeusu-palveraamat\/#primaryimage"},"image":{"@id":"https:\/\/www.eoc.ee\/pood\/eestikeelne-kirjandus\/oigeusu-palveraamat\/#primaryimage"},"thumbnailUrl":"https:\/\/www.eoc.ee\/wp-content\/uploads\/2020\/04\/0001-compressor.jpg","datePublished":"2020-04-30T13:52:59+00:00","dateModified":"2021-01-28T11:04:58+00:00","breadcrumb":{"@id":"https:\/\/www.eoc.ee\/pood\/eestikeelne-kirjandus\/oigeusu-palveraamat\/#breadcrumb"},"inLanguage":"fr-FR","potentialAction":[{"@type":"ReadAction","target":["https:\/\/www.eoc.ee\/pood\/eestikeelne-kirjandus\/oigeusu-palveraamat\/"]}]},{"@type":"ImageObject","inLanguage":"fr-FR","@id":"https:\/\/www.eoc.ee\/pood\/eestikeelne-kirjandus\/oigeusu-palveraamat\/#primaryimage","url":"https:\/\/www.eoc.ee\/wp-content\/uploads\/2020\/04\/0001-compressor.jpg","contentUrl":"https:\/\/www.eoc.ee\/wp-content\/uploads\/2020\/04\/0001-compressor.jpg","width":525,"height":800,"caption":"\u00d5igeusu Palveraamat"},{"@type":"BreadcrumbList","@id":"https:\/\/www.eoc.ee\/pood\/eestikeelne-kirjandus\/oigeusu-palveraamat\/#breadcrumb","itemListElement":[{"@type":"ListItem","position":1,"name":"Home","item":"https:\/\/www.eoc.ee\/"},{"@type":"ListItem","position":2,"name":"\u00d5IGEUSU PALVERAAMAT"}]},{"@type":"WebSite","@id":"https:\/\/www.eoc.ee\/#website","url":"https:\/\/www.eoc.ee\/","name":"\u00c9glise Orthodoxe d'Estonie","description":"Eesti Apostlik-\u00d5igeusu Kirik","potentialAction":[{"@type":"SearchAction","target":{"@type":"EntryPoint","urlTemplate":"https:\/\/www.eoc.ee\/?s={search_term_string}"},"query-input":{"@type":"PropertyValueSpecification","valueRequired":true,"valueName":"search_term_string"}}],"inLanguage":"fr-FR"}]}},"_links":{"self":[{"href":"https:\/\/www.eoc.ee\/fr\/wp-json\/wp\/v2\/product\/32735","targetHints":{"allow":["GET"]}}],"collection":[{"href":"https:\/\/www.eoc.ee\/fr\/wp-json\/wp\/v2\/product"}],"about":[{"href":"https:\/\/www.eoc.ee\/fr\/wp-json\/wp\/v2\/types\/product"}],"wp:featuredmedia":[{"embeddable":true,"href":"https:\/\/www.eoc.ee\/fr\/wp-json\/wp\/v2\/media\/32736"}],"wp:attachment":[{"href":"https:\/\/www.eoc.ee\/fr\/wp-json\/wp\/v2\/media?parent=32735"}],"wp:term":[{"taxonomy":"product_brand","embeddable":true,"href":"https:\/\/www.eoc.ee\/fr\/wp-json\/wp\/v2\/product_brand?post=32735"},{"taxonomy":"product_cat","embeddable":true,"href":"https:\/\/www.eoc.ee\/fr\/wp-json\/wp\/v2\/product_cat?post=32735"},{"taxonomy":"product_tag","embeddable":true,"href":"https:\/\/www.eoc.ee\/fr\/wp-json\/wp\/v2\/product_tag?post=32735"}],"curies":[{"name":"wp","href":"https:\/\/api.w.org\/{rel}","templated":true}]}}