{"id":32755,"date":"2020-04-29T01:42:10","date_gmt":"2020-04-28T22:42:10","guid":{"rendered":"http:\/\/www.eoc.ee\/?post_type=product&#038;p=32755"},"modified":"2022-05-31T15:25:02","modified_gmt":"2022-05-31T12:25:02","slug":"ajalugu-ja-teoloogia-4","status":"publish","type":"product","link":"https:\/\/www.eoc.ee\/fr\/pood\/eestikeelne-kirjandus\/ajalugu-ja-teoloogia-4\/","title":{"rendered":"AJALUGU JA TEOLOOGIA 4: \u00ab\u00a0KUI SA AINULT TEAKSID JUMALA KINKI&#8230;\u00a0\u00bb Valitud jutlusi"},"content":{"rendered":"<p><strong>Alapealkiri: \u00ab\u00a0<\/strong>KUI SA AINULT TEAKSID JUMALA KINKI&#8230;\u00a0\u00bb Valitud jutlusi<strong><br \/>\nAutor:<\/strong> Stefanus Tallinna ja kogu Eesti metropoliit<br \/>\n<strong>Ilmumise kuup\u00e4ev:<\/strong> 2015<br \/>\n<strong>Lehek\u00fclgi:<\/strong> 175<br \/>\n<strong>Formaat: k<\/strong>\u00f5vakaaneline<strong><br \/>\nKirjastus:<\/strong> Grief<br \/>\n<strong>ISBN: <\/strong>978-9949-9740-0-9<\/p>\n<p>&nbsp;<\/p>\n","protected":false},"excerpt":{"rendered":"<p>Et need kaunid, teoloogiliselt s\u00fcgavad ja tihti tundelised metropoliit Stefanuse vaimulikud k\u00f5ned ei l\u00e4heks kaduma, on avaldatud see jutlusteraamat. Katkend jutlusest 2011 V\u00e4rskas J\u00fcrip\u00e4eval \u00a0\u00bb Aga \u00fclest\u00f5usmisp\u00fchad on k\u00e4es! \u00dclest\u00f5usmisp\u00fchad on v\u00e4ljakutse uuele elule, et tulla v\u00f5itjaks k\u00f5ige n\u00f5udlikumas v\u00f5itluses \u00fcldse &#8211; v\u00f5itluses iseendaga. Sest k\u00f5ige hullem inimeses on tema \u00ab\u00a0mina ise\u00a0\u00bb. Raske asi see \u00ab\u00a0mina ise\u00a0\u00bb, mu armsad vennad ja \u00f5ed! Ometigi just sinna meie s\u00fcgavamasse sisemusse tungib \u00fclest\u00f5usmisp\u00fchade \u00f6\u00f6sel sisse surma \u00e4ra v\u00f5itnud Kristus, et muuta meie s\u00fcda puhtaks ja alandlikuks, kannatlikuks ja kiretuks, armastavaks ja omakasup\u00fc\u00fcdmatuks. &#8230;mitte kunagi ei ole inimesed Jumala vastu \u00fcles n\u00e4idanud suuremat vihkamist kui siis, kui nad Ta risti l\u00f5id, ja mitte kunagi ei ole Jumal inimeste vastu \u00fcles n\u00e4idanud suuremat armastust kui surnuist \u00fcles t\u00f5ustes.\u00a0\u00bb<\/p>\n","protected":false},"featured_media":32756,"template":"","meta":{"_exactmetrics_skip_tracking":false,"_exactmetrics_sitenote_active":false,"_exactmetrics_sitenote_note":"","_exactmetrics_sitenote_category":0,"_monsterinsights_skip_tracking":false,"_monsterinsights_sitenote_active":false,"_monsterinsights_sitenote_note":"","_monsterinsights_sitenote_category":0},"product_brand":[],"product_cat":[222],"product_tag":[261],"class_list":{"0":"post-32755","1":"product","2":"type-product","3":"status-publish","4":"has-post-thumbnail","6":"product_cat-eestikeelne-kirjandus","7":"product_tag-metropoliit-stefanus","9":"first","10":"instock","11":"shipping-taxable","12":"purchasable","13":"product-type-simple"},"yoast_head":"<!-- This site is optimized with the Yoast SEO plugin v27.5 - https:\/\/yoast.com\/product\/yoast-seo-wordpress\/ -->\n<title>AJALUGU JA TEOLOOGIA 4: &quot;KUI SA AINULT TEAKSID JUMALA KINKI...&quot; Valitud jutlusi &#8211; \u00c9glise Orthodoxe d&#039;Estonie<\/title>\n<meta name=\"robots\" content=\"index, follow, max-snippet:-1, max-image-preview:large, max-video-preview:-1\" \/>\n<link rel=\"canonical\" href=\"https:\/\/www.eoc.ee\/pood\/eestikeelne-kirjandus\/ajalugu-ja-teoloogia-4\/\" \/>\n<meta property=\"og:locale\" content=\"fr_FR\" \/>\n<meta property=\"og:type\" content=\"article\" \/>\n<meta property=\"og:title\" content=\"AJALUGU JA TEOLOOGIA 4: &quot;KUI SA AINULT TEAKSID JUMALA KINKI...&quot; Valitud jutlusi &#8211; \u00c9glise Orthodoxe d&#039;Estonie\" \/>\n<meta property=\"og:description\" content=\"Et need kaunid, teoloogiliselt s\u00fcgavad ja tihti tundelised metropoliit Stefanuse vaimulikud k\u00f5ned ei l\u00e4heks kaduma, on avaldatud see jutlusteraamat. Katkend jutlusest 2011 V\u00e4rskas J\u00fcrip\u00e4eval &quot; Aga \u00fclest\u00f5usmisp\u00fchad on k\u00e4es! \u00dclest\u00f5usmisp\u00fchad on v\u00e4ljakutse uuele elule, et tulla v\u00f5itjaks k\u00f5ige n\u00f5udlikumas v\u00f5itluses \u00fcldse - v\u00f5itluses iseendaga. Sest k\u00f5ige hullem inimeses on tema &quot;mina ise&quot;. Raske asi see &quot;mina ise&quot;, mu armsad vennad ja \u00f5ed! Ometigi just sinna meie s\u00fcgavamasse sisemusse tungib \u00fclest\u00f5usmisp\u00fchade \u00f6\u00f6sel sisse surma \u00e4ra v\u00f5itnud Kristus, et muuta meie s\u00fcda puhtaks ja alandlikuks, kannatlikuks ja kiretuks, armastavaks ja omakasup\u00fc\u00fcdmatuks. ...mitte kunagi ei ole inimesed Jumala vastu \u00fcles n\u00e4idanud suuremat vihkamist kui siis, kui nad Ta risti l\u00f5id, ja mitte kunagi ei ole Jumal inimeste vastu \u00fcles n\u00e4idanud suuremat armastust kui surnuist \u00fcles t\u00f5ustes.&quot;\" \/>\n<meta property=\"og:url\" content=\"https:\/\/www.eoc.ee\/pood\/eestikeelne-kirjandus\/ajalugu-ja-teoloogia-4\/\" \/>\n<meta property=\"og:site_name\" content=\"\u00c9glise Orthodoxe d&#039;Estonie\" \/>\n<meta property=\"article:modified_time\" content=\"2022-05-31T12:25:02+00:00\" \/>\n<meta property=\"og:image\" content=\"http:\/\/www.eoc.ee\/wp-content\/uploads\/2020\/04\/0004-compressor.jpg\" \/>\n\t<meta property=\"og:image:width\" content=\"501\" \/>\n\t<meta property=\"og:image:height\" content=\"800\" \/>\n\t<meta property=\"og:image:type\" content=\"image\/jpeg\" \/>\n<script type=\"application\/ld+json\" class=\"yoast-schema-graph\">{\"@context\":\"https:\\\/\\\/schema.org\",\"@graph\":[{\"@type\":\"WebPage\",\"@id\":\"https:\\\/\\\/www.eoc.ee\\\/pood\\\/eestikeelne-kirjandus\\\/ajalugu-ja-teoloogia-4\\\/\",\"url\":\"https:\\\/\\\/www.eoc.ee\\\/pood\\\/eestikeelne-kirjandus\\\/ajalugu-ja-teoloogia-4\\\/\",\"name\":\"AJALUGU JA TEOLOOGIA 4: \\\"KUI SA AINULT TEAKSID JUMALA KINKI...\\\" Valitud jutlusi &#8211; \u00c9glise Orthodoxe d'Estonie\",\"isPartOf\":{\"@id\":\"https:\\\/\\\/www.eoc.ee\\\/#website\"},\"primaryImageOfPage\":{\"@id\":\"https:\\\/\\\/www.eoc.ee\\\/pood\\\/eestikeelne-kirjandus\\\/ajalugu-ja-teoloogia-4\\\/#primaryimage\"},\"image\":{\"@id\":\"https:\\\/\\\/www.eoc.ee\\\/pood\\\/eestikeelne-kirjandus\\\/ajalugu-ja-teoloogia-4\\\/#primaryimage\"},\"thumbnailUrl\":\"https:\\\/\\\/www.eoc.ee\\\/wp-content\\\/uploads\\\/2020\\\/04\\\/0004-compressor.jpg\",\"datePublished\":\"2020-04-28T22:42:10+00:00\",\"dateModified\":\"2022-05-31T12:25:02+00:00\",\"breadcrumb\":{\"@id\":\"https:\\\/\\\/www.eoc.ee\\\/pood\\\/eestikeelne-kirjandus\\\/ajalugu-ja-teoloogia-4\\\/#breadcrumb\"},\"inLanguage\":\"fr-FR\",\"potentialAction\":[{\"@type\":\"ReadAction\",\"target\":[\"https:\\\/\\\/www.eoc.ee\\\/pood\\\/eestikeelne-kirjandus\\\/ajalugu-ja-teoloogia-4\\\/\"]}]},{\"@type\":\"ImageObject\",\"inLanguage\":\"fr-FR\",\"@id\":\"https:\\\/\\\/www.eoc.ee\\\/pood\\\/eestikeelne-kirjandus\\\/ajalugu-ja-teoloogia-4\\\/#primaryimage\",\"url\":\"https:\\\/\\\/www.eoc.ee\\\/wp-content\\\/uploads\\\/2020\\\/04\\\/0004-compressor.jpg\",\"contentUrl\":\"https:\\\/\\\/www.eoc.ee\\\/wp-content\\\/uploads\\\/2020\\\/04\\\/0004-compressor.jpg\",\"width\":501,\"height\":800,\"caption\":\"Ajalugu ja Teoloogia 4\"},{\"@type\":\"BreadcrumbList\",\"@id\":\"https:\\\/\\\/www.eoc.ee\\\/pood\\\/eestikeelne-kirjandus\\\/ajalugu-ja-teoloogia-4\\\/#breadcrumb\",\"itemListElement\":[{\"@type\":\"ListItem\",\"position\":1,\"name\":\"Home\",\"item\":\"https:\\\/\\\/www.eoc.ee\\\/\"},{\"@type\":\"ListItem\",\"position\":2,\"name\":\"AJALUGU JA TEOLOOGIA 4: &#8220;KUI SA AINULT TEAKSID JUMALA KINKI&#8230;&#8221; Valitud jutlusi\"}]},{\"@type\":\"WebSite\",\"@id\":\"https:\\\/\\\/www.eoc.ee\\\/#website\",\"url\":\"https:\\\/\\\/www.eoc.ee\\\/\",\"name\":\"\u00c9glise Orthodoxe d'Estonie\",\"description\":\"Eesti Apostlik-\u00d5igeusu Kirik\",\"potentialAction\":[{\"@type\":\"SearchAction\",\"target\":{\"@type\":\"EntryPoint\",\"urlTemplate\":\"https:\\\/\\\/www.eoc.ee\\\/?s={search_term_string}\"},\"query-input\":{\"@type\":\"PropertyValueSpecification\",\"valueRequired\":true,\"valueName\":\"search_term_string\"}}],\"inLanguage\":\"fr-FR\"}]}<\/script>\n<!-- \/ Yoast SEO plugin. -->","yoast_head_json":{"title":"AJALUGU JA TEOLOOGIA 4: \"KUI SA AINULT TEAKSID JUMALA KINKI...\" Valitud jutlusi &#8211; \u00c9glise Orthodoxe d'Estonie","robots":{"index":"index","follow":"follow","max-snippet":"max-snippet:-1","max-image-preview":"max-image-preview:large","max-video-preview":"max-video-preview:-1"},"canonical":"https:\/\/www.eoc.ee\/pood\/eestikeelne-kirjandus\/ajalugu-ja-teoloogia-4\/","og_locale":"fr_FR","og_type":"article","og_title":"AJALUGU JA TEOLOOGIA 4: \"KUI SA AINULT TEAKSID JUMALA KINKI...\" Valitud jutlusi &#8211; \u00c9glise Orthodoxe d'Estonie","og_description":"Et need kaunid, teoloogiliselt s\u00fcgavad ja tihti tundelised metropoliit Stefanuse vaimulikud k\u00f5ned ei l\u00e4heks kaduma, on avaldatud see jutlusteraamat. Katkend jutlusest 2011 V\u00e4rskas J\u00fcrip\u00e4eval \" Aga \u00fclest\u00f5usmisp\u00fchad on k\u00e4es! \u00dclest\u00f5usmisp\u00fchad on v\u00e4ljakutse uuele elule, et tulla v\u00f5itjaks k\u00f5ige n\u00f5udlikumas v\u00f5itluses \u00fcldse - v\u00f5itluses iseendaga. Sest k\u00f5ige hullem inimeses on tema \"mina ise\". Raske asi see \"mina ise\", mu armsad vennad ja \u00f5ed! Ometigi just sinna meie s\u00fcgavamasse sisemusse tungib \u00fclest\u00f5usmisp\u00fchade \u00f6\u00f6sel sisse surma \u00e4ra v\u00f5itnud Kristus, et muuta meie s\u00fcda puhtaks ja alandlikuks, kannatlikuks ja kiretuks, armastavaks ja omakasup\u00fc\u00fcdmatuks. ...mitte kunagi ei ole inimesed Jumala vastu \u00fcles n\u00e4idanud suuremat vihkamist kui siis, kui nad Ta risti l\u00f5id, ja mitte kunagi ei ole Jumal inimeste vastu \u00fcles n\u00e4idanud suuremat armastust kui surnuist \u00fcles t\u00f5ustes.\"","og_url":"https:\/\/www.eoc.ee\/pood\/eestikeelne-kirjandus\/ajalugu-ja-teoloogia-4\/","og_site_name":"\u00c9glise Orthodoxe d'Estonie","article_modified_time":"2022-05-31T12:25:02+00:00","og_image":[{"width":501,"height":800,"url":"http:\/\/www.eoc.ee\/wp-content\/uploads\/2020\/04\/0004-compressor.jpg","type":"image\/jpeg"}],"schema":{"@context":"https:\/\/schema.org","@graph":[{"@type":"WebPage","@id":"https:\/\/www.eoc.ee\/pood\/eestikeelne-kirjandus\/ajalugu-ja-teoloogia-4\/","url":"https:\/\/www.eoc.ee\/pood\/eestikeelne-kirjandus\/ajalugu-ja-teoloogia-4\/","name":"AJALUGU JA TEOLOOGIA 4: \"KUI SA AINULT TEAKSID JUMALA KINKI...\" Valitud jutlusi &#8211; \u00c9glise Orthodoxe d'Estonie","isPartOf":{"@id":"https:\/\/www.eoc.ee\/#website"},"primaryImageOfPage":{"@id":"https:\/\/www.eoc.ee\/pood\/eestikeelne-kirjandus\/ajalugu-ja-teoloogia-4\/#primaryimage"},"image":{"@id":"https:\/\/www.eoc.ee\/pood\/eestikeelne-kirjandus\/ajalugu-ja-teoloogia-4\/#primaryimage"},"thumbnailUrl":"https:\/\/www.eoc.ee\/wp-content\/uploads\/2020\/04\/0004-compressor.jpg","datePublished":"2020-04-28T22:42:10+00:00","dateModified":"2022-05-31T12:25:02+00:00","breadcrumb":{"@id":"https:\/\/www.eoc.ee\/pood\/eestikeelne-kirjandus\/ajalugu-ja-teoloogia-4\/#breadcrumb"},"inLanguage":"fr-FR","potentialAction":[{"@type":"ReadAction","target":["https:\/\/www.eoc.ee\/pood\/eestikeelne-kirjandus\/ajalugu-ja-teoloogia-4\/"]}]},{"@type":"ImageObject","inLanguage":"fr-FR","@id":"https:\/\/www.eoc.ee\/pood\/eestikeelne-kirjandus\/ajalugu-ja-teoloogia-4\/#primaryimage","url":"https:\/\/www.eoc.ee\/wp-content\/uploads\/2020\/04\/0004-compressor.jpg","contentUrl":"https:\/\/www.eoc.ee\/wp-content\/uploads\/2020\/04\/0004-compressor.jpg","width":501,"height":800,"caption":"Ajalugu ja Teoloogia 4"},{"@type":"BreadcrumbList","@id":"https:\/\/www.eoc.ee\/pood\/eestikeelne-kirjandus\/ajalugu-ja-teoloogia-4\/#breadcrumb","itemListElement":[{"@type":"ListItem","position":1,"name":"Home","item":"https:\/\/www.eoc.ee\/"},{"@type":"ListItem","position":2,"name":"AJALUGU JA TEOLOOGIA 4: &#8220;KUI SA AINULT TEAKSID JUMALA KINKI&#8230;&#8221; Valitud jutlusi"}]},{"@type":"WebSite","@id":"https:\/\/www.eoc.ee\/#website","url":"https:\/\/www.eoc.ee\/","name":"\u00c9glise Orthodoxe d'Estonie","description":"Eesti Apostlik-\u00d5igeusu Kirik","potentialAction":[{"@type":"SearchAction","target":{"@type":"EntryPoint","urlTemplate":"https:\/\/www.eoc.ee\/?s={search_term_string}"},"query-input":{"@type":"PropertyValueSpecification","valueRequired":true,"valueName":"search_term_string"}}],"inLanguage":"fr-FR"}]}},"_links":{"self":[{"href":"https:\/\/www.eoc.ee\/fr\/wp-json\/wp\/v2\/product\/32755","targetHints":{"allow":["GET"]}}],"collection":[{"href":"https:\/\/www.eoc.ee\/fr\/wp-json\/wp\/v2\/product"}],"about":[{"href":"https:\/\/www.eoc.ee\/fr\/wp-json\/wp\/v2\/types\/product"}],"wp:featuredmedia":[{"embeddable":true,"href":"https:\/\/www.eoc.ee\/fr\/wp-json\/wp\/v2\/media\/32756"}],"wp:attachment":[{"href":"https:\/\/www.eoc.ee\/fr\/wp-json\/wp\/v2\/media?parent=32755"}],"wp:term":[{"taxonomy":"product_brand","embeddable":true,"href":"https:\/\/www.eoc.ee\/fr\/wp-json\/wp\/v2\/product_brand?post=32755"},{"taxonomy":"product_cat","embeddable":true,"href":"https:\/\/www.eoc.ee\/fr\/wp-json\/wp\/v2\/product_cat?post=32755"},{"taxonomy":"product_tag","embeddable":true,"href":"https:\/\/www.eoc.ee\/fr\/wp-json\/wp\/v2\/product_tag?post=32755"}],"curies":[{"name":"wp","href":"https:\/\/api.w.org\/{rel}","templated":true}]}}