{"id":32761,"date":"2020-04-30T12:55:21","date_gmt":"2020-04-30T09:55:21","guid":{"rendered":"http:\/\/www.eoc.ee\/?post_type=product&#038;p=32761"},"modified":"2023-01-14T17:45:32","modified_gmt":"2023-01-14T15:45:32","slug":"puha-johannes-kuldsuu-jutlused-meeleparandusest","status":"publish","type":"product","link":"https:\/\/www.eoc.ee\/fr\/pood\/eestikeelne-kirjandus\/puha-johannes-kuldsuu-jutlused-meeleparandusest\/","title":{"rendered":"P\u00fcha Johannes Kuldsuu JUTLUSED MEELEPARANDUSEST"},"content":{"rendered":"<p><strong>Autor:<\/strong> Johannes Chrysostomos, Konstantinoopoli patriarh, u 347- 407<br \/>\n<strong>Toimetaja:<\/strong> Leena Helena T\u00f6lpt<br \/>\n<strong>Ilmumise kuup\u00e4ev:<\/strong> 2019<br \/>\n<strong>Lehek\u00fclgi:<\/strong> 157<br \/>\n<strong>Formaat: <\/strong>Pehmekaaneline<strong><br \/>\nKirjastus:<\/strong> Auratr\u00fckk<br \/>\n<strong>ISBN:<\/strong>978-9949-604-93-7<\/p>\n<p>&nbsp;<\/p>\n","protected":false},"excerpt":{"rendered":"<p>Kui inimene meid meie kurbuses lohutab ja meile tundubki hetkeks, et oleme tr\u00f6\u00f6sti leidnud, siis langeme j\u00e4lle ahastusse tagasi. Kui aga Jumal meid julgustab n\u00e4idete kaudu teistest, kes on pattu teinud ja meelt parandanud ningp\u00e4\u00e4senud, teeb Ta meile n\u00e4htavaks oma headuse, et me ei kahtleks oma p\u00e4\u00e4semises, vaid saaksime usutavat ja kindlat lohutust. Seep\u00e4rast kutsun teid \u00fcles: j\u00e4tkem k\u00f5ik ja h\u00e4\u00e4lestagem iga\u00fcks oma hing p\u00e4\u00e4semisele. Sest kui hing on heas seisukorras, siis tabagu meid mistahes h\u00e4da &#8211; n\u00e4lg, haigus, peaekaebamine, vara kaotus v\u00f5i mis iganes &#8211; on see talutav ja kerge t\u00e4nu Issanda k\u00e4sule ja lootusele Tema peale. Kui inimese hing aga pole \u00f5iges suhtes Jumalaga, siis voolaku talle raha, olgu ta \u00fcmbritsetud lastest, nautigu ta oma rikkust, ometi tabavad teda meeleheide ja mured. \u00c4rgem siis otsigem rikkust, \u00e4rgem p\u00f5genegem vaesuse eest, vaid hoolitsegem ennek\u00f5ike oma hinge eest, et see oleks valmis nii selle elu asju korraldama kui ka siit teise lahkuma. P\u00fcha Johannes Kuldsuu jutlusest \u00ab\u00a0Meeleparandus ja palve.\u00a0\u00bb<\/p>\n","protected":false},"featured_media":32762,"template":"","meta":{"_exactmetrics_skip_tracking":false,"_exactmetrics_sitenote_active":false,"_exactmetrics_sitenote_note":"","_exactmetrics_sitenote_category":0,"_monsterinsights_skip_tracking":false,"_monsterinsights_sitenote_active":false,"_monsterinsights_sitenote_note":"","_monsterinsights_sitenote_category":0},"product_brand":[],"product_cat":[222],"product_tag":[],"class_list":{"0":"post-32761","1":"product","2":"type-product","3":"status-publish","4":"has-post-thumbnail","6":"product_cat-eestikeelne-kirjandus","8":"first","9":"instock","10":"shipping-taxable","11":"purchasable","12":"product-type-simple"},"yoast_head":"<!-- This site is optimized with the Yoast SEO plugin v27.5 - https:\/\/yoast.com\/product\/yoast-seo-wordpress\/ -->\n<title>P\u00fcha Johannes Kuldsuu JUTLUSED MEELEPARANDUSEST &#8211; \u00c9glise Orthodoxe d&#039;Estonie<\/title>\n<meta name=\"robots\" content=\"index, follow, max-snippet:-1, max-image-preview:large, max-video-preview:-1\" \/>\n<link rel=\"canonical\" href=\"https:\/\/www.eoc.ee\/pood\/eestikeelne-kirjandus\/puha-johannes-kuldsuu-jutlused-meeleparandusest\/\" \/>\n<meta property=\"og:locale\" content=\"fr_FR\" \/>\n<meta property=\"og:type\" content=\"article\" \/>\n<meta property=\"og:title\" content=\"P\u00fcha Johannes Kuldsuu JUTLUSED MEELEPARANDUSEST &#8211; \u00c9glise Orthodoxe d&#039;Estonie\" \/>\n<meta property=\"og:description\" content=\"Kui inimene meid meie kurbuses lohutab ja meile tundubki hetkeks, et oleme tr\u00f6\u00f6sti leidnud, siis langeme j\u00e4lle ahastusse tagasi. Kui aga Jumal meid julgustab n\u00e4idete kaudu teistest, kes on pattu teinud ja meelt parandanud ningp\u00e4\u00e4senud, teeb Ta meile n\u00e4htavaks oma headuse, et me ei kahtleks oma p\u00e4\u00e4semises, vaid saaksime usutavat ja kindlat lohutust. Seep\u00e4rast kutsun teid \u00fcles: j\u00e4tkem k\u00f5ik ja h\u00e4\u00e4lestagem iga\u00fcks oma hing p\u00e4\u00e4semisele. Sest kui hing on heas seisukorras, siis tabagu meid mistahes h\u00e4da - n\u00e4lg, haigus, peaekaebamine, vara kaotus v\u00f5i mis iganes - on see talutav ja kerge t\u00e4nu Issanda k\u00e4sule ja lootusele Tema peale. Kui inimese hing aga pole \u00f5iges suhtes Jumalaga, siis voolaku talle raha, olgu ta \u00fcmbritsetud lastest, nautigu ta oma rikkust, ometi tabavad teda meeleheide ja mured. \u00c4rgem siis otsigem rikkust, \u00e4rgem p\u00f5genegem vaesuse eest, vaid hoolitsegem ennek\u00f5ike oma hinge eest, et see oleks valmis nii selle elu asju korraldama kui ka siit teise lahkuma. P\u00fcha Johannes Kuldsuu jutlusest &quot;Meeleparandus ja palve.&quot;\" \/>\n<meta property=\"og:url\" content=\"https:\/\/www.eoc.ee\/pood\/eestikeelne-kirjandus\/puha-johannes-kuldsuu-jutlused-meeleparandusest\/\" \/>\n<meta property=\"og:site_name\" content=\"\u00c9glise Orthodoxe d&#039;Estonie\" \/>\n<meta property=\"article:modified_time\" content=\"2023-01-14T15:45:32+00:00\" \/>\n<meta property=\"og:image\" content=\"http:\/\/www.eoc.ee\/wp-content\/uploads\/2020\/04\/0005-compressor.jpg\" \/>\n\t<meta property=\"og:image:width\" content=\"590\" \/>\n\t<meta property=\"og:image:height\" content=\"800\" \/>\n\t<meta property=\"og:image:type\" content=\"image\/jpeg\" \/>\n<script type=\"application\/ld+json\" class=\"yoast-schema-graph\">{\"@context\":\"https:\\\/\\\/schema.org\",\"@graph\":[{\"@type\":\"WebPage\",\"@id\":\"https:\\\/\\\/www.eoc.ee\\\/pood\\\/eestikeelne-kirjandus\\\/puha-johannes-kuldsuu-jutlused-meeleparandusest\\\/\",\"url\":\"https:\\\/\\\/www.eoc.ee\\\/pood\\\/eestikeelne-kirjandus\\\/puha-johannes-kuldsuu-jutlused-meeleparandusest\\\/\",\"name\":\"P\u00fcha Johannes Kuldsuu JUTLUSED MEELEPARANDUSEST &#8211; \u00c9glise Orthodoxe d'Estonie\",\"isPartOf\":{\"@id\":\"https:\\\/\\\/www.eoc.ee\\\/#website\"},\"primaryImageOfPage\":{\"@id\":\"https:\\\/\\\/www.eoc.ee\\\/pood\\\/eestikeelne-kirjandus\\\/puha-johannes-kuldsuu-jutlused-meeleparandusest\\\/#primaryimage\"},\"image\":{\"@id\":\"https:\\\/\\\/www.eoc.ee\\\/pood\\\/eestikeelne-kirjandus\\\/puha-johannes-kuldsuu-jutlused-meeleparandusest\\\/#primaryimage\"},\"thumbnailUrl\":\"https:\\\/\\\/www.eoc.ee\\\/wp-content\\\/uploads\\\/2020\\\/04\\\/0005-compressor.jpg\",\"datePublished\":\"2020-04-30T09:55:21+00:00\",\"dateModified\":\"2023-01-14T15:45:32+00:00\",\"breadcrumb\":{\"@id\":\"https:\\\/\\\/www.eoc.ee\\\/pood\\\/eestikeelne-kirjandus\\\/puha-johannes-kuldsuu-jutlused-meeleparandusest\\\/#breadcrumb\"},\"inLanguage\":\"fr-FR\",\"potentialAction\":[{\"@type\":\"ReadAction\",\"target\":[\"https:\\\/\\\/www.eoc.ee\\\/pood\\\/eestikeelne-kirjandus\\\/puha-johannes-kuldsuu-jutlused-meeleparandusest\\\/\"]}]},{\"@type\":\"ImageObject\",\"inLanguage\":\"fr-FR\",\"@id\":\"https:\\\/\\\/www.eoc.ee\\\/pood\\\/eestikeelne-kirjandus\\\/puha-johannes-kuldsuu-jutlused-meeleparandusest\\\/#primaryimage\",\"url\":\"https:\\\/\\\/www.eoc.ee\\\/wp-content\\\/uploads\\\/2020\\\/04\\\/0005-compressor.jpg\",\"contentUrl\":\"https:\\\/\\\/www.eoc.ee\\\/wp-content\\\/uploads\\\/2020\\\/04\\\/0005-compressor.jpg\",\"width\":590,\"height\":800,\"caption\":\"Puha Johannes Kuldsuu Jutlused Meeleparandusest\"},{\"@type\":\"BreadcrumbList\",\"@id\":\"https:\\\/\\\/www.eoc.ee\\\/pood\\\/eestikeelne-kirjandus\\\/puha-johannes-kuldsuu-jutlused-meeleparandusest\\\/#breadcrumb\",\"itemListElement\":[{\"@type\":\"ListItem\",\"position\":1,\"name\":\"Home\",\"item\":\"https:\\\/\\\/www.eoc.ee\\\/\"},{\"@type\":\"ListItem\",\"position\":2,\"name\":\"P\u00fcha Johannes Kuldsuu JUTLUSED MEELEPARANDUSEST\"}]},{\"@type\":\"WebSite\",\"@id\":\"https:\\\/\\\/www.eoc.ee\\\/#website\",\"url\":\"https:\\\/\\\/www.eoc.ee\\\/\",\"name\":\"\u00c9glise Orthodoxe d'Estonie\",\"description\":\"Eesti Apostlik-\u00d5igeusu Kirik\",\"potentialAction\":[{\"@type\":\"SearchAction\",\"target\":{\"@type\":\"EntryPoint\",\"urlTemplate\":\"https:\\\/\\\/www.eoc.ee\\\/?s={search_term_string}\"},\"query-input\":{\"@type\":\"PropertyValueSpecification\",\"valueRequired\":true,\"valueName\":\"search_term_string\"}}],\"inLanguage\":\"fr-FR\"}]}<\/script>\n<!-- \/ Yoast SEO plugin. -->","yoast_head_json":{"title":"P\u00fcha Johannes Kuldsuu JUTLUSED MEELEPARANDUSEST &#8211; \u00c9glise Orthodoxe d'Estonie","robots":{"index":"index","follow":"follow","max-snippet":"max-snippet:-1","max-image-preview":"max-image-preview:large","max-video-preview":"max-video-preview:-1"},"canonical":"https:\/\/www.eoc.ee\/pood\/eestikeelne-kirjandus\/puha-johannes-kuldsuu-jutlused-meeleparandusest\/","og_locale":"fr_FR","og_type":"article","og_title":"P\u00fcha Johannes Kuldsuu JUTLUSED MEELEPARANDUSEST &#8211; \u00c9glise Orthodoxe d'Estonie","og_description":"Kui inimene meid meie kurbuses lohutab ja meile tundubki hetkeks, et oleme tr\u00f6\u00f6sti leidnud, siis langeme j\u00e4lle ahastusse tagasi. Kui aga Jumal meid julgustab n\u00e4idete kaudu teistest, kes on pattu teinud ja meelt parandanud ningp\u00e4\u00e4senud, teeb Ta meile n\u00e4htavaks oma headuse, et me ei kahtleks oma p\u00e4\u00e4semises, vaid saaksime usutavat ja kindlat lohutust. Seep\u00e4rast kutsun teid \u00fcles: j\u00e4tkem k\u00f5ik ja h\u00e4\u00e4lestagem iga\u00fcks oma hing p\u00e4\u00e4semisele. Sest kui hing on heas seisukorras, siis tabagu meid mistahes h\u00e4da - n\u00e4lg, haigus, peaekaebamine, vara kaotus v\u00f5i mis iganes - on see talutav ja kerge t\u00e4nu Issanda k\u00e4sule ja lootusele Tema peale. Kui inimese hing aga pole \u00f5iges suhtes Jumalaga, siis voolaku talle raha, olgu ta \u00fcmbritsetud lastest, nautigu ta oma rikkust, ometi tabavad teda meeleheide ja mured. \u00c4rgem siis otsigem rikkust, \u00e4rgem p\u00f5genegem vaesuse eest, vaid hoolitsegem ennek\u00f5ike oma hinge eest, et see oleks valmis nii selle elu asju korraldama kui ka siit teise lahkuma. P\u00fcha Johannes Kuldsuu jutlusest \"Meeleparandus ja palve.\"","og_url":"https:\/\/www.eoc.ee\/pood\/eestikeelne-kirjandus\/puha-johannes-kuldsuu-jutlused-meeleparandusest\/","og_site_name":"\u00c9glise Orthodoxe d'Estonie","article_modified_time":"2023-01-14T15:45:32+00:00","og_image":[{"width":590,"height":800,"url":"http:\/\/www.eoc.ee\/wp-content\/uploads\/2020\/04\/0005-compressor.jpg","type":"image\/jpeg"}],"schema":{"@context":"https:\/\/schema.org","@graph":[{"@type":"WebPage","@id":"https:\/\/www.eoc.ee\/pood\/eestikeelne-kirjandus\/puha-johannes-kuldsuu-jutlused-meeleparandusest\/","url":"https:\/\/www.eoc.ee\/pood\/eestikeelne-kirjandus\/puha-johannes-kuldsuu-jutlused-meeleparandusest\/","name":"P\u00fcha Johannes Kuldsuu JUTLUSED MEELEPARANDUSEST &#8211; \u00c9glise Orthodoxe d'Estonie","isPartOf":{"@id":"https:\/\/www.eoc.ee\/#website"},"primaryImageOfPage":{"@id":"https:\/\/www.eoc.ee\/pood\/eestikeelne-kirjandus\/puha-johannes-kuldsuu-jutlused-meeleparandusest\/#primaryimage"},"image":{"@id":"https:\/\/www.eoc.ee\/pood\/eestikeelne-kirjandus\/puha-johannes-kuldsuu-jutlused-meeleparandusest\/#primaryimage"},"thumbnailUrl":"https:\/\/www.eoc.ee\/wp-content\/uploads\/2020\/04\/0005-compressor.jpg","datePublished":"2020-04-30T09:55:21+00:00","dateModified":"2023-01-14T15:45:32+00:00","breadcrumb":{"@id":"https:\/\/www.eoc.ee\/pood\/eestikeelne-kirjandus\/puha-johannes-kuldsuu-jutlused-meeleparandusest\/#breadcrumb"},"inLanguage":"fr-FR","potentialAction":[{"@type":"ReadAction","target":["https:\/\/www.eoc.ee\/pood\/eestikeelne-kirjandus\/puha-johannes-kuldsuu-jutlused-meeleparandusest\/"]}]},{"@type":"ImageObject","inLanguage":"fr-FR","@id":"https:\/\/www.eoc.ee\/pood\/eestikeelne-kirjandus\/puha-johannes-kuldsuu-jutlused-meeleparandusest\/#primaryimage","url":"https:\/\/www.eoc.ee\/wp-content\/uploads\/2020\/04\/0005-compressor.jpg","contentUrl":"https:\/\/www.eoc.ee\/wp-content\/uploads\/2020\/04\/0005-compressor.jpg","width":590,"height":800,"caption":"Puha Johannes Kuldsuu Jutlused Meeleparandusest"},{"@type":"BreadcrumbList","@id":"https:\/\/www.eoc.ee\/pood\/eestikeelne-kirjandus\/puha-johannes-kuldsuu-jutlused-meeleparandusest\/#breadcrumb","itemListElement":[{"@type":"ListItem","position":1,"name":"Home","item":"https:\/\/www.eoc.ee\/"},{"@type":"ListItem","position":2,"name":"P\u00fcha Johannes Kuldsuu JUTLUSED MEELEPARANDUSEST"}]},{"@type":"WebSite","@id":"https:\/\/www.eoc.ee\/#website","url":"https:\/\/www.eoc.ee\/","name":"\u00c9glise Orthodoxe d'Estonie","description":"Eesti Apostlik-\u00d5igeusu Kirik","potentialAction":[{"@type":"SearchAction","target":{"@type":"EntryPoint","urlTemplate":"https:\/\/www.eoc.ee\/?s={search_term_string}"},"query-input":{"@type":"PropertyValueSpecification","valueRequired":true,"valueName":"search_term_string"}}],"inLanguage":"fr-FR"}]}},"_links":{"self":[{"href":"https:\/\/www.eoc.ee\/fr\/wp-json\/wp\/v2\/product\/32761","targetHints":{"allow":["GET"]}}],"collection":[{"href":"https:\/\/www.eoc.ee\/fr\/wp-json\/wp\/v2\/product"}],"about":[{"href":"https:\/\/www.eoc.ee\/fr\/wp-json\/wp\/v2\/types\/product"}],"wp:featuredmedia":[{"embeddable":true,"href":"https:\/\/www.eoc.ee\/fr\/wp-json\/wp\/v2\/media\/32762"}],"wp:attachment":[{"href":"https:\/\/www.eoc.ee\/fr\/wp-json\/wp\/v2\/media?parent=32761"}],"wp:term":[{"taxonomy":"product_brand","embeddable":true,"href":"https:\/\/www.eoc.ee\/fr\/wp-json\/wp\/v2\/product_brand?post=32761"},{"taxonomy":"product_cat","embeddable":true,"href":"https:\/\/www.eoc.ee\/fr\/wp-json\/wp\/v2\/product_cat?post=32761"},{"taxonomy":"product_tag","embeddable":true,"href":"https:\/\/www.eoc.ee\/fr\/wp-json\/wp\/v2\/product_tag?post=32761"}],"curies":[{"name":"wp","href":"https:\/\/api.w.org\/{rel}","templated":true}]}}