{"id":32773,"date":"2020-05-28T11:06:01","date_gmt":"2020-05-28T08:06:01","guid":{"rendered":"http:\/\/www.eoc.ee\/?post_type=product&#038;p=32773"},"modified":"2021-04-01T20:54:50","modified_gmt":"2021-04-01T17:54:50","slug":"usk-ja-elu-nr-17","status":"publish","type":"product","link":"https:\/\/www.eoc.ee\/fr\/pood\/usk-ja-elu-ajakirjad\/usk-ja-elu-nr-17\/","title":{"rendered":"USK JA ELU \u00d5igeusu vaimulik ajakiri nr 17"},"content":{"rendered":"<p><strong>Toimetuse kolleegium:<\/strong> metropoliit Stefanus, arhimandriit prof. Grigorios Papathomas, \u00fclempreester Mattias Palli<br \/>\n<strong>Ilmumise kuup\u00e4ev:<\/strong> 2019<br \/>\n<strong>Lehek\u00fclgi:<\/strong> 96<br \/>\n<strong>Formaat: <\/strong>Pehmekaaneline<strong><br \/>\nKirjastus:<\/strong> Auratr\u00fckk<br \/>\n<strong>ISBN:<\/strong> 9-771736-400051<\/p>\n<p>&nbsp;<\/p>\n","protected":false},"excerpt":{"rendered":"<p>Selles numbris on kaks p\u00f5hjalikku kunsti ja \u00f5igeusu seoste k\u00e4sitlust. Metropoliit Stefanuse pikaajalise huvi ja uurimist\u00f6\u00f6 p\u00f5hjal s\u00fcndinud artikkel \u00ab\u00a0Kristlus ja filmikunst\u00a0\u00bb, mis vaatleb filmikunsti l\u00e4bi \u00f5igeusu arusaamade. Teises kirjutises \u00a0\u00bb Kristlus ja teatrikunst\u00a0\u00bb on teatriteadlane Madis Kolk uurinud oma Tartu \u00dclikoolis valmiva doktorit\u00f6\u00f6 raames ida-ja l\u00e4\u00e4nekiriku erinevat suhtumist teatrisse. Veel on k\u00e4esolevas numbris professor arhimandriit Grigorios Papathomase kirjutis autogefaalia ajaloolisest v\u00e4ljakujunemisest, eelk\u00f5ige l\u00e4\u00e4ne-ja idakiriku erinevast suhtumisest sellesse. Edasi saab lugeda tuntud askeetliku autori Gaza vaga Dorotei \u00f5petusi hukkam\u00f5istmisest ja valetamisest, kus ta \u00fctleb \u00ab\u00a0Vennad, ma tahan teile meelde tuletada \u00fcht-teist valetamise kohta. Olen t\u00e4hele pannud, et te ei p\u00fc\u00fca eriti oma keelt talitseda. Kuid n\u00f5nda v\u00f5ime langeda mitmesse eksimusse. N\u00e4ete, vennad, nagu ma olen teile alati \u00f6elnud, on iga asja juures oma osa harjumusel teha head v\u00f5i halba. On vaja olla v\u00e4ga valvas, et valed meid \u00fcle ei kavaldaks. On kolm eri viisi valetada: valetamine omas meeles, valetamine s\u00f5nades ja valetamine kogu oma eluga.\u00a0\u00bb<\/p>\n","protected":false},"featured_media":32774,"template":"","meta":{"_exactmetrics_skip_tracking":false,"_exactmetrics_sitenote_active":false,"_exactmetrics_sitenote_note":"","_exactmetrics_sitenote_category":0,"_monsterinsights_skip_tracking":false,"_monsterinsights_sitenote_active":false,"_monsterinsights_sitenote_note":"","_monsterinsights_sitenote_category":0},"product_brand":[],"product_cat":[260],"product_tag":[288,346,262,261,339],"class_list":{"0":"post-32773","1":"product","2":"type-product","3":"status-publish","4":"has-post-thumbnail","6":"product_cat-usk-ja-elu-ajakirjad","7":"product_tag-arhimandriit-grigorios-papathomas","8":"product_tag-gaza-vaga-dorotei","9":"product_tag-madis-kolk","10":"product_tag-metropoliit-stefanus","11":"product_tag-ulempreester-mattias-palli","13":"first","14":"instock","15":"sale","16":"shipping-taxable","17":"purchasable","18":"product-type-simple"},"yoast_head":"<!-- This site is optimized with the Yoast SEO plugin v27.5 - https:\/\/yoast.com\/product\/yoast-seo-wordpress\/ -->\n<title>USK JA ELU \u00d5igeusu vaimulik ajakiri nr 17 &#8211; \u00c9glise Orthodoxe d&#039;Estonie<\/title>\n<meta name=\"robots\" content=\"index, follow, max-snippet:-1, max-image-preview:large, max-video-preview:-1\" \/>\n<link rel=\"canonical\" href=\"https:\/\/www.eoc.ee\/pood\/usk-ja-elu-ajakirjad\/usk-ja-elu-nr-17\/\" \/>\n<meta property=\"og:locale\" content=\"fr_FR\" \/>\n<meta property=\"og:type\" content=\"article\" \/>\n<meta property=\"og:title\" content=\"USK JA ELU \u00d5igeusu vaimulik ajakiri nr 17 &#8211; \u00c9glise Orthodoxe d&#039;Estonie\" \/>\n<meta property=\"og:description\" content=\"Selles numbris on kaks p\u00f5hjalikku kunsti ja \u00f5igeusu seoste k\u00e4sitlust. Metropoliit Stefanuse pikaajalise huvi ja uurimist\u00f6\u00f6 p\u00f5hjal s\u00fcndinud artikkel &quot;Kristlus ja filmikunst&quot;, mis vaatleb filmikunsti l\u00e4bi \u00f5igeusu arusaamade. Teises kirjutises &quot; Kristlus ja teatrikunst&quot; on teatriteadlane Madis Kolk uurinud oma Tartu \u00dclikoolis valmiva doktorit\u00f6\u00f6 raames ida-ja l\u00e4\u00e4nekiriku erinevat suhtumist teatrisse. Veel on k\u00e4esolevas numbris professor arhimandriit Grigorios Papathomase kirjutis autogefaalia ajaloolisest v\u00e4ljakujunemisest, eelk\u00f5ige l\u00e4\u00e4ne-ja idakiriku erinevast suhtumisest sellesse. Edasi saab lugeda tuntud askeetliku autori Gaza vaga Dorotei \u00f5petusi hukkam\u00f5istmisest ja valetamisest, kus ta \u00fctleb &quot;Vennad, ma tahan teile meelde tuletada \u00fcht-teist valetamise kohta. Olen t\u00e4hele pannud, et te ei p\u00fc\u00fca eriti oma keelt talitseda. Kuid n\u00f5nda v\u00f5ime langeda mitmesse eksimusse. N\u00e4ete, vennad, nagu ma olen teile alati \u00f6elnud, on iga asja juures oma osa harjumusel teha head v\u00f5i halba. On vaja olla v\u00e4ga valvas, et valed meid \u00fcle ei kavaldaks. On kolm eri viisi valetada: valetamine omas meeles, valetamine s\u00f5nades ja valetamine kogu oma eluga.&quot;\" \/>\n<meta property=\"og:url\" content=\"https:\/\/www.eoc.ee\/pood\/usk-ja-elu-ajakirjad\/usk-ja-elu-nr-17\/\" \/>\n<meta property=\"og:site_name\" content=\"\u00c9glise Orthodoxe d&#039;Estonie\" \/>\n<meta property=\"article:modified_time\" content=\"2021-04-01T17:54:50+00:00\" \/>\n<meta property=\"og:image\" content=\"https:\/\/www.eoc.ee\/wp-content\/uploads\/2020\/04\/0007-compressor.jpg\" \/>\n\t<meta property=\"og:image:width\" content=\"564\" \/>\n\t<meta property=\"og:image:height\" content=\"800\" \/>\n\t<meta property=\"og:image:type\" content=\"image\/jpeg\" \/>\n<script type=\"application\/ld+json\" class=\"yoast-schema-graph\">{\"@context\":\"https:\\\/\\\/schema.org\",\"@graph\":[{\"@type\":\"WebPage\",\"@id\":\"https:\\\/\\\/www.eoc.ee\\\/pood\\\/usk-ja-elu-ajakirjad\\\/usk-ja-elu-nr-17\\\/\",\"url\":\"https:\\\/\\\/www.eoc.ee\\\/pood\\\/usk-ja-elu-ajakirjad\\\/usk-ja-elu-nr-17\\\/\",\"name\":\"USK JA ELU \u00d5igeusu vaimulik ajakiri nr 17 &#8211; \u00c9glise Orthodoxe d'Estonie\",\"isPartOf\":{\"@id\":\"https:\\\/\\\/www.eoc.ee\\\/#website\"},\"primaryImageOfPage\":{\"@id\":\"https:\\\/\\\/www.eoc.ee\\\/pood\\\/usk-ja-elu-ajakirjad\\\/usk-ja-elu-nr-17\\\/#primaryimage\"},\"image\":{\"@id\":\"https:\\\/\\\/www.eoc.ee\\\/pood\\\/usk-ja-elu-ajakirjad\\\/usk-ja-elu-nr-17\\\/#primaryimage\"},\"thumbnailUrl\":\"https:\\\/\\\/www.eoc.ee\\\/wp-content\\\/uploads\\\/2020\\\/04\\\/0007-compressor.jpg\",\"datePublished\":\"2020-05-28T08:06:01+00:00\",\"dateModified\":\"2021-04-01T17:54:50+00:00\",\"breadcrumb\":{\"@id\":\"https:\\\/\\\/www.eoc.ee\\\/pood\\\/usk-ja-elu-ajakirjad\\\/usk-ja-elu-nr-17\\\/#breadcrumb\"},\"inLanguage\":\"fr-FR\",\"potentialAction\":[{\"@type\":\"ReadAction\",\"target\":[\"https:\\\/\\\/www.eoc.ee\\\/pood\\\/usk-ja-elu-ajakirjad\\\/usk-ja-elu-nr-17\\\/\"]}]},{\"@type\":\"ImageObject\",\"inLanguage\":\"fr-FR\",\"@id\":\"https:\\\/\\\/www.eoc.ee\\\/pood\\\/usk-ja-elu-ajakirjad\\\/usk-ja-elu-nr-17\\\/#primaryimage\",\"url\":\"https:\\\/\\\/www.eoc.ee\\\/wp-content\\\/uploads\\\/2020\\\/04\\\/0007-compressor.jpg\",\"contentUrl\":\"https:\\\/\\\/www.eoc.ee\\\/wp-content\\\/uploads\\\/2020\\\/04\\\/0007-compressor.jpg\",\"width\":564,\"height\":800,\"caption\":\"Usk ja Elu 17\"},{\"@type\":\"BreadcrumbList\",\"@id\":\"https:\\\/\\\/www.eoc.ee\\\/pood\\\/usk-ja-elu-ajakirjad\\\/usk-ja-elu-nr-17\\\/#breadcrumb\",\"itemListElement\":[{\"@type\":\"ListItem\",\"position\":1,\"name\":\"Home\",\"item\":\"https:\\\/\\\/www.eoc.ee\\\/\"},{\"@type\":\"ListItem\",\"position\":2,\"name\":\"USK JA ELU \u00d5igeusu vaimulik ajakiri nr 17\"}]},{\"@type\":\"WebSite\",\"@id\":\"https:\\\/\\\/www.eoc.ee\\\/#website\",\"url\":\"https:\\\/\\\/www.eoc.ee\\\/\",\"name\":\"\u00c9glise Orthodoxe d'Estonie\",\"description\":\"Eesti Apostlik-\u00d5igeusu Kirik\",\"potentialAction\":[{\"@type\":\"SearchAction\",\"target\":{\"@type\":\"EntryPoint\",\"urlTemplate\":\"https:\\\/\\\/www.eoc.ee\\\/?s={search_term_string}\"},\"query-input\":{\"@type\":\"PropertyValueSpecification\",\"valueRequired\":true,\"valueName\":\"search_term_string\"}}],\"inLanguage\":\"fr-FR\"}]}<\/script>\n<!-- \/ Yoast SEO plugin. -->","yoast_head_json":{"title":"USK JA ELU \u00d5igeusu vaimulik ajakiri nr 17 &#8211; \u00c9glise Orthodoxe d'Estonie","robots":{"index":"index","follow":"follow","max-snippet":"max-snippet:-1","max-image-preview":"max-image-preview:large","max-video-preview":"max-video-preview:-1"},"canonical":"https:\/\/www.eoc.ee\/pood\/usk-ja-elu-ajakirjad\/usk-ja-elu-nr-17\/","og_locale":"fr_FR","og_type":"article","og_title":"USK JA ELU \u00d5igeusu vaimulik ajakiri nr 17 &#8211; \u00c9glise Orthodoxe d'Estonie","og_description":"Selles numbris on kaks p\u00f5hjalikku kunsti ja \u00f5igeusu seoste k\u00e4sitlust. Metropoliit Stefanuse pikaajalise huvi ja uurimist\u00f6\u00f6 p\u00f5hjal s\u00fcndinud artikkel \"Kristlus ja filmikunst\", mis vaatleb filmikunsti l\u00e4bi \u00f5igeusu arusaamade. Teises kirjutises \" Kristlus ja teatrikunst\" on teatriteadlane Madis Kolk uurinud oma Tartu \u00dclikoolis valmiva doktorit\u00f6\u00f6 raames ida-ja l\u00e4\u00e4nekiriku erinevat suhtumist teatrisse. Veel on k\u00e4esolevas numbris professor arhimandriit Grigorios Papathomase kirjutis autogefaalia ajaloolisest v\u00e4ljakujunemisest, eelk\u00f5ige l\u00e4\u00e4ne-ja idakiriku erinevast suhtumisest sellesse. Edasi saab lugeda tuntud askeetliku autori Gaza vaga Dorotei \u00f5petusi hukkam\u00f5istmisest ja valetamisest, kus ta \u00fctleb \"Vennad, ma tahan teile meelde tuletada \u00fcht-teist valetamise kohta. Olen t\u00e4hele pannud, et te ei p\u00fc\u00fca eriti oma keelt talitseda. Kuid n\u00f5nda v\u00f5ime langeda mitmesse eksimusse. N\u00e4ete, vennad, nagu ma olen teile alati \u00f6elnud, on iga asja juures oma osa harjumusel teha head v\u00f5i halba. On vaja olla v\u00e4ga valvas, et valed meid \u00fcle ei kavaldaks. On kolm eri viisi valetada: valetamine omas meeles, valetamine s\u00f5nades ja valetamine kogu oma eluga.\"","og_url":"https:\/\/www.eoc.ee\/pood\/usk-ja-elu-ajakirjad\/usk-ja-elu-nr-17\/","og_site_name":"\u00c9glise Orthodoxe d'Estonie","article_modified_time":"2021-04-01T17:54:50+00:00","og_image":[{"width":564,"height":800,"url":"https:\/\/www.eoc.ee\/wp-content\/uploads\/2020\/04\/0007-compressor.jpg","type":"image\/jpeg"}],"schema":{"@context":"https:\/\/schema.org","@graph":[{"@type":"WebPage","@id":"https:\/\/www.eoc.ee\/pood\/usk-ja-elu-ajakirjad\/usk-ja-elu-nr-17\/","url":"https:\/\/www.eoc.ee\/pood\/usk-ja-elu-ajakirjad\/usk-ja-elu-nr-17\/","name":"USK JA ELU \u00d5igeusu vaimulik ajakiri nr 17 &#8211; \u00c9glise Orthodoxe d'Estonie","isPartOf":{"@id":"https:\/\/www.eoc.ee\/#website"},"primaryImageOfPage":{"@id":"https:\/\/www.eoc.ee\/pood\/usk-ja-elu-ajakirjad\/usk-ja-elu-nr-17\/#primaryimage"},"image":{"@id":"https:\/\/www.eoc.ee\/pood\/usk-ja-elu-ajakirjad\/usk-ja-elu-nr-17\/#primaryimage"},"thumbnailUrl":"https:\/\/www.eoc.ee\/wp-content\/uploads\/2020\/04\/0007-compressor.jpg","datePublished":"2020-05-28T08:06:01+00:00","dateModified":"2021-04-01T17:54:50+00:00","breadcrumb":{"@id":"https:\/\/www.eoc.ee\/pood\/usk-ja-elu-ajakirjad\/usk-ja-elu-nr-17\/#breadcrumb"},"inLanguage":"fr-FR","potentialAction":[{"@type":"ReadAction","target":["https:\/\/www.eoc.ee\/pood\/usk-ja-elu-ajakirjad\/usk-ja-elu-nr-17\/"]}]},{"@type":"ImageObject","inLanguage":"fr-FR","@id":"https:\/\/www.eoc.ee\/pood\/usk-ja-elu-ajakirjad\/usk-ja-elu-nr-17\/#primaryimage","url":"https:\/\/www.eoc.ee\/wp-content\/uploads\/2020\/04\/0007-compressor.jpg","contentUrl":"https:\/\/www.eoc.ee\/wp-content\/uploads\/2020\/04\/0007-compressor.jpg","width":564,"height":800,"caption":"Usk ja Elu 17"},{"@type":"BreadcrumbList","@id":"https:\/\/www.eoc.ee\/pood\/usk-ja-elu-ajakirjad\/usk-ja-elu-nr-17\/#breadcrumb","itemListElement":[{"@type":"ListItem","position":1,"name":"Home","item":"https:\/\/www.eoc.ee\/"},{"@type":"ListItem","position":2,"name":"USK JA ELU \u00d5igeusu vaimulik ajakiri nr 17"}]},{"@type":"WebSite","@id":"https:\/\/www.eoc.ee\/#website","url":"https:\/\/www.eoc.ee\/","name":"\u00c9glise Orthodoxe d'Estonie","description":"Eesti Apostlik-\u00d5igeusu Kirik","potentialAction":[{"@type":"SearchAction","target":{"@type":"EntryPoint","urlTemplate":"https:\/\/www.eoc.ee\/?s={search_term_string}"},"query-input":{"@type":"PropertyValueSpecification","valueRequired":true,"valueName":"search_term_string"}}],"inLanguage":"fr-FR"}]}},"_links":{"self":[{"href":"https:\/\/www.eoc.ee\/fr\/wp-json\/wp\/v2\/product\/32773","targetHints":{"allow":["GET"]}}],"collection":[{"href":"https:\/\/www.eoc.ee\/fr\/wp-json\/wp\/v2\/product"}],"about":[{"href":"https:\/\/www.eoc.ee\/fr\/wp-json\/wp\/v2\/types\/product"}],"wp:featuredmedia":[{"embeddable":true,"href":"https:\/\/www.eoc.ee\/fr\/wp-json\/wp\/v2\/media\/32774"}],"wp:attachment":[{"href":"https:\/\/www.eoc.ee\/fr\/wp-json\/wp\/v2\/media?parent=32773"}],"wp:term":[{"taxonomy":"product_brand","embeddable":true,"href":"https:\/\/www.eoc.ee\/fr\/wp-json\/wp\/v2\/product_brand?post=32773"},{"taxonomy":"product_cat","embeddable":true,"href":"https:\/\/www.eoc.ee\/fr\/wp-json\/wp\/v2\/product_cat?post=32773"},{"taxonomy":"product_tag","embeddable":true,"href":"https:\/\/www.eoc.ee\/fr\/wp-json\/wp\/v2\/product_tag?post=32773"}],"curies":[{"name":"wp","href":"https:\/\/api.w.org\/{rel}","templated":true}]}}