{"id":32779,"date":"2020-04-29T01:11:53","date_gmt":"2020-04-28T22:11:53","guid":{"rendered":"http:\/\/www.eoc.ee\/?post_type=product&#038;p=32779"},"modified":"2021-01-28T12:59:45","modified_gmt":"2021-01-28T10:59:45","slug":"teenistusraamat-2014","status":"publish","type":"product","link":"https:\/\/www.eoc.ee\/fr\/pood\/eestikeelne-kirjandus\/teenistusraamat-2014\/","title":{"rendered":"TEENISTUSRAAMAT"},"content":{"rendered":"<p><strong>Autor:<\/strong> piiskop Eelija(Ojaperv), \u00fclempreester Ardalion, \u00fclempreester Mattias, preester Tihhon, nunn Theofili, nunn Theoterpi<br \/>\n<strong>Ilmumise kuup\u00e4ev:<\/strong> 2014<br \/>\n<strong>Lehek\u00fclgi:<\/strong> 280<br \/>\n<strong>Formaat: <\/strong>K\u00f5vakaaneline<strong><br \/>\nKirjastus:<\/strong> Greif<br \/>\n<strong>ISBN:<\/strong> 978-9985-9703-8-6<\/p>\n<p>&nbsp;<\/p>\n","protected":false},"excerpt":{"rendered":"<p>\u00ab\u00a0\u00d5igeusu Kirik hoiab alal esivanemate p\u00e4rimusena oma erip\u00e4rast palvetamise ja teenimise viisi nii jumaliku liturgia-salasuste salasuse- kui ka igap\u00e4evaste \u00f6\u00f6p\u00e4eva-jumalateenistuste osas. Selle jaoks on v\u00e4lja antud kindlad jumalateenistus-ja palveraamatud. Need \u00ab\u00a0p\u00fchad abivahendid\u00a0\u00bbon antud vaimulike, aga ka ilmikute k\u00e4sutusse, et jumalikku liturgiat ja teisi p\u00fchi salasusi talitataks t\u00e4pselt, \u00f5iges usus ja \u00f5iges teos ning et usklikud saaksidp\u00fchakojas teenimisest paremini osa, saaksid p\u00fchitsetud ja valgustatud ning v\u00f5taksid osa inglite ja k\u00f5igi p\u00fchade igavesest \u00fclistusest.\u00a0\u00bb P\u00fchima patriarhi Bartolomeuse l\u00e4kitusest Teenistusraamatus.<\/p>\n","protected":false},"featured_media":32780,"template":"","meta":{"_exactmetrics_skip_tracking":false,"_exactmetrics_sitenote_active":false,"_exactmetrics_sitenote_note":"","_exactmetrics_sitenote_category":0,"_monsterinsights_skip_tracking":false,"_monsterinsights_sitenote_active":false,"_monsterinsights_sitenote_note":"","_monsterinsights_sitenote_category":0},"product_brand":[],"product_cat":[222],"product_tag":[268,269,350,351,339],"class_list":{"0":"post-32779","1":"product","2":"type-product","3":"status-publish","4":"has-post-thumbnail","6":"product_cat-eestikeelne-kirjandus","7":"product_tag-nunn-theofili","8":"product_tag-nunn-theoterpi","9":"product_tag-piiskop-eelija","10":"product_tag-preester-tihhon","11":"product_tag-ulempreester-mattias-palli","13":"first","14":"instock","15":"shipping-taxable","16":"purchasable","17":"product-type-simple"},"yoast_head":"<!-- This site is optimized with the Yoast SEO plugin v27.5 - https:\/\/yoast.com\/product\/yoast-seo-wordpress\/ -->\n<title>TEENISTUSRAAMAT &#8211; \u00c9glise Orthodoxe d&#039;Estonie<\/title>\n<meta name=\"robots\" content=\"index, follow, max-snippet:-1, max-image-preview:large, max-video-preview:-1\" \/>\n<link rel=\"canonical\" href=\"https:\/\/www.eoc.ee\/pood\/eestikeelne-kirjandus\/teenistusraamat-2014\/\" \/>\n<meta property=\"og:locale\" content=\"fr_FR\" \/>\n<meta property=\"og:type\" content=\"article\" \/>\n<meta property=\"og:title\" content=\"TEENISTUSRAAMAT &#8211; \u00c9glise Orthodoxe d&#039;Estonie\" \/>\n<meta property=\"og:description\" content=\"&quot;\u00d5igeusu Kirik hoiab alal esivanemate p\u00e4rimusena oma erip\u00e4rast palvetamise ja teenimise viisi nii jumaliku liturgia-salasuste salasuse- kui ka igap\u00e4evaste \u00f6\u00f6p\u00e4eva-jumalateenistuste osas. Selle jaoks on v\u00e4lja antud kindlad jumalateenistus-ja palveraamatud. Need &quot;p\u00fchad abivahendid&quot;on antud vaimulike, aga ka ilmikute k\u00e4sutusse, et jumalikku liturgiat ja teisi p\u00fchi salasusi talitataks t\u00e4pselt, \u00f5iges usus ja \u00f5iges teos ning et usklikud saaksidp\u00fchakojas teenimisest paremini osa, saaksid p\u00fchitsetud ja valgustatud ning v\u00f5taksid osa inglite ja k\u00f5igi p\u00fchade igavesest \u00fclistusest.&quot; P\u00fchima patriarhi Bartolomeuse l\u00e4kitusest Teenistusraamatus.\" \/>\n<meta property=\"og:url\" content=\"https:\/\/www.eoc.ee\/pood\/eestikeelne-kirjandus\/teenistusraamat-2014\/\" \/>\n<meta property=\"og:site_name\" content=\"\u00c9glise Orthodoxe d&#039;Estonie\" \/>\n<meta property=\"article:modified_time\" content=\"2021-01-28T10:59:45+00:00\" \/>\n<meta property=\"og:image\" content=\"https:\/\/www.eoc.ee\/wp-content\/uploads\/2020\/04\/0008-compressor.jpg\" \/>\n\t<meta property=\"og:image:width\" content=\"498\" \/>\n\t<meta property=\"og:image:height\" content=\"800\" \/>\n\t<meta property=\"og:image:type\" content=\"image\/jpeg\" \/>\n<script type=\"application\/ld+json\" class=\"yoast-schema-graph\">{\"@context\":\"https:\\\/\\\/schema.org\",\"@graph\":[{\"@type\":\"WebPage\",\"@id\":\"https:\\\/\\\/www.eoc.ee\\\/pood\\\/eestikeelne-kirjandus\\\/teenistusraamat-2014\\\/\",\"url\":\"https:\\\/\\\/www.eoc.ee\\\/pood\\\/eestikeelne-kirjandus\\\/teenistusraamat-2014\\\/\",\"name\":\"TEENISTUSRAAMAT &#8211; \u00c9glise Orthodoxe d'Estonie\",\"isPartOf\":{\"@id\":\"https:\\\/\\\/www.eoc.ee\\\/#website\"},\"primaryImageOfPage\":{\"@id\":\"https:\\\/\\\/www.eoc.ee\\\/pood\\\/eestikeelne-kirjandus\\\/teenistusraamat-2014\\\/#primaryimage\"},\"image\":{\"@id\":\"https:\\\/\\\/www.eoc.ee\\\/pood\\\/eestikeelne-kirjandus\\\/teenistusraamat-2014\\\/#primaryimage\"},\"thumbnailUrl\":\"https:\\\/\\\/www.eoc.ee\\\/wp-content\\\/uploads\\\/2020\\\/04\\\/0008-compressor.jpg\",\"datePublished\":\"2020-04-28T22:11:53+00:00\",\"dateModified\":\"2021-01-28T10:59:45+00:00\",\"breadcrumb\":{\"@id\":\"https:\\\/\\\/www.eoc.ee\\\/pood\\\/eestikeelne-kirjandus\\\/teenistusraamat-2014\\\/#breadcrumb\"},\"inLanguage\":\"fr-FR\",\"potentialAction\":[{\"@type\":\"ReadAction\",\"target\":[\"https:\\\/\\\/www.eoc.ee\\\/pood\\\/eestikeelne-kirjandus\\\/teenistusraamat-2014\\\/\"]}]},{\"@type\":\"ImageObject\",\"inLanguage\":\"fr-FR\",\"@id\":\"https:\\\/\\\/www.eoc.ee\\\/pood\\\/eestikeelne-kirjandus\\\/teenistusraamat-2014\\\/#primaryimage\",\"url\":\"https:\\\/\\\/www.eoc.ee\\\/wp-content\\\/uploads\\\/2020\\\/04\\\/0008-compressor.jpg\",\"contentUrl\":\"https:\\\/\\\/www.eoc.ee\\\/wp-content\\\/uploads\\\/2020\\\/04\\\/0008-compressor.jpg\",\"width\":498,\"height\":800,\"caption\":\"Teenistusraamat-2014\"},{\"@type\":\"BreadcrumbList\",\"@id\":\"https:\\\/\\\/www.eoc.ee\\\/pood\\\/eestikeelne-kirjandus\\\/teenistusraamat-2014\\\/#breadcrumb\",\"itemListElement\":[{\"@type\":\"ListItem\",\"position\":1,\"name\":\"Home\",\"item\":\"https:\\\/\\\/www.eoc.ee\\\/\"},{\"@type\":\"ListItem\",\"position\":2,\"name\":\"TEENISTUSRAAMAT\"}]},{\"@type\":\"WebSite\",\"@id\":\"https:\\\/\\\/www.eoc.ee\\\/#website\",\"url\":\"https:\\\/\\\/www.eoc.ee\\\/\",\"name\":\"\u00c9glise Orthodoxe d'Estonie\",\"description\":\"Eesti Apostlik-\u00d5igeusu Kirik\",\"potentialAction\":[{\"@type\":\"SearchAction\",\"target\":{\"@type\":\"EntryPoint\",\"urlTemplate\":\"https:\\\/\\\/www.eoc.ee\\\/?s={search_term_string}\"},\"query-input\":{\"@type\":\"PropertyValueSpecification\",\"valueRequired\":true,\"valueName\":\"search_term_string\"}}],\"inLanguage\":\"fr-FR\"}]}<\/script>\n<!-- \/ Yoast SEO plugin. -->","yoast_head_json":{"title":"TEENISTUSRAAMAT &#8211; \u00c9glise Orthodoxe d'Estonie","robots":{"index":"index","follow":"follow","max-snippet":"max-snippet:-1","max-image-preview":"max-image-preview:large","max-video-preview":"max-video-preview:-1"},"canonical":"https:\/\/www.eoc.ee\/pood\/eestikeelne-kirjandus\/teenistusraamat-2014\/","og_locale":"fr_FR","og_type":"article","og_title":"TEENISTUSRAAMAT &#8211; \u00c9glise Orthodoxe d'Estonie","og_description":"\"\u00d5igeusu Kirik hoiab alal esivanemate p\u00e4rimusena oma erip\u00e4rast palvetamise ja teenimise viisi nii jumaliku liturgia-salasuste salasuse- kui ka igap\u00e4evaste \u00f6\u00f6p\u00e4eva-jumalateenistuste osas. Selle jaoks on v\u00e4lja antud kindlad jumalateenistus-ja palveraamatud. Need \"p\u00fchad abivahendid\"on antud vaimulike, aga ka ilmikute k\u00e4sutusse, et jumalikku liturgiat ja teisi p\u00fchi salasusi talitataks t\u00e4pselt, \u00f5iges usus ja \u00f5iges teos ning et usklikud saaksidp\u00fchakojas teenimisest paremini osa, saaksid p\u00fchitsetud ja valgustatud ning v\u00f5taksid osa inglite ja k\u00f5igi p\u00fchade igavesest \u00fclistusest.\" P\u00fchima patriarhi Bartolomeuse l\u00e4kitusest Teenistusraamatus.","og_url":"https:\/\/www.eoc.ee\/pood\/eestikeelne-kirjandus\/teenistusraamat-2014\/","og_site_name":"\u00c9glise Orthodoxe d'Estonie","article_modified_time":"2021-01-28T10:59:45+00:00","og_image":[{"width":498,"height":800,"url":"https:\/\/www.eoc.ee\/wp-content\/uploads\/2020\/04\/0008-compressor.jpg","type":"image\/jpeg"}],"schema":{"@context":"https:\/\/schema.org","@graph":[{"@type":"WebPage","@id":"https:\/\/www.eoc.ee\/pood\/eestikeelne-kirjandus\/teenistusraamat-2014\/","url":"https:\/\/www.eoc.ee\/pood\/eestikeelne-kirjandus\/teenistusraamat-2014\/","name":"TEENISTUSRAAMAT &#8211; \u00c9glise Orthodoxe d'Estonie","isPartOf":{"@id":"https:\/\/www.eoc.ee\/#website"},"primaryImageOfPage":{"@id":"https:\/\/www.eoc.ee\/pood\/eestikeelne-kirjandus\/teenistusraamat-2014\/#primaryimage"},"image":{"@id":"https:\/\/www.eoc.ee\/pood\/eestikeelne-kirjandus\/teenistusraamat-2014\/#primaryimage"},"thumbnailUrl":"https:\/\/www.eoc.ee\/wp-content\/uploads\/2020\/04\/0008-compressor.jpg","datePublished":"2020-04-28T22:11:53+00:00","dateModified":"2021-01-28T10:59:45+00:00","breadcrumb":{"@id":"https:\/\/www.eoc.ee\/pood\/eestikeelne-kirjandus\/teenistusraamat-2014\/#breadcrumb"},"inLanguage":"fr-FR","potentialAction":[{"@type":"ReadAction","target":["https:\/\/www.eoc.ee\/pood\/eestikeelne-kirjandus\/teenistusraamat-2014\/"]}]},{"@type":"ImageObject","inLanguage":"fr-FR","@id":"https:\/\/www.eoc.ee\/pood\/eestikeelne-kirjandus\/teenistusraamat-2014\/#primaryimage","url":"https:\/\/www.eoc.ee\/wp-content\/uploads\/2020\/04\/0008-compressor.jpg","contentUrl":"https:\/\/www.eoc.ee\/wp-content\/uploads\/2020\/04\/0008-compressor.jpg","width":498,"height":800,"caption":"Teenistusraamat-2014"},{"@type":"BreadcrumbList","@id":"https:\/\/www.eoc.ee\/pood\/eestikeelne-kirjandus\/teenistusraamat-2014\/#breadcrumb","itemListElement":[{"@type":"ListItem","position":1,"name":"Home","item":"https:\/\/www.eoc.ee\/"},{"@type":"ListItem","position":2,"name":"TEENISTUSRAAMAT"}]},{"@type":"WebSite","@id":"https:\/\/www.eoc.ee\/#website","url":"https:\/\/www.eoc.ee\/","name":"\u00c9glise Orthodoxe d'Estonie","description":"Eesti Apostlik-\u00d5igeusu Kirik","potentialAction":[{"@type":"SearchAction","target":{"@type":"EntryPoint","urlTemplate":"https:\/\/www.eoc.ee\/?s={search_term_string}"},"query-input":{"@type":"PropertyValueSpecification","valueRequired":true,"valueName":"search_term_string"}}],"inLanguage":"fr-FR"}]}},"_links":{"self":[{"href":"https:\/\/www.eoc.ee\/fr\/wp-json\/wp\/v2\/product\/32779","targetHints":{"allow":["GET"]}}],"collection":[{"href":"https:\/\/www.eoc.ee\/fr\/wp-json\/wp\/v2\/product"}],"about":[{"href":"https:\/\/www.eoc.ee\/fr\/wp-json\/wp\/v2\/types\/product"}],"wp:featuredmedia":[{"embeddable":true,"href":"https:\/\/www.eoc.ee\/fr\/wp-json\/wp\/v2\/media\/32780"}],"wp:attachment":[{"href":"https:\/\/www.eoc.ee\/fr\/wp-json\/wp\/v2\/media?parent=32779"}],"wp:term":[{"taxonomy":"product_brand","embeddable":true,"href":"https:\/\/www.eoc.ee\/fr\/wp-json\/wp\/v2\/product_brand?post=32779"},{"taxonomy":"product_cat","embeddable":true,"href":"https:\/\/www.eoc.ee\/fr\/wp-json\/wp\/v2\/product_cat?post=32779"},{"taxonomy":"product_tag","embeddable":true,"href":"https:\/\/www.eoc.ee\/fr\/wp-json\/wp\/v2\/product_tag?post=32779"}],"curies":[{"name":"wp","href":"https:\/\/api.w.org\/{rel}","templated":true}]}}