{"id":32791,"date":"2020-04-29T01:24:16","date_gmt":"2020-04-28T22:24:16","guid":{"rendered":"http:\/\/www.eoc.ee\/?post_type=product&#038;p=32791"},"modified":"2021-01-28T13:02:29","modified_gmt":"2021-01-28T11:02:29","slug":"ajalugu-ja-teoloogia-2","status":"publish","type":"product","link":"https:\/\/www.eoc.ee\/fr\/pood\/eestikeelne-kirjandus\/ajalugu-ja-teoloogia-2\/","title":{"rendered":"AJALUGU JA TEOLOOGIA 2: K\u00f5rbeisade vaimsus: Katsumus kogu eluks"},"content":{"rendered":"<p><strong>Alapealkiri: <\/strong>K\u00f5rbeisade vaimsus: Katsumus kogu eluks<strong><br \/>\nAutor:<\/strong> Stefanus Tallinna ja kogu Eesti metropoliit<br \/>\n<strong>Ilmumise kuup\u00e4ev:<\/strong> 2008<br \/>\n<strong>Lehek\u00fclgi:<\/strong> 167<br \/>\n<strong>Formaat: <\/strong>k\u00f5vakaaneline<strong><br \/>\nKirjastus:<\/strong> Greif<br \/>\n<strong>ISBN:<\/strong> 978-9949-15-791-4<\/p>\n<p>&nbsp;<\/p>\n","protected":false},"excerpt":{"rendered":"<p>\u00d5igeusu askeetlus ei r\u00fcnda ihu, vaid on suunatud \u00ab\u00a0kurjade taevaaluste vaimude vastu\u00a0\u00bb(Ef 6:12), langenud vaimude vastu, kes aheldavad inimese kirgedesse, tehes temast lihalikele l\u00f5budele alluva t\u00e4iesti meeletu olendi. Puhas ihu saab aga Vaimu eluasemeks. Munga neitsilikkus ja karskus pole \u00fcksnes armuannid, vaid ka m\u00f5istusp\u00e4rase v\u00f5itluse tulemusel saavutatud \u00ab\u00a0vaimsed v\u00e4giteod\u00a0\u00bb, mille p\u00f5him\u00f5tteks on \u00ab\u00a0\u00c4ra heida meelt!\u00a0\u00bb Vaimulikesse k\u00f5rgustesse saab p\u00fcrgida \u00fcksnes aste-astmelt. T\u00e4iuslikkuseni j\u00f5udmiseks tuleb lahti \u00f6elda kolmest asjast: -ihulikult tuleb loobuda rikkusest ja selle maailma varandusest; -m\u00f6\u00f6daniku kirgedest ja harjumustest tuleb loobuda nii m\u00f5ttes kui ihulikult; m\u00f5tted tuleb p\u00f6\u00f6rata k\u00f5igelt n\u00e4htavalt ja ajalikult ning suunata n\u00e4htamatu ja igavikulise kaemusele. Esimene rist on v\u00e4line, koosnedes kurbusest ja h\u00e4dadest, mis tabavad inimest maises elus; teine rist on sisemine v\u00f5itlus kirgede ja himude vastu; kolmas on enese andmine t\u00e4ielikult Jumala hooleks.<\/p>\n","protected":false},"featured_media":32792,"template":"","meta":{"_exactmetrics_skip_tracking":false,"_exactmetrics_sitenote_active":false,"_exactmetrics_sitenote_note":"","_exactmetrics_sitenote_category":0,"_monsterinsights_skip_tracking":false,"_monsterinsights_sitenote_active":false,"_monsterinsights_sitenote_note":"","_monsterinsights_sitenote_category":0},"product_brand":[],"product_cat":[222],"product_tag":[261],"class_list":{"0":"post-32791","1":"product","2":"type-product","3":"status-publish","4":"has-post-thumbnail","6":"product_cat-eestikeelne-kirjandus","7":"product_tag-metropoliit-stefanus","9":"first","10":"instock","11":"shipping-taxable","12":"purchasable","13":"product-type-simple"},"yoast_head":"<!-- This site is optimized with the Yoast SEO plugin v27.5 - https:\/\/yoast.com\/product\/yoast-seo-wordpress\/ -->\n<title>AJALUGU JA TEOLOOGIA 2: K\u00f5rbeisade vaimsus: Katsumus kogu eluks &#8211; \u00c9glise Orthodoxe d&#039;Estonie<\/title>\n<meta name=\"robots\" content=\"index, follow, max-snippet:-1, max-image-preview:large, max-video-preview:-1\" \/>\n<link rel=\"canonical\" href=\"https:\/\/www.eoc.ee\/pood\/eestikeelne-kirjandus\/ajalugu-ja-teoloogia-2\/\" \/>\n<meta property=\"og:locale\" content=\"fr_FR\" \/>\n<meta property=\"og:type\" content=\"article\" \/>\n<meta property=\"og:title\" content=\"AJALUGU JA TEOLOOGIA 2: K\u00f5rbeisade vaimsus: Katsumus kogu eluks &#8211; \u00c9glise Orthodoxe d&#039;Estonie\" \/>\n<meta property=\"og:description\" content=\"\u00d5igeusu askeetlus ei r\u00fcnda ihu, vaid on suunatud &quot;kurjade taevaaluste vaimude vastu&quot;(Ef 6:12), langenud vaimude vastu, kes aheldavad inimese kirgedesse, tehes temast lihalikele l\u00f5budele alluva t\u00e4iesti meeletu olendi. Puhas ihu saab aga Vaimu eluasemeks. Munga neitsilikkus ja karskus pole \u00fcksnes armuannid, vaid ka m\u00f5istusp\u00e4rase v\u00f5itluse tulemusel saavutatud &quot;vaimsed v\u00e4giteod&quot;, mille p\u00f5him\u00f5tteks on &quot;\u00c4ra heida meelt!&quot; Vaimulikesse k\u00f5rgustesse saab p\u00fcrgida \u00fcksnes aste-astmelt. T\u00e4iuslikkuseni j\u00f5udmiseks tuleb lahti \u00f6elda kolmest asjast: -ihulikult tuleb loobuda rikkusest ja selle maailma varandusest; -m\u00f6\u00f6daniku kirgedest ja harjumustest tuleb loobuda nii m\u00f5ttes kui ihulikult; m\u00f5tted tuleb p\u00f6\u00f6rata k\u00f5igelt n\u00e4htavalt ja ajalikult ning suunata n\u00e4htamatu ja igavikulise kaemusele. Esimene rist on v\u00e4line, koosnedes kurbusest ja h\u00e4dadest, mis tabavad inimest maises elus; teine rist on sisemine v\u00f5itlus kirgede ja himude vastu; kolmas on enese andmine t\u00e4ielikult Jumala hooleks.\" \/>\n<meta property=\"og:url\" content=\"https:\/\/www.eoc.ee\/pood\/eestikeelne-kirjandus\/ajalugu-ja-teoloogia-2\/\" \/>\n<meta property=\"og:site_name\" content=\"\u00c9glise Orthodoxe d&#039;Estonie\" \/>\n<meta property=\"article:modified_time\" content=\"2021-01-28T11:02:29+00:00\" \/>\n<meta property=\"og:image\" content=\"https:\/\/www.eoc.ee\/wp-content\/uploads\/2020\/04\/0010-compressor.jpg\" \/>\n\t<meta property=\"og:image:width\" content=\"499\" \/>\n\t<meta property=\"og:image:height\" content=\"800\" \/>\n\t<meta property=\"og:image:type\" content=\"image\/jpeg\" \/>\n<script type=\"application\/ld+json\" class=\"yoast-schema-graph\">{\"@context\":\"https:\\\/\\\/schema.org\",\"@graph\":[{\"@type\":\"WebPage\",\"@id\":\"https:\\\/\\\/www.eoc.ee\\\/pood\\\/eestikeelne-kirjandus\\\/ajalugu-ja-teoloogia-2\\\/\",\"url\":\"https:\\\/\\\/www.eoc.ee\\\/pood\\\/eestikeelne-kirjandus\\\/ajalugu-ja-teoloogia-2\\\/\",\"name\":\"AJALUGU JA TEOLOOGIA 2: K\u00f5rbeisade vaimsus: Katsumus kogu eluks &#8211; \u00c9glise Orthodoxe d'Estonie\",\"isPartOf\":{\"@id\":\"https:\\\/\\\/www.eoc.ee\\\/#website\"},\"primaryImageOfPage\":{\"@id\":\"https:\\\/\\\/www.eoc.ee\\\/pood\\\/eestikeelne-kirjandus\\\/ajalugu-ja-teoloogia-2\\\/#primaryimage\"},\"image\":{\"@id\":\"https:\\\/\\\/www.eoc.ee\\\/pood\\\/eestikeelne-kirjandus\\\/ajalugu-ja-teoloogia-2\\\/#primaryimage\"},\"thumbnailUrl\":\"https:\\\/\\\/www.eoc.ee\\\/wp-content\\\/uploads\\\/2020\\\/04\\\/0010-compressor.jpg\",\"datePublished\":\"2020-04-28T22:24:16+00:00\",\"dateModified\":\"2021-01-28T11:02:29+00:00\",\"breadcrumb\":{\"@id\":\"https:\\\/\\\/www.eoc.ee\\\/pood\\\/eestikeelne-kirjandus\\\/ajalugu-ja-teoloogia-2\\\/#breadcrumb\"},\"inLanguage\":\"fr-FR\",\"potentialAction\":[{\"@type\":\"ReadAction\",\"target\":[\"https:\\\/\\\/www.eoc.ee\\\/pood\\\/eestikeelne-kirjandus\\\/ajalugu-ja-teoloogia-2\\\/\"]}]},{\"@type\":\"ImageObject\",\"inLanguage\":\"fr-FR\",\"@id\":\"https:\\\/\\\/www.eoc.ee\\\/pood\\\/eestikeelne-kirjandus\\\/ajalugu-ja-teoloogia-2\\\/#primaryimage\",\"url\":\"https:\\\/\\\/www.eoc.ee\\\/wp-content\\\/uploads\\\/2020\\\/04\\\/0010-compressor.jpg\",\"contentUrl\":\"https:\\\/\\\/www.eoc.ee\\\/wp-content\\\/uploads\\\/2020\\\/04\\\/0010-compressor.jpg\",\"width\":499,\"height\":800,\"caption\":\"Ajalugu ja Teoloogia 2\"},{\"@type\":\"BreadcrumbList\",\"@id\":\"https:\\\/\\\/www.eoc.ee\\\/pood\\\/eestikeelne-kirjandus\\\/ajalugu-ja-teoloogia-2\\\/#breadcrumb\",\"itemListElement\":[{\"@type\":\"ListItem\",\"position\":1,\"name\":\"Home\",\"item\":\"https:\\\/\\\/www.eoc.ee\\\/\"},{\"@type\":\"ListItem\",\"position\":2,\"name\":\"AJALUGU JA TEOLOOGIA 2: K\u00f5rbeisade vaimsus: Katsumus kogu eluks\"}]},{\"@type\":\"WebSite\",\"@id\":\"https:\\\/\\\/www.eoc.ee\\\/#website\",\"url\":\"https:\\\/\\\/www.eoc.ee\\\/\",\"name\":\"\u00c9glise Orthodoxe d'Estonie\",\"description\":\"Eesti Apostlik-\u00d5igeusu Kirik\",\"potentialAction\":[{\"@type\":\"SearchAction\",\"target\":{\"@type\":\"EntryPoint\",\"urlTemplate\":\"https:\\\/\\\/www.eoc.ee\\\/?s={search_term_string}\"},\"query-input\":{\"@type\":\"PropertyValueSpecification\",\"valueRequired\":true,\"valueName\":\"search_term_string\"}}],\"inLanguage\":\"fr-FR\"}]}<\/script>\n<!-- \/ Yoast SEO plugin. -->","yoast_head_json":{"title":"AJALUGU JA TEOLOOGIA 2: K\u00f5rbeisade vaimsus: Katsumus kogu eluks &#8211; \u00c9glise Orthodoxe d'Estonie","robots":{"index":"index","follow":"follow","max-snippet":"max-snippet:-1","max-image-preview":"max-image-preview:large","max-video-preview":"max-video-preview:-1"},"canonical":"https:\/\/www.eoc.ee\/pood\/eestikeelne-kirjandus\/ajalugu-ja-teoloogia-2\/","og_locale":"fr_FR","og_type":"article","og_title":"AJALUGU JA TEOLOOGIA 2: K\u00f5rbeisade vaimsus: Katsumus kogu eluks &#8211; \u00c9glise Orthodoxe d'Estonie","og_description":"\u00d5igeusu askeetlus ei r\u00fcnda ihu, vaid on suunatud \"kurjade taevaaluste vaimude vastu\"(Ef 6:12), langenud vaimude vastu, kes aheldavad inimese kirgedesse, tehes temast lihalikele l\u00f5budele alluva t\u00e4iesti meeletu olendi. Puhas ihu saab aga Vaimu eluasemeks. Munga neitsilikkus ja karskus pole \u00fcksnes armuannid, vaid ka m\u00f5istusp\u00e4rase v\u00f5itluse tulemusel saavutatud \"vaimsed v\u00e4giteod\", mille p\u00f5him\u00f5tteks on \"\u00c4ra heida meelt!\" Vaimulikesse k\u00f5rgustesse saab p\u00fcrgida \u00fcksnes aste-astmelt. T\u00e4iuslikkuseni j\u00f5udmiseks tuleb lahti \u00f6elda kolmest asjast: -ihulikult tuleb loobuda rikkusest ja selle maailma varandusest; -m\u00f6\u00f6daniku kirgedest ja harjumustest tuleb loobuda nii m\u00f5ttes kui ihulikult; m\u00f5tted tuleb p\u00f6\u00f6rata k\u00f5igelt n\u00e4htavalt ja ajalikult ning suunata n\u00e4htamatu ja igavikulise kaemusele. Esimene rist on v\u00e4line, koosnedes kurbusest ja h\u00e4dadest, mis tabavad inimest maises elus; teine rist on sisemine v\u00f5itlus kirgede ja himude vastu; kolmas on enese andmine t\u00e4ielikult Jumala hooleks.","og_url":"https:\/\/www.eoc.ee\/pood\/eestikeelne-kirjandus\/ajalugu-ja-teoloogia-2\/","og_site_name":"\u00c9glise Orthodoxe d'Estonie","article_modified_time":"2021-01-28T11:02:29+00:00","og_image":[{"width":499,"height":800,"url":"https:\/\/www.eoc.ee\/wp-content\/uploads\/2020\/04\/0010-compressor.jpg","type":"image\/jpeg"}],"schema":{"@context":"https:\/\/schema.org","@graph":[{"@type":"WebPage","@id":"https:\/\/www.eoc.ee\/pood\/eestikeelne-kirjandus\/ajalugu-ja-teoloogia-2\/","url":"https:\/\/www.eoc.ee\/pood\/eestikeelne-kirjandus\/ajalugu-ja-teoloogia-2\/","name":"AJALUGU JA TEOLOOGIA 2: K\u00f5rbeisade vaimsus: Katsumus kogu eluks &#8211; \u00c9glise Orthodoxe d'Estonie","isPartOf":{"@id":"https:\/\/www.eoc.ee\/#website"},"primaryImageOfPage":{"@id":"https:\/\/www.eoc.ee\/pood\/eestikeelne-kirjandus\/ajalugu-ja-teoloogia-2\/#primaryimage"},"image":{"@id":"https:\/\/www.eoc.ee\/pood\/eestikeelne-kirjandus\/ajalugu-ja-teoloogia-2\/#primaryimage"},"thumbnailUrl":"https:\/\/www.eoc.ee\/wp-content\/uploads\/2020\/04\/0010-compressor.jpg","datePublished":"2020-04-28T22:24:16+00:00","dateModified":"2021-01-28T11:02:29+00:00","breadcrumb":{"@id":"https:\/\/www.eoc.ee\/pood\/eestikeelne-kirjandus\/ajalugu-ja-teoloogia-2\/#breadcrumb"},"inLanguage":"fr-FR","potentialAction":[{"@type":"ReadAction","target":["https:\/\/www.eoc.ee\/pood\/eestikeelne-kirjandus\/ajalugu-ja-teoloogia-2\/"]}]},{"@type":"ImageObject","inLanguage":"fr-FR","@id":"https:\/\/www.eoc.ee\/pood\/eestikeelne-kirjandus\/ajalugu-ja-teoloogia-2\/#primaryimage","url":"https:\/\/www.eoc.ee\/wp-content\/uploads\/2020\/04\/0010-compressor.jpg","contentUrl":"https:\/\/www.eoc.ee\/wp-content\/uploads\/2020\/04\/0010-compressor.jpg","width":499,"height":800,"caption":"Ajalugu ja Teoloogia 2"},{"@type":"BreadcrumbList","@id":"https:\/\/www.eoc.ee\/pood\/eestikeelne-kirjandus\/ajalugu-ja-teoloogia-2\/#breadcrumb","itemListElement":[{"@type":"ListItem","position":1,"name":"Home","item":"https:\/\/www.eoc.ee\/"},{"@type":"ListItem","position":2,"name":"AJALUGU JA TEOLOOGIA 2: K\u00f5rbeisade vaimsus: Katsumus kogu eluks"}]},{"@type":"WebSite","@id":"https:\/\/www.eoc.ee\/#website","url":"https:\/\/www.eoc.ee\/","name":"\u00c9glise Orthodoxe d'Estonie","description":"Eesti Apostlik-\u00d5igeusu Kirik","potentialAction":[{"@type":"SearchAction","target":{"@type":"EntryPoint","urlTemplate":"https:\/\/www.eoc.ee\/?s={search_term_string}"},"query-input":{"@type":"PropertyValueSpecification","valueRequired":true,"valueName":"search_term_string"}}],"inLanguage":"fr-FR"}]}},"_links":{"self":[{"href":"https:\/\/www.eoc.ee\/fr\/wp-json\/wp\/v2\/product\/32791","targetHints":{"allow":["GET"]}}],"collection":[{"href":"https:\/\/www.eoc.ee\/fr\/wp-json\/wp\/v2\/product"}],"about":[{"href":"https:\/\/www.eoc.ee\/fr\/wp-json\/wp\/v2\/types\/product"}],"wp:featuredmedia":[{"embeddable":true,"href":"https:\/\/www.eoc.ee\/fr\/wp-json\/wp\/v2\/media\/32792"}],"wp:attachment":[{"href":"https:\/\/www.eoc.ee\/fr\/wp-json\/wp\/v2\/media?parent=32791"}],"wp:term":[{"taxonomy":"product_brand","embeddable":true,"href":"https:\/\/www.eoc.ee\/fr\/wp-json\/wp\/v2\/product_brand?post=32791"},{"taxonomy":"product_cat","embeddable":true,"href":"https:\/\/www.eoc.ee\/fr\/wp-json\/wp\/v2\/product_cat?post=32791"},{"taxonomy":"product_tag","embeddable":true,"href":"https:\/\/www.eoc.ee\/fr\/wp-json\/wp\/v2\/product_tag?post=32791"}],"curies":[{"name":"wp","href":"https:\/\/api.w.org\/{rel}","templated":true}]}}