{"id":32797,"date":"2020-04-29T11:31:52","date_gmt":"2020-04-29T08:31:52","guid":{"rendered":"http:\/\/www.eoc.ee\/?post_type=product&#038;p=32797"},"modified":"2021-03-14T20:59:24","modified_gmt":"2021-03-14T18:59:24","slug":"lood-jeesusest","status":"publish","type":"product","link":"https:\/\/www.eoc.ee\/fr\/pood\/eestikeelne-kirjandus\/lood-jeesusest\/","title":{"rendered":"LOOD JEESUSEST"},"content":{"rendered":"<p><strong>Autorid:<\/strong> Eesti Piibliselts, K\u00fcllike Evartov<br \/>\n<strong>Ilmumise kuup\u00e4ev:<\/strong> 2019<br \/>\n<strong>Lehek\u00fclgi:<\/strong> 107<br \/>\n<strong>Formaat: <\/strong>K\u00f5vakaaneline<strong><br \/>\nKirjastus:<\/strong> Tallinna Raamatutr\u00fckikoda<br \/>\n<strong>ISBN:<\/strong> 978-9985-889-61-9<\/p>\n<p>&nbsp;<\/p>\n","protected":false},"excerpt":{"rendered":"<p>Raamat, mille eesm\u00e4rgiks on tutvustada Jeeuse eluteed evangeeliumide j\u00e4rgi, on rikkalikult illustreeritud traditsioonilises \u00f5igeusu ikoonistiilis. Teoses on l\u00fchikesed ja h\u00e4sti arusaadavad tekstid ning on m\u00f5eldud nii lastele kui ka vanematele. Iga lehek\u00fclg on hetk m\u00f5tisklemiseks, palveks ja t\u00e4namiseks. See on vaimne teekond, mille sihiks on aidata kohtuda Kristusega, kuulata Teda ja j\u00e4rgneda Talle.<\/p>\n","protected":false},"featured_media":32798,"template":"","meta":{"_exactmetrics_skip_tracking":false,"_exactmetrics_sitenote_active":false,"_exactmetrics_sitenote_note":"","_exactmetrics_sitenote_category":0,"_monsterinsights_skip_tracking":false,"_monsterinsights_sitenote_active":false,"_monsterinsights_sitenote_note":"","_monsterinsights_sitenote_category":0},"product_brand":[],"product_cat":[222,395],"product_tag":[271,272],"class_list":{"0":"post-32797","1":"product","2":"type-product","3":"status-publish","4":"has-post-thumbnail","6":"product_cat-eestikeelne-kirjandus","7":"product_cat-lastele","8":"product_tag-eesti-piibliselts","9":"product_tag-kullike-evartov","11":"first","12":"instock","13":"shipping-taxable","14":"purchasable","15":"product-type-simple"},"yoast_head":"<!-- This site is optimized with the Yoast SEO plugin v27.5 - https:\/\/yoast.com\/product\/yoast-seo-wordpress\/ -->\n<title>LOOD JEESUSEST &#8211; \u00c9glise Orthodoxe d&#039;Estonie<\/title>\n<meta name=\"description\" content=\"Raamat, mille eesm\u00e4rgiks on tutvustada Jeeuse eluteed evangeeliumide j\u00e4rgi, on rikkalikult illustreeritud traditsioonilises \u00f5igeusu ikoonistiilis. Teoses on l\u00fchikesed ja h\u00e4sti arusaadavad tekstid ning on m\u00f5eldud nii lastele kui ka vanematele.\" \/>\n<meta name=\"robots\" content=\"index, follow, max-snippet:-1, max-image-preview:large, max-video-preview:-1\" \/>\n<link rel=\"canonical\" href=\"https:\/\/www.eoc.ee\/pood\/eestikeelne-kirjandus\/lood-jeesusest\/\" \/>\n<meta property=\"og:locale\" content=\"fr_FR\" \/>\n<meta property=\"og:type\" content=\"article\" \/>\n<meta property=\"og:title\" content=\"LOOD JEESUSEST &#8211; \u00c9glise Orthodoxe d&#039;Estonie\" \/>\n<meta property=\"og:description\" content=\"Raamat, mille eesm\u00e4rgiks on tutvustada Jeeuse eluteed evangeeliumide j\u00e4rgi, on rikkalikult illustreeritud traditsioonilises \u00f5igeusu ikoonistiilis. Teoses on l\u00fchikesed ja h\u00e4sti arusaadavad tekstid ning on m\u00f5eldud nii lastele kui ka vanematele.\" \/>\n<meta property=\"og:url\" content=\"https:\/\/www.eoc.ee\/pood\/eestikeelne-kirjandus\/lood-jeesusest\/\" \/>\n<meta property=\"og:site_name\" content=\"\u00c9glise Orthodoxe d&#039;Estonie\" \/>\n<meta property=\"article:modified_time\" content=\"2021-03-14T18:59:24+00:00\" \/>\n<meta property=\"og:image\" content=\"https:\/\/www.eoc.ee\/wp-content\/uploads\/2020\/04\/0011-compressor.jpg\" \/>\n\t<meta property=\"og:image:width\" content=\"697\" \/>\n\t<meta property=\"og:image:height\" content=\"800\" \/>\n\t<meta property=\"og:image:type\" content=\"image\/jpeg\" \/>\n<script type=\"application\/ld+json\" class=\"yoast-schema-graph\">{\"@context\":\"https:\\\/\\\/schema.org\",\"@graph\":[{\"@type\":\"WebPage\",\"@id\":\"https:\\\/\\\/www.eoc.ee\\\/pood\\\/eestikeelne-kirjandus\\\/lood-jeesusest\\\/\",\"url\":\"https:\\\/\\\/www.eoc.ee\\\/pood\\\/eestikeelne-kirjandus\\\/lood-jeesusest\\\/\",\"name\":\"LOOD JEESUSEST &#8211; \u00c9glise Orthodoxe d'Estonie\",\"isPartOf\":{\"@id\":\"https:\\\/\\\/www.eoc.ee\\\/#website\"},\"primaryImageOfPage\":{\"@id\":\"https:\\\/\\\/www.eoc.ee\\\/pood\\\/eestikeelne-kirjandus\\\/lood-jeesusest\\\/#primaryimage\"},\"image\":{\"@id\":\"https:\\\/\\\/www.eoc.ee\\\/pood\\\/eestikeelne-kirjandus\\\/lood-jeesusest\\\/#primaryimage\"},\"thumbnailUrl\":\"https:\\\/\\\/www.eoc.ee\\\/wp-content\\\/uploads\\\/2020\\\/04\\\/0011-compressor.jpg\",\"datePublished\":\"2020-04-29T08:31:52+00:00\",\"dateModified\":\"2021-03-14T18:59:24+00:00\",\"description\":\"Raamat, mille eesm\u00e4rgiks on tutvustada Jeeuse eluteed evangeeliumide j\u00e4rgi, on rikkalikult illustreeritud traditsioonilises \u00f5igeusu ikoonistiilis. Teoses on l\u00fchikesed ja h\u00e4sti arusaadavad tekstid ning on m\u00f5eldud nii lastele kui ka vanematele.\",\"breadcrumb\":{\"@id\":\"https:\\\/\\\/www.eoc.ee\\\/pood\\\/eestikeelne-kirjandus\\\/lood-jeesusest\\\/#breadcrumb\"},\"inLanguage\":\"fr-FR\",\"potentialAction\":[{\"@type\":\"ReadAction\",\"target\":[\"https:\\\/\\\/www.eoc.ee\\\/pood\\\/eestikeelne-kirjandus\\\/lood-jeesusest\\\/\"]}]},{\"@type\":\"ImageObject\",\"inLanguage\":\"fr-FR\",\"@id\":\"https:\\\/\\\/www.eoc.ee\\\/pood\\\/eestikeelne-kirjandus\\\/lood-jeesusest\\\/#primaryimage\",\"url\":\"https:\\\/\\\/www.eoc.ee\\\/wp-content\\\/uploads\\\/2020\\\/04\\\/0011-compressor.jpg\",\"contentUrl\":\"https:\\\/\\\/www.eoc.ee\\\/wp-content\\\/uploads\\\/2020\\\/04\\\/0011-compressor.jpg\",\"width\":697,\"height\":800,\"caption\":\"Lood Jeesusest\"},{\"@type\":\"BreadcrumbList\",\"@id\":\"https:\\\/\\\/www.eoc.ee\\\/pood\\\/eestikeelne-kirjandus\\\/lood-jeesusest\\\/#breadcrumb\",\"itemListElement\":[{\"@type\":\"ListItem\",\"position\":1,\"name\":\"Home\",\"item\":\"https:\\\/\\\/www.eoc.ee\\\/\"},{\"@type\":\"ListItem\",\"position\":2,\"name\":\"LOOD JEESUSEST\"}]},{\"@type\":\"WebSite\",\"@id\":\"https:\\\/\\\/www.eoc.ee\\\/#website\",\"url\":\"https:\\\/\\\/www.eoc.ee\\\/\",\"name\":\"\u00c9glise Orthodoxe d'Estonie\",\"description\":\"Eesti Apostlik-\u00d5igeusu Kirik\",\"potentialAction\":[{\"@type\":\"SearchAction\",\"target\":{\"@type\":\"EntryPoint\",\"urlTemplate\":\"https:\\\/\\\/www.eoc.ee\\\/?s={search_term_string}\"},\"query-input\":{\"@type\":\"PropertyValueSpecification\",\"valueRequired\":true,\"valueName\":\"search_term_string\"}}],\"inLanguage\":\"fr-FR\"}]}<\/script>\n<!-- \/ Yoast SEO plugin. -->","yoast_head_json":{"title":"LOOD JEESUSEST &#8211; \u00c9glise Orthodoxe d'Estonie","description":"Raamat, mille eesm\u00e4rgiks on tutvustada Jeeuse eluteed evangeeliumide j\u00e4rgi, on rikkalikult illustreeritud traditsioonilises \u00f5igeusu ikoonistiilis. Teoses on l\u00fchikesed ja h\u00e4sti arusaadavad tekstid ning on m\u00f5eldud nii lastele kui ka vanematele.","robots":{"index":"index","follow":"follow","max-snippet":"max-snippet:-1","max-image-preview":"max-image-preview:large","max-video-preview":"max-video-preview:-1"},"canonical":"https:\/\/www.eoc.ee\/pood\/eestikeelne-kirjandus\/lood-jeesusest\/","og_locale":"fr_FR","og_type":"article","og_title":"LOOD JEESUSEST &#8211; \u00c9glise Orthodoxe d'Estonie","og_description":"Raamat, mille eesm\u00e4rgiks on tutvustada Jeeuse eluteed evangeeliumide j\u00e4rgi, on rikkalikult illustreeritud traditsioonilises \u00f5igeusu ikoonistiilis. Teoses on l\u00fchikesed ja h\u00e4sti arusaadavad tekstid ning on m\u00f5eldud nii lastele kui ka vanematele.","og_url":"https:\/\/www.eoc.ee\/pood\/eestikeelne-kirjandus\/lood-jeesusest\/","og_site_name":"\u00c9glise Orthodoxe d'Estonie","article_modified_time":"2021-03-14T18:59:24+00:00","og_image":[{"width":697,"height":800,"url":"https:\/\/www.eoc.ee\/wp-content\/uploads\/2020\/04\/0011-compressor.jpg","type":"image\/jpeg"}],"schema":{"@context":"https:\/\/schema.org","@graph":[{"@type":"WebPage","@id":"https:\/\/www.eoc.ee\/pood\/eestikeelne-kirjandus\/lood-jeesusest\/","url":"https:\/\/www.eoc.ee\/pood\/eestikeelne-kirjandus\/lood-jeesusest\/","name":"LOOD JEESUSEST &#8211; \u00c9glise Orthodoxe d'Estonie","isPartOf":{"@id":"https:\/\/www.eoc.ee\/#website"},"primaryImageOfPage":{"@id":"https:\/\/www.eoc.ee\/pood\/eestikeelne-kirjandus\/lood-jeesusest\/#primaryimage"},"image":{"@id":"https:\/\/www.eoc.ee\/pood\/eestikeelne-kirjandus\/lood-jeesusest\/#primaryimage"},"thumbnailUrl":"https:\/\/www.eoc.ee\/wp-content\/uploads\/2020\/04\/0011-compressor.jpg","datePublished":"2020-04-29T08:31:52+00:00","dateModified":"2021-03-14T18:59:24+00:00","description":"Raamat, mille eesm\u00e4rgiks on tutvustada Jeeuse eluteed evangeeliumide j\u00e4rgi, on rikkalikult illustreeritud traditsioonilises \u00f5igeusu ikoonistiilis. Teoses on l\u00fchikesed ja h\u00e4sti arusaadavad tekstid ning on m\u00f5eldud nii lastele kui ka vanematele.","breadcrumb":{"@id":"https:\/\/www.eoc.ee\/pood\/eestikeelne-kirjandus\/lood-jeesusest\/#breadcrumb"},"inLanguage":"fr-FR","potentialAction":[{"@type":"ReadAction","target":["https:\/\/www.eoc.ee\/pood\/eestikeelne-kirjandus\/lood-jeesusest\/"]}]},{"@type":"ImageObject","inLanguage":"fr-FR","@id":"https:\/\/www.eoc.ee\/pood\/eestikeelne-kirjandus\/lood-jeesusest\/#primaryimage","url":"https:\/\/www.eoc.ee\/wp-content\/uploads\/2020\/04\/0011-compressor.jpg","contentUrl":"https:\/\/www.eoc.ee\/wp-content\/uploads\/2020\/04\/0011-compressor.jpg","width":697,"height":800,"caption":"Lood Jeesusest"},{"@type":"BreadcrumbList","@id":"https:\/\/www.eoc.ee\/pood\/eestikeelne-kirjandus\/lood-jeesusest\/#breadcrumb","itemListElement":[{"@type":"ListItem","position":1,"name":"Home","item":"https:\/\/www.eoc.ee\/"},{"@type":"ListItem","position":2,"name":"LOOD JEESUSEST"}]},{"@type":"WebSite","@id":"https:\/\/www.eoc.ee\/#website","url":"https:\/\/www.eoc.ee\/","name":"\u00c9glise Orthodoxe d'Estonie","description":"Eesti Apostlik-\u00d5igeusu Kirik","potentialAction":[{"@type":"SearchAction","target":{"@type":"EntryPoint","urlTemplate":"https:\/\/www.eoc.ee\/?s={search_term_string}"},"query-input":{"@type":"PropertyValueSpecification","valueRequired":true,"valueName":"search_term_string"}}],"inLanguage":"fr-FR"}]}},"_links":{"self":[{"href":"https:\/\/www.eoc.ee\/fr\/wp-json\/wp\/v2\/product\/32797","targetHints":{"allow":["GET"]}}],"collection":[{"href":"https:\/\/www.eoc.ee\/fr\/wp-json\/wp\/v2\/product"}],"about":[{"href":"https:\/\/www.eoc.ee\/fr\/wp-json\/wp\/v2\/types\/product"}],"wp:featuredmedia":[{"embeddable":true,"href":"https:\/\/www.eoc.ee\/fr\/wp-json\/wp\/v2\/media\/32798"}],"wp:attachment":[{"href":"https:\/\/www.eoc.ee\/fr\/wp-json\/wp\/v2\/media?parent=32797"}],"wp:term":[{"taxonomy":"product_brand","embeddable":true,"href":"https:\/\/www.eoc.ee\/fr\/wp-json\/wp\/v2\/product_brand?post=32797"},{"taxonomy":"product_cat","embeddable":true,"href":"https:\/\/www.eoc.ee\/fr\/wp-json\/wp\/v2\/product_cat?post=32797"},{"taxonomy":"product_tag","embeddable":true,"href":"https:\/\/www.eoc.ee\/fr\/wp-json\/wp\/v2\/product_tag?post=32797"}],"curies":[{"name":"wp","href":"https:\/\/api.w.org\/{rel}","templated":true}]}}