{"id":32866,"date":"2020-04-28T16:08:17","date_gmt":"2020-04-28T13:08:17","guid":{"rendered":"http:\/\/www.eoc.ee\/?post_type=product&#038;p=32866"},"modified":"2021-03-06T16:02:15","modified_gmt":"2021-03-06T14:02:15","slug":"usk-ja-elu-nr-4-eraamat","status":"publish","type":"product","link":"https:\/\/www.eoc.ee\/fr\/pood\/usk-ja-elu-ajakirjad\/usk-ja-elu-nr-4-eraamat\/","title":{"rendered":"USK JA ELU \u00d5igeusu vaimulik ajakiri nr 4"},"content":{"rendered":"<p><strong>Toimetuse kolleegium:<\/strong> metropoliit Stefanus, arhimandriit prof. Grigorios Papathomas, \u00fclempreester Mattias Palli<br \/>\n<strong>Ilmumise kuup\u00e4ev:<\/strong> s\u00fcgis 2007<br \/>\n<strong>Lehek\u00fclgi:<\/strong>\u00a0140<br \/>\n<strong>Formaat: <\/strong>paberajakiri ja PDF<br \/>\n<strong>ISSN:<\/strong> 1736-4000<\/p>\n","protected":false},"excerpt":{"rendered":"<div class=\"page\" title=\"Page 1\">\n<div class=\"layoutArea\">\n<div class=\"column\">\n<p>Selles numbris:<\/p>\n<\/div>\n<\/div>\n<div class=\"layoutArea\">\n<div class=\"column\">\n<ul>\n<li>\u00ab\u00a0S\u00fcda muutuda v\u00f5ib kordi \u00fches hetkes\u00a0\u00bb <strong>Kroonlinna P\u00fcha Joann<\/strong><\/li>\n<li>\u00ab\u00a0Abielu \u00d5igeusu Kirikus\u00a0\u00bb <strong>metropoliit Stefanus<\/strong><\/li>\n<li>\u00ab\u00a0\u00d5igeusu Kirik ja seksuaalsus\u00a0\u00bb\u00a0<strong> Olivier Cl\u00e9ment<\/strong><\/li>\n<li>\u00ab\u00a0Armastus, abielu ja seksuaalsus\u00a0\u00bb <strong>John Chryssavgis<\/strong><\/li>\n<li>\u00ab\u00a0Homoseksuaalsus, loomuvastane loomus?\u00a0\u00bb <strong>arhimandriit prof. Hdr. Grigorios Papathomas<\/strong><\/li>\n<li>\u00ab\u00a0Risti rahwa abbi kasa kohhus\u00a0\u00bb abielujuhised Riia Vaimuliku Seminari ajakirja Jumala kartuse Kool 1857. aasta numbris<\/li>\n<li>\u00ab\u00a0P\u00fcha Johannes Kuldsuu ristimisjutlused\u00a0\u00bb<\/li>\n<li>\u00ab\u00a0\u00d5igeusk Eestis\u00a0\u00bb <strong>J\u00fcri Kot\u0161inev<\/strong><\/li>\n<li>\u00ab\u00a0Eestlane luterluse ja \u00f5igeusu vahel\u00a0\u00bb <strong>Riho Saard<\/strong><\/li>\n<li>Siim-Tanel Annuse kunst<\/li>\n<\/ul>\n<\/div>\n<\/div>\n<\/div>\n","protected":false},"featured_media":32824,"template":"","meta":{"_exactmetrics_skip_tracking":false,"_exactmetrics_sitenote_active":false,"_exactmetrics_sitenote_note":"","_exactmetrics_sitenote_category":0,"_monsterinsights_skip_tracking":false,"_monsterinsights_sitenote_active":false,"_monsterinsights_sitenote_note":"","_monsterinsights_sitenote_category":0},"product_brand":[],"product_cat":[260],"product_tag":[295,263,278,294,296,292,261,300,293,291,297],"class_list":{"0":"post-32866","1":"product","2":"type-product","3":"status-publish","4":"has-post-thumbnail","6":"product_cat-usk-ja-elu-ajakirjad","7":"product_tag-abielu","8":"product_tag-grigorios-papathomas","9":"product_tag-johannes-kuldsuu","10":"product_tag-john-chryssavgis","11":"product_tag-juri-kotsinev","12":"product_tag-kroonlinna-puha-joann","13":"product_tag-metropoliit-stefanus","14":"product_tag-oigeusk-eestis","15":"product_tag-olivier-clement","16":"product_tag-riho-saard","17":"product_tag-siim-tanel-annus","19":"first","20":"instock","21":"shipping-taxable","22":"purchasable","23":"product-type-variable"},"yoast_head":"<!-- This site is optimized with the Yoast SEO plugin v27.5 - https:\/\/yoast.com\/product\/yoast-seo-wordpress\/ -->\n<title>USK JA ELU \u00d5igeusu vaimulik ajakiri nr 4 &#8211; \u00c9glise Orthodoxe d&#039;Estonie<\/title>\n<meta name=\"robots\" content=\"index, follow, max-snippet:-1, max-image-preview:large, max-video-preview:-1\" \/>\n<link rel=\"canonical\" href=\"https:\/\/www.eoc.ee\/pood\/usk-ja-elu-ajakirjad\/usk-ja-elu-nr-4-eraamat\/\" \/>\n<meta property=\"og:locale\" content=\"fr_FR\" \/>\n<meta property=\"og:type\" content=\"article\" \/>\n<meta property=\"og:title\" content=\"USK JA ELU \u00d5igeusu vaimulik ajakiri nr 4 &#8211; \u00c9glise Orthodoxe d&#039;Estonie\" \/>\n<meta property=\"og:description\" content=\"Selles numbris:        &quot;S\u00fcda muutuda v\u00f5ib kordi \u00fches hetkes&quot; Kroonlinna P\u00fcha Joann  &quot;Abielu \u00d5igeusu Kirikus&quot; metropoliit Stefanus  &quot;\u00d5igeusu Kirik ja seksuaalsus&quot;\u00a0 Olivier Cl\u00e9ment  &quot;Armastus, abielu ja seksuaalsus&quot; John Chryssavgis  &quot;Homoseksuaalsus, loomuvastane loomus?&quot; arhimandriit prof. Hdr. Grigorios Papathomas  &quot;Risti rahwa abbi kasa kohhus&quot; abielujuhised Riia Vaimuliku Seminari ajakirja Jumala kartuse Kool 1857. aasta numbris  &quot;P\u00fcha Johannes Kuldsuu ristimisjutlused&quot;  &quot;\u00d5igeusk Eestis&quot; J\u00fcri Kot\u0161inev  &quot;Eestlane luterluse ja \u00f5igeusu vahel&quot; Riho Saard  Siim-Tanel Annuse kunst\" \/>\n<meta property=\"og:url\" content=\"https:\/\/www.eoc.ee\/pood\/usk-ja-elu-ajakirjad\/usk-ja-elu-nr-4-eraamat\/\" \/>\n<meta property=\"og:site_name\" content=\"\u00c9glise Orthodoxe d&#039;Estonie\" \/>\n<meta property=\"article:modified_time\" content=\"2021-03-06T14:02:15+00:00\" \/>\n<meta property=\"og:image\" content=\"https:\/\/www.eoc.ee\/wp-content\/uploads\/2020\/04\/Screenshot-2020-04-28-at-13.13.26.png\" \/>\n\t<meta property=\"og:image:width\" content=\"607\" \/>\n\t<meta property=\"og:image:height\" content=\"472\" \/>\n\t<meta property=\"og:image:type\" content=\"image\/png\" \/>\n<script type=\"application\/ld+json\" class=\"yoast-schema-graph\">{\"@context\":\"https:\\\/\\\/schema.org\",\"@graph\":[{\"@type\":\"WebPage\",\"@id\":\"https:\\\/\\\/www.eoc.ee\\\/pood\\\/usk-ja-elu-ajakirjad\\\/usk-ja-elu-nr-4-eraamat\\\/\",\"url\":\"https:\\\/\\\/www.eoc.ee\\\/pood\\\/usk-ja-elu-ajakirjad\\\/usk-ja-elu-nr-4-eraamat\\\/\",\"name\":\"USK JA ELU \u00d5igeusu vaimulik ajakiri nr 4 &#8211; \u00c9glise Orthodoxe d'Estonie\",\"isPartOf\":{\"@id\":\"https:\\\/\\\/www.eoc.ee\\\/#website\"},\"primaryImageOfPage\":{\"@id\":\"https:\\\/\\\/www.eoc.ee\\\/pood\\\/usk-ja-elu-ajakirjad\\\/usk-ja-elu-nr-4-eraamat\\\/#primaryimage\"},\"image\":{\"@id\":\"https:\\\/\\\/www.eoc.ee\\\/pood\\\/usk-ja-elu-ajakirjad\\\/usk-ja-elu-nr-4-eraamat\\\/#primaryimage\"},\"thumbnailUrl\":\"https:\\\/\\\/www.eoc.ee\\\/wp-content\\\/uploads\\\/2020\\\/04\\\/Screenshot-2020-04-28-at-13.13.26.png\",\"datePublished\":\"2020-04-28T13:08:17+00:00\",\"dateModified\":\"2021-03-06T14:02:15+00:00\",\"breadcrumb\":{\"@id\":\"https:\\\/\\\/www.eoc.ee\\\/pood\\\/usk-ja-elu-ajakirjad\\\/usk-ja-elu-nr-4-eraamat\\\/#breadcrumb\"},\"inLanguage\":\"fr-FR\",\"potentialAction\":[{\"@type\":\"ReadAction\",\"target\":[\"https:\\\/\\\/www.eoc.ee\\\/pood\\\/usk-ja-elu-ajakirjad\\\/usk-ja-elu-nr-4-eraamat\\\/\"]}]},{\"@type\":\"ImageObject\",\"inLanguage\":\"fr-FR\",\"@id\":\"https:\\\/\\\/www.eoc.ee\\\/pood\\\/usk-ja-elu-ajakirjad\\\/usk-ja-elu-nr-4-eraamat\\\/#primaryimage\",\"url\":\"https:\\\/\\\/www.eoc.ee\\\/wp-content\\\/uploads\\\/2020\\\/04\\\/Screenshot-2020-04-28-at-13.13.26.png\",\"contentUrl\":\"https:\\\/\\\/www.eoc.ee\\\/wp-content\\\/uploads\\\/2020\\\/04\\\/Screenshot-2020-04-28-at-13.13.26.png\",\"width\":607,\"height\":472,\"caption\":\"USK JA ELU ajakiri\"},{\"@type\":\"BreadcrumbList\",\"@id\":\"https:\\\/\\\/www.eoc.ee\\\/pood\\\/usk-ja-elu-ajakirjad\\\/usk-ja-elu-nr-4-eraamat\\\/#breadcrumb\",\"itemListElement\":[{\"@type\":\"ListItem\",\"position\":1,\"name\":\"Home\",\"item\":\"https:\\\/\\\/www.eoc.ee\\\/\"},{\"@type\":\"ListItem\",\"position\":2,\"name\":\"USK JA ELU \u00d5igeusu vaimulik ajakiri nr 4\"}]},{\"@type\":\"WebSite\",\"@id\":\"https:\\\/\\\/www.eoc.ee\\\/#website\",\"url\":\"https:\\\/\\\/www.eoc.ee\\\/\",\"name\":\"\u00c9glise Orthodoxe d'Estonie\",\"description\":\"Eesti Apostlik-\u00d5igeusu Kirik\",\"potentialAction\":[{\"@type\":\"SearchAction\",\"target\":{\"@type\":\"EntryPoint\",\"urlTemplate\":\"https:\\\/\\\/www.eoc.ee\\\/?s={search_term_string}\"},\"query-input\":{\"@type\":\"PropertyValueSpecification\",\"valueRequired\":true,\"valueName\":\"search_term_string\"}}],\"inLanguage\":\"fr-FR\"}]}<\/script>\n<!-- \/ Yoast SEO plugin. -->","yoast_head_json":{"title":"USK JA ELU \u00d5igeusu vaimulik ajakiri nr 4 &#8211; \u00c9glise Orthodoxe d'Estonie","robots":{"index":"index","follow":"follow","max-snippet":"max-snippet:-1","max-image-preview":"max-image-preview:large","max-video-preview":"max-video-preview:-1"},"canonical":"https:\/\/www.eoc.ee\/pood\/usk-ja-elu-ajakirjad\/usk-ja-elu-nr-4-eraamat\/","og_locale":"fr_FR","og_type":"article","og_title":"USK JA ELU \u00d5igeusu vaimulik ajakiri nr 4 &#8211; \u00c9glise Orthodoxe d'Estonie","og_description":"Selles numbris:        \"S\u00fcda muutuda v\u00f5ib kordi \u00fches hetkes\" Kroonlinna P\u00fcha Joann  \"Abielu \u00d5igeusu Kirikus\" metropoliit Stefanus  \"\u00d5igeusu Kirik ja seksuaalsus\"\u00a0 Olivier Cl\u00e9ment  \"Armastus, abielu ja seksuaalsus\" John Chryssavgis  \"Homoseksuaalsus, loomuvastane loomus?\" arhimandriit prof. Hdr. Grigorios Papathomas  \"Risti rahwa abbi kasa kohhus\" abielujuhised Riia Vaimuliku Seminari ajakirja Jumala kartuse Kool 1857. aasta numbris  \"P\u00fcha Johannes Kuldsuu ristimisjutlused\"  \"\u00d5igeusk Eestis\" J\u00fcri Kot\u0161inev  \"Eestlane luterluse ja \u00f5igeusu vahel\" Riho Saard  Siim-Tanel Annuse kunst","og_url":"https:\/\/www.eoc.ee\/pood\/usk-ja-elu-ajakirjad\/usk-ja-elu-nr-4-eraamat\/","og_site_name":"\u00c9glise Orthodoxe d'Estonie","article_modified_time":"2021-03-06T14:02:15+00:00","og_image":[{"width":607,"height":472,"url":"https:\/\/www.eoc.ee\/wp-content\/uploads\/2020\/04\/Screenshot-2020-04-28-at-13.13.26.png","type":"image\/png"}],"schema":{"@context":"https:\/\/schema.org","@graph":[{"@type":"WebPage","@id":"https:\/\/www.eoc.ee\/pood\/usk-ja-elu-ajakirjad\/usk-ja-elu-nr-4-eraamat\/","url":"https:\/\/www.eoc.ee\/pood\/usk-ja-elu-ajakirjad\/usk-ja-elu-nr-4-eraamat\/","name":"USK JA ELU \u00d5igeusu vaimulik ajakiri nr 4 &#8211; \u00c9glise Orthodoxe d'Estonie","isPartOf":{"@id":"https:\/\/www.eoc.ee\/#website"},"primaryImageOfPage":{"@id":"https:\/\/www.eoc.ee\/pood\/usk-ja-elu-ajakirjad\/usk-ja-elu-nr-4-eraamat\/#primaryimage"},"image":{"@id":"https:\/\/www.eoc.ee\/pood\/usk-ja-elu-ajakirjad\/usk-ja-elu-nr-4-eraamat\/#primaryimage"},"thumbnailUrl":"https:\/\/www.eoc.ee\/wp-content\/uploads\/2020\/04\/Screenshot-2020-04-28-at-13.13.26.png","datePublished":"2020-04-28T13:08:17+00:00","dateModified":"2021-03-06T14:02:15+00:00","breadcrumb":{"@id":"https:\/\/www.eoc.ee\/pood\/usk-ja-elu-ajakirjad\/usk-ja-elu-nr-4-eraamat\/#breadcrumb"},"inLanguage":"fr-FR","potentialAction":[{"@type":"ReadAction","target":["https:\/\/www.eoc.ee\/pood\/usk-ja-elu-ajakirjad\/usk-ja-elu-nr-4-eraamat\/"]}]},{"@type":"ImageObject","inLanguage":"fr-FR","@id":"https:\/\/www.eoc.ee\/pood\/usk-ja-elu-ajakirjad\/usk-ja-elu-nr-4-eraamat\/#primaryimage","url":"https:\/\/www.eoc.ee\/wp-content\/uploads\/2020\/04\/Screenshot-2020-04-28-at-13.13.26.png","contentUrl":"https:\/\/www.eoc.ee\/wp-content\/uploads\/2020\/04\/Screenshot-2020-04-28-at-13.13.26.png","width":607,"height":472,"caption":"USK JA ELU ajakiri"},{"@type":"BreadcrumbList","@id":"https:\/\/www.eoc.ee\/pood\/usk-ja-elu-ajakirjad\/usk-ja-elu-nr-4-eraamat\/#breadcrumb","itemListElement":[{"@type":"ListItem","position":1,"name":"Home","item":"https:\/\/www.eoc.ee\/"},{"@type":"ListItem","position":2,"name":"USK JA ELU \u00d5igeusu vaimulik ajakiri nr 4"}]},{"@type":"WebSite","@id":"https:\/\/www.eoc.ee\/#website","url":"https:\/\/www.eoc.ee\/","name":"\u00c9glise Orthodoxe d'Estonie","description":"Eesti Apostlik-\u00d5igeusu Kirik","potentialAction":[{"@type":"SearchAction","target":{"@type":"EntryPoint","urlTemplate":"https:\/\/www.eoc.ee\/?s={search_term_string}"},"query-input":{"@type":"PropertyValueSpecification","valueRequired":true,"valueName":"search_term_string"}}],"inLanguage":"fr-FR"}]}},"_links":{"self":[{"href":"https:\/\/www.eoc.ee\/fr\/wp-json\/wp\/v2\/product\/32866","targetHints":{"allow":["GET"]}}],"collection":[{"href":"https:\/\/www.eoc.ee\/fr\/wp-json\/wp\/v2\/product"}],"about":[{"href":"https:\/\/www.eoc.ee\/fr\/wp-json\/wp\/v2\/types\/product"}],"wp:featuredmedia":[{"embeddable":true,"href":"https:\/\/www.eoc.ee\/fr\/wp-json\/wp\/v2\/media\/32824"}],"wp:attachment":[{"href":"https:\/\/www.eoc.ee\/fr\/wp-json\/wp\/v2\/media?parent=32866"}],"wp:term":[{"taxonomy":"product_brand","embeddable":true,"href":"https:\/\/www.eoc.ee\/fr\/wp-json\/wp\/v2\/product_brand?post=32866"},{"taxonomy":"product_cat","embeddable":true,"href":"https:\/\/www.eoc.ee\/fr\/wp-json\/wp\/v2\/product_cat?post=32866"},{"taxonomy":"product_tag","embeddable":true,"href":"https:\/\/www.eoc.ee\/fr\/wp-json\/wp\/v2\/product_tag?post=32866"}],"curies":[{"name":"wp","href":"https:\/\/api.w.org\/{rel}","templated":true}]}}