{"id":32867,"date":"2020-04-28T16:14:39","date_gmt":"2020-04-28T13:14:39","guid":{"rendered":"http:\/\/www.eoc.ee\/?post_type=product&#038;p=32867"},"modified":"2021-03-06T16:01:45","modified_gmt":"2021-03-06T14:01:45","slug":"usk-ja-elu-nr-5-eraamat","status":"publish","type":"product","link":"https:\/\/www.eoc.ee\/fr\/pood\/usk-ja-elu-ajakirjad\/usk-ja-elu-nr-5-eraamat\/","title":{"rendered":"USK JA ELU \u00d5igeusu vaimulik ajakiri nr 5"},"content":{"rendered":"<p><strong>Toimetuse kolleegium:<\/strong> metropoliit Stefanus, arhimandriit prof. Grigorios Papathomas, \u00fclempreester Mattias Palli<br \/>\n<strong>Ilmumise kuup\u00e4ev:<\/strong> 2008<br \/>\n<strong>Lehek\u00fclgi:<\/strong>\u00a0160<br \/>\n<strong>Formaat: <\/strong>paberajakiri ja PDF<br \/>\n<strong>ISSN:<\/strong> 1736-4000<\/p>\n","protected":false},"excerpt":{"rendered":"<div class=\"page\" title=\"Page 1\">\n<div class=\"layoutArea\">\n<div class=\"column\">\n<p>Selles numbris:<\/p>\n<\/div>\n<\/div>\n<div class=\"layoutArea\">\n<div class=\"column\">\n<div class=\"page\" title=\"Page 3\">\n<div class=\"layoutArea\">\n<div class=\"column\">\n<ul>\n<li>\u00ab\u00a0\u00d5igeusk kui eestirahwa enesem\u00e4\u00e4ramise tegur\u00a0\u00bb <strong>\u00fclempreester Aleksander W\u00e4rat<\/strong><\/li>\n<li>\u00ab\u00a0Piiskop, piiskopkond ja kohalik kirik\u00a0\u00bb <strong>arhimandriit Hiiob Getcha<\/strong><\/li>\n<li>\u00ab\u00a0Kirikukogude kiriklikust teisesusest ja osadusest kahte s\u00fcmmeetrilisse h\u00e4lbimusse, rahvuskirikusse ja kiriklikku allaneelamisse\u00a0\u00bb <strong>Prof. Hdr. arhimandriit Grigorios D. Papathomas<\/strong><\/li>\n<li>\u00ab\u00a0Teoloogia ja areng kolmandal aastatuhandel\u00a0\u00bb <strong>metropoliit doktor Paul Yazigi<\/strong><\/li>\n<li>\u00ab\u00a0\u00d5igeusu s\u00f5num XXI sajandil\u00a0\u00bb\u00a0<strong>Boris Bobrinskoi<\/strong><\/li>\n<li>\u00ab\u00a0P\u00fcha Johannes Kuldsuu ristimisjutlused\u00a0\u00bb<\/li>\n<li>\u00ab\u00a0P\u00fcha Johannes Kuldsuu kopti kiriku traditsioonis\u00a0\u00bb <strong>metropoliit Bishoy<\/strong><\/li>\n<li>\u00ab\u00a0Kirriklik walmistamine sure Pastu aiaks\u00a0\u00bb juhised Riia Vaimuliku Seminari ajakirjast Jumala Kartuse Kool<\/li>\n<li>\u00ab\u00a0Pilk B\u00fctsantsi diplomaatiale\u00a0\u00bb <strong>David Vseviov<\/strong><\/li>\n<li>\u00ab\u00a0Gruusiast ja Gruusia \u00f5igeusu kirikust\u00a0\u00bb <strong>J\u00fcri Kot\u0161inev<\/strong><\/li>\n<li>Vive Tolli kunst<\/li>\n<\/ul>\n<\/div>\n<\/div>\n<\/div>\n<\/div>\n<\/div>\n<\/div>\n","protected":false},"featured_media":32824,"template":"","meta":{"_exactmetrics_skip_tracking":false,"_exactmetrics_sitenote_active":false,"_exactmetrics_sitenote_note":"","_exactmetrics_sitenote_category":0,"_monsterinsights_skip_tracking":false,"_monsterinsights_sitenote_active":false,"_monsterinsights_sitenote_note":"","_monsterinsights_sitenote_category":0},"product_brand":[],"product_cat":[260],"product_tag":[306,288,307,309,311,278,296,310,308,305],"class_list":{"0":"post-32867","1":"product","2":"type-product","3":"status-publish","4":"has-post-thumbnail","6":"product_cat-usk-ja-elu-ajakirjad","7":"product_tag-aleksander-warat","8":"product_tag-arhimandriit-grigorios-papathomas","9":"product_tag-arhimandriit-hiiob-getcha","10":"product_tag-boris-bobrinskoi","11":"product_tag-david-vseviov","12":"product_tag-johannes-kuldsuu","13":"product_tag-juri-kotsinev","14":"product_tag-metropoliit-bishoy","15":"product_tag-metropoliit-paul-yazigi","16":"product_tag-vive-tolli","18":"first","19":"instock","20":"shipping-taxable","21":"purchasable","22":"product-type-variable"},"yoast_head":"<!-- This site is optimized with the Yoast SEO plugin v27.5 - https:\/\/yoast.com\/product\/yoast-seo-wordpress\/ -->\n<title>USK JA ELU \u00d5igeusu vaimulik ajakiri nr 5 &#8211; \u00c9glise Orthodoxe d&#039;Estonie<\/title>\n<meta name=\"robots\" content=\"index, follow, max-snippet:-1, max-image-preview:large, max-video-preview:-1\" \/>\n<link rel=\"canonical\" href=\"https:\/\/www.eoc.ee\/pood\/usk-ja-elu-ajakirjad\/usk-ja-elu-nr-5-eraamat\/\" \/>\n<meta property=\"og:locale\" content=\"fr_FR\" \/>\n<meta property=\"og:type\" content=\"article\" \/>\n<meta property=\"og:title\" content=\"USK JA ELU \u00d5igeusu vaimulik ajakiri nr 5 &#8211; \u00c9glise Orthodoxe d&#039;Estonie\" \/>\n<meta property=\"og:description\" content=\"Selles numbris:           &quot;\u00d5igeusk kui eestirahwa enesem\u00e4\u00e4ramise tegur&quot; \u00fclempreester Aleksander W\u00e4rat  &quot;Piiskop, piiskopkond ja kohalik kirik&quot; arhimandriit Hiiob Getcha  &quot;Kirikukogude kiriklikust teisesusest ja osadusest kahte s\u00fcmmeetrilisse h\u00e4lbimusse, rahvuskirikusse ja kiriklikku allaneelamisse&quot; Prof. Hdr. arhimandriit Grigorios D. Papathomas  &quot;Teoloogia ja areng kolmandal aastatuhandel&quot; metropoliit doktor Paul Yazigi  &quot;\u00d5igeusu s\u00f5num XXI sajandil&quot;\u00a0Boris Bobrinskoi  &quot;P\u00fcha Johannes Kuldsuu ristimisjutlused&quot;  &quot;P\u00fcha Johannes Kuldsuu kopti kiriku traditsioonis&quot; metropoliit Bishoy  &quot;Kirriklik walmistamine sure Pastu aiaks&quot; juhised Riia Vaimuliku Seminari ajakirjast Jumala Kartuse Kool  &quot;Pilk B\u00fctsantsi diplomaatiale&quot; David Vseviov  &quot;Gruusiast ja Gruusia \u00f5igeusu kirikust&quot; J\u00fcri Kot\u0161inev  Vive Tolli kunst\" \/>\n<meta property=\"og:url\" content=\"https:\/\/www.eoc.ee\/pood\/usk-ja-elu-ajakirjad\/usk-ja-elu-nr-5-eraamat\/\" \/>\n<meta property=\"og:site_name\" content=\"\u00c9glise Orthodoxe d&#039;Estonie\" \/>\n<meta property=\"article:modified_time\" content=\"2021-03-06T14:01:45+00:00\" \/>\n<meta property=\"og:image\" content=\"https:\/\/www.eoc.ee\/wp-content\/uploads\/2020\/04\/Screenshot-2020-04-28-at-13.13.26.png\" \/>\n\t<meta property=\"og:image:width\" content=\"607\" \/>\n\t<meta property=\"og:image:height\" content=\"472\" \/>\n\t<meta property=\"og:image:type\" content=\"image\/png\" \/>\n<script type=\"application\/ld+json\" class=\"yoast-schema-graph\">{\"@context\":\"https:\\\/\\\/schema.org\",\"@graph\":[{\"@type\":\"WebPage\",\"@id\":\"https:\\\/\\\/www.eoc.ee\\\/pood\\\/usk-ja-elu-ajakirjad\\\/usk-ja-elu-nr-5-eraamat\\\/\",\"url\":\"https:\\\/\\\/www.eoc.ee\\\/pood\\\/usk-ja-elu-ajakirjad\\\/usk-ja-elu-nr-5-eraamat\\\/\",\"name\":\"USK JA ELU \u00d5igeusu vaimulik ajakiri nr 5 &#8211; \u00c9glise Orthodoxe d'Estonie\",\"isPartOf\":{\"@id\":\"https:\\\/\\\/www.eoc.ee\\\/#website\"},\"primaryImageOfPage\":{\"@id\":\"https:\\\/\\\/www.eoc.ee\\\/pood\\\/usk-ja-elu-ajakirjad\\\/usk-ja-elu-nr-5-eraamat\\\/#primaryimage\"},\"image\":{\"@id\":\"https:\\\/\\\/www.eoc.ee\\\/pood\\\/usk-ja-elu-ajakirjad\\\/usk-ja-elu-nr-5-eraamat\\\/#primaryimage\"},\"thumbnailUrl\":\"https:\\\/\\\/www.eoc.ee\\\/wp-content\\\/uploads\\\/2020\\\/04\\\/Screenshot-2020-04-28-at-13.13.26.png\",\"datePublished\":\"2020-04-28T13:14:39+00:00\",\"dateModified\":\"2021-03-06T14:01:45+00:00\",\"breadcrumb\":{\"@id\":\"https:\\\/\\\/www.eoc.ee\\\/pood\\\/usk-ja-elu-ajakirjad\\\/usk-ja-elu-nr-5-eraamat\\\/#breadcrumb\"},\"inLanguage\":\"fr-FR\",\"potentialAction\":[{\"@type\":\"ReadAction\",\"target\":[\"https:\\\/\\\/www.eoc.ee\\\/pood\\\/usk-ja-elu-ajakirjad\\\/usk-ja-elu-nr-5-eraamat\\\/\"]}]},{\"@type\":\"ImageObject\",\"inLanguage\":\"fr-FR\",\"@id\":\"https:\\\/\\\/www.eoc.ee\\\/pood\\\/usk-ja-elu-ajakirjad\\\/usk-ja-elu-nr-5-eraamat\\\/#primaryimage\",\"url\":\"https:\\\/\\\/www.eoc.ee\\\/wp-content\\\/uploads\\\/2020\\\/04\\\/Screenshot-2020-04-28-at-13.13.26.png\",\"contentUrl\":\"https:\\\/\\\/www.eoc.ee\\\/wp-content\\\/uploads\\\/2020\\\/04\\\/Screenshot-2020-04-28-at-13.13.26.png\",\"width\":607,\"height\":472,\"caption\":\"USK JA ELU ajakiri\"},{\"@type\":\"BreadcrumbList\",\"@id\":\"https:\\\/\\\/www.eoc.ee\\\/pood\\\/usk-ja-elu-ajakirjad\\\/usk-ja-elu-nr-5-eraamat\\\/#breadcrumb\",\"itemListElement\":[{\"@type\":\"ListItem\",\"position\":1,\"name\":\"Home\",\"item\":\"https:\\\/\\\/www.eoc.ee\\\/\"},{\"@type\":\"ListItem\",\"position\":2,\"name\":\"USK JA ELU \u00d5igeusu vaimulik ajakiri nr 5\"}]},{\"@type\":\"WebSite\",\"@id\":\"https:\\\/\\\/www.eoc.ee\\\/#website\",\"url\":\"https:\\\/\\\/www.eoc.ee\\\/\",\"name\":\"\u00c9glise Orthodoxe d'Estonie\",\"description\":\"Eesti Apostlik-\u00d5igeusu Kirik\",\"potentialAction\":[{\"@type\":\"SearchAction\",\"target\":{\"@type\":\"EntryPoint\",\"urlTemplate\":\"https:\\\/\\\/www.eoc.ee\\\/?s={search_term_string}\"},\"query-input\":{\"@type\":\"PropertyValueSpecification\",\"valueRequired\":true,\"valueName\":\"search_term_string\"}}],\"inLanguage\":\"fr-FR\"}]}<\/script>\n<!-- \/ Yoast SEO plugin. -->","yoast_head_json":{"title":"USK JA ELU \u00d5igeusu vaimulik ajakiri nr 5 &#8211; \u00c9glise Orthodoxe d'Estonie","robots":{"index":"index","follow":"follow","max-snippet":"max-snippet:-1","max-image-preview":"max-image-preview:large","max-video-preview":"max-video-preview:-1"},"canonical":"https:\/\/www.eoc.ee\/pood\/usk-ja-elu-ajakirjad\/usk-ja-elu-nr-5-eraamat\/","og_locale":"fr_FR","og_type":"article","og_title":"USK JA ELU \u00d5igeusu vaimulik ajakiri nr 5 &#8211; \u00c9glise Orthodoxe d'Estonie","og_description":"Selles numbris:           \"\u00d5igeusk kui eestirahwa enesem\u00e4\u00e4ramise tegur\" \u00fclempreester Aleksander W\u00e4rat  \"Piiskop, piiskopkond ja kohalik kirik\" arhimandriit Hiiob Getcha  \"Kirikukogude kiriklikust teisesusest ja osadusest kahte s\u00fcmmeetrilisse h\u00e4lbimusse, rahvuskirikusse ja kiriklikku allaneelamisse\" Prof. Hdr. arhimandriit Grigorios D. Papathomas  \"Teoloogia ja areng kolmandal aastatuhandel\" metropoliit doktor Paul Yazigi  \"\u00d5igeusu s\u00f5num XXI sajandil\"\u00a0Boris Bobrinskoi  \"P\u00fcha Johannes Kuldsuu ristimisjutlused\"  \"P\u00fcha Johannes Kuldsuu kopti kiriku traditsioonis\" metropoliit Bishoy  \"Kirriklik walmistamine sure Pastu aiaks\" juhised Riia Vaimuliku Seminari ajakirjast Jumala Kartuse Kool  \"Pilk B\u00fctsantsi diplomaatiale\" David Vseviov  \"Gruusiast ja Gruusia \u00f5igeusu kirikust\" J\u00fcri Kot\u0161inev  Vive Tolli kunst","og_url":"https:\/\/www.eoc.ee\/pood\/usk-ja-elu-ajakirjad\/usk-ja-elu-nr-5-eraamat\/","og_site_name":"\u00c9glise Orthodoxe d'Estonie","article_modified_time":"2021-03-06T14:01:45+00:00","og_image":[{"width":607,"height":472,"url":"https:\/\/www.eoc.ee\/wp-content\/uploads\/2020\/04\/Screenshot-2020-04-28-at-13.13.26.png","type":"image\/png"}],"schema":{"@context":"https:\/\/schema.org","@graph":[{"@type":"WebPage","@id":"https:\/\/www.eoc.ee\/pood\/usk-ja-elu-ajakirjad\/usk-ja-elu-nr-5-eraamat\/","url":"https:\/\/www.eoc.ee\/pood\/usk-ja-elu-ajakirjad\/usk-ja-elu-nr-5-eraamat\/","name":"USK JA ELU \u00d5igeusu vaimulik ajakiri nr 5 &#8211; \u00c9glise Orthodoxe d'Estonie","isPartOf":{"@id":"https:\/\/www.eoc.ee\/#website"},"primaryImageOfPage":{"@id":"https:\/\/www.eoc.ee\/pood\/usk-ja-elu-ajakirjad\/usk-ja-elu-nr-5-eraamat\/#primaryimage"},"image":{"@id":"https:\/\/www.eoc.ee\/pood\/usk-ja-elu-ajakirjad\/usk-ja-elu-nr-5-eraamat\/#primaryimage"},"thumbnailUrl":"https:\/\/www.eoc.ee\/wp-content\/uploads\/2020\/04\/Screenshot-2020-04-28-at-13.13.26.png","datePublished":"2020-04-28T13:14:39+00:00","dateModified":"2021-03-06T14:01:45+00:00","breadcrumb":{"@id":"https:\/\/www.eoc.ee\/pood\/usk-ja-elu-ajakirjad\/usk-ja-elu-nr-5-eraamat\/#breadcrumb"},"inLanguage":"fr-FR","potentialAction":[{"@type":"ReadAction","target":["https:\/\/www.eoc.ee\/pood\/usk-ja-elu-ajakirjad\/usk-ja-elu-nr-5-eraamat\/"]}]},{"@type":"ImageObject","inLanguage":"fr-FR","@id":"https:\/\/www.eoc.ee\/pood\/usk-ja-elu-ajakirjad\/usk-ja-elu-nr-5-eraamat\/#primaryimage","url":"https:\/\/www.eoc.ee\/wp-content\/uploads\/2020\/04\/Screenshot-2020-04-28-at-13.13.26.png","contentUrl":"https:\/\/www.eoc.ee\/wp-content\/uploads\/2020\/04\/Screenshot-2020-04-28-at-13.13.26.png","width":607,"height":472,"caption":"USK JA ELU ajakiri"},{"@type":"BreadcrumbList","@id":"https:\/\/www.eoc.ee\/pood\/usk-ja-elu-ajakirjad\/usk-ja-elu-nr-5-eraamat\/#breadcrumb","itemListElement":[{"@type":"ListItem","position":1,"name":"Home","item":"https:\/\/www.eoc.ee\/"},{"@type":"ListItem","position":2,"name":"USK JA ELU \u00d5igeusu vaimulik ajakiri nr 5"}]},{"@type":"WebSite","@id":"https:\/\/www.eoc.ee\/#website","url":"https:\/\/www.eoc.ee\/","name":"\u00c9glise Orthodoxe d'Estonie","description":"Eesti Apostlik-\u00d5igeusu Kirik","potentialAction":[{"@type":"SearchAction","target":{"@type":"EntryPoint","urlTemplate":"https:\/\/www.eoc.ee\/?s={search_term_string}"},"query-input":{"@type":"PropertyValueSpecification","valueRequired":true,"valueName":"search_term_string"}}],"inLanguage":"fr-FR"}]}},"_links":{"self":[{"href":"https:\/\/www.eoc.ee\/fr\/wp-json\/wp\/v2\/product\/32867","targetHints":{"allow":["GET"]}}],"collection":[{"href":"https:\/\/www.eoc.ee\/fr\/wp-json\/wp\/v2\/product"}],"about":[{"href":"https:\/\/www.eoc.ee\/fr\/wp-json\/wp\/v2\/types\/product"}],"wp:featuredmedia":[{"embeddable":true,"href":"https:\/\/www.eoc.ee\/fr\/wp-json\/wp\/v2\/media\/32824"}],"wp:attachment":[{"href":"https:\/\/www.eoc.ee\/fr\/wp-json\/wp\/v2\/media?parent=32867"}],"wp:term":[{"taxonomy":"product_brand","embeddable":true,"href":"https:\/\/www.eoc.ee\/fr\/wp-json\/wp\/v2\/product_brand?post=32867"},{"taxonomy":"product_cat","embeddable":true,"href":"https:\/\/www.eoc.ee\/fr\/wp-json\/wp\/v2\/product_cat?post=32867"},{"taxonomy":"product_tag","embeddable":true,"href":"https:\/\/www.eoc.ee\/fr\/wp-json\/wp\/v2\/product_tag?post=32867"}],"curies":[{"name":"wp","href":"https:\/\/api.w.org\/{rel}","templated":true}]}}