{"id":33499,"date":"2021-01-13T13:23:59","date_gmt":"2021-01-13T11:23:59","guid":{"rendered":"http:\/\/www.eoc.ee\/?post_type=product&#038;p=33499"},"modified":"2023-04-17T01:00:51","modified_gmt":"2023-04-16T22:00:51","slug":"apostlik-oigeusu-lauluraamat-2-osa-paastutriood","status":"publish","type":"product","link":"https:\/\/www.eoc.ee\/fr\/pood\/lauluraamatud\/apostlik-oigeusu-lauluraamat-2-osa-paastutriood\/","title":{"rendered":"APOSTLIK-\u00d5IGEUSU LAULURAAMAT 2. OSA PAASTUTRIOOD"},"content":{"rendered":"<p><strong>Autorid: <\/strong>EA\u00d5K kirjastustoimkond<br \/>\n<strong>Ilmumise aeg:<\/strong> 2005<br \/>\n<strong>Lehek\u00fclgi:<\/strong> 348<br \/>\n<strong>Formaat: <\/strong>k\u00f5vakaaneline<strong><br \/>\nKirjastus:<\/strong> AS \u00dchiselu<\/p>\n","protected":false},"excerpt":{"rendered":"<p>K\u00e4esolev raamat on EA\u00d5K uue lauluraamatu ehk jumalateenistusliku kogumiku teine osa, mis sisaldab tekste Laatsaruse laup\u00e4evast, Palmipuudep\u00fchast ja Suurest n\u00e4dalast.<\/p>\n","protected":false},"featured_media":33780,"template":"","meta":{"_exactmetrics_skip_tracking":false,"_exactmetrics_sitenote_active":false,"_exactmetrics_sitenote_note":"","_exactmetrics_sitenote_category":0,"_monsterinsights_skip_tracking":false,"_monsterinsights_sitenote_active":false,"_monsterinsights_sitenote_note":"","_monsterinsights_sitenote_category":0},"product_brand":[],"product_cat":[446],"product_tag":[362,303],"class_list":{"0":"post-33499","1":"product","2":"type-product","3":"status-publish","4":"has-post-thumbnail","6":"product_cat-lauluraamatud","7":"product_tag-lauluraamat","8":"product_tag-paast","10":"first","11":"instock","12":"shipping-taxable","13":"purchasable","14":"product-type-simple"},"yoast_head":"<!-- This site is optimized with the Yoast SEO plugin v27.5 - https:\/\/yoast.com\/product\/yoast-seo-wordpress\/ -->\n<title>APOSTLIK-\u00d5IGEUSU LAULURAAMAT 2. OSA PAASTUTRIOOD &#8211; \u00c9glise Orthodoxe d&#039;Estonie<\/title>\n<meta name=\"robots\" content=\"index, follow, max-snippet:-1, max-image-preview:large, max-video-preview:-1\" \/>\n<link rel=\"canonical\" href=\"https:\/\/www.eoc.ee\/pood\/lauluraamatud\/apostlik-oigeusu-lauluraamat-2-osa-paastutriood\/\" \/>\n<meta property=\"og:locale\" content=\"fr_FR\" \/>\n<meta property=\"og:type\" content=\"article\" \/>\n<meta property=\"og:title\" content=\"APOSTLIK-\u00d5IGEUSU LAULURAAMAT 2. OSA PAASTUTRIOOD &#8211; \u00c9glise Orthodoxe d&#039;Estonie\" \/>\n<meta property=\"og:description\" content=\"K\u00e4esolev raamat on EA\u00d5K uue lauluraamatu ehk jumalateenistusliku kogumiku teine osa, mis sisaldab tekste Laatsaruse laup\u00e4evast, Palmipuudep\u00fchast ja Suurest n\u00e4dalast.\" \/>\n<meta property=\"og:url\" content=\"https:\/\/www.eoc.ee\/pood\/lauluraamatud\/apostlik-oigeusu-lauluraamat-2-osa-paastutriood\/\" \/>\n<meta property=\"og:site_name\" content=\"\u00c9glise Orthodoxe d&#039;Estonie\" \/>\n<meta property=\"article:modified_time\" content=\"2023-04-16T22:00:51+00:00\" \/>\n<meta property=\"og:image\" content=\"http:\/\/www.eoc.ee\/wp-content\/uploads\/2021\/02\/Screenshot-2021-02-03-at-18.08.03-2.png\" \/>\n\t<meta property=\"og:image:width\" content=\"846\" \/>\n\t<meta property=\"og:image:height\" content=\"1218\" \/>\n\t<meta property=\"og:image:type\" content=\"image\/png\" \/>\n<script type=\"application\/ld+json\" class=\"yoast-schema-graph\">{\"@context\":\"https:\\\/\\\/schema.org\",\"@graph\":[{\"@type\":\"WebPage\",\"@id\":\"https:\\\/\\\/www.eoc.ee\\\/pood\\\/lauluraamatud\\\/apostlik-oigeusu-lauluraamat-2-osa-paastutriood\\\/\",\"url\":\"https:\\\/\\\/www.eoc.ee\\\/pood\\\/lauluraamatud\\\/apostlik-oigeusu-lauluraamat-2-osa-paastutriood\\\/\",\"name\":\"APOSTLIK-\u00d5IGEUSU LAULURAAMAT 2. OSA PAASTUTRIOOD &#8211; \u00c9glise Orthodoxe d'Estonie\",\"isPartOf\":{\"@id\":\"https:\\\/\\\/www.eoc.ee\\\/#website\"},\"primaryImageOfPage\":{\"@id\":\"https:\\\/\\\/www.eoc.ee\\\/pood\\\/lauluraamatud\\\/apostlik-oigeusu-lauluraamat-2-osa-paastutriood\\\/#primaryimage\"},\"image\":{\"@id\":\"https:\\\/\\\/www.eoc.ee\\\/pood\\\/lauluraamatud\\\/apostlik-oigeusu-lauluraamat-2-osa-paastutriood\\\/#primaryimage\"},\"thumbnailUrl\":\"https:\\\/\\\/www.eoc.ee\\\/wp-content\\\/uploads\\\/2021\\\/02\\\/Screenshot-2021-02-03-at-18.08.03-2.png\",\"datePublished\":\"2021-01-13T11:23:59+00:00\",\"dateModified\":\"2023-04-16T22:00:51+00:00\",\"breadcrumb\":{\"@id\":\"https:\\\/\\\/www.eoc.ee\\\/pood\\\/lauluraamatud\\\/apostlik-oigeusu-lauluraamat-2-osa-paastutriood\\\/#breadcrumb\"},\"inLanguage\":\"fr-FR\",\"potentialAction\":[{\"@type\":\"ReadAction\",\"target\":[\"https:\\\/\\\/www.eoc.ee\\\/pood\\\/lauluraamatud\\\/apostlik-oigeusu-lauluraamat-2-osa-paastutriood\\\/\"]}]},{\"@type\":\"ImageObject\",\"inLanguage\":\"fr-FR\",\"@id\":\"https:\\\/\\\/www.eoc.ee\\\/pood\\\/lauluraamatud\\\/apostlik-oigeusu-lauluraamat-2-osa-paastutriood\\\/#primaryimage\",\"url\":\"https:\\\/\\\/www.eoc.ee\\\/wp-content\\\/uploads\\\/2021\\\/02\\\/Screenshot-2021-02-03-at-18.08.03-2.png\",\"contentUrl\":\"https:\\\/\\\/www.eoc.ee\\\/wp-content\\\/uploads\\\/2021\\\/02\\\/Screenshot-2021-02-03-at-18.08.03-2.png\",\"width\":846,\"height\":1218},{\"@type\":\"BreadcrumbList\",\"@id\":\"https:\\\/\\\/www.eoc.ee\\\/pood\\\/lauluraamatud\\\/apostlik-oigeusu-lauluraamat-2-osa-paastutriood\\\/#breadcrumb\",\"itemListElement\":[{\"@type\":\"ListItem\",\"position\":1,\"name\":\"Home\",\"item\":\"https:\\\/\\\/www.eoc.ee\\\/\"},{\"@type\":\"ListItem\",\"position\":2,\"name\":\"APOSTLIK-\u00d5IGEUSU LAULURAAMAT 2. OSA PAASTUTRIOOD\"}]},{\"@type\":\"WebSite\",\"@id\":\"https:\\\/\\\/www.eoc.ee\\\/#website\",\"url\":\"https:\\\/\\\/www.eoc.ee\\\/\",\"name\":\"\u00c9glise Orthodoxe d'Estonie\",\"description\":\"Eesti Apostlik-\u00d5igeusu Kirik\",\"potentialAction\":[{\"@type\":\"SearchAction\",\"target\":{\"@type\":\"EntryPoint\",\"urlTemplate\":\"https:\\\/\\\/www.eoc.ee\\\/?s={search_term_string}\"},\"query-input\":{\"@type\":\"PropertyValueSpecification\",\"valueRequired\":true,\"valueName\":\"search_term_string\"}}],\"inLanguage\":\"fr-FR\"}]}<\/script>\n<!-- \/ Yoast SEO plugin. -->","yoast_head_json":{"title":"APOSTLIK-\u00d5IGEUSU LAULURAAMAT 2. OSA PAASTUTRIOOD &#8211; \u00c9glise Orthodoxe d'Estonie","robots":{"index":"index","follow":"follow","max-snippet":"max-snippet:-1","max-image-preview":"max-image-preview:large","max-video-preview":"max-video-preview:-1"},"canonical":"https:\/\/www.eoc.ee\/pood\/lauluraamatud\/apostlik-oigeusu-lauluraamat-2-osa-paastutriood\/","og_locale":"fr_FR","og_type":"article","og_title":"APOSTLIK-\u00d5IGEUSU LAULURAAMAT 2. OSA PAASTUTRIOOD &#8211; \u00c9glise Orthodoxe d'Estonie","og_description":"K\u00e4esolev raamat on EA\u00d5K uue lauluraamatu ehk jumalateenistusliku kogumiku teine osa, mis sisaldab tekste Laatsaruse laup\u00e4evast, Palmipuudep\u00fchast ja Suurest n\u00e4dalast.","og_url":"https:\/\/www.eoc.ee\/pood\/lauluraamatud\/apostlik-oigeusu-lauluraamat-2-osa-paastutriood\/","og_site_name":"\u00c9glise Orthodoxe d'Estonie","article_modified_time":"2023-04-16T22:00:51+00:00","og_image":[{"width":846,"height":1218,"url":"http:\/\/www.eoc.ee\/wp-content\/uploads\/2021\/02\/Screenshot-2021-02-03-at-18.08.03-2.png","type":"image\/png"}],"schema":{"@context":"https:\/\/schema.org","@graph":[{"@type":"WebPage","@id":"https:\/\/www.eoc.ee\/pood\/lauluraamatud\/apostlik-oigeusu-lauluraamat-2-osa-paastutriood\/","url":"https:\/\/www.eoc.ee\/pood\/lauluraamatud\/apostlik-oigeusu-lauluraamat-2-osa-paastutriood\/","name":"APOSTLIK-\u00d5IGEUSU LAULURAAMAT 2. OSA PAASTUTRIOOD &#8211; \u00c9glise Orthodoxe d'Estonie","isPartOf":{"@id":"https:\/\/www.eoc.ee\/#website"},"primaryImageOfPage":{"@id":"https:\/\/www.eoc.ee\/pood\/lauluraamatud\/apostlik-oigeusu-lauluraamat-2-osa-paastutriood\/#primaryimage"},"image":{"@id":"https:\/\/www.eoc.ee\/pood\/lauluraamatud\/apostlik-oigeusu-lauluraamat-2-osa-paastutriood\/#primaryimage"},"thumbnailUrl":"https:\/\/www.eoc.ee\/wp-content\/uploads\/2021\/02\/Screenshot-2021-02-03-at-18.08.03-2.png","datePublished":"2021-01-13T11:23:59+00:00","dateModified":"2023-04-16T22:00:51+00:00","breadcrumb":{"@id":"https:\/\/www.eoc.ee\/pood\/lauluraamatud\/apostlik-oigeusu-lauluraamat-2-osa-paastutriood\/#breadcrumb"},"inLanguage":"fr-FR","potentialAction":[{"@type":"ReadAction","target":["https:\/\/www.eoc.ee\/pood\/lauluraamatud\/apostlik-oigeusu-lauluraamat-2-osa-paastutriood\/"]}]},{"@type":"ImageObject","inLanguage":"fr-FR","@id":"https:\/\/www.eoc.ee\/pood\/lauluraamatud\/apostlik-oigeusu-lauluraamat-2-osa-paastutriood\/#primaryimage","url":"https:\/\/www.eoc.ee\/wp-content\/uploads\/2021\/02\/Screenshot-2021-02-03-at-18.08.03-2.png","contentUrl":"https:\/\/www.eoc.ee\/wp-content\/uploads\/2021\/02\/Screenshot-2021-02-03-at-18.08.03-2.png","width":846,"height":1218},{"@type":"BreadcrumbList","@id":"https:\/\/www.eoc.ee\/pood\/lauluraamatud\/apostlik-oigeusu-lauluraamat-2-osa-paastutriood\/#breadcrumb","itemListElement":[{"@type":"ListItem","position":1,"name":"Home","item":"https:\/\/www.eoc.ee\/"},{"@type":"ListItem","position":2,"name":"APOSTLIK-\u00d5IGEUSU LAULURAAMAT 2. OSA PAASTUTRIOOD"}]},{"@type":"WebSite","@id":"https:\/\/www.eoc.ee\/#website","url":"https:\/\/www.eoc.ee\/","name":"\u00c9glise Orthodoxe d'Estonie","description":"Eesti Apostlik-\u00d5igeusu Kirik","potentialAction":[{"@type":"SearchAction","target":{"@type":"EntryPoint","urlTemplate":"https:\/\/www.eoc.ee\/?s={search_term_string}"},"query-input":{"@type":"PropertyValueSpecification","valueRequired":true,"valueName":"search_term_string"}}],"inLanguage":"fr-FR"}]}},"_links":{"self":[{"href":"https:\/\/www.eoc.ee\/fr\/wp-json\/wp\/v2\/product\/33499","targetHints":{"allow":["GET"]}}],"collection":[{"href":"https:\/\/www.eoc.ee\/fr\/wp-json\/wp\/v2\/product"}],"about":[{"href":"https:\/\/www.eoc.ee\/fr\/wp-json\/wp\/v2\/types\/product"}],"wp:featuredmedia":[{"embeddable":true,"href":"https:\/\/www.eoc.ee\/fr\/wp-json\/wp\/v2\/media\/33780"}],"wp:attachment":[{"href":"https:\/\/www.eoc.ee\/fr\/wp-json\/wp\/v2\/media?parent=33499"}],"wp:term":[{"taxonomy":"product_brand","embeddable":true,"href":"https:\/\/www.eoc.ee\/fr\/wp-json\/wp\/v2\/product_brand?post=33499"},{"taxonomy":"product_cat","embeddable":true,"href":"https:\/\/www.eoc.ee\/fr\/wp-json\/wp\/v2\/product_cat?post=33499"},{"taxonomy":"product_tag","embeddable":true,"href":"https:\/\/www.eoc.ee\/fr\/wp-json\/wp\/v2\/product_tag?post=33499"}],"curies":[{"name":"wp","href":"https:\/\/api.w.org\/{rel}","templated":true}]}}