{"id":33502,"date":"2021-01-14T19:40:22","date_gmt":"2021-01-14T17:40:22","guid":{"rendered":"http:\/\/www.eoc.ee\/?post_type=product&#038;p=33502"},"modified":"2022-05-22T22:09:13","modified_gmt":"2022-05-22T19:09:13","slug":"puha-porfiriose-elu-ja-opetused","status":"publish","type":"product","link":"https:\/\/www.eoc.ee\/fr\/pood\/eestikeelne-kirjandus\/puha-porfiriose-elu-ja-opetused\/","title":{"rendered":"P\u00dcHA PORFIRIOSE ELU JA \u00d5PETUSED"},"content":{"rendered":"<p><strong>Autorid:<\/strong> Kuldallika klooster; kreeka keelest t\u00f5lkinud Regina-Maria Blauhut, toimetanud \u00fcpr Mattias Palli, kujundanud Inga Heam\u00e4gi<br \/>\n<strong>Ilmumisaasta:<\/strong> 2021 (kordustr\u00fckk)<br \/>\n<strong>Lehek\u00fclgi:<\/strong> 360<br \/>\n<strong>Formaat: <\/strong>pehmekaaneline<strong><br \/>\nKirjastus:<\/strong> Auratr\u00fckk<br \/>\n<strong>ISBN: <\/strong>978-9985-9703-9-3<\/p>\n<p>&nbsp;<\/p>\n","protected":false},"excerpt":{"rendered":"<p>See raamat viib meid kokku p\u00fcha Porfiriosega, kellel oli l\u00e4bin\u00e4gelikkuse ja tervendamise armuand. Raamatu s\u00fcnnilugu on ebatavaline. Selles r\u00e4\u00e4gib p\u00fcha Porfirios ise &#8211; teose sisu on p\u00fchaku enda jutt, mis on lindistatud ja seet\u00f5ttu on s\u00e4ilinud k\u00f5nekeelne lihtne stiil. Paljude poolt juba armastatud teos annab meile v\u00f5imaluse tunda end viibivat ehtsa p\u00fchaku seltsis.<\/p>\n","protected":false},"featured_media":33565,"template":"","meta":{"_exactmetrics_skip_tracking":false,"_exactmetrics_sitenote_active":false,"_exactmetrics_sitenote_note":"","_exactmetrics_sitenote_category":0,"_monsterinsights_skip_tracking":false,"_monsterinsights_sitenote_active":false,"_monsterinsights_sitenote_note":"","_monsterinsights_sitenote_category":0},"product_brand":[],"product_cat":[222],"product_tag":[],"class_list":{"0":"post-33502","1":"product","2":"type-product","3":"status-publish","4":"has-post-thumbnail","6":"product_cat-eestikeelne-kirjandus","8":"first","9":"instock","10":"shipping-taxable","11":"purchasable","12":"product-type-simple"},"yoast_head":"<!-- This site is optimized with the Yoast SEO plugin v27.5 - https:\/\/yoast.com\/product\/yoast-seo-wordpress\/ -->\n<title>P\u00dcHA PORFIRIOSE ELU JA \u00d5PETUSED &#8211; \u00c9glise Orthodoxe d&#039;Estonie<\/title>\n<meta name=\"robots\" content=\"index, follow, max-snippet:-1, max-image-preview:large, max-video-preview:-1\" \/>\n<link rel=\"canonical\" href=\"https:\/\/www.eoc.ee\/pood\/eestikeelne-kirjandus\/puha-porfiriose-elu-ja-opetused\/\" \/>\n<meta property=\"og:locale\" content=\"fr_FR\" \/>\n<meta property=\"og:type\" content=\"article\" \/>\n<meta property=\"og:title\" content=\"P\u00dcHA PORFIRIOSE ELU JA \u00d5PETUSED &#8211; \u00c9glise Orthodoxe d&#039;Estonie\" \/>\n<meta property=\"og:description\" content=\"See raamat viib meid kokku p\u00fcha Porfiriosega, kellel oli l\u00e4bin\u00e4gelikkuse ja tervendamise armuand. Raamatu s\u00fcnnilugu on ebatavaline. Selles r\u00e4\u00e4gib p\u00fcha Porfirios ise - teose sisu on p\u00fchaku enda jutt, mis on lindistatud ja seet\u00f5ttu on s\u00e4ilinud k\u00f5nekeelne lihtne stiil. Paljude poolt juba armastatud teos annab meile v\u00f5imaluse tunda end viibivat ehtsa p\u00fchaku seltsis.\" \/>\n<meta property=\"og:url\" content=\"https:\/\/www.eoc.ee\/pood\/eestikeelne-kirjandus\/puha-porfiriose-elu-ja-opetused\/\" \/>\n<meta property=\"og:site_name\" content=\"\u00c9glise Orthodoxe d&#039;Estonie\" \/>\n<meta property=\"article:modified_time\" content=\"2022-05-22T19:09:13+00:00\" \/>\n<meta property=\"og:image\" content=\"http:\/\/www.eoc.ee\/wp-content\/uploads\/2021\/01\/porfirios-vana-4.jpg\" \/>\n\t<meta property=\"og:image:width\" content=\"1500\" \/>\n\t<meta property=\"og:image:height\" content=\"2357\" \/>\n\t<meta property=\"og:image:type\" content=\"image\/jpeg\" \/>\n<script type=\"application\/ld+json\" class=\"yoast-schema-graph\">{\"@context\":\"https:\\\/\\\/schema.org\",\"@graph\":[{\"@type\":\"WebPage\",\"@id\":\"https:\\\/\\\/www.eoc.ee\\\/pood\\\/eestikeelne-kirjandus\\\/puha-porfiriose-elu-ja-opetused\\\/\",\"url\":\"https:\\\/\\\/www.eoc.ee\\\/pood\\\/eestikeelne-kirjandus\\\/puha-porfiriose-elu-ja-opetused\\\/\",\"name\":\"P\u00dcHA PORFIRIOSE ELU JA \u00d5PETUSED &#8211; \u00c9glise Orthodoxe d'Estonie\",\"isPartOf\":{\"@id\":\"https:\\\/\\\/www.eoc.ee\\\/#website\"},\"primaryImageOfPage\":{\"@id\":\"https:\\\/\\\/www.eoc.ee\\\/pood\\\/eestikeelne-kirjandus\\\/puha-porfiriose-elu-ja-opetused\\\/#primaryimage\"},\"image\":{\"@id\":\"https:\\\/\\\/www.eoc.ee\\\/pood\\\/eestikeelne-kirjandus\\\/puha-porfiriose-elu-ja-opetused\\\/#primaryimage\"},\"thumbnailUrl\":\"https:\\\/\\\/www.eoc.ee\\\/wp-content\\\/uploads\\\/2021\\\/01\\\/porfirios-vana-4.jpg\",\"datePublished\":\"2021-01-14T17:40:22+00:00\",\"dateModified\":\"2022-05-22T19:09:13+00:00\",\"breadcrumb\":{\"@id\":\"https:\\\/\\\/www.eoc.ee\\\/pood\\\/eestikeelne-kirjandus\\\/puha-porfiriose-elu-ja-opetused\\\/#breadcrumb\"},\"inLanguage\":\"fr-FR\",\"potentialAction\":[{\"@type\":\"ReadAction\",\"target\":[\"https:\\\/\\\/www.eoc.ee\\\/pood\\\/eestikeelne-kirjandus\\\/puha-porfiriose-elu-ja-opetused\\\/\"]}]},{\"@type\":\"ImageObject\",\"inLanguage\":\"fr-FR\",\"@id\":\"https:\\\/\\\/www.eoc.ee\\\/pood\\\/eestikeelne-kirjandus\\\/puha-porfiriose-elu-ja-opetused\\\/#primaryimage\",\"url\":\"https:\\\/\\\/www.eoc.ee\\\/wp-content\\\/uploads\\\/2021\\\/01\\\/porfirios-vana-4.jpg\",\"contentUrl\":\"https:\\\/\\\/www.eoc.ee\\\/wp-content\\\/uploads\\\/2021\\\/01\\\/porfirios-vana-4.jpg\",\"width\":1500,\"height\":2357},{\"@type\":\"BreadcrumbList\",\"@id\":\"https:\\\/\\\/www.eoc.ee\\\/pood\\\/eestikeelne-kirjandus\\\/puha-porfiriose-elu-ja-opetused\\\/#breadcrumb\",\"itemListElement\":[{\"@type\":\"ListItem\",\"position\":1,\"name\":\"Home\",\"item\":\"https:\\\/\\\/www.eoc.ee\\\/\"},{\"@type\":\"ListItem\",\"position\":2,\"name\":\"P\u00dcHA PORFIRIOSE ELU JA \u00d5PETUSED\"}]},{\"@type\":\"WebSite\",\"@id\":\"https:\\\/\\\/www.eoc.ee\\\/#website\",\"url\":\"https:\\\/\\\/www.eoc.ee\\\/\",\"name\":\"\u00c9glise Orthodoxe d'Estonie\",\"description\":\"Eesti Apostlik-\u00d5igeusu Kirik\",\"potentialAction\":[{\"@type\":\"SearchAction\",\"target\":{\"@type\":\"EntryPoint\",\"urlTemplate\":\"https:\\\/\\\/www.eoc.ee\\\/?s={search_term_string}\"},\"query-input\":{\"@type\":\"PropertyValueSpecification\",\"valueRequired\":true,\"valueName\":\"search_term_string\"}}],\"inLanguage\":\"fr-FR\"}]}<\/script>\n<!-- \/ Yoast SEO plugin. -->","yoast_head_json":{"title":"P\u00dcHA PORFIRIOSE ELU JA \u00d5PETUSED &#8211; \u00c9glise Orthodoxe d'Estonie","robots":{"index":"index","follow":"follow","max-snippet":"max-snippet:-1","max-image-preview":"max-image-preview:large","max-video-preview":"max-video-preview:-1"},"canonical":"https:\/\/www.eoc.ee\/pood\/eestikeelne-kirjandus\/puha-porfiriose-elu-ja-opetused\/","og_locale":"fr_FR","og_type":"article","og_title":"P\u00dcHA PORFIRIOSE ELU JA \u00d5PETUSED &#8211; \u00c9glise Orthodoxe d'Estonie","og_description":"See raamat viib meid kokku p\u00fcha Porfiriosega, kellel oli l\u00e4bin\u00e4gelikkuse ja tervendamise armuand. Raamatu s\u00fcnnilugu on ebatavaline. Selles r\u00e4\u00e4gib p\u00fcha Porfirios ise - teose sisu on p\u00fchaku enda jutt, mis on lindistatud ja seet\u00f5ttu on s\u00e4ilinud k\u00f5nekeelne lihtne stiil. Paljude poolt juba armastatud teos annab meile v\u00f5imaluse tunda end viibivat ehtsa p\u00fchaku seltsis.","og_url":"https:\/\/www.eoc.ee\/pood\/eestikeelne-kirjandus\/puha-porfiriose-elu-ja-opetused\/","og_site_name":"\u00c9glise Orthodoxe d'Estonie","article_modified_time":"2022-05-22T19:09:13+00:00","og_image":[{"width":1500,"height":2357,"url":"http:\/\/www.eoc.ee\/wp-content\/uploads\/2021\/01\/porfirios-vana-4.jpg","type":"image\/jpeg"}],"schema":{"@context":"https:\/\/schema.org","@graph":[{"@type":"WebPage","@id":"https:\/\/www.eoc.ee\/pood\/eestikeelne-kirjandus\/puha-porfiriose-elu-ja-opetused\/","url":"https:\/\/www.eoc.ee\/pood\/eestikeelne-kirjandus\/puha-porfiriose-elu-ja-opetused\/","name":"P\u00dcHA PORFIRIOSE ELU JA \u00d5PETUSED &#8211; \u00c9glise Orthodoxe d'Estonie","isPartOf":{"@id":"https:\/\/www.eoc.ee\/#website"},"primaryImageOfPage":{"@id":"https:\/\/www.eoc.ee\/pood\/eestikeelne-kirjandus\/puha-porfiriose-elu-ja-opetused\/#primaryimage"},"image":{"@id":"https:\/\/www.eoc.ee\/pood\/eestikeelne-kirjandus\/puha-porfiriose-elu-ja-opetused\/#primaryimage"},"thumbnailUrl":"https:\/\/www.eoc.ee\/wp-content\/uploads\/2021\/01\/porfirios-vana-4.jpg","datePublished":"2021-01-14T17:40:22+00:00","dateModified":"2022-05-22T19:09:13+00:00","breadcrumb":{"@id":"https:\/\/www.eoc.ee\/pood\/eestikeelne-kirjandus\/puha-porfiriose-elu-ja-opetused\/#breadcrumb"},"inLanguage":"fr-FR","potentialAction":[{"@type":"ReadAction","target":["https:\/\/www.eoc.ee\/pood\/eestikeelne-kirjandus\/puha-porfiriose-elu-ja-opetused\/"]}]},{"@type":"ImageObject","inLanguage":"fr-FR","@id":"https:\/\/www.eoc.ee\/pood\/eestikeelne-kirjandus\/puha-porfiriose-elu-ja-opetused\/#primaryimage","url":"https:\/\/www.eoc.ee\/wp-content\/uploads\/2021\/01\/porfirios-vana-4.jpg","contentUrl":"https:\/\/www.eoc.ee\/wp-content\/uploads\/2021\/01\/porfirios-vana-4.jpg","width":1500,"height":2357},{"@type":"BreadcrumbList","@id":"https:\/\/www.eoc.ee\/pood\/eestikeelne-kirjandus\/puha-porfiriose-elu-ja-opetused\/#breadcrumb","itemListElement":[{"@type":"ListItem","position":1,"name":"Home","item":"https:\/\/www.eoc.ee\/"},{"@type":"ListItem","position":2,"name":"P\u00dcHA PORFIRIOSE ELU JA \u00d5PETUSED"}]},{"@type":"WebSite","@id":"https:\/\/www.eoc.ee\/#website","url":"https:\/\/www.eoc.ee\/","name":"\u00c9glise Orthodoxe d'Estonie","description":"Eesti Apostlik-\u00d5igeusu Kirik","potentialAction":[{"@type":"SearchAction","target":{"@type":"EntryPoint","urlTemplate":"https:\/\/www.eoc.ee\/?s={search_term_string}"},"query-input":{"@type":"PropertyValueSpecification","valueRequired":true,"valueName":"search_term_string"}}],"inLanguage":"fr-FR"}]}},"_links":{"self":[{"href":"https:\/\/www.eoc.ee\/fr\/wp-json\/wp\/v2\/product\/33502","targetHints":{"allow":["GET"]}}],"collection":[{"href":"https:\/\/www.eoc.ee\/fr\/wp-json\/wp\/v2\/product"}],"about":[{"href":"https:\/\/www.eoc.ee\/fr\/wp-json\/wp\/v2\/types\/product"}],"wp:featuredmedia":[{"embeddable":true,"href":"https:\/\/www.eoc.ee\/fr\/wp-json\/wp\/v2\/media\/33565"}],"wp:attachment":[{"href":"https:\/\/www.eoc.ee\/fr\/wp-json\/wp\/v2\/media?parent=33502"}],"wp:term":[{"taxonomy":"product_brand","embeddable":true,"href":"https:\/\/www.eoc.ee\/fr\/wp-json\/wp\/v2\/product_brand?post=33502"},{"taxonomy":"product_cat","embeddable":true,"href":"https:\/\/www.eoc.ee\/fr\/wp-json\/wp\/v2\/product_cat?post=33502"},{"taxonomy":"product_tag","embeddable":true,"href":"https:\/\/www.eoc.ee\/fr\/wp-json\/wp\/v2\/product_tag?post=33502"}],"curies":[{"name":"wp","href":"https:\/\/api.w.org\/{rel}","templated":true}]}}