{"id":33532,"date":"2021-01-14T18:43:37","date_gmt":"2021-01-14T16:43:37","guid":{"rendered":"http:\/\/www.eoc.ee\/?post_type=product&#038;p=33532"},"modified":"2021-01-27T17:13:53","modified_gmt":"2021-01-27T15:13:53","slug":"usk-ja-elu-oigeusu-vaimulik-ajakiri-nr-18","status":"publish","type":"product","link":"https:\/\/www.eoc.ee\/fr\/pood\/usk-ja-elu-ajakirjad\/usk-ja-elu-oigeusu-vaimulik-ajakiri-nr-18\/","title":{"rendered":"USK JA ELU \u00d5igeusu vaimulik ajakiri nr 18"},"content":{"rendered":"<p><strong>Toimetuse kolleegium: <\/strong>metropoliit Stefanus, arhimandriit prof. Grigorios Papathomas, \u00fclempreester Mattias Palli<strong><br \/>\n<\/strong><strong>Ilmumis<\/strong><strong>aasta:\u00a0<\/strong>2020<br \/>\n<strong>Lehek\u00fclgi:\u00a0<\/strong>72<br \/>\n<strong>Formaat: <\/strong>pehmekaaneline<strong><br \/>\nKirjastus:<\/strong> EA\u00d5K kirjastus; Auratr\u00fckk<br \/>\n<strong>ISBN: <\/strong>9-771736-400051<\/p>\n","protected":false},"excerpt":{"rendered":"<p>Seekordses ajakirjas on kaks pikemat m\u00f5tisklust patutunnistuse sakramendist. \u00dcks, mille autoriks on Kreeka Volose teoloogiaakadeemia professor Pantelis Kalaitzidis, r\u00e4\u00e4gib vaimuliku enese pihil k\u00e4imisest- enesestm\u00f5istetavast, kuid pahatihti tagaplaanile j\u00e4\u00e4nud k\u00fcsimusest. Teises artiklis on metropoliit Stefanuse teemaks -noored ja piht, kus saab selgeks, kui oluline on siin kahepoolne m\u00f5istmine ja pingutus. Veel annab \u00fcpr Mattias Palli \u00fclevaate piiskoppide (kaas)valimisest l\u00e4bi aegade ja Dr Pantelis Kalaitzidis k\u00e4sitleb oma artiklis \u00f5igeusu ja modernismi suhet.<\/p>\n","protected":false},"featured_media":33538,"template":"","meta":{"_exactmetrics_skip_tracking":false,"_exactmetrics_sitenote_active":false,"_exactmetrics_sitenote_note":"","_exactmetrics_sitenote_category":0,"_monsterinsights_skip_tracking":false,"_monsterinsights_sitenote_active":false,"_monsterinsights_sitenote_note":"","_monsterinsights_sitenote_category":0},"product_brand":[],"product_cat":[260],"product_tag":[261,347,348,339],"class_list":{"0":"post-33532","1":"product","2":"type-product","3":"status-publish","4":"has-post-thumbnail","6":"product_cat-usk-ja-elu-ajakirjad","7":"product_tag-metropoliit-stefanus","8":"product_tag-pantelis-kalaitzidis","9":"product_tag-piht","10":"product_tag-ulempreester-mattias-palli","12":"first","13":"instock","14":"shipping-taxable","15":"purchasable","16":"product-type-simple"},"yoast_head":"<!-- This site is optimized with the Yoast SEO plugin v27.5 - https:\/\/yoast.com\/product\/yoast-seo-wordpress\/ -->\n<title>USK JA ELU \u00d5igeusu vaimulik ajakiri nr 18 &#8211; \u00c9glise Orthodoxe d&#039;Estonie<\/title>\n<meta name=\"robots\" content=\"index, follow, max-snippet:-1, max-image-preview:large, max-video-preview:-1\" \/>\n<link rel=\"canonical\" href=\"https:\/\/www.eoc.ee\/pood\/usk-ja-elu-ajakirjad\/usk-ja-elu-oigeusu-vaimulik-ajakiri-nr-18\/\" \/>\n<meta property=\"og:locale\" content=\"fr_FR\" \/>\n<meta property=\"og:type\" content=\"article\" \/>\n<meta property=\"og:title\" content=\"USK JA ELU \u00d5igeusu vaimulik ajakiri nr 18 &#8211; \u00c9glise Orthodoxe d&#039;Estonie\" \/>\n<meta property=\"og:description\" content=\"Seekordses ajakirjas on kaks pikemat m\u00f5tisklust patutunnistuse sakramendist. \u00dcks, mille autoriks on Kreeka Volose teoloogiaakadeemia professor Pantelis Kalaitzidis, r\u00e4\u00e4gib vaimuliku enese pihil k\u00e4imisest- enesestm\u00f5istetavast, kuid pahatihti tagaplaanile j\u00e4\u00e4nud k\u00fcsimusest. Teises artiklis on metropoliit Stefanuse teemaks -noored ja piht, kus saab selgeks, kui oluline on siin kahepoolne m\u00f5istmine ja pingutus. Veel annab \u00fcpr Mattias Palli \u00fclevaate piiskoppide (kaas)valimisest l\u00e4bi aegade ja Dr Pantelis Kalaitzidis k\u00e4sitleb oma artiklis \u00f5igeusu ja modernismi suhet.\" \/>\n<meta property=\"og:url\" content=\"https:\/\/www.eoc.ee\/pood\/usk-ja-elu-ajakirjad\/usk-ja-elu-oigeusu-vaimulik-ajakiri-nr-18\/\" \/>\n<meta property=\"og:site_name\" content=\"\u00c9glise Orthodoxe d&#039;Estonie\" \/>\n<meta property=\"article:modified_time\" content=\"2021-01-27T15:13:53+00:00\" \/>\n<meta property=\"og:image\" content=\"https:\/\/www.eoc.ee\/wp-content\/uploads\/2021\/01\/uskelu18-1.jpeg\" \/>\n\t<meta property=\"og:image:width\" content=\"1500\" \/>\n\t<meta property=\"og:image:height\" content=\"2077\" \/>\n\t<meta property=\"og:image:type\" content=\"image\/jpeg\" \/>\n<script type=\"application\/ld+json\" class=\"yoast-schema-graph\">{\"@context\":\"https:\\\/\\\/schema.org\",\"@graph\":[{\"@type\":\"WebPage\",\"@id\":\"https:\\\/\\\/www.eoc.ee\\\/pood\\\/usk-ja-elu-ajakirjad\\\/usk-ja-elu-oigeusu-vaimulik-ajakiri-nr-18\\\/\",\"url\":\"https:\\\/\\\/www.eoc.ee\\\/pood\\\/usk-ja-elu-ajakirjad\\\/usk-ja-elu-oigeusu-vaimulik-ajakiri-nr-18\\\/\",\"name\":\"USK JA ELU \u00d5igeusu vaimulik ajakiri nr 18 &#8211; \u00c9glise Orthodoxe d'Estonie\",\"isPartOf\":{\"@id\":\"https:\\\/\\\/www.eoc.ee\\\/#website\"},\"primaryImageOfPage\":{\"@id\":\"https:\\\/\\\/www.eoc.ee\\\/pood\\\/usk-ja-elu-ajakirjad\\\/usk-ja-elu-oigeusu-vaimulik-ajakiri-nr-18\\\/#primaryimage\"},\"image\":{\"@id\":\"https:\\\/\\\/www.eoc.ee\\\/pood\\\/usk-ja-elu-ajakirjad\\\/usk-ja-elu-oigeusu-vaimulik-ajakiri-nr-18\\\/#primaryimage\"},\"thumbnailUrl\":\"https:\\\/\\\/www.eoc.ee\\\/wp-content\\\/uploads\\\/2021\\\/01\\\/uskelu18-1.jpeg\",\"datePublished\":\"2021-01-14T16:43:37+00:00\",\"dateModified\":\"2021-01-27T15:13:53+00:00\",\"breadcrumb\":{\"@id\":\"https:\\\/\\\/www.eoc.ee\\\/pood\\\/usk-ja-elu-ajakirjad\\\/usk-ja-elu-oigeusu-vaimulik-ajakiri-nr-18\\\/#breadcrumb\"},\"inLanguage\":\"fr-FR\",\"potentialAction\":[{\"@type\":\"ReadAction\",\"target\":[\"https:\\\/\\\/www.eoc.ee\\\/pood\\\/usk-ja-elu-ajakirjad\\\/usk-ja-elu-oigeusu-vaimulik-ajakiri-nr-18\\\/\"]}]},{\"@type\":\"ImageObject\",\"inLanguage\":\"fr-FR\",\"@id\":\"https:\\\/\\\/www.eoc.ee\\\/pood\\\/usk-ja-elu-ajakirjad\\\/usk-ja-elu-oigeusu-vaimulik-ajakiri-nr-18\\\/#primaryimage\",\"url\":\"https:\\\/\\\/www.eoc.ee\\\/wp-content\\\/uploads\\\/2021\\\/01\\\/uskelu18-1.jpeg\",\"contentUrl\":\"https:\\\/\\\/www.eoc.ee\\\/wp-content\\\/uploads\\\/2021\\\/01\\\/uskelu18-1.jpeg\",\"width\":1500,\"height\":2077},{\"@type\":\"BreadcrumbList\",\"@id\":\"https:\\\/\\\/www.eoc.ee\\\/pood\\\/usk-ja-elu-ajakirjad\\\/usk-ja-elu-oigeusu-vaimulik-ajakiri-nr-18\\\/#breadcrumb\",\"itemListElement\":[{\"@type\":\"ListItem\",\"position\":1,\"name\":\"Home\",\"item\":\"https:\\\/\\\/www.eoc.ee\\\/\"},{\"@type\":\"ListItem\",\"position\":2,\"name\":\"USK JA ELU \u00d5igeusu vaimulik ajakiri nr 18\"}]},{\"@type\":\"WebSite\",\"@id\":\"https:\\\/\\\/www.eoc.ee\\\/#website\",\"url\":\"https:\\\/\\\/www.eoc.ee\\\/\",\"name\":\"\u00c9glise Orthodoxe d'Estonie\",\"description\":\"Eesti Apostlik-\u00d5igeusu Kirik\",\"potentialAction\":[{\"@type\":\"SearchAction\",\"target\":{\"@type\":\"EntryPoint\",\"urlTemplate\":\"https:\\\/\\\/www.eoc.ee\\\/?s={search_term_string}\"},\"query-input\":{\"@type\":\"PropertyValueSpecification\",\"valueRequired\":true,\"valueName\":\"search_term_string\"}}],\"inLanguage\":\"fr-FR\"}]}<\/script>\n<!-- \/ Yoast SEO plugin. -->","yoast_head_json":{"title":"USK JA ELU \u00d5igeusu vaimulik ajakiri nr 18 &#8211; \u00c9glise Orthodoxe d'Estonie","robots":{"index":"index","follow":"follow","max-snippet":"max-snippet:-1","max-image-preview":"max-image-preview:large","max-video-preview":"max-video-preview:-1"},"canonical":"https:\/\/www.eoc.ee\/pood\/usk-ja-elu-ajakirjad\/usk-ja-elu-oigeusu-vaimulik-ajakiri-nr-18\/","og_locale":"fr_FR","og_type":"article","og_title":"USK JA ELU \u00d5igeusu vaimulik ajakiri nr 18 &#8211; \u00c9glise Orthodoxe d'Estonie","og_description":"Seekordses ajakirjas on kaks pikemat m\u00f5tisklust patutunnistuse sakramendist. \u00dcks, mille autoriks on Kreeka Volose teoloogiaakadeemia professor Pantelis Kalaitzidis, r\u00e4\u00e4gib vaimuliku enese pihil k\u00e4imisest- enesestm\u00f5istetavast, kuid pahatihti tagaplaanile j\u00e4\u00e4nud k\u00fcsimusest. Teises artiklis on metropoliit Stefanuse teemaks -noored ja piht, kus saab selgeks, kui oluline on siin kahepoolne m\u00f5istmine ja pingutus. Veel annab \u00fcpr Mattias Palli \u00fclevaate piiskoppide (kaas)valimisest l\u00e4bi aegade ja Dr Pantelis Kalaitzidis k\u00e4sitleb oma artiklis \u00f5igeusu ja modernismi suhet.","og_url":"https:\/\/www.eoc.ee\/pood\/usk-ja-elu-ajakirjad\/usk-ja-elu-oigeusu-vaimulik-ajakiri-nr-18\/","og_site_name":"\u00c9glise Orthodoxe d'Estonie","article_modified_time":"2021-01-27T15:13:53+00:00","og_image":[{"width":1500,"height":2077,"url":"https:\/\/www.eoc.ee\/wp-content\/uploads\/2021\/01\/uskelu18-1.jpeg","type":"image\/jpeg"}],"schema":{"@context":"https:\/\/schema.org","@graph":[{"@type":"WebPage","@id":"https:\/\/www.eoc.ee\/pood\/usk-ja-elu-ajakirjad\/usk-ja-elu-oigeusu-vaimulik-ajakiri-nr-18\/","url":"https:\/\/www.eoc.ee\/pood\/usk-ja-elu-ajakirjad\/usk-ja-elu-oigeusu-vaimulik-ajakiri-nr-18\/","name":"USK JA ELU \u00d5igeusu vaimulik ajakiri nr 18 &#8211; \u00c9glise Orthodoxe d'Estonie","isPartOf":{"@id":"https:\/\/www.eoc.ee\/#website"},"primaryImageOfPage":{"@id":"https:\/\/www.eoc.ee\/pood\/usk-ja-elu-ajakirjad\/usk-ja-elu-oigeusu-vaimulik-ajakiri-nr-18\/#primaryimage"},"image":{"@id":"https:\/\/www.eoc.ee\/pood\/usk-ja-elu-ajakirjad\/usk-ja-elu-oigeusu-vaimulik-ajakiri-nr-18\/#primaryimage"},"thumbnailUrl":"https:\/\/www.eoc.ee\/wp-content\/uploads\/2021\/01\/uskelu18-1.jpeg","datePublished":"2021-01-14T16:43:37+00:00","dateModified":"2021-01-27T15:13:53+00:00","breadcrumb":{"@id":"https:\/\/www.eoc.ee\/pood\/usk-ja-elu-ajakirjad\/usk-ja-elu-oigeusu-vaimulik-ajakiri-nr-18\/#breadcrumb"},"inLanguage":"fr-FR","potentialAction":[{"@type":"ReadAction","target":["https:\/\/www.eoc.ee\/pood\/usk-ja-elu-ajakirjad\/usk-ja-elu-oigeusu-vaimulik-ajakiri-nr-18\/"]}]},{"@type":"ImageObject","inLanguage":"fr-FR","@id":"https:\/\/www.eoc.ee\/pood\/usk-ja-elu-ajakirjad\/usk-ja-elu-oigeusu-vaimulik-ajakiri-nr-18\/#primaryimage","url":"https:\/\/www.eoc.ee\/wp-content\/uploads\/2021\/01\/uskelu18-1.jpeg","contentUrl":"https:\/\/www.eoc.ee\/wp-content\/uploads\/2021\/01\/uskelu18-1.jpeg","width":1500,"height":2077},{"@type":"BreadcrumbList","@id":"https:\/\/www.eoc.ee\/pood\/usk-ja-elu-ajakirjad\/usk-ja-elu-oigeusu-vaimulik-ajakiri-nr-18\/#breadcrumb","itemListElement":[{"@type":"ListItem","position":1,"name":"Home","item":"https:\/\/www.eoc.ee\/"},{"@type":"ListItem","position":2,"name":"USK JA ELU \u00d5igeusu vaimulik ajakiri nr 18"}]},{"@type":"WebSite","@id":"https:\/\/www.eoc.ee\/#website","url":"https:\/\/www.eoc.ee\/","name":"\u00c9glise Orthodoxe d'Estonie","description":"Eesti Apostlik-\u00d5igeusu Kirik","potentialAction":[{"@type":"SearchAction","target":{"@type":"EntryPoint","urlTemplate":"https:\/\/www.eoc.ee\/?s={search_term_string}"},"query-input":{"@type":"PropertyValueSpecification","valueRequired":true,"valueName":"search_term_string"}}],"inLanguage":"fr-FR"}]}},"_links":{"self":[{"href":"https:\/\/www.eoc.ee\/fr\/wp-json\/wp\/v2\/product\/33532","targetHints":{"allow":["GET"]}}],"collection":[{"href":"https:\/\/www.eoc.ee\/fr\/wp-json\/wp\/v2\/product"}],"about":[{"href":"https:\/\/www.eoc.ee\/fr\/wp-json\/wp\/v2\/types\/product"}],"wp:featuredmedia":[{"embeddable":true,"href":"https:\/\/www.eoc.ee\/fr\/wp-json\/wp\/v2\/media\/33538"}],"wp:attachment":[{"href":"https:\/\/www.eoc.ee\/fr\/wp-json\/wp\/v2\/media?parent=33532"}],"wp:term":[{"taxonomy":"product_brand","embeddable":true,"href":"https:\/\/www.eoc.ee\/fr\/wp-json\/wp\/v2\/product_brand?post=33532"},{"taxonomy":"product_cat","embeddable":true,"href":"https:\/\/www.eoc.ee\/fr\/wp-json\/wp\/v2\/product_cat?post=33532"},{"taxonomy":"product_tag","embeddable":true,"href":"https:\/\/www.eoc.ee\/fr\/wp-json\/wp\/v2\/product_tag?post=33532"}],"curies":[{"name":"wp","href":"https:\/\/api.w.org\/{rel}","templated":true}]}}