{"id":33554,"date":"2021-01-15T17:35:12","date_gmt":"2021-01-15T15:35:12","guid":{"rendered":"http:\/\/www.eoc.ee\/?post_type=product&#038;p=33554"},"modified":"2021-04-01T20:53:20","modified_gmt":"2021-04-01T17:53:20","slug":"eesti-marter-piiskop-platon-konverentsi-materjale","status":"publish","type":"product","link":"https:\/\/www.eoc.ee\/fr\/pood\/eestikeelne-kirjandus\/eesti-marter-piiskop-platon-konverentsi-materjale\/","title":{"rendered":"EESTI M\u00c4RTER PIISKOP PLATON. Konverentsi materjale"},"content":{"rendered":"<p><strong>Autorid:<\/strong> Madis Kolk, Epp V\u00e4li<br \/>\n<strong>Ilmumis<\/strong><strong>aasta:\u00a0<\/strong>2019<br \/>\n<strong>Lehek\u00fclgi:<\/strong> 184<br \/>\n<strong>Formaat: <\/strong>pehmekaaneline<strong><br \/>\nKirjastus:<\/strong>\u00a0Eesti Apostlik-\u00d5igeusu Kiriku kirjastus<br \/>\n<strong>ISBN:\u00a0<\/strong>978-9949-9740-6-1<\/p>\n<p>&nbsp;<\/p>\n<p>&nbsp;<\/p>\n","protected":false},"excerpt":{"rendered":"<p>K\u00e4esolev raamat on kogumik konverentsist, mis toimus 16, jaanuaril 2018 ja oli p\u00fchendatud saja aasta m\u00f6\u00f6dumisele piiskop Platoni (Paul Kulbuschi) ametisse p\u00fchitsemisest. Kogumik sisaldab ettekandeid: Metr. Stefanus \u00ab\u00a0M\u00e4rt\u00fc\u00fcrium ja m\u00e4rter \u00f5igeusu kiriku vaatenurgast\u00a0\u00bb; dr Mart Laar \u00ab\u00a0Eesti T\u00f6\u00f6rahva Kommuuni v\u00f5itlus religiooni vastu\u00a0\u00bb; pr Andrei S\u00f5t\u0161ov \u00ab\u00a0Piiskopm\u00e4rter Platoni elu ja tegevus\u00a0\u00bb; \u00fcpr Aleksander Sarapik \u00ab\u00a0M\u00e4rterpiiskop Platoni m\u00e4lestuse hoidmine\u00a0\u00bb; Juta Kivim\u00e4e \u00a0\u00bb Amandus Adamson Platoni m\u00e4lestuse j\u00e4\u00e4dvustajana\u00a0\u00bb. Lisaks sisaldab raamat rikkalikult fotomaterjali ja Jumalateenistust Eestimaa uusm\u00e4rtritele.<\/p>\n","protected":false},"featured_media":33613,"template":"","meta":{"_exactmetrics_skip_tracking":false,"_exactmetrics_sitenote_active":false,"_exactmetrics_sitenote_note":"","_exactmetrics_sitenote_category":0,"_monsterinsights_skip_tracking":false,"_monsterinsights_sitenote_active":false,"_monsterinsights_sitenote_note":"","_monsterinsights_sitenote_category":0},"product_brand":[],"product_cat":[222],"product_tag":[],"class_list":{"0":"post-33554","1":"product","2":"type-product","3":"status-publish","4":"has-post-thumbnail","6":"product_cat-eestikeelne-kirjandus","8":"first","9":"instock","10":"sale","11":"shipping-taxable","12":"purchasable","13":"product-type-simple"},"yoast_head":"<!-- This site is optimized with the Yoast SEO plugin v27.5 - https:\/\/yoast.com\/product\/yoast-seo-wordpress\/ -->\n<title>EESTI M\u00c4RTER PIISKOP PLATON. Konverentsi materjale &#8211; \u00c9glise Orthodoxe d&#039;Estonie<\/title>\n<meta name=\"robots\" content=\"index, follow, max-snippet:-1, max-image-preview:large, max-video-preview:-1\" \/>\n<link rel=\"canonical\" href=\"https:\/\/www.eoc.ee\/pood\/eestikeelne-kirjandus\/eesti-marter-piiskop-platon-konverentsi-materjale\/\" \/>\n<meta property=\"og:locale\" content=\"fr_FR\" \/>\n<meta property=\"og:type\" content=\"article\" \/>\n<meta property=\"og:title\" content=\"EESTI M\u00c4RTER PIISKOP PLATON. Konverentsi materjale &#8211; \u00c9glise Orthodoxe d&#039;Estonie\" \/>\n<meta property=\"og:description\" content=\"K\u00e4esolev raamat on kogumik konverentsist, mis toimus 16, jaanuaril 2018 ja oli p\u00fchendatud saja aasta m\u00f6\u00f6dumisele piiskop Platoni (Paul Kulbuschi) ametisse p\u00fchitsemisest. Kogumik sisaldab ettekandeid: Metr. Stefanus &quot;M\u00e4rt\u00fc\u00fcrium ja m\u00e4rter \u00f5igeusu kiriku vaatenurgast&quot;; dr Mart Laar &quot;Eesti T\u00f6\u00f6rahva Kommuuni v\u00f5itlus religiooni vastu&quot;; pr Andrei S\u00f5t\u0161ov &quot;Piiskopm\u00e4rter Platoni elu ja tegevus&quot;; \u00fcpr Aleksander Sarapik &quot;M\u00e4rterpiiskop Platoni m\u00e4lestuse hoidmine&quot;; Juta Kivim\u00e4e &quot; Amandus Adamson Platoni m\u00e4lestuse j\u00e4\u00e4dvustajana&quot;. Lisaks sisaldab raamat rikkalikult fotomaterjali ja Jumalateenistust Eestimaa uusm\u00e4rtritele.\" \/>\n<meta property=\"og:url\" content=\"https:\/\/www.eoc.ee\/pood\/eestikeelne-kirjandus\/eesti-marter-piiskop-platon-konverentsi-materjale\/\" \/>\n<meta property=\"og:site_name\" content=\"\u00c9glise Orthodoxe d&#039;Estonie\" \/>\n<meta property=\"article:modified_time\" content=\"2021-04-01T17:53:20+00:00\" \/>\n<meta property=\"og:image\" content=\"https:\/\/www.eoc.ee\/wp-content\/uploads\/2021\/01\/Platon_kaaned_proov-3-scaled.jpg\" \/>\n\t<meta property=\"og:image:width\" content=\"1747\" \/>\n\t<meta property=\"og:image:height\" content=\"2560\" \/>\n\t<meta property=\"og:image:type\" content=\"image\/jpeg\" \/>\n<script type=\"application\/ld+json\" class=\"yoast-schema-graph\">{\"@context\":\"https:\\\/\\\/schema.org\",\"@graph\":[{\"@type\":\"WebPage\",\"@id\":\"https:\\\/\\\/www.eoc.ee\\\/pood\\\/eestikeelne-kirjandus\\\/eesti-marter-piiskop-platon-konverentsi-materjale\\\/\",\"url\":\"https:\\\/\\\/www.eoc.ee\\\/pood\\\/eestikeelne-kirjandus\\\/eesti-marter-piiskop-platon-konverentsi-materjale\\\/\",\"name\":\"EESTI M\u00c4RTER PIISKOP PLATON. Konverentsi materjale &#8211; \u00c9glise Orthodoxe d'Estonie\",\"isPartOf\":{\"@id\":\"https:\\\/\\\/www.eoc.ee\\\/#website\"},\"primaryImageOfPage\":{\"@id\":\"https:\\\/\\\/www.eoc.ee\\\/pood\\\/eestikeelne-kirjandus\\\/eesti-marter-piiskop-platon-konverentsi-materjale\\\/#primaryimage\"},\"image\":{\"@id\":\"https:\\\/\\\/www.eoc.ee\\\/pood\\\/eestikeelne-kirjandus\\\/eesti-marter-piiskop-platon-konverentsi-materjale\\\/#primaryimage\"},\"thumbnailUrl\":\"https:\\\/\\\/www.eoc.ee\\\/wp-content\\\/uploads\\\/2021\\\/01\\\/Platon_kaaned_proov-3-scaled.jpg\",\"datePublished\":\"2021-01-15T15:35:12+00:00\",\"dateModified\":\"2021-04-01T17:53:20+00:00\",\"breadcrumb\":{\"@id\":\"https:\\\/\\\/www.eoc.ee\\\/pood\\\/eestikeelne-kirjandus\\\/eesti-marter-piiskop-platon-konverentsi-materjale\\\/#breadcrumb\"},\"inLanguage\":\"fr-FR\",\"potentialAction\":[{\"@type\":\"ReadAction\",\"target\":[\"https:\\\/\\\/www.eoc.ee\\\/pood\\\/eestikeelne-kirjandus\\\/eesti-marter-piiskop-platon-konverentsi-materjale\\\/\"]}]},{\"@type\":\"ImageObject\",\"inLanguage\":\"fr-FR\",\"@id\":\"https:\\\/\\\/www.eoc.ee\\\/pood\\\/eestikeelne-kirjandus\\\/eesti-marter-piiskop-platon-konverentsi-materjale\\\/#primaryimage\",\"url\":\"https:\\\/\\\/www.eoc.ee\\\/wp-content\\\/uploads\\\/2021\\\/01\\\/Platon_kaaned_proov-3-scaled.jpg\",\"contentUrl\":\"https:\\\/\\\/www.eoc.ee\\\/wp-content\\\/uploads\\\/2021\\\/01\\\/Platon_kaaned_proov-3-scaled.jpg\",\"width\":1747,\"height\":2560},{\"@type\":\"BreadcrumbList\",\"@id\":\"https:\\\/\\\/www.eoc.ee\\\/pood\\\/eestikeelne-kirjandus\\\/eesti-marter-piiskop-platon-konverentsi-materjale\\\/#breadcrumb\",\"itemListElement\":[{\"@type\":\"ListItem\",\"position\":1,\"name\":\"Home\",\"item\":\"https:\\\/\\\/www.eoc.ee\\\/\"},{\"@type\":\"ListItem\",\"position\":2,\"name\":\"EESTI M\u00c4RTER PIISKOP PLATON. Konverentsi materjale\"}]},{\"@type\":\"WebSite\",\"@id\":\"https:\\\/\\\/www.eoc.ee\\\/#website\",\"url\":\"https:\\\/\\\/www.eoc.ee\\\/\",\"name\":\"\u00c9glise Orthodoxe d'Estonie\",\"description\":\"Eesti Apostlik-\u00d5igeusu Kirik\",\"potentialAction\":[{\"@type\":\"SearchAction\",\"target\":{\"@type\":\"EntryPoint\",\"urlTemplate\":\"https:\\\/\\\/www.eoc.ee\\\/?s={search_term_string}\"},\"query-input\":{\"@type\":\"PropertyValueSpecification\",\"valueRequired\":true,\"valueName\":\"search_term_string\"}}],\"inLanguage\":\"fr-FR\"}]}<\/script>\n<!-- \/ Yoast SEO plugin. -->","yoast_head_json":{"title":"EESTI M\u00c4RTER PIISKOP PLATON. Konverentsi materjale &#8211; \u00c9glise Orthodoxe d'Estonie","robots":{"index":"index","follow":"follow","max-snippet":"max-snippet:-1","max-image-preview":"max-image-preview:large","max-video-preview":"max-video-preview:-1"},"canonical":"https:\/\/www.eoc.ee\/pood\/eestikeelne-kirjandus\/eesti-marter-piiskop-platon-konverentsi-materjale\/","og_locale":"fr_FR","og_type":"article","og_title":"EESTI M\u00c4RTER PIISKOP PLATON. Konverentsi materjale &#8211; \u00c9glise Orthodoxe d'Estonie","og_description":"K\u00e4esolev raamat on kogumik konverentsist, mis toimus 16, jaanuaril 2018 ja oli p\u00fchendatud saja aasta m\u00f6\u00f6dumisele piiskop Platoni (Paul Kulbuschi) ametisse p\u00fchitsemisest. Kogumik sisaldab ettekandeid: Metr. Stefanus \"M\u00e4rt\u00fc\u00fcrium ja m\u00e4rter \u00f5igeusu kiriku vaatenurgast\"; dr Mart Laar \"Eesti T\u00f6\u00f6rahva Kommuuni v\u00f5itlus religiooni vastu\"; pr Andrei S\u00f5t\u0161ov \"Piiskopm\u00e4rter Platoni elu ja tegevus\"; \u00fcpr Aleksander Sarapik \"M\u00e4rterpiiskop Platoni m\u00e4lestuse hoidmine\"; Juta Kivim\u00e4e \" Amandus Adamson Platoni m\u00e4lestuse j\u00e4\u00e4dvustajana\". Lisaks sisaldab raamat rikkalikult fotomaterjali ja Jumalateenistust Eestimaa uusm\u00e4rtritele.","og_url":"https:\/\/www.eoc.ee\/pood\/eestikeelne-kirjandus\/eesti-marter-piiskop-platon-konverentsi-materjale\/","og_site_name":"\u00c9glise Orthodoxe d'Estonie","article_modified_time":"2021-04-01T17:53:20+00:00","og_image":[{"width":1747,"height":2560,"url":"https:\/\/www.eoc.ee\/wp-content\/uploads\/2021\/01\/Platon_kaaned_proov-3-scaled.jpg","type":"image\/jpeg"}],"schema":{"@context":"https:\/\/schema.org","@graph":[{"@type":"WebPage","@id":"https:\/\/www.eoc.ee\/pood\/eestikeelne-kirjandus\/eesti-marter-piiskop-platon-konverentsi-materjale\/","url":"https:\/\/www.eoc.ee\/pood\/eestikeelne-kirjandus\/eesti-marter-piiskop-platon-konverentsi-materjale\/","name":"EESTI M\u00c4RTER PIISKOP PLATON. Konverentsi materjale &#8211; \u00c9glise Orthodoxe d'Estonie","isPartOf":{"@id":"https:\/\/www.eoc.ee\/#website"},"primaryImageOfPage":{"@id":"https:\/\/www.eoc.ee\/pood\/eestikeelne-kirjandus\/eesti-marter-piiskop-platon-konverentsi-materjale\/#primaryimage"},"image":{"@id":"https:\/\/www.eoc.ee\/pood\/eestikeelne-kirjandus\/eesti-marter-piiskop-platon-konverentsi-materjale\/#primaryimage"},"thumbnailUrl":"https:\/\/www.eoc.ee\/wp-content\/uploads\/2021\/01\/Platon_kaaned_proov-3-scaled.jpg","datePublished":"2021-01-15T15:35:12+00:00","dateModified":"2021-04-01T17:53:20+00:00","breadcrumb":{"@id":"https:\/\/www.eoc.ee\/pood\/eestikeelne-kirjandus\/eesti-marter-piiskop-platon-konverentsi-materjale\/#breadcrumb"},"inLanguage":"fr-FR","potentialAction":[{"@type":"ReadAction","target":["https:\/\/www.eoc.ee\/pood\/eestikeelne-kirjandus\/eesti-marter-piiskop-platon-konverentsi-materjale\/"]}]},{"@type":"ImageObject","inLanguage":"fr-FR","@id":"https:\/\/www.eoc.ee\/pood\/eestikeelne-kirjandus\/eesti-marter-piiskop-platon-konverentsi-materjale\/#primaryimage","url":"https:\/\/www.eoc.ee\/wp-content\/uploads\/2021\/01\/Platon_kaaned_proov-3-scaled.jpg","contentUrl":"https:\/\/www.eoc.ee\/wp-content\/uploads\/2021\/01\/Platon_kaaned_proov-3-scaled.jpg","width":1747,"height":2560},{"@type":"BreadcrumbList","@id":"https:\/\/www.eoc.ee\/pood\/eestikeelne-kirjandus\/eesti-marter-piiskop-platon-konverentsi-materjale\/#breadcrumb","itemListElement":[{"@type":"ListItem","position":1,"name":"Home","item":"https:\/\/www.eoc.ee\/"},{"@type":"ListItem","position":2,"name":"EESTI M\u00c4RTER PIISKOP PLATON. Konverentsi materjale"}]},{"@type":"WebSite","@id":"https:\/\/www.eoc.ee\/#website","url":"https:\/\/www.eoc.ee\/","name":"\u00c9glise Orthodoxe d'Estonie","description":"Eesti Apostlik-\u00d5igeusu Kirik","potentialAction":[{"@type":"SearchAction","target":{"@type":"EntryPoint","urlTemplate":"https:\/\/www.eoc.ee\/?s={search_term_string}"},"query-input":{"@type":"PropertyValueSpecification","valueRequired":true,"valueName":"search_term_string"}}],"inLanguage":"fr-FR"}]}},"_links":{"self":[{"href":"https:\/\/www.eoc.ee\/fr\/wp-json\/wp\/v2\/product\/33554","targetHints":{"allow":["GET"]}}],"collection":[{"href":"https:\/\/www.eoc.ee\/fr\/wp-json\/wp\/v2\/product"}],"about":[{"href":"https:\/\/www.eoc.ee\/fr\/wp-json\/wp\/v2\/types\/product"}],"wp:featuredmedia":[{"embeddable":true,"href":"https:\/\/www.eoc.ee\/fr\/wp-json\/wp\/v2\/media\/33613"}],"wp:attachment":[{"href":"https:\/\/www.eoc.ee\/fr\/wp-json\/wp\/v2\/media?parent=33554"}],"wp:term":[{"taxonomy":"product_brand","embeddable":true,"href":"https:\/\/www.eoc.ee\/fr\/wp-json\/wp\/v2\/product_brand?post=33554"},{"taxonomy":"product_cat","embeddable":true,"href":"https:\/\/www.eoc.ee\/fr\/wp-json\/wp\/v2\/product_cat?post=33554"},{"taxonomy":"product_tag","embeddable":true,"href":"https:\/\/www.eoc.ee\/fr\/wp-json\/wp\/v2\/product_tag?post=33554"}],"curies":[{"name":"wp","href":"https:\/\/api.w.org\/{rel}","templated":true}]}}