{"id":33735,"date":"2020-04-28T17:10:07","date_gmt":"2020-04-28T14:10:07","guid":{"rendered":"http:\/\/www.eoc.ee\/?post_type=product&#038;p=33735"},"modified":"2021-04-01T20:57:37","modified_gmt":"2021-04-01T17:57:37","slug":"usk-ja-elu-oigeusu-vaimulik-ajakiri-nr-15","status":"publish","type":"product","link":"https:\/\/www.eoc.ee\/fr\/pood\/usk-ja-elu-ajakirjad\/usk-ja-elu-oigeusu-vaimulik-ajakiri-nr-15\/","title":{"rendered":"USK JA ELU \u00d5igeusu vaimulik ajakiri nr 15"},"content":{"rendered":"<p><span style=\"font-weight: 400;\"><strong>Alapealkiri:<\/strong> Eriv\u00e4ljaanne P\u00fcha ja Suur Kirikukogu Kreetal 2016<br \/>\n<\/span><strong>Toimetuse kolleegium:<\/strong> metropoliit Stefanus, arhimandriit prof. Grigorios Papathomas, \u00fclempreester Mattias Palli<br \/>\n<strong>Ilmumise kuup\u00e4ev:<\/strong> 2017<br \/>\n<strong>Lehek\u00fclgi:<\/strong> 154<br \/>\n<strong>Formaat: <\/strong>paberajakiri<br \/>\n<strong>ISSN:<\/strong> 1736-4000<\/p>\n","protected":false},"excerpt":{"rendered":"<p><span style=\"font-weight: 400;\">1. Kirikukogu \u00fcks olulisemaid muresid oli \u00d5igeusu Kiriku \u00fchtsus. Iga kohalik kirik p\u00fcha armulauaohvri toojana on \u00fcheainsa, kogumaapealse ja apostliku Koguduse ligiolu ja avaldumine&#8230;<br \/>\n<\/span><span style=\"font-weight: 400;\">2. <\/span><span style=\"font-weight: 400;\">V\u00f5tnud osa p\u00fchast armulauast ja palvetanud kogu maailma eest, peame j\u00e4tkama \u00ab\u00a0liturgiaga p\u00e4rast jumalikku liturgiat\u00a0\u00bb, andma tunnistust usust&#8230;<br \/>\n3. T\u00e4nu oma kohusele anda tunnistust t\u00f5est ja apostlikust usust, peab meie Kirik v\u00e4ga oluliseks dialoogi, eriti mitte-\u00f5igeusklike kristlastega&#8230;<br \/>\n4. \u00d5igeusu Kirik m\u00f5istab hukka usuv\u00e4hemustesse kuulujate kallal s\u00f5jalise j\u00f5u kasutamise, nende tagakiusamise, kodust v\u00e4ljakihutamise, sundp\u00f6\u00f6ramise, inimkaubitsemise pagulastega, inimr\u00f6\u00f6vid, piinamise ja julmad hukkamised&#8230;<br \/>\n5.T\u00e4nap\u00e4eva ilmalikkus p\u00fc\u00fcdleb inimese s\u00f5ltumatuse poole Kristusest ja Kiriku vaimulikust m\u00f5just, samastades viimast meelevaldse alalhoidlikkusega&#8230;<br \/>\n6.Vastukaaluks t\u00e4nap\u00e4evasele arusaamale abielust peab \u00d5igeusu Kirik mehe ja naise lahutamatut armastussuhet \u00ab\u00a0Kristuse ja Koguduse suureks salasuseks\u00a0\u00bb&#8230;<br \/>\n7.Mis puutub ristiusu ja loodusteaduste vahekorda, siis \u00d5igeusu Kirik suhtub lugupidavalt teaduslikku uurimisvabadusse, kuid osutab m\u00f5ningatele ohtudele ning r\u00f5hutab inimv\u00e4\u00e4rikust ja tema igavest eesm\u00e4rki olla osaduses Jumalaga.<br \/>\n8. On ilmne, et meie kaasaja \u00f6koloogilise kriisi p\u00f5hjused on vaimulikud ja k\u00f5lbelised&#8230;<br \/>\n9.\u00d5K suhtub lugupidavalt inimeste ja rahvaste erip\u00e4rasse.Kirik on vastu majanduse muutmisele eesm\u00e4rgiks omaette, eriti kui see toimub vaimsete v\u00e4\u00e4rtuste arvelt.<br \/>\n10. \u00d5K ei sekku poliitikasse. Kirik toonitab, et \u00fcks p\u00f5hilisi inim\u00f5igusi on usuvabadus-s\u00fcdametunnistuse, uskumise ja usundi j\u00e4rgimise vabadus&#8230;<br \/>\n11.\u00d5K p\u00f6\u00f6rdub noorte poole, kes otsivad eluteostust vabaduses, \u00f5igluses, loovuses ja armastuses&#8230;<br \/>\n12. P\u00fcha ja Suur Kirikukogu avab meie jaoks uue vaatenurga t\u00e4nap\u00e4eva eripalgelisele ja mitmekesisele mailmale.<br \/>\n(P\u00fcha ja Suure \u00d5igeusu Kirikukogu l\u00e4kitusest Kreetal 2016)<\/span><\/p>\n","protected":false},"featured_media":33724,"template":"","meta":{"_exactmetrics_skip_tracking":false,"_exactmetrics_sitenote_active":false,"_exactmetrics_sitenote_note":"","_exactmetrics_sitenote_category":0,"_monsterinsights_skip_tracking":false,"_monsterinsights_sitenote_active":false,"_monsterinsights_sitenote_note":"","_monsterinsights_sitenote_category":0},"product_brand":[],"product_cat":[260],"product_tag":[359,358],"class_list":{"0":"post-33735","1":"product","2":"type-product","3":"status-publish","4":"has-post-thumbnail","6":"product_cat-usk-ja-elu-ajakirjad","7":"product_tag-oigeusu-kirik","8":"product_tag-puha-ja-suur-kirikukogu-kreetal","10":"first","11":"instock","12":"shipping-taxable","13":"purchasable","14":"product-type-simple"},"yoast_head":"<!-- This site is optimized with the Yoast SEO plugin v27.5 - https:\/\/yoast.com\/product\/yoast-seo-wordpress\/ -->\n<title>USK JA ELU \u00d5igeusu vaimulik ajakiri nr 15 &#8211; \u00c9glise Orthodoxe d&#039;Estonie<\/title>\n<meta name=\"robots\" content=\"index, follow, max-snippet:-1, max-image-preview:large, max-video-preview:-1\" \/>\n<link rel=\"canonical\" href=\"https:\/\/www.eoc.ee\/pood\/usk-ja-elu-ajakirjad\/usk-ja-elu-oigeusu-vaimulik-ajakiri-nr-15\/\" \/>\n<meta property=\"og:locale\" content=\"fr_FR\" \/>\n<meta property=\"og:type\" content=\"article\" \/>\n<meta property=\"og:title\" content=\"USK JA ELU \u00d5igeusu vaimulik ajakiri nr 15 &#8211; \u00c9glise Orthodoxe d&#039;Estonie\" \/>\n<meta property=\"og:description\" content=\"1. Kirikukogu \u00fcks olulisemaid muresid oli \u00d5igeusu Kiriku \u00fchtsus. Iga kohalik kirik p\u00fcha armulauaohvri toojana on \u00fcheainsa, kogumaapealse ja apostliku Koguduse ligiolu ja avaldumine... 2. V\u00f5tnud osa p\u00fchast armulauast ja palvetanud kogu maailma eest, peame j\u00e4tkama &quot;liturgiaga p\u00e4rast jumalikku liturgiat&quot;, andma tunnistust usust... 3. T\u00e4nu oma kohusele anda tunnistust t\u00f5est ja apostlikust usust, peab meie Kirik v\u00e4ga oluliseks dialoogi, eriti mitte-\u00f5igeusklike kristlastega... 4. \u00d5igeusu Kirik m\u00f5istab hukka usuv\u00e4hemustesse kuulujate kallal s\u00f5jalise j\u00f5u kasutamise, nende tagakiusamise, kodust v\u00e4ljakihutamise, sundp\u00f6\u00f6ramise, inimkaubitsemise pagulastega, inimr\u00f6\u00f6vid, piinamise ja julmad hukkamised... 5.T\u00e4nap\u00e4eva ilmalikkus p\u00fc\u00fcdleb inimese s\u00f5ltumatuse poole Kristusest ja Kiriku vaimulikust m\u00f5just, samastades viimast meelevaldse alalhoidlikkusega... 6.Vastukaaluks t\u00e4nap\u00e4evasele arusaamale abielust peab \u00d5igeusu Kirik mehe ja naise lahutamatut armastussuhet &quot;Kristuse ja Koguduse suureks salasuseks&quot;... 7.Mis puutub ristiusu ja loodusteaduste vahekorda, siis \u00d5igeusu Kirik suhtub lugupidavalt teaduslikku uurimisvabadusse, kuid osutab m\u00f5ningatele ohtudele ning r\u00f5hutab inimv\u00e4\u00e4rikust ja tema igavest eesm\u00e4rki olla osaduses Jumalaga. 8. On ilmne, et meie kaasaja \u00f6koloogilise kriisi p\u00f5hjused on vaimulikud ja k\u00f5lbelised... 9.\u00d5K suhtub lugupidavalt inimeste ja rahvaste erip\u00e4rasse.Kirik on vastu majanduse muutmisele eesm\u00e4rgiks omaette, eriti kui see toimub vaimsete v\u00e4\u00e4rtuste arvelt. 10. \u00d5K ei sekku poliitikasse. Kirik toonitab, et \u00fcks p\u00f5hilisi inim\u00f5igusi on usuvabadus-s\u00fcdametunnistuse, uskumise ja usundi j\u00e4rgimise vabadus... 11.\u00d5K p\u00f6\u00f6rdub noorte poole, kes otsivad eluteostust vabaduses, \u00f5igluses, loovuses ja armastuses... 12. P\u00fcha ja Suur Kirikukogu avab meie jaoks uue vaatenurga t\u00e4nap\u00e4eva eripalgelisele ja mitmekesisele mailmale. (P\u00fcha ja Suure \u00d5igeusu Kirikukogu l\u00e4kitusest Kreetal 2016)\" \/>\n<meta property=\"og:url\" content=\"https:\/\/www.eoc.ee\/pood\/usk-ja-elu-ajakirjad\/usk-ja-elu-oigeusu-vaimulik-ajakiri-nr-15\/\" \/>\n<meta property=\"og:site_name\" content=\"\u00c9glise Orthodoxe d&#039;Estonie\" \/>\n<meta property=\"article:modified_time\" content=\"2021-04-01T17:57:37+00:00\" \/>\n<meta property=\"og:image\" content=\"https:\/\/www.eoc.ee\/wp-content\/uploads\/2021\/01\/uskjaelu15-scaled.jpg\" \/>\n\t<meta property=\"og:image:width\" content=\"1835\" \/>\n\t<meta property=\"og:image:height\" content=\"2560\" \/>\n\t<meta property=\"og:image:type\" content=\"image\/jpeg\" \/>\n<script type=\"application\/ld+json\" class=\"yoast-schema-graph\">{\"@context\":\"https:\\\/\\\/schema.org\",\"@graph\":[{\"@type\":\"WebPage\",\"@id\":\"https:\\\/\\\/www.eoc.ee\\\/pood\\\/usk-ja-elu-ajakirjad\\\/usk-ja-elu-oigeusu-vaimulik-ajakiri-nr-15\\\/\",\"url\":\"https:\\\/\\\/www.eoc.ee\\\/pood\\\/usk-ja-elu-ajakirjad\\\/usk-ja-elu-oigeusu-vaimulik-ajakiri-nr-15\\\/\",\"name\":\"USK JA ELU \u00d5igeusu vaimulik ajakiri nr 15 &#8211; \u00c9glise Orthodoxe d'Estonie\",\"isPartOf\":{\"@id\":\"https:\\\/\\\/www.eoc.ee\\\/#website\"},\"primaryImageOfPage\":{\"@id\":\"https:\\\/\\\/www.eoc.ee\\\/pood\\\/usk-ja-elu-ajakirjad\\\/usk-ja-elu-oigeusu-vaimulik-ajakiri-nr-15\\\/#primaryimage\"},\"image\":{\"@id\":\"https:\\\/\\\/www.eoc.ee\\\/pood\\\/usk-ja-elu-ajakirjad\\\/usk-ja-elu-oigeusu-vaimulik-ajakiri-nr-15\\\/#primaryimage\"},\"thumbnailUrl\":\"https:\\\/\\\/www.eoc.ee\\\/wp-content\\\/uploads\\\/2021\\\/01\\\/uskjaelu15-scaled.jpg\",\"datePublished\":\"2020-04-28T14:10:07+00:00\",\"dateModified\":\"2021-04-01T17:57:37+00:00\",\"breadcrumb\":{\"@id\":\"https:\\\/\\\/www.eoc.ee\\\/pood\\\/usk-ja-elu-ajakirjad\\\/usk-ja-elu-oigeusu-vaimulik-ajakiri-nr-15\\\/#breadcrumb\"},\"inLanguage\":\"fr-FR\",\"potentialAction\":[{\"@type\":\"ReadAction\",\"target\":[\"https:\\\/\\\/www.eoc.ee\\\/pood\\\/usk-ja-elu-ajakirjad\\\/usk-ja-elu-oigeusu-vaimulik-ajakiri-nr-15\\\/\"]}]},{\"@type\":\"ImageObject\",\"inLanguage\":\"fr-FR\",\"@id\":\"https:\\\/\\\/www.eoc.ee\\\/pood\\\/usk-ja-elu-ajakirjad\\\/usk-ja-elu-oigeusu-vaimulik-ajakiri-nr-15\\\/#primaryimage\",\"url\":\"https:\\\/\\\/www.eoc.ee\\\/wp-content\\\/uploads\\\/2021\\\/01\\\/uskjaelu15-scaled.jpg\",\"contentUrl\":\"https:\\\/\\\/www.eoc.ee\\\/wp-content\\\/uploads\\\/2021\\\/01\\\/uskjaelu15-scaled.jpg\",\"width\":1835,\"height\":2560,\"caption\":\"USK JA ELU 15\"},{\"@type\":\"BreadcrumbList\",\"@id\":\"https:\\\/\\\/www.eoc.ee\\\/pood\\\/usk-ja-elu-ajakirjad\\\/usk-ja-elu-oigeusu-vaimulik-ajakiri-nr-15\\\/#breadcrumb\",\"itemListElement\":[{\"@type\":\"ListItem\",\"position\":1,\"name\":\"Home\",\"item\":\"https:\\\/\\\/www.eoc.ee\\\/\"},{\"@type\":\"ListItem\",\"position\":2,\"name\":\"USK JA ELU \u00d5igeusu vaimulik ajakiri nr 15\"}]},{\"@type\":\"WebSite\",\"@id\":\"https:\\\/\\\/www.eoc.ee\\\/#website\",\"url\":\"https:\\\/\\\/www.eoc.ee\\\/\",\"name\":\"\u00c9glise Orthodoxe d'Estonie\",\"description\":\"Eesti Apostlik-\u00d5igeusu Kirik\",\"potentialAction\":[{\"@type\":\"SearchAction\",\"target\":{\"@type\":\"EntryPoint\",\"urlTemplate\":\"https:\\\/\\\/www.eoc.ee\\\/?s={search_term_string}\"},\"query-input\":{\"@type\":\"PropertyValueSpecification\",\"valueRequired\":true,\"valueName\":\"search_term_string\"}}],\"inLanguage\":\"fr-FR\"}]}<\/script>\n<!-- \/ Yoast SEO plugin. -->","yoast_head_json":{"title":"USK JA ELU \u00d5igeusu vaimulik ajakiri nr 15 &#8211; \u00c9glise Orthodoxe d'Estonie","robots":{"index":"index","follow":"follow","max-snippet":"max-snippet:-1","max-image-preview":"max-image-preview:large","max-video-preview":"max-video-preview:-1"},"canonical":"https:\/\/www.eoc.ee\/pood\/usk-ja-elu-ajakirjad\/usk-ja-elu-oigeusu-vaimulik-ajakiri-nr-15\/","og_locale":"fr_FR","og_type":"article","og_title":"USK JA ELU \u00d5igeusu vaimulik ajakiri nr 15 &#8211; \u00c9glise Orthodoxe d'Estonie","og_description":"1. Kirikukogu \u00fcks olulisemaid muresid oli \u00d5igeusu Kiriku \u00fchtsus. Iga kohalik kirik p\u00fcha armulauaohvri toojana on \u00fcheainsa, kogumaapealse ja apostliku Koguduse ligiolu ja avaldumine... 2. V\u00f5tnud osa p\u00fchast armulauast ja palvetanud kogu maailma eest, peame j\u00e4tkama \"liturgiaga p\u00e4rast jumalikku liturgiat\", andma tunnistust usust... 3. T\u00e4nu oma kohusele anda tunnistust t\u00f5est ja apostlikust usust, peab meie Kirik v\u00e4ga oluliseks dialoogi, eriti mitte-\u00f5igeusklike kristlastega... 4. \u00d5igeusu Kirik m\u00f5istab hukka usuv\u00e4hemustesse kuulujate kallal s\u00f5jalise j\u00f5u kasutamise, nende tagakiusamise, kodust v\u00e4ljakihutamise, sundp\u00f6\u00f6ramise, inimkaubitsemise pagulastega, inimr\u00f6\u00f6vid, piinamise ja julmad hukkamised... 5.T\u00e4nap\u00e4eva ilmalikkus p\u00fc\u00fcdleb inimese s\u00f5ltumatuse poole Kristusest ja Kiriku vaimulikust m\u00f5just, samastades viimast meelevaldse alalhoidlikkusega... 6.Vastukaaluks t\u00e4nap\u00e4evasele arusaamale abielust peab \u00d5igeusu Kirik mehe ja naise lahutamatut armastussuhet \"Kristuse ja Koguduse suureks salasuseks\"... 7.Mis puutub ristiusu ja loodusteaduste vahekorda, siis \u00d5igeusu Kirik suhtub lugupidavalt teaduslikku uurimisvabadusse, kuid osutab m\u00f5ningatele ohtudele ning r\u00f5hutab inimv\u00e4\u00e4rikust ja tema igavest eesm\u00e4rki olla osaduses Jumalaga. 8. On ilmne, et meie kaasaja \u00f6koloogilise kriisi p\u00f5hjused on vaimulikud ja k\u00f5lbelised... 9.\u00d5K suhtub lugupidavalt inimeste ja rahvaste erip\u00e4rasse.Kirik on vastu majanduse muutmisele eesm\u00e4rgiks omaette, eriti kui see toimub vaimsete v\u00e4\u00e4rtuste arvelt. 10. \u00d5K ei sekku poliitikasse. Kirik toonitab, et \u00fcks p\u00f5hilisi inim\u00f5igusi on usuvabadus-s\u00fcdametunnistuse, uskumise ja usundi j\u00e4rgimise vabadus... 11.\u00d5K p\u00f6\u00f6rdub noorte poole, kes otsivad eluteostust vabaduses, \u00f5igluses, loovuses ja armastuses... 12. P\u00fcha ja Suur Kirikukogu avab meie jaoks uue vaatenurga t\u00e4nap\u00e4eva eripalgelisele ja mitmekesisele mailmale. (P\u00fcha ja Suure \u00d5igeusu Kirikukogu l\u00e4kitusest Kreetal 2016)","og_url":"https:\/\/www.eoc.ee\/pood\/usk-ja-elu-ajakirjad\/usk-ja-elu-oigeusu-vaimulik-ajakiri-nr-15\/","og_site_name":"\u00c9glise Orthodoxe d'Estonie","article_modified_time":"2021-04-01T17:57:37+00:00","og_image":[{"width":1835,"height":2560,"url":"https:\/\/www.eoc.ee\/wp-content\/uploads\/2021\/01\/uskjaelu15-scaled.jpg","type":"image\/jpeg"}],"schema":{"@context":"https:\/\/schema.org","@graph":[{"@type":"WebPage","@id":"https:\/\/www.eoc.ee\/pood\/usk-ja-elu-ajakirjad\/usk-ja-elu-oigeusu-vaimulik-ajakiri-nr-15\/","url":"https:\/\/www.eoc.ee\/pood\/usk-ja-elu-ajakirjad\/usk-ja-elu-oigeusu-vaimulik-ajakiri-nr-15\/","name":"USK JA ELU \u00d5igeusu vaimulik ajakiri nr 15 &#8211; \u00c9glise Orthodoxe d'Estonie","isPartOf":{"@id":"https:\/\/www.eoc.ee\/#website"},"primaryImageOfPage":{"@id":"https:\/\/www.eoc.ee\/pood\/usk-ja-elu-ajakirjad\/usk-ja-elu-oigeusu-vaimulik-ajakiri-nr-15\/#primaryimage"},"image":{"@id":"https:\/\/www.eoc.ee\/pood\/usk-ja-elu-ajakirjad\/usk-ja-elu-oigeusu-vaimulik-ajakiri-nr-15\/#primaryimage"},"thumbnailUrl":"https:\/\/www.eoc.ee\/wp-content\/uploads\/2021\/01\/uskjaelu15-scaled.jpg","datePublished":"2020-04-28T14:10:07+00:00","dateModified":"2021-04-01T17:57:37+00:00","breadcrumb":{"@id":"https:\/\/www.eoc.ee\/pood\/usk-ja-elu-ajakirjad\/usk-ja-elu-oigeusu-vaimulik-ajakiri-nr-15\/#breadcrumb"},"inLanguage":"fr-FR","potentialAction":[{"@type":"ReadAction","target":["https:\/\/www.eoc.ee\/pood\/usk-ja-elu-ajakirjad\/usk-ja-elu-oigeusu-vaimulik-ajakiri-nr-15\/"]}]},{"@type":"ImageObject","inLanguage":"fr-FR","@id":"https:\/\/www.eoc.ee\/pood\/usk-ja-elu-ajakirjad\/usk-ja-elu-oigeusu-vaimulik-ajakiri-nr-15\/#primaryimage","url":"https:\/\/www.eoc.ee\/wp-content\/uploads\/2021\/01\/uskjaelu15-scaled.jpg","contentUrl":"https:\/\/www.eoc.ee\/wp-content\/uploads\/2021\/01\/uskjaelu15-scaled.jpg","width":1835,"height":2560,"caption":"USK JA ELU 15"},{"@type":"BreadcrumbList","@id":"https:\/\/www.eoc.ee\/pood\/usk-ja-elu-ajakirjad\/usk-ja-elu-oigeusu-vaimulik-ajakiri-nr-15\/#breadcrumb","itemListElement":[{"@type":"ListItem","position":1,"name":"Home","item":"https:\/\/www.eoc.ee\/"},{"@type":"ListItem","position":2,"name":"USK JA ELU \u00d5igeusu vaimulik ajakiri nr 15"}]},{"@type":"WebSite","@id":"https:\/\/www.eoc.ee\/#website","url":"https:\/\/www.eoc.ee\/","name":"\u00c9glise Orthodoxe d'Estonie","description":"Eesti Apostlik-\u00d5igeusu Kirik","potentialAction":[{"@type":"SearchAction","target":{"@type":"EntryPoint","urlTemplate":"https:\/\/www.eoc.ee\/?s={search_term_string}"},"query-input":{"@type":"PropertyValueSpecification","valueRequired":true,"valueName":"search_term_string"}}],"inLanguage":"fr-FR"}]}},"_links":{"self":[{"href":"https:\/\/www.eoc.ee\/fr\/wp-json\/wp\/v2\/product\/33735","targetHints":{"allow":["GET"]}}],"collection":[{"href":"https:\/\/www.eoc.ee\/fr\/wp-json\/wp\/v2\/product"}],"about":[{"href":"https:\/\/www.eoc.ee\/fr\/wp-json\/wp\/v2\/types\/product"}],"wp:featuredmedia":[{"embeddable":true,"href":"https:\/\/www.eoc.ee\/fr\/wp-json\/wp\/v2\/media\/33724"}],"wp:attachment":[{"href":"https:\/\/www.eoc.ee\/fr\/wp-json\/wp\/v2\/media?parent=33735"}],"wp:term":[{"taxonomy":"product_brand","embeddable":true,"href":"https:\/\/www.eoc.ee\/fr\/wp-json\/wp\/v2\/product_brand?post=33735"},{"taxonomy":"product_cat","embeddable":true,"href":"https:\/\/www.eoc.ee\/fr\/wp-json\/wp\/v2\/product_cat?post=33735"},{"taxonomy":"product_tag","embeddable":true,"href":"https:\/\/www.eoc.ee\/fr\/wp-json\/wp\/v2\/product_tag?post=33735"}],"curies":[{"name":"wp","href":"https:\/\/api.w.org\/{rel}","templated":true}]}}