{"id":33736,"date":"2020-04-28T17:20:42","date_gmt":"2020-04-28T14:20:42","guid":{"rendered":"http:\/\/www.eoc.ee\/?post_type=product&#038;p=33736"},"modified":"2021-04-01T20:57:27","modified_gmt":"2021-04-01T17:57:27","slug":"usk-ja-elu-oigeusu-vaimulik-ajakiri-nr-16","status":"publish","type":"product","link":"https:\/\/www.eoc.ee\/fr\/pood\/usk-ja-elu-ajakirjad\/usk-ja-elu-oigeusu-vaimulik-ajakiri-nr-16\/","title":{"rendered":"USK JA ELU \u00d5igeusu vaimulik ajakiri nr 16"},"content":{"rendered":"<p><strong>Toimetuse kolleegium:<\/strong> metropoliit Stefanus, arhimandriit prof. Grigorios Papathomas, \u00fclempreester Mattias Palli<br \/>\n<strong>Ilmumise kuup\u00e4ev:<\/strong> 2018<br \/>\n<strong>Lehek\u00fclgi:<\/strong> 80<br \/>\n<strong>Formaat: <\/strong>paberajakiri<br \/>\n<strong>ISSN:<\/strong> 1736-4000<\/p>\n","protected":false},"excerpt":{"rendered":"<p><span style=\"font-weight: 400;\">Seekordses ajakirjas on <strong>piiskop Platoni<\/strong> ja <strong>metropoliit Aleksandri<\/strong> tervitused vabariigi 20. aastap\u00e4eval ja <strong>metropoliit Stefanuse<\/strong> ettekanne, kus ta vaatleb m\u00e4rtrisurma t\u00e4hendust kristlikus ajaloos ja t\u00e4nap\u00e4eval. Artiklis bioeetikast arutleb <strong>piiskop Makarios<\/strong> teaduse ja teoloogia dialoogi \u00fcle, \u00f6eldes, et Kirik pole kutsutud teadussaavutusi kritiseerima v\u00f5i teaduse edusamme takistama, vaid Kirikut on vaja selleks, et aidata eetilisi p\u00f5him\u00f5tteid kujundada. <strong>Arhimandriit Grigorios<\/strong> <strong>Papathomas<\/strong> kirjutab kaanonite seosest piibliga ja Soome eksegeet <strong>preester Mikael Sundkvist<\/strong> k\u00e4sitleb Pauluse vaadet \u00f5igekssaamisele armust. Kodumaa juubeliga seotud loos \u00ab\u00a0Kristlane oma isamaal\u00a0\u00bb, annab <strong>\u00fclempreester Mattias Palli<\/strong> meile teada, et usk annab meile \u00f5ige v\u00e4\u00e4rtuste j\u00e4rjekorra ning aitab t\u00f5eliselt hinnata ka oma riiki ja rahvast.<\/span><\/p>\n","protected":false},"featured_media":33729,"template":"","meta":{"_exactmetrics_skip_tracking":false,"_exactmetrics_sitenote_active":false,"_exactmetrics_sitenote_note":"","_exactmetrics_sitenote_category":0,"_monsterinsights_skip_tracking":false,"_monsterinsights_sitenote_active":false,"_monsterinsights_sitenote_note":"","_monsterinsights_sitenote_category":0},"product_brand":[],"product_cat":[260],"product_tag":[288,332,259,361,335,261,315,360,339],"class_list":{"0":"post-33736","1":"product","2":"type-product","3":"status-publish","4":"has-post-thumbnail","6":"product_cat-usk-ja-elu-ajakirjad","7":"product_tag-arhimandriit-grigorios-papathomas","8":"product_tag-bioeetika","9":"product_tag-kristuselinna-piiskop-makarios","10":"product_tag-martrisurm","11":"product_tag-metropoliit-aleksander","12":"product_tag-metropoliit-stefanus","13":"product_tag-piiskop-platon","14":"product_tag-preester-mikael-sundkvist","15":"product_tag-ulempreester-mattias-palli","17":"first","18":"instock","19":"shipping-taxable","20":"purchasable","21":"product-type-simple"},"yoast_head":"<!-- This site is optimized with the Yoast SEO plugin v27.5 - https:\/\/yoast.com\/product\/yoast-seo-wordpress\/ -->\n<title>USK JA ELU \u00d5igeusu vaimulik ajakiri nr 16 &#8211; \u00c9glise Orthodoxe d&#039;Estonie<\/title>\n<meta name=\"robots\" content=\"index, follow, max-snippet:-1, max-image-preview:large, max-video-preview:-1\" \/>\n<link rel=\"canonical\" href=\"https:\/\/www.eoc.ee\/pood\/usk-ja-elu-ajakirjad\/usk-ja-elu-oigeusu-vaimulik-ajakiri-nr-16\/\" \/>\n<meta property=\"og:locale\" content=\"fr_FR\" \/>\n<meta property=\"og:type\" content=\"article\" \/>\n<meta property=\"og:title\" content=\"USK JA ELU \u00d5igeusu vaimulik ajakiri nr 16 &#8211; \u00c9glise Orthodoxe d&#039;Estonie\" \/>\n<meta property=\"og:description\" content=\"Seekordses ajakirjas on piiskop Platoni ja metropoliit Aleksandri tervitused vabariigi 20. aastap\u00e4eval ja metropoliit Stefanuse ettekanne, kus ta vaatleb m\u00e4rtrisurma t\u00e4hendust kristlikus ajaloos ja t\u00e4nap\u00e4eval. Artiklis bioeetikast arutleb piiskop Makarios teaduse ja teoloogia dialoogi \u00fcle, \u00f6eldes, et Kirik pole kutsutud teadussaavutusi kritiseerima v\u00f5i teaduse edusamme takistama, vaid Kirikut on vaja selleks, et aidata eetilisi p\u00f5him\u00f5tteid kujundada. Arhimandriit Grigorios Papathomas kirjutab kaanonite seosest piibliga ja Soome eksegeet preester Mikael Sundkvist k\u00e4sitleb Pauluse vaadet \u00f5igekssaamisele armust. Kodumaa juubeliga seotud loos &quot;Kristlane oma isamaal&quot;, annab \u00fclempreester Mattias Palli meile teada, et usk annab meile \u00f5ige v\u00e4\u00e4rtuste j\u00e4rjekorra ning aitab t\u00f5eliselt hinnata ka oma riiki ja rahvast.\" \/>\n<meta property=\"og:url\" content=\"https:\/\/www.eoc.ee\/pood\/usk-ja-elu-ajakirjad\/usk-ja-elu-oigeusu-vaimulik-ajakiri-nr-16\/\" \/>\n<meta property=\"og:site_name\" content=\"\u00c9glise Orthodoxe d&#039;Estonie\" \/>\n<meta property=\"article:modified_time\" content=\"2021-04-01T17:57:27+00:00\" \/>\n<meta property=\"og:image\" content=\"https:\/\/www.eoc.ee\/wp-content\/uploads\/2021\/01\/uskjaelu16-scaled.jpg\" \/>\n\t<meta property=\"og:image:width\" content=\"1815\" \/>\n\t<meta property=\"og:image:height\" content=\"2560\" \/>\n\t<meta property=\"og:image:type\" content=\"image\/jpeg\" \/>\n<script type=\"application\/ld+json\" class=\"yoast-schema-graph\">{\"@context\":\"https:\\\/\\\/schema.org\",\"@graph\":[{\"@type\":\"WebPage\",\"@id\":\"https:\\\/\\\/www.eoc.ee\\\/pood\\\/usk-ja-elu-ajakirjad\\\/usk-ja-elu-oigeusu-vaimulik-ajakiri-nr-16\\\/\",\"url\":\"https:\\\/\\\/www.eoc.ee\\\/pood\\\/usk-ja-elu-ajakirjad\\\/usk-ja-elu-oigeusu-vaimulik-ajakiri-nr-16\\\/\",\"name\":\"USK JA ELU \u00d5igeusu vaimulik ajakiri nr 16 &#8211; \u00c9glise Orthodoxe d'Estonie\",\"isPartOf\":{\"@id\":\"https:\\\/\\\/www.eoc.ee\\\/#website\"},\"primaryImageOfPage\":{\"@id\":\"https:\\\/\\\/www.eoc.ee\\\/pood\\\/usk-ja-elu-ajakirjad\\\/usk-ja-elu-oigeusu-vaimulik-ajakiri-nr-16\\\/#primaryimage\"},\"image\":{\"@id\":\"https:\\\/\\\/www.eoc.ee\\\/pood\\\/usk-ja-elu-ajakirjad\\\/usk-ja-elu-oigeusu-vaimulik-ajakiri-nr-16\\\/#primaryimage\"},\"thumbnailUrl\":\"https:\\\/\\\/www.eoc.ee\\\/wp-content\\\/uploads\\\/2021\\\/01\\\/uskjaelu16-scaled.jpg\",\"datePublished\":\"2020-04-28T14:20:42+00:00\",\"dateModified\":\"2021-04-01T17:57:27+00:00\",\"breadcrumb\":{\"@id\":\"https:\\\/\\\/www.eoc.ee\\\/pood\\\/usk-ja-elu-ajakirjad\\\/usk-ja-elu-oigeusu-vaimulik-ajakiri-nr-16\\\/#breadcrumb\"},\"inLanguage\":\"fr-FR\",\"potentialAction\":[{\"@type\":\"ReadAction\",\"target\":[\"https:\\\/\\\/www.eoc.ee\\\/pood\\\/usk-ja-elu-ajakirjad\\\/usk-ja-elu-oigeusu-vaimulik-ajakiri-nr-16\\\/\"]}]},{\"@type\":\"ImageObject\",\"inLanguage\":\"fr-FR\",\"@id\":\"https:\\\/\\\/www.eoc.ee\\\/pood\\\/usk-ja-elu-ajakirjad\\\/usk-ja-elu-oigeusu-vaimulik-ajakiri-nr-16\\\/#primaryimage\",\"url\":\"https:\\\/\\\/www.eoc.ee\\\/wp-content\\\/uploads\\\/2021\\\/01\\\/uskjaelu16-scaled.jpg\",\"contentUrl\":\"https:\\\/\\\/www.eoc.ee\\\/wp-content\\\/uploads\\\/2021\\\/01\\\/uskjaelu16-scaled.jpg\",\"width\":1815,\"height\":2560,\"caption\":\"Usk ja elu 16\"},{\"@type\":\"BreadcrumbList\",\"@id\":\"https:\\\/\\\/www.eoc.ee\\\/pood\\\/usk-ja-elu-ajakirjad\\\/usk-ja-elu-oigeusu-vaimulik-ajakiri-nr-16\\\/#breadcrumb\",\"itemListElement\":[{\"@type\":\"ListItem\",\"position\":1,\"name\":\"Home\",\"item\":\"https:\\\/\\\/www.eoc.ee\\\/\"},{\"@type\":\"ListItem\",\"position\":2,\"name\":\"USK JA ELU \u00d5igeusu vaimulik ajakiri nr 16\"}]},{\"@type\":\"WebSite\",\"@id\":\"https:\\\/\\\/www.eoc.ee\\\/#website\",\"url\":\"https:\\\/\\\/www.eoc.ee\\\/\",\"name\":\"\u00c9glise Orthodoxe d'Estonie\",\"description\":\"Eesti Apostlik-\u00d5igeusu Kirik\",\"potentialAction\":[{\"@type\":\"SearchAction\",\"target\":{\"@type\":\"EntryPoint\",\"urlTemplate\":\"https:\\\/\\\/www.eoc.ee\\\/?s={search_term_string}\"},\"query-input\":{\"@type\":\"PropertyValueSpecification\",\"valueRequired\":true,\"valueName\":\"search_term_string\"}}],\"inLanguage\":\"fr-FR\"}]}<\/script>\n<!-- \/ Yoast SEO plugin. -->","yoast_head_json":{"title":"USK JA ELU \u00d5igeusu vaimulik ajakiri nr 16 &#8211; \u00c9glise Orthodoxe d'Estonie","robots":{"index":"index","follow":"follow","max-snippet":"max-snippet:-1","max-image-preview":"max-image-preview:large","max-video-preview":"max-video-preview:-1"},"canonical":"https:\/\/www.eoc.ee\/pood\/usk-ja-elu-ajakirjad\/usk-ja-elu-oigeusu-vaimulik-ajakiri-nr-16\/","og_locale":"fr_FR","og_type":"article","og_title":"USK JA ELU \u00d5igeusu vaimulik ajakiri nr 16 &#8211; \u00c9glise Orthodoxe d'Estonie","og_description":"Seekordses ajakirjas on piiskop Platoni ja metropoliit Aleksandri tervitused vabariigi 20. aastap\u00e4eval ja metropoliit Stefanuse ettekanne, kus ta vaatleb m\u00e4rtrisurma t\u00e4hendust kristlikus ajaloos ja t\u00e4nap\u00e4eval. Artiklis bioeetikast arutleb piiskop Makarios teaduse ja teoloogia dialoogi \u00fcle, \u00f6eldes, et Kirik pole kutsutud teadussaavutusi kritiseerima v\u00f5i teaduse edusamme takistama, vaid Kirikut on vaja selleks, et aidata eetilisi p\u00f5him\u00f5tteid kujundada. Arhimandriit Grigorios Papathomas kirjutab kaanonite seosest piibliga ja Soome eksegeet preester Mikael Sundkvist k\u00e4sitleb Pauluse vaadet \u00f5igekssaamisele armust. Kodumaa juubeliga seotud loos \"Kristlane oma isamaal\", annab \u00fclempreester Mattias Palli meile teada, et usk annab meile \u00f5ige v\u00e4\u00e4rtuste j\u00e4rjekorra ning aitab t\u00f5eliselt hinnata ka oma riiki ja rahvast.","og_url":"https:\/\/www.eoc.ee\/pood\/usk-ja-elu-ajakirjad\/usk-ja-elu-oigeusu-vaimulik-ajakiri-nr-16\/","og_site_name":"\u00c9glise Orthodoxe d'Estonie","article_modified_time":"2021-04-01T17:57:27+00:00","og_image":[{"width":1815,"height":2560,"url":"https:\/\/www.eoc.ee\/wp-content\/uploads\/2021\/01\/uskjaelu16-scaled.jpg","type":"image\/jpeg"}],"schema":{"@context":"https:\/\/schema.org","@graph":[{"@type":"WebPage","@id":"https:\/\/www.eoc.ee\/pood\/usk-ja-elu-ajakirjad\/usk-ja-elu-oigeusu-vaimulik-ajakiri-nr-16\/","url":"https:\/\/www.eoc.ee\/pood\/usk-ja-elu-ajakirjad\/usk-ja-elu-oigeusu-vaimulik-ajakiri-nr-16\/","name":"USK JA ELU \u00d5igeusu vaimulik ajakiri nr 16 &#8211; \u00c9glise Orthodoxe d'Estonie","isPartOf":{"@id":"https:\/\/www.eoc.ee\/#website"},"primaryImageOfPage":{"@id":"https:\/\/www.eoc.ee\/pood\/usk-ja-elu-ajakirjad\/usk-ja-elu-oigeusu-vaimulik-ajakiri-nr-16\/#primaryimage"},"image":{"@id":"https:\/\/www.eoc.ee\/pood\/usk-ja-elu-ajakirjad\/usk-ja-elu-oigeusu-vaimulik-ajakiri-nr-16\/#primaryimage"},"thumbnailUrl":"https:\/\/www.eoc.ee\/wp-content\/uploads\/2021\/01\/uskjaelu16-scaled.jpg","datePublished":"2020-04-28T14:20:42+00:00","dateModified":"2021-04-01T17:57:27+00:00","breadcrumb":{"@id":"https:\/\/www.eoc.ee\/pood\/usk-ja-elu-ajakirjad\/usk-ja-elu-oigeusu-vaimulik-ajakiri-nr-16\/#breadcrumb"},"inLanguage":"fr-FR","potentialAction":[{"@type":"ReadAction","target":["https:\/\/www.eoc.ee\/pood\/usk-ja-elu-ajakirjad\/usk-ja-elu-oigeusu-vaimulik-ajakiri-nr-16\/"]}]},{"@type":"ImageObject","inLanguage":"fr-FR","@id":"https:\/\/www.eoc.ee\/pood\/usk-ja-elu-ajakirjad\/usk-ja-elu-oigeusu-vaimulik-ajakiri-nr-16\/#primaryimage","url":"https:\/\/www.eoc.ee\/wp-content\/uploads\/2021\/01\/uskjaelu16-scaled.jpg","contentUrl":"https:\/\/www.eoc.ee\/wp-content\/uploads\/2021\/01\/uskjaelu16-scaled.jpg","width":1815,"height":2560,"caption":"Usk ja elu 16"},{"@type":"BreadcrumbList","@id":"https:\/\/www.eoc.ee\/pood\/usk-ja-elu-ajakirjad\/usk-ja-elu-oigeusu-vaimulik-ajakiri-nr-16\/#breadcrumb","itemListElement":[{"@type":"ListItem","position":1,"name":"Home","item":"https:\/\/www.eoc.ee\/"},{"@type":"ListItem","position":2,"name":"USK JA ELU \u00d5igeusu vaimulik ajakiri nr 16"}]},{"@type":"WebSite","@id":"https:\/\/www.eoc.ee\/#website","url":"https:\/\/www.eoc.ee\/","name":"\u00c9glise Orthodoxe d'Estonie","description":"Eesti Apostlik-\u00d5igeusu Kirik","potentialAction":[{"@type":"SearchAction","target":{"@type":"EntryPoint","urlTemplate":"https:\/\/www.eoc.ee\/?s={search_term_string}"},"query-input":{"@type":"PropertyValueSpecification","valueRequired":true,"valueName":"search_term_string"}}],"inLanguage":"fr-FR"}]}},"_links":{"self":[{"href":"https:\/\/www.eoc.ee\/fr\/wp-json\/wp\/v2\/product\/33736","targetHints":{"allow":["GET"]}}],"collection":[{"href":"https:\/\/www.eoc.ee\/fr\/wp-json\/wp\/v2\/product"}],"about":[{"href":"https:\/\/www.eoc.ee\/fr\/wp-json\/wp\/v2\/types\/product"}],"wp:featuredmedia":[{"embeddable":true,"href":"https:\/\/www.eoc.ee\/fr\/wp-json\/wp\/v2\/media\/33729"}],"wp:attachment":[{"href":"https:\/\/www.eoc.ee\/fr\/wp-json\/wp\/v2\/media?parent=33736"}],"wp:term":[{"taxonomy":"product_brand","embeddable":true,"href":"https:\/\/www.eoc.ee\/fr\/wp-json\/wp\/v2\/product_brand?post=33736"},{"taxonomy":"product_cat","embeddable":true,"href":"https:\/\/www.eoc.ee\/fr\/wp-json\/wp\/v2\/product_cat?post=33736"},{"taxonomy":"product_tag","embeddable":true,"href":"https:\/\/www.eoc.ee\/fr\/wp-json\/wp\/v2\/product_tag?post=33736"}],"curies":[{"name":"wp","href":"https:\/\/api.w.org\/{rel}","templated":true}]}}