{"id":33774,"date":"2021-01-03T15:24:00","date_gmt":"2021-01-03T13:24:00","guid":{"rendered":"http:\/\/www.eoc.ee\/?post_type=product&#038;p=33774"},"modified":"2021-02-03T15:25:19","modified_gmt":"2021-02-03T13:25:19","slug":"pilguheit-oigeusku","status":"publish","type":"product","link":"https:\/\/www.eoc.ee\/fr\/pood\/eestikeelne-kirjandus\/pilguheit-oigeusku\/","title":{"rendered":"PILGUHEIT \u00d5IGEUSKU"},"content":{"rendered":"<p><strong>Autorid:<\/strong> Stefanus Tallinna ja kogu Eesti metropoliit<br \/>\n<strong>Ilmumisaasta:<\/strong> 2011<br \/>\n<strong>Lehek\u00fclgi:<\/strong> 240<br \/>\n<strong>Formaat:\u00a0<\/strong>k\u00f5vakaaneline<strong><br \/>\nKirjastus:<\/strong> O\u00dc Greif<br \/>\n<strong>ISBN: <\/strong>978-9985-9703-7-9<\/p>\n","protected":false},"excerpt":{"rendered":"<p>Tallinna ja kogu Eesti Metropoliit Stefanuse raamat on s\u00fcsteemne k\u00e4sitlus \u00f5igeusu kiriku p\u00f5hialustest ja ajaloost, suhetest teiste kirikute ja \u00fchiskonnaelu avaldustega.<\/p>\n","protected":false},"featured_media":33775,"template":"","meta":{"_exactmetrics_skip_tracking":false,"_exactmetrics_sitenote_active":false,"_exactmetrics_sitenote_note":"","_exactmetrics_sitenote_category":0,"_monsterinsights_skip_tracking":false,"_monsterinsights_sitenote_active":false,"_monsterinsights_sitenote_note":"","_monsterinsights_sitenote_category":0},"product_brand":[],"product_cat":[222],"product_tag":[261,218],"class_list":{"0":"post-33774","1":"product","2":"type-product","3":"status-publish","4":"has-post-thumbnail","6":"product_cat-eestikeelne-kirjandus","7":"product_tag-metropoliit-stefanus","8":"product_tag-oigeusk","10":"first","11":"instock","12":"shipping-taxable","13":"purchasable","14":"product-type-simple"},"yoast_head":"<!-- This site is optimized with the Yoast SEO plugin v27.5 - https:\/\/yoast.com\/product\/yoast-seo-wordpress\/ -->\n<title>PILGUHEIT \u00d5IGEUSKU &#8211; \u00c9glise Orthodoxe d&#039;Estonie<\/title>\n<meta name=\"robots\" content=\"index, follow, max-snippet:-1, max-image-preview:large, max-video-preview:-1\" \/>\n<link rel=\"canonical\" href=\"https:\/\/www.eoc.ee\/pood\/eestikeelne-kirjandus\/pilguheit-oigeusku\/\" \/>\n<meta property=\"og:locale\" content=\"fr_FR\" \/>\n<meta property=\"og:type\" content=\"article\" \/>\n<meta property=\"og:title\" content=\"PILGUHEIT \u00d5IGEUSKU &#8211; \u00c9glise Orthodoxe d&#039;Estonie\" \/>\n<meta property=\"og:description\" content=\"Tallinna ja kogu Eesti Metropoliit Stefanuse raamat on s\u00fcsteemne k\u00e4sitlus \u00f5igeusu kiriku p\u00f5hialustest ja ajaloost, suhetest teiste kirikute ja \u00fchiskonnaelu avaldustega.\" \/>\n<meta property=\"og:url\" content=\"https:\/\/www.eoc.ee\/pood\/eestikeelne-kirjandus\/pilguheit-oigeusku\/\" \/>\n<meta property=\"og:site_name\" content=\"\u00c9glise Orthodoxe d&#039;Estonie\" \/>\n<meta property=\"article:modified_time\" content=\"2021-02-03T13:25:19+00:00\" \/>\n<meta property=\"og:image\" content=\"https:\/\/www.eoc.ee\/wp-content\/uploads\/2021\/02\/pilguheit_oigeusku.jpg\" \/>\n\t<meta property=\"og:image:width\" content=\"1000\" \/>\n\t<meta property=\"og:image:height\" content=\"1604\" \/>\n\t<meta property=\"og:image:type\" content=\"image\/jpeg\" \/>\n<script type=\"application\/ld+json\" class=\"yoast-schema-graph\">{\"@context\":\"https:\\\/\\\/schema.org\",\"@graph\":[{\"@type\":\"WebPage\",\"@id\":\"https:\\\/\\\/www.eoc.ee\\\/pood\\\/eestikeelne-kirjandus\\\/pilguheit-oigeusku\\\/\",\"url\":\"https:\\\/\\\/www.eoc.ee\\\/pood\\\/eestikeelne-kirjandus\\\/pilguheit-oigeusku\\\/\",\"name\":\"PILGUHEIT \u00d5IGEUSKU &#8211; \u00c9glise Orthodoxe d'Estonie\",\"isPartOf\":{\"@id\":\"https:\\\/\\\/www.eoc.ee\\\/#website\"},\"primaryImageOfPage\":{\"@id\":\"https:\\\/\\\/www.eoc.ee\\\/pood\\\/eestikeelne-kirjandus\\\/pilguheit-oigeusku\\\/#primaryimage\"},\"image\":{\"@id\":\"https:\\\/\\\/www.eoc.ee\\\/pood\\\/eestikeelne-kirjandus\\\/pilguheit-oigeusku\\\/#primaryimage\"},\"thumbnailUrl\":\"https:\\\/\\\/www.eoc.ee\\\/wp-content\\\/uploads\\\/2021\\\/02\\\/pilguheit_oigeusku.jpg\",\"datePublished\":\"2021-01-03T13:24:00+00:00\",\"dateModified\":\"2021-02-03T13:25:19+00:00\",\"breadcrumb\":{\"@id\":\"https:\\\/\\\/www.eoc.ee\\\/pood\\\/eestikeelne-kirjandus\\\/pilguheit-oigeusku\\\/#breadcrumb\"},\"inLanguage\":\"fr-FR\",\"potentialAction\":[{\"@type\":\"ReadAction\",\"target\":[\"https:\\\/\\\/www.eoc.ee\\\/pood\\\/eestikeelne-kirjandus\\\/pilguheit-oigeusku\\\/\"]}]},{\"@type\":\"ImageObject\",\"inLanguage\":\"fr-FR\",\"@id\":\"https:\\\/\\\/www.eoc.ee\\\/pood\\\/eestikeelne-kirjandus\\\/pilguheit-oigeusku\\\/#primaryimage\",\"url\":\"https:\\\/\\\/www.eoc.ee\\\/wp-content\\\/uploads\\\/2021\\\/02\\\/pilguheit_oigeusku.jpg\",\"contentUrl\":\"https:\\\/\\\/www.eoc.ee\\\/wp-content\\\/uploads\\\/2021\\\/02\\\/pilguheit_oigeusku.jpg\",\"width\":1000,\"height\":1604,\"caption\":\"Pilguheit \u00f5igeusku\"},{\"@type\":\"BreadcrumbList\",\"@id\":\"https:\\\/\\\/www.eoc.ee\\\/pood\\\/eestikeelne-kirjandus\\\/pilguheit-oigeusku\\\/#breadcrumb\",\"itemListElement\":[{\"@type\":\"ListItem\",\"position\":1,\"name\":\"Home\",\"item\":\"https:\\\/\\\/www.eoc.ee\\\/\"},{\"@type\":\"ListItem\",\"position\":2,\"name\":\"PILGUHEIT \u00d5IGEUSKU\"}]},{\"@type\":\"WebSite\",\"@id\":\"https:\\\/\\\/www.eoc.ee\\\/#website\",\"url\":\"https:\\\/\\\/www.eoc.ee\\\/\",\"name\":\"\u00c9glise Orthodoxe d'Estonie\",\"description\":\"Eesti Apostlik-\u00d5igeusu Kirik\",\"potentialAction\":[{\"@type\":\"SearchAction\",\"target\":{\"@type\":\"EntryPoint\",\"urlTemplate\":\"https:\\\/\\\/www.eoc.ee\\\/?s={search_term_string}\"},\"query-input\":{\"@type\":\"PropertyValueSpecification\",\"valueRequired\":true,\"valueName\":\"search_term_string\"}}],\"inLanguage\":\"fr-FR\"}]}<\/script>\n<!-- \/ Yoast SEO plugin. -->","yoast_head_json":{"title":"PILGUHEIT \u00d5IGEUSKU &#8211; \u00c9glise Orthodoxe d'Estonie","robots":{"index":"index","follow":"follow","max-snippet":"max-snippet:-1","max-image-preview":"max-image-preview:large","max-video-preview":"max-video-preview:-1"},"canonical":"https:\/\/www.eoc.ee\/pood\/eestikeelne-kirjandus\/pilguheit-oigeusku\/","og_locale":"fr_FR","og_type":"article","og_title":"PILGUHEIT \u00d5IGEUSKU &#8211; \u00c9glise Orthodoxe d'Estonie","og_description":"Tallinna ja kogu Eesti Metropoliit Stefanuse raamat on s\u00fcsteemne k\u00e4sitlus \u00f5igeusu kiriku p\u00f5hialustest ja ajaloost, suhetest teiste kirikute ja \u00fchiskonnaelu avaldustega.","og_url":"https:\/\/www.eoc.ee\/pood\/eestikeelne-kirjandus\/pilguheit-oigeusku\/","og_site_name":"\u00c9glise Orthodoxe d'Estonie","article_modified_time":"2021-02-03T13:25:19+00:00","og_image":[{"width":1000,"height":1604,"url":"https:\/\/www.eoc.ee\/wp-content\/uploads\/2021\/02\/pilguheit_oigeusku.jpg","type":"image\/jpeg"}],"schema":{"@context":"https:\/\/schema.org","@graph":[{"@type":"WebPage","@id":"https:\/\/www.eoc.ee\/pood\/eestikeelne-kirjandus\/pilguheit-oigeusku\/","url":"https:\/\/www.eoc.ee\/pood\/eestikeelne-kirjandus\/pilguheit-oigeusku\/","name":"PILGUHEIT \u00d5IGEUSKU &#8211; \u00c9glise Orthodoxe d'Estonie","isPartOf":{"@id":"https:\/\/www.eoc.ee\/#website"},"primaryImageOfPage":{"@id":"https:\/\/www.eoc.ee\/pood\/eestikeelne-kirjandus\/pilguheit-oigeusku\/#primaryimage"},"image":{"@id":"https:\/\/www.eoc.ee\/pood\/eestikeelne-kirjandus\/pilguheit-oigeusku\/#primaryimage"},"thumbnailUrl":"https:\/\/www.eoc.ee\/wp-content\/uploads\/2021\/02\/pilguheit_oigeusku.jpg","datePublished":"2021-01-03T13:24:00+00:00","dateModified":"2021-02-03T13:25:19+00:00","breadcrumb":{"@id":"https:\/\/www.eoc.ee\/pood\/eestikeelne-kirjandus\/pilguheit-oigeusku\/#breadcrumb"},"inLanguage":"fr-FR","potentialAction":[{"@type":"ReadAction","target":["https:\/\/www.eoc.ee\/pood\/eestikeelne-kirjandus\/pilguheit-oigeusku\/"]}]},{"@type":"ImageObject","inLanguage":"fr-FR","@id":"https:\/\/www.eoc.ee\/pood\/eestikeelne-kirjandus\/pilguheit-oigeusku\/#primaryimage","url":"https:\/\/www.eoc.ee\/wp-content\/uploads\/2021\/02\/pilguheit_oigeusku.jpg","contentUrl":"https:\/\/www.eoc.ee\/wp-content\/uploads\/2021\/02\/pilguheit_oigeusku.jpg","width":1000,"height":1604,"caption":"Pilguheit \u00f5igeusku"},{"@type":"BreadcrumbList","@id":"https:\/\/www.eoc.ee\/pood\/eestikeelne-kirjandus\/pilguheit-oigeusku\/#breadcrumb","itemListElement":[{"@type":"ListItem","position":1,"name":"Home","item":"https:\/\/www.eoc.ee\/"},{"@type":"ListItem","position":2,"name":"PILGUHEIT \u00d5IGEUSKU"}]},{"@type":"WebSite","@id":"https:\/\/www.eoc.ee\/#website","url":"https:\/\/www.eoc.ee\/","name":"\u00c9glise Orthodoxe d'Estonie","description":"Eesti Apostlik-\u00d5igeusu Kirik","potentialAction":[{"@type":"SearchAction","target":{"@type":"EntryPoint","urlTemplate":"https:\/\/www.eoc.ee\/?s={search_term_string}"},"query-input":{"@type":"PropertyValueSpecification","valueRequired":true,"valueName":"search_term_string"}}],"inLanguage":"fr-FR"}]}},"_links":{"self":[{"href":"https:\/\/www.eoc.ee\/fr\/wp-json\/wp\/v2\/product\/33774","targetHints":{"allow":["GET"]}}],"collection":[{"href":"https:\/\/www.eoc.ee\/fr\/wp-json\/wp\/v2\/product"}],"about":[{"href":"https:\/\/www.eoc.ee\/fr\/wp-json\/wp\/v2\/types\/product"}],"wp:featuredmedia":[{"embeddable":true,"href":"https:\/\/www.eoc.ee\/fr\/wp-json\/wp\/v2\/media\/33775"}],"wp:attachment":[{"href":"https:\/\/www.eoc.ee\/fr\/wp-json\/wp\/v2\/media?parent=33774"}],"wp:term":[{"taxonomy":"product_brand","embeddable":true,"href":"https:\/\/www.eoc.ee\/fr\/wp-json\/wp\/v2\/product_brand?post=33774"},{"taxonomy":"product_cat","embeddable":true,"href":"https:\/\/www.eoc.ee\/fr\/wp-json\/wp\/v2\/product_cat?post=33774"},{"taxonomy":"product_tag","embeddable":true,"href":"https:\/\/www.eoc.ee\/fr\/wp-json\/wp\/v2\/product_tag?post=33774"}],"curies":[{"name":"wp","href":"https:\/\/api.w.org\/{rel}","templated":true}]}}