{"id":33790,"date":"2020-11-06T10:37:49","date_gmt":"2020-11-06T08:37:49","guid":{"rendered":"http:\/\/www.eoc.ee\/?post_type=product&#038;p=33790"},"modified":"2021-04-01T20:56:11","modified_gmt":"2021-04-01T17:56:11","slug":"puhad-inimesed-meie-eestpalujad","status":"publish","type":"product","link":"https:\/\/www.eoc.ee\/fr\/pood\/eestikeelne-kirjandus\/puhad-inimesed-meie-eestpalujad\/","title":{"rendered":"P\u00dcHAD INIMESED &#8211; MEIE EESTPALUJAD"},"content":{"rendered":"<p><strong>Autor:<\/strong> preester J\u00fcri Ilves, preester Mattias Palli<br \/>\n<strong>Ilmumise kuup\u00e4ev:<\/strong> 2007<br \/>\n<strong>Lehek\u00fclgi:<\/strong> 51<br \/>\n<strong>Formaat: <\/strong>pehmekaaneline<strong><br \/>\nKirjastus:<\/strong> O\u00dc Greif<br \/>\n<strong>ISBN:<\/strong> 978-9949-15-211-7<\/p>\n","protected":false},"excerpt":{"rendered":"<p>Sellesse raamatukesse on kokku kogutud k\u00f5ige tuntumate ja armastatud p\u00fchade inimeste &#8211; Joakim ja Anna, Neitsi Maarja, apostlid &#8211; evangelistid Johannes, Luukas, Matteus, Markus, Ristija Johannes, apostlid Peetrus ja Paulus, suurm\u00e4rter Katariina, Maarja-Magdaleena, p\u00fcha Nikolaus, Saarovi Serafim, Tartu preesterm\u00e4rter Issidor, piiskopm\u00e4rter Platon, preesterm\u00e4rtrid Mihhail, Nikolai ning Vassili elulood koos ikoonide ja troparitega.<\/p>\n","protected":false},"featured_media":33785,"template":"","meta":{"_exactmetrics_skip_tracking":false,"_exactmetrics_sitenote_active":false,"_exactmetrics_sitenote_note":"","_exactmetrics_sitenote_category":0,"_monsterinsights_skip_tracking":false,"_monsterinsights_sitenote_active":false,"_monsterinsights_sitenote_note":"","_monsterinsights_sitenote_category":0},"product_brand":[],"product_cat":[222],"product_tag":[365,366,367,369,363,315,371,370,364,368,339],"class_list":{"0":"post-33790","1":"product","2":"type-product","3":"status-publish","4":"has-post-thumbnail","6":"product_cat-eestikeelne-kirjandus","7":"product_tag-apostel-paulus","8":"product_tag-apostel-peetrus","9":"product_tag-joakim-ja-anna","10":"product_tag-maarja-magdaleena","11":"product_tag-neitsi-maarja","12":"product_tag-piiskop-platon","13":"product_tag-preester-juri-ilves","14":"product_tag-puha-nikolaus","15":"product_tag-ristija-johannes","16":"product_tag-suurmarter-katariina","17":"product_tag-ulempreester-mattias-palli","19":"first","20":"instock","21":"shipping-taxable","22":"purchasable","23":"product-type-simple"},"yoast_head":"<!-- This site is optimized with the Yoast SEO plugin v27.5 - https:\/\/yoast.com\/product\/yoast-seo-wordpress\/ -->\n<title>P\u00dcHAD INIMESED - MEIE EESTPALUJAD &#8211; \u00c9glise Orthodoxe d&#039;Estonie<\/title>\n<meta name=\"robots\" content=\"index, follow, max-snippet:-1, max-image-preview:large, max-video-preview:-1\" \/>\n<link rel=\"canonical\" href=\"https:\/\/www.eoc.ee\/pood\/eestikeelne-kirjandus\/puhad-inimesed-meie-eestpalujad\/\" \/>\n<meta property=\"og:locale\" content=\"fr_FR\" \/>\n<meta property=\"og:type\" content=\"article\" \/>\n<meta property=\"og:title\" content=\"P\u00dcHAD INIMESED - MEIE EESTPALUJAD &#8211; \u00c9glise Orthodoxe d&#039;Estonie\" \/>\n<meta property=\"og:description\" content=\"Sellesse raamatukesse on kokku kogutud k\u00f5ige tuntumate ja armastatud p\u00fchade inimeste - Joakim ja Anna, Neitsi Maarja, apostlid - evangelistid Johannes, Luukas, Matteus, Markus, Ristija Johannes, apostlid Peetrus ja Paulus, suurm\u00e4rter Katariina, Maarja-Magdaleena, p\u00fcha Nikolaus, Saarovi Serafim, Tartu preesterm\u00e4rter Issidor, piiskopm\u00e4rter Platon, preesterm\u00e4rtrid Mihhail, Nikolai ning Vassili elulood koos ikoonide ja troparitega.\" \/>\n<meta property=\"og:url\" content=\"https:\/\/www.eoc.ee\/pood\/eestikeelne-kirjandus\/puhad-inimesed-meie-eestpalujad\/\" \/>\n<meta property=\"og:site_name\" content=\"\u00c9glise Orthodoxe d&#039;Estonie\" \/>\n<meta property=\"article:modified_time\" content=\"2021-04-01T17:56:11+00:00\" \/>\n<meta property=\"og:image\" content=\"https:\/\/www.eoc.ee\/wp-content\/uploads\/2021\/02\/IMG_7761-1.jpg\" \/>\n\t<meta property=\"og:image:width\" content=\"800\" \/>\n\t<meta property=\"og:image:height\" content=\"1148\" \/>\n\t<meta property=\"og:image:type\" content=\"image\/jpeg\" \/>\n<script type=\"application\/ld+json\" class=\"yoast-schema-graph\">{\"@context\":\"https:\\\/\\\/schema.org\",\"@graph\":[{\"@type\":\"WebPage\",\"@id\":\"https:\\\/\\\/www.eoc.ee\\\/pood\\\/eestikeelne-kirjandus\\\/puhad-inimesed-meie-eestpalujad\\\/\",\"url\":\"https:\\\/\\\/www.eoc.ee\\\/pood\\\/eestikeelne-kirjandus\\\/puhad-inimesed-meie-eestpalujad\\\/\",\"name\":\"P\u00dcHAD INIMESED - MEIE EESTPALUJAD &#8211; \u00c9glise Orthodoxe d'Estonie\",\"isPartOf\":{\"@id\":\"https:\\\/\\\/www.eoc.ee\\\/#website\"},\"primaryImageOfPage\":{\"@id\":\"https:\\\/\\\/www.eoc.ee\\\/pood\\\/eestikeelne-kirjandus\\\/puhad-inimesed-meie-eestpalujad\\\/#primaryimage\"},\"image\":{\"@id\":\"https:\\\/\\\/www.eoc.ee\\\/pood\\\/eestikeelne-kirjandus\\\/puhad-inimesed-meie-eestpalujad\\\/#primaryimage\"},\"thumbnailUrl\":\"https:\\\/\\\/www.eoc.ee\\\/wp-content\\\/uploads\\\/2021\\\/02\\\/IMG_7761-1.jpg\",\"datePublished\":\"2020-11-06T08:37:49+00:00\",\"dateModified\":\"2021-04-01T17:56:11+00:00\",\"breadcrumb\":{\"@id\":\"https:\\\/\\\/www.eoc.ee\\\/pood\\\/eestikeelne-kirjandus\\\/puhad-inimesed-meie-eestpalujad\\\/#breadcrumb\"},\"inLanguage\":\"fr-FR\",\"potentialAction\":[{\"@type\":\"ReadAction\",\"target\":[\"https:\\\/\\\/www.eoc.ee\\\/pood\\\/eestikeelne-kirjandus\\\/puhad-inimesed-meie-eestpalujad\\\/\"]}]},{\"@type\":\"ImageObject\",\"inLanguage\":\"fr-FR\",\"@id\":\"https:\\\/\\\/www.eoc.ee\\\/pood\\\/eestikeelne-kirjandus\\\/puhad-inimesed-meie-eestpalujad\\\/#primaryimage\",\"url\":\"https:\\\/\\\/www.eoc.ee\\\/wp-content\\\/uploads\\\/2021\\\/02\\\/IMG_7761-1.jpg\",\"contentUrl\":\"https:\\\/\\\/www.eoc.ee\\\/wp-content\\\/uploads\\\/2021\\\/02\\\/IMG_7761-1.jpg\",\"width\":800,\"height\":1148,\"caption\":\"P\u00fchad inimesed - meie eestpalujad\"},{\"@type\":\"BreadcrumbList\",\"@id\":\"https:\\\/\\\/www.eoc.ee\\\/pood\\\/eestikeelne-kirjandus\\\/puhad-inimesed-meie-eestpalujad\\\/#breadcrumb\",\"itemListElement\":[{\"@type\":\"ListItem\",\"position\":1,\"name\":\"Home\",\"item\":\"https:\\\/\\\/www.eoc.ee\\\/\"},{\"@type\":\"ListItem\",\"position\":2,\"name\":\"P\u00dcHAD INIMESED &#8211; MEIE EESTPALUJAD\"}]},{\"@type\":\"WebSite\",\"@id\":\"https:\\\/\\\/www.eoc.ee\\\/#website\",\"url\":\"https:\\\/\\\/www.eoc.ee\\\/\",\"name\":\"\u00c9glise Orthodoxe d'Estonie\",\"description\":\"Eesti Apostlik-\u00d5igeusu Kirik\",\"potentialAction\":[{\"@type\":\"SearchAction\",\"target\":{\"@type\":\"EntryPoint\",\"urlTemplate\":\"https:\\\/\\\/www.eoc.ee\\\/?s={search_term_string}\"},\"query-input\":{\"@type\":\"PropertyValueSpecification\",\"valueRequired\":true,\"valueName\":\"search_term_string\"}}],\"inLanguage\":\"fr-FR\"}]}<\/script>\n<!-- \/ Yoast SEO plugin. -->","yoast_head_json":{"title":"P\u00dcHAD INIMESED - MEIE EESTPALUJAD &#8211; \u00c9glise Orthodoxe d'Estonie","robots":{"index":"index","follow":"follow","max-snippet":"max-snippet:-1","max-image-preview":"max-image-preview:large","max-video-preview":"max-video-preview:-1"},"canonical":"https:\/\/www.eoc.ee\/pood\/eestikeelne-kirjandus\/puhad-inimesed-meie-eestpalujad\/","og_locale":"fr_FR","og_type":"article","og_title":"P\u00dcHAD INIMESED - MEIE EESTPALUJAD &#8211; \u00c9glise Orthodoxe d'Estonie","og_description":"Sellesse raamatukesse on kokku kogutud k\u00f5ige tuntumate ja armastatud p\u00fchade inimeste - Joakim ja Anna, Neitsi Maarja, apostlid - evangelistid Johannes, Luukas, Matteus, Markus, Ristija Johannes, apostlid Peetrus ja Paulus, suurm\u00e4rter Katariina, Maarja-Magdaleena, p\u00fcha Nikolaus, Saarovi Serafim, Tartu preesterm\u00e4rter Issidor, piiskopm\u00e4rter Platon, preesterm\u00e4rtrid Mihhail, Nikolai ning Vassili elulood koos ikoonide ja troparitega.","og_url":"https:\/\/www.eoc.ee\/pood\/eestikeelne-kirjandus\/puhad-inimesed-meie-eestpalujad\/","og_site_name":"\u00c9glise Orthodoxe d'Estonie","article_modified_time":"2021-04-01T17:56:11+00:00","og_image":[{"width":800,"height":1148,"url":"https:\/\/www.eoc.ee\/wp-content\/uploads\/2021\/02\/IMG_7761-1.jpg","type":"image\/jpeg"}],"schema":{"@context":"https:\/\/schema.org","@graph":[{"@type":"WebPage","@id":"https:\/\/www.eoc.ee\/pood\/eestikeelne-kirjandus\/puhad-inimesed-meie-eestpalujad\/","url":"https:\/\/www.eoc.ee\/pood\/eestikeelne-kirjandus\/puhad-inimesed-meie-eestpalujad\/","name":"P\u00dcHAD INIMESED - MEIE EESTPALUJAD &#8211; \u00c9glise Orthodoxe d'Estonie","isPartOf":{"@id":"https:\/\/www.eoc.ee\/#website"},"primaryImageOfPage":{"@id":"https:\/\/www.eoc.ee\/pood\/eestikeelne-kirjandus\/puhad-inimesed-meie-eestpalujad\/#primaryimage"},"image":{"@id":"https:\/\/www.eoc.ee\/pood\/eestikeelne-kirjandus\/puhad-inimesed-meie-eestpalujad\/#primaryimage"},"thumbnailUrl":"https:\/\/www.eoc.ee\/wp-content\/uploads\/2021\/02\/IMG_7761-1.jpg","datePublished":"2020-11-06T08:37:49+00:00","dateModified":"2021-04-01T17:56:11+00:00","breadcrumb":{"@id":"https:\/\/www.eoc.ee\/pood\/eestikeelne-kirjandus\/puhad-inimesed-meie-eestpalujad\/#breadcrumb"},"inLanguage":"fr-FR","potentialAction":[{"@type":"ReadAction","target":["https:\/\/www.eoc.ee\/pood\/eestikeelne-kirjandus\/puhad-inimesed-meie-eestpalujad\/"]}]},{"@type":"ImageObject","inLanguage":"fr-FR","@id":"https:\/\/www.eoc.ee\/pood\/eestikeelne-kirjandus\/puhad-inimesed-meie-eestpalujad\/#primaryimage","url":"https:\/\/www.eoc.ee\/wp-content\/uploads\/2021\/02\/IMG_7761-1.jpg","contentUrl":"https:\/\/www.eoc.ee\/wp-content\/uploads\/2021\/02\/IMG_7761-1.jpg","width":800,"height":1148,"caption":"P\u00fchad inimesed - meie eestpalujad"},{"@type":"BreadcrumbList","@id":"https:\/\/www.eoc.ee\/pood\/eestikeelne-kirjandus\/puhad-inimesed-meie-eestpalujad\/#breadcrumb","itemListElement":[{"@type":"ListItem","position":1,"name":"Home","item":"https:\/\/www.eoc.ee\/"},{"@type":"ListItem","position":2,"name":"P\u00dcHAD INIMESED &#8211; MEIE EESTPALUJAD"}]},{"@type":"WebSite","@id":"https:\/\/www.eoc.ee\/#website","url":"https:\/\/www.eoc.ee\/","name":"\u00c9glise Orthodoxe d'Estonie","description":"Eesti Apostlik-\u00d5igeusu Kirik","potentialAction":[{"@type":"SearchAction","target":{"@type":"EntryPoint","urlTemplate":"https:\/\/www.eoc.ee\/?s={search_term_string}"},"query-input":{"@type":"PropertyValueSpecification","valueRequired":true,"valueName":"search_term_string"}}],"inLanguage":"fr-FR"}]}},"_links":{"self":[{"href":"https:\/\/www.eoc.ee\/fr\/wp-json\/wp\/v2\/product\/33790","targetHints":{"allow":["GET"]}}],"collection":[{"href":"https:\/\/www.eoc.ee\/fr\/wp-json\/wp\/v2\/product"}],"about":[{"href":"https:\/\/www.eoc.ee\/fr\/wp-json\/wp\/v2\/types\/product"}],"wp:featuredmedia":[{"embeddable":true,"href":"https:\/\/www.eoc.ee\/fr\/wp-json\/wp\/v2\/media\/33785"}],"wp:attachment":[{"href":"https:\/\/www.eoc.ee\/fr\/wp-json\/wp\/v2\/media?parent=33790"}],"wp:term":[{"taxonomy":"product_brand","embeddable":true,"href":"https:\/\/www.eoc.ee\/fr\/wp-json\/wp\/v2\/product_brand?post=33790"},{"taxonomy":"product_cat","embeddable":true,"href":"https:\/\/www.eoc.ee\/fr\/wp-json\/wp\/v2\/product_cat?post=33790"},{"taxonomy":"product_tag","embeddable":true,"href":"https:\/\/www.eoc.ee\/fr\/wp-json\/wp\/v2\/product_tag?post=33790"}],"curies":[{"name":"wp","href":"https:\/\/api.w.org\/{rel}","templated":true}]}}