{"id":33799,"date":"2020-11-06T11:05:01","date_gmt":"2020-11-06T09:05:01","guid":{"rendered":"http:\/\/www.eoc.ee\/?post_type=product&#038;p=33799"},"modified":"2022-05-31T23:24:10","modified_gmt":"2022-05-31T20:24:10","slug":"eesti-alguparased-oigeusu-kirikulaulud-1-osa","status":"publish","type":"product","link":"https:\/\/www.eoc.ee\/fr\/pood\/lauluraamatud\/eesti-alguparased-oigeusu-kirikulaulud-1-osa\/","title":{"rendered":"EESTI ALGUP\u00c4RASED \u00d5IGEUSU KIRIKULAULUD 1. OSA"},"content":{"rendered":"<p><strong>Autorid:<\/strong> koostaja Kristi Sarapuu; toimetaja Madis Kolk; elulugude toimetaja Andrei S\u00f5t\u0161ov<br \/>\n<strong>Ilmumis<\/strong><strong>aasta:\u00a0<\/strong>2007<br \/>\n<strong>Lehek\u00fclgi:<\/strong> 224<br \/>\n<strong>Formaat: <\/strong>k\u00f5vakaaneline<strong><br \/>\nKirjastus:<\/strong> EA\u00d5K Kirjastus; O\u00dc Greif<\/p>\n","protected":false},"excerpt":{"rendered":"<p>K\u00e4esolevas kogumikus on kokku kogutud eesti algup\u00e4rased kirikulaulud, mis on loodud XIX sajandi l\u00f5pul ja XX sajandil. Eesti algup\u00e4rasteks v\u00f5ib pidada neid \u00f5igeusi kirikulaule, mis on loodud Eesti alal v\u00f5i Eesti riigis ning mis on kirjutatud eesti keeles. Esimesed laulud kirjutati XIX sajandi l\u00f5pus, mil toimus \u00fcldine rahvuslik \u00e4rkamine. Raamatus on heliloojate Ppsk H. Aav, Joh. Bleive, \u00fcpr. Th. Bleive, K. Ernits, Joh. H\u00fctsi, pr. Joh. Jaanus, A. Kadarik, \u00fcpr. F. Kadarik, B. Kallits, N. Klaas, \u00fcpr. A. Klaas ja \u00fcpr N. Kokla elulood ja looming.<\/p>\n","protected":false},"featured_media":33764,"template":"","meta":{"_exactmetrics_skip_tracking":false,"_exactmetrics_sitenote_active":false,"_exactmetrics_sitenote_note":"","_exactmetrics_sitenote_category":0,"_monsterinsights_skip_tracking":false,"_monsterinsights_sitenote_active":false,"_monsterinsights_sitenote_note":"","_monsterinsights_sitenote_category":0},"product_brand":[],"product_cat":[446],"product_tag":[],"class_list":{"0":"post-33799","1":"product","2":"type-product","3":"status-publish","4":"has-post-thumbnail","6":"product_cat-lauluraamatud","8":"first","9":"instock","10":"shipping-taxable","11":"purchasable","12":"product-type-simple"},"yoast_head":"<!-- This site is optimized with the Yoast SEO plugin v27.5 - https:\/\/yoast.com\/product\/yoast-seo-wordpress\/ -->\n<title>EESTI ALGUP\u00c4RASED \u00d5IGEUSU KIRIKULAULUD 1. OSA &#8211; \u00c9glise Orthodoxe d&#039;Estonie<\/title>\n<meta name=\"robots\" content=\"index, follow, max-snippet:-1, max-image-preview:large, max-video-preview:-1\" \/>\n<link rel=\"canonical\" href=\"https:\/\/www.eoc.ee\/pood\/lauluraamatud\/eesti-alguparased-oigeusu-kirikulaulud-1-osa\/\" \/>\n<meta property=\"og:locale\" content=\"fr_FR\" \/>\n<meta property=\"og:type\" content=\"article\" \/>\n<meta property=\"og:title\" content=\"EESTI ALGUP\u00c4RASED \u00d5IGEUSU KIRIKULAULUD 1. OSA &#8211; \u00c9glise Orthodoxe d&#039;Estonie\" \/>\n<meta property=\"og:description\" content=\"K\u00e4esolevas kogumikus on kokku kogutud eesti algup\u00e4rased kirikulaulud, mis on loodud XIX sajandi l\u00f5pul ja XX sajandil. Eesti algup\u00e4rasteks v\u00f5ib pidada neid \u00f5igeusi kirikulaule, mis on loodud Eesti alal v\u00f5i Eesti riigis ning mis on kirjutatud eesti keeles. Esimesed laulud kirjutati XIX sajandi l\u00f5pus, mil toimus \u00fcldine rahvuslik \u00e4rkamine. Raamatus on heliloojate Ppsk H. Aav, Joh. Bleive, \u00fcpr. Th. Bleive, K. Ernits, Joh. H\u00fctsi, pr. Joh. Jaanus, A. Kadarik, \u00fcpr. F. Kadarik, B. Kallits, N. Klaas, \u00fcpr. A. Klaas ja \u00fcpr N. Kokla elulood ja looming.\" \/>\n<meta property=\"og:url\" content=\"https:\/\/www.eoc.ee\/pood\/lauluraamatud\/eesti-alguparased-oigeusu-kirikulaulud-1-osa\/\" \/>\n<meta property=\"og:site_name\" content=\"\u00c9glise Orthodoxe d&#039;Estonie\" \/>\n<meta property=\"article:modified_time\" content=\"2022-05-31T20:24:10+00:00\" \/>\n<meta property=\"og:image\" content=\"http:\/\/www.eoc.ee\/wp-content\/uploads\/2021\/02\/lauluraamat-1.jpeg\" \/>\n\t<meta property=\"og:image:width\" content=\"1500\" \/>\n\t<meta property=\"og:image:height\" content=\"2056\" \/>\n\t<meta property=\"og:image:type\" content=\"image\/jpeg\" \/>\n<script type=\"application\/ld+json\" class=\"yoast-schema-graph\">{\"@context\":\"https:\\\/\\\/schema.org\",\"@graph\":[{\"@type\":\"WebPage\",\"@id\":\"https:\\\/\\\/www.eoc.ee\\\/pood\\\/lauluraamatud\\\/eesti-alguparased-oigeusu-kirikulaulud-1-osa\\\/\",\"url\":\"https:\\\/\\\/www.eoc.ee\\\/pood\\\/lauluraamatud\\\/eesti-alguparased-oigeusu-kirikulaulud-1-osa\\\/\",\"name\":\"EESTI ALGUP\u00c4RASED \u00d5IGEUSU KIRIKULAULUD 1. OSA &#8211; \u00c9glise Orthodoxe d'Estonie\",\"isPartOf\":{\"@id\":\"https:\\\/\\\/www.eoc.ee\\\/#website\"},\"primaryImageOfPage\":{\"@id\":\"https:\\\/\\\/www.eoc.ee\\\/pood\\\/lauluraamatud\\\/eesti-alguparased-oigeusu-kirikulaulud-1-osa\\\/#primaryimage\"},\"image\":{\"@id\":\"https:\\\/\\\/www.eoc.ee\\\/pood\\\/lauluraamatud\\\/eesti-alguparased-oigeusu-kirikulaulud-1-osa\\\/#primaryimage\"},\"thumbnailUrl\":\"https:\\\/\\\/www.eoc.ee\\\/wp-content\\\/uploads\\\/2021\\\/02\\\/lauluraamat-1.jpeg\",\"datePublished\":\"2020-11-06T09:05:01+00:00\",\"dateModified\":\"2022-05-31T20:24:10+00:00\",\"breadcrumb\":{\"@id\":\"https:\\\/\\\/www.eoc.ee\\\/pood\\\/lauluraamatud\\\/eesti-alguparased-oigeusu-kirikulaulud-1-osa\\\/#breadcrumb\"},\"inLanguage\":\"fr-FR\",\"potentialAction\":[{\"@type\":\"ReadAction\",\"target\":[\"https:\\\/\\\/www.eoc.ee\\\/pood\\\/lauluraamatud\\\/eesti-alguparased-oigeusu-kirikulaulud-1-osa\\\/\"]}]},{\"@type\":\"ImageObject\",\"inLanguage\":\"fr-FR\",\"@id\":\"https:\\\/\\\/www.eoc.ee\\\/pood\\\/lauluraamatud\\\/eesti-alguparased-oigeusu-kirikulaulud-1-osa\\\/#primaryimage\",\"url\":\"https:\\\/\\\/www.eoc.ee\\\/wp-content\\\/uploads\\\/2021\\\/02\\\/lauluraamat-1.jpeg\",\"contentUrl\":\"https:\\\/\\\/www.eoc.ee\\\/wp-content\\\/uploads\\\/2021\\\/02\\\/lauluraamat-1.jpeg\",\"width\":1500,\"height\":2056,\"caption\":\"Lauluraamat\"},{\"@type\":\"BreadcrumbList\",\"@id\":\"https:\\\/\\\/www.eoc.ee\\\/pood\\\/lauluraamatud\\\/eesti-alguparased-oigeusu-kirikulaulud-1-osa\\\/#breadcrumb\",\"itemListElement\":[{\"@type\":\"ListItem\",\"position\":1,\"name\":\"Home\",\"item\":\"https:\\\/\\\/www.eoc.ee\\\/\"},{\"@type\":\"ListItem\",\"position\":2,\"name\":\"EESTI ALGUP\u00c4RASED \u00d5IGEUSU KIRIKULAULUD 1. OSA\"}]},{\"@type\":\"WebSite\",\"@id\":\"https:\\\/\\\/www.eoc.ee\\\/#website\",\"url\":\"https:\\\/\\\/www.eoc.ee\\\/\",\"name\":\"\u00c9glise Orthodoxe d'Estonie\",\"description\":\"Eesti Apostlik-\u00d5igeusu Kirik\",\"potentialAction\":[{\"@type\":\"SearchAction\",\"target\":{\"@type\":\"EntryPoint\",\"urlTemplate\":\"https:\\\/\\\/www.eoc.ee\\\/?s={search_term_string}\"},\"query-input\":{\"@type\":\"PropertyValueSpecification\",\"valueRequired\":true,\"valueName\":\"search_term_string\"}}],\"inLanguage\":\"fr-FR\"}]}<\/script>\n<!-- \/ Yoast SEO plugin. -->","yoast_head_json":{"title":"EESTI ALGUP\u00c4RASED \u00d5IGEUSU KIRIKULAULUD 1. OSA &#8211; \u00c9glise Orthodoxe d'Estonie","robots":{"index":"index","follow":"follow","max-snippet":"max-snippet:-1","max-image-preview":"max-image-preview:large","max-video-preview":"max-video-preview:-1"},"canonical":"https:\/\/www.eoc.ee\/pood\/lauluraamatud\/eesti-alguparased-oigeusu-kirikulaulud-1-osa\/","og_locale":"fr_FR","og_type":"article","og_title":"EESTI ALGUP\u00c4RASED \u00d5IGEUSU KIRIKULAULUD 1. OSA &#8211; \u00c9glise Orthodoxe d'Estonie","og_description":"K\u00e4esolevas kogumikus on kokku kogutud eesti algup\u00e4rased kirikulaulud, mis on loodud XIX sajandi l\u00f5pul ja XX sajandil. Eesti algup\u00e4rasteks v\u00f5ib pidada neid \u00f5igeusi kirikulaule, mis on loodud Eesti alal v\u00f5i Eesti riigis ning mis on kirjutatud eesti keeles. Esimesed laulud kirjutati XIX sajandi l\u00f5pus, mil toimus \u00fcldine rahvuslik \u00e4rkamine. Raamatus on heliloojate Ppsk H. Aav, Joh. Bleive, \u00fcpr. Th. Bleive, K. Ernits, Joh. H\u00fctsi, pr. Joh. Jaanus, A. Kadarik, \u00fcpr. F. Kadarik, B. Kallits, N. Klaas, \u00fcpr. A. Klaas ja \u00fcpr N. Kokla elulood ja looming.","og_url":"https:\/\/www.eoc.ee\/pood\/lauluraamatud\/eesti-alguparased-oigeusu-kirikulaulud-1-osa\/","og_site_name":"\u00c9glise Orthodoxe d'Estonie","article_modified_time":"2022-05-31T20:24:10+00:00","og_image":[{"width":1500,"height":2056,"url":"http:\/\/www.eoc.ee\/wp-content\/uploads\/2021\/02\/lauluraamat-1.jpeg","type":"image\/jpeg"}],"schema":{"@context":"https:\/\/schema.org","@graph":[{"@type":"WebPage","@id":"https:\/\/www.eoc.ee\/pood\/lauluraamatud\/eesti-alguparased-oigeusu-kirikulaulud-1-osa\/","url":"https:\/\/www.eoc.ee\/pood\/lauluraamatud\/eesti-alguparased-oigeusu-kirikulaulud-1-osa\/","name":"EESTI ALGUP\u00c4RASED \u00d5IGEUSU KIRIKULAULUD 1. OSA &#8211; \u00c9glise Orthodoxe d'Estonie","isPartOf":{"@id":"https:\/\/www.eoc.ee\/#website"},"primaryImageOfPage":{"@id":"https:\/\/www.eoc.ee\/pood\/lauluraamatud\/eesti-alguparased-oigeusu-kirikulaulud-1-osa\/#primaryimage"},"image":{"@id":"https:\/\/www.eoc.ee\/pood\/lauluraamatud\/eesti-alguparased-oigeusu-kirikulaulud-1-osa\/#primaryimage"},"thumbnailUrl":"https:\/\/www.eoc.ee\/wp-content\/uploads\/2021\/02\/lauluraamat-1.jpeg","datePublished":"2020-11-06T09:05:01+00:00","dateModified":"2022-05-31T20:24:10+00:00","breadcrumb":{"@id":"https:\/\/www.eoc.ee\/pood\/lauluraamatud\/eesti-alguparased-oigeusu-kirikulaulud-1-osa\/#breadcrumb"},"inLanguage":"fr-FR","potentialAction":[{"@type":"ReadAction","target":["https:\/\/www.eoc.ee\/pood\/lauluraamatud\/eesti-alguparased-oigeusu-kirikulaulud-1-osa\/"]}]},{"@type":"ImageObject","inLanguage":"fr-FR","@id":"https:\/\/www.eoc.ee\/pood\/lauluraamatud\/eesti-alguparased-oigeusu-kirikulaulud-1-osa\/#primaryimage","url":"https:\/\/www.eoc.ee\/wp-content\/uploads\/2021\/02\/lauluraamat-1.jpeg","contentUrl":"https:\/\/www.eoc.ee\/wp-content\/uploads\/2021\/02\/lauluraamat-1.jpeg","width":1500,"height":2056,"caption":"Lauluraamat"},{"@type":"BreadcrumbList","@id":"https:\/\/www.eoc.ee\/pood\/lauluraamatud\/eesti-alguparased-oigeusu-kirikulaulud-1-osa\/#breadcrumb","itemListElement":[{"@type":"ListItem","position":1,"name":"Home","item":"https:\/\/www.eoc.ee\/"},{"@type":"ListItem","position":2,"name":"EESTI ALGUP\u00c4RASED \u00d5IGEUSU KIRIKULAULUD 1. OSA"}]},{"@type":"WebSite","@id":"https:\/\/www.eoc.ee\/#website","url":"https:\/\/www.eoc.ee\/","name":"\u00c9glise Orthodoxe d'Estonie","description":"Eesti Apostlik-\u00d5igeusu Kirik","potentialAction":[{"@type":"SearchAction","target":{"@type":"EntryPoint","urlTemplate":"https:\/\/www.eoc.ee\/?s={search_term_string}"},"query-input":{"@type":"PropertyValueSpecification","valueRequired":true,"valueName":"search_term_string"}}],"inLanguage":"fr-FR"}]}},"_links":{"self":[{"href":"https:\/\/www.eoc.ee\/fr\/wp-json\/wp\/v2\/product\/33799","targetHints":{"allow":["GET"]}}],"collection":[{"href":"https:\/\/www.eoc.ee\/fr\/wp-json\/wp\/v2\/product"}],"about":[{"href":"https:\/\/www.eoc.ee\/fr\/wp-json\/wp\/v2\/types\/product"}],"wp:featuredmedia":[{"embeddable":true,"href":"https:\/\/www.eoc.ee\/fr\/wp-json\/wp\/v2\/media\/33764"}],"wp:attachment":[{"href":"https:\/\/www.eoc.ee\/fr\/wp-json\/wp\/v2\/media?parent=33799"}],"wp:term":[{"taxonomy":"product_brand","embeddable":true,"href":"https:\/\/www.eoc.ee\/fr\/wp-json\/wp\/v2\/product_brand?post=33799"},{"taxonomy":"product_cat","embeddable":true,"href":"https:\/\/www.eoc.ee\/fr\/wp-json\/wp\/v2\/product_cat?post=33799"},{"taxonomy":"product_tag","embeddable":true,"href":"https:\/\/www.eoc.ee\/fr\/wp-json\/wp\/v2\/product_tag?post=33799"}],"curies":[{"name":"wp","href":"https:\/\/api.w.org\/{rel}","templated":true}]}}