{"id":33800,"date":"2020-11-06T08:38:08","date_gmt":"2020-11-06T06:38:08","guid":{"rendered":"http:\/\/www.eoc.ee\/?post_type=product&#038;p=33800"},"modified":"2021-02-06T13:41:26","modified_gmt":"2021-02-06T11:41:26","slug":"ortodoksi-teadmiste-kasiraamat","status":"publish","type":"product","link":"https:\/\/www.eoc.ee\/fr\/pood\/eestikeelne-kirjandus\/ortodoksi-teadmiste-kasiraamat\/","title":{"rendered":"ORTODOKSI TEADMISTE K\u00c4SIRAAMAT"},"content":{"rendered":"<p><strong>Autorid:<\/strong> toimetaja Aivar Sarapik<br \/>\n<strong>Ilmumis<\/strong><strong>aasta: <\/strong>1992<br \/>\n<strong>Lehek\u00fclgi:<\/strong> 29<br \/>\n<strong>Formaat: <\/strong>pehmekaaneline<strong><br \/>\nKirjastus:<\/strong> Orthdruk<\/p>\n","protected":false},"excerpt":{"rendered":"<p>See raamatuke on abiks k\u00f5igile neile, kes tahavad osa saada \u00f5igeusu (ortodoksi) kiriku sakramentidest ja tavadest. Siin on l\u00fchike s\u00f5naline \u00fclevaade ja piltlik n\u00e4ide sellest, kuidas mingi ese v\u00f5i toiming v\u00e4lja n\u00e4eb.<\/p>\n","protected":false},"featured_media":33801,"template":"","meta":{"_exactmetrics_skip_tracking":false,"_exactmetrics_sitenote_active":false,"_exactmetrics_sitenote_note":"","_exactmetrics_sitenote_category":0,"_monsterinsights_skip_tracking":false,"_monsterinsights_sitenote_active":false,"_monsterinsights_sitenote_note":"","_monsterinsights_sitenote_category":0},"product_brand":[],"product_cat":[222],"product_tag":[218,376],"class_list":{"0":"post-33800","1":"product","2":"type-product","3":"status-publish","4":"has-post-thumbnail","6":"product_cat-eestikeelne-kirjandus","7":"product_tag-oigeusk","8":"product_tag-sakrament","10":"first","11":"instock","12":"shipping-taxable","13":"purchasable","14":"product-type-simple"},"yoast_head":"<!-- This site is optimized with the Yoast SEO plugin v27.5 - https:\/\/yoast.com\/product\/yoast-seo-wordpress\/ -->\n<title>ORTODOKSI TEADMISTE K\u00c4SIRAAMAT &#8211; \u00c9glise Orthodoxe d&#039;Estonie<\/title>\n<meta name=\"robots\" content=\"index, follow, max-snippet:-1, max-image-preview:large, max-video-preview:-1\" \/>\n<link rel=\"canonical\" href=\"https:\/\/www.eoc.ee\/pood\/eestikeelne-kirjandus\/ortodoksi-teadmiste-kasiraamat\/\" \/>\n<meta property=\"og:locale\" content=\"fr_FR\" \/>\n<meta property=\"og:type\" content=\"article\" \/>\n<meta property=\"og:title\" content=\"ORTODOKSI TEADMISTE K\u00c4SIRAAMAT &#8211; \u00c9glise Orthodoxe d&#039;Estonie\" \/>\n<meta property=\"og:description\" content=\"See raamatuke on abiks k\u00f5igile neile, kes tahavad osa saada \u00f5igeusu (ortodoksi) kiriku sakramentidest ja tavadest. Siin on l\u00fchike s\u00f5naline \u00fclevaade ja piltlik n\u00e4ide sellest, kuidas mingi ese v\u00f5i toiming v\u00e4lja n\u00e4eb.\" \/>\n<meta property=\"og:url\" content=\"https:\/\/www.eoc.ee\/pood\/eestikeelne-kirjandus\/ortodoksi-teadmiste-kasiraamat\/\" \/>\n<meta property=\"og:site_name\" content=\"\u00c9glise Orthodoxe d&#039;Estonie\" \/>\n<meta property=\"article:modified_time\" content=\"2021-02-06T11:41:26+00:00\" \/>\n<meta property=\"og:image\" content=\"https:\/\/www.eoc.ee\/wp-content\/uploads\/2021\/02\/IMG_7768-1.jpg\" \/>\n\t<meta property=\"og:image:width\" content=\"800\" \/>\n\t<meta property=\"og:image:height\" content=\"1140\" \/>\n\t<meta property=\"og:image:type\" content=\"image\/jpeg\" \/>\n<script type=\"application\/ld+json\" class=\"yoast-schema-graph\">{\"@context\":\"https:\\\/\\\/schema.org\",\"@graph\":[{\"@type\":\"WebPage\",\"@id\":\"https:\\\/\\\/www.eoc.ee\\\/pood\\\/eestikeelne-kirjandus\\\/ortodoksi-teadmiste-kasiraamat\\\/\",\"url\":\"https:\\\/\\\/www.eoc.ee\\\/pood\\\/eestikeelne-kirjandus\\\/ortodoksi-teadmiste-kasiraamat\\\/\",\"name\":\"ORTODOKSI TEADMISTE K\u00c4SIRAAMAT &#8211; \u00c9glise Orthodoxe d'Estonie\",\"isPartOf\":{\"@id\":\"https:\\\/\\\/www.eoc.ee\\\/#website\"},\"primaryImageOfPage\":{\"@id\":\"https:\\\/\\\/www.eoc.ee\\\/pood\\\/eestikeelne-kirjandus\\\/ortodoksi-teadmiste-kasiraamat\\\/#primaryimage\"},\"image\":{\"@id\":\"https:\\\/\\\/www.eoc.ee\\\/pood\\\/eestikeelne-kirjandus\\\/ortodoksi-teadmiste-kasiraamat\\\/#primaryimage\"},\"thumbnailUrl\":\"https:\\\/\\\/www.eoc.ee\\\/wp-content\\\/uploads\\\/2021\\\/02\\\/IMG_7768-1.jpg\",\"datePublished\":\"2020-11-06T06:38:08+00:00\",\"dateModified\":\"2021-02-06T11:41:26+00:00\",\"breadcrumb\":{\"@id\":\"https:\\\/\\\/www.eoc.ee\\\/pood\\\/eestikeelne-kirjandus\\\/ortodoksi-teadmiste-kasiraamat\\\/#breadcrumb\"},\"inLanguage\":\"fr-FR\",\"potentialAction\":[{\"@type\":\"ReadAction\",\"target\":[\"https:\\\/\\\/www.eoc.ee\\\/pood\\\/eestikeelne-kirjandus\\\/ortodoksi-teadmiste-kasiraamat\\\/\"]}]},{\"@type\":\"ImageObject\",\"inLanguage\":\"fr-FR\",\"@id\":\"https:\\\/\\\/www.eoc.ee\\\/pood\\\/eestikeelne-kirjandus\\\/ortodoksi-teadmiste-kasiraamat\\\/#primaryimage\",\"url\":\"https:\\\/\\\/www.eoc.ee\\\/wp-content\\\/uploads\\\/2021\\\/02\\\/IMG_7768-1.jpg\",\"contentUrl\":\"https:\\\/\\\/www.eoc.ee\\\/wp-content\\\/uploads\\\/2021\\\/02\\\/IMG_7768-1.jpg\",\"width\":800,\"height\":1140,\"caption\":\"Ortodoksi teadmiste k\u00e4siraamat\"},{\"@type\":\"BreadcrumbList\",\"@id\":\"https:\\\/\\\/www.eoc.ee\\\/pood\\\/eestikeelne-kirjandus\\\/ortodoksi-teadmiste-kasiraamat\\\/#breadcrumb\",\"itemListElement\":[{\"@type\":\"ListItem\",\"position\":1,\"name\":\"Home\",\"item\":\"https:\\\/\\\/www.eoc.ee\\\/\"},{\"@type\":\"ListItem\",\"position\":2,\"name\":\"ORTODOKSI TEADMISTE K\u00c4SIRAAMAT\"}]},{\"@type\":\"WebSite\",\"@id\":\"https:\\\/\\\/www.eoc.ee\\\/#website\",\"url\":\"https:\\\/\\\/www.eoc.ee\\\/\",\"name\":\"\u00c9glise Orthodoxe d'Estonie\",\"description\":\"Eesti Apostlik-\u00d5igeusu Kirik\",\"potentialAction\":[{\"@type\":\"SearchAction\",\"target\":{\"@type\":\"EntryPoint\",\"urlTemplate\":\"https:\\\/\\\/www.eoc.ee\\\/?s={search_term_string}\"},\"query-input\":{\"@type\":\"PropertyValueSpecification\",\"valueRequired\":true,\"valueName\":\"search_term_string\"}}],\"inLanguage\":\"fr-FR\"}]}<\/script>\n<!-- \/ Yoast SEO plugin. -->","yoast_head_json":{"title":"ORTODOKSI TEADMISTE K\u00c4SIRAAMAT &#8211; \u00c9glise Orthodoxe d'Estonie","robots":{"index":"index","follow":"follow","max-snippet":"max-snippet:-1","max-image-preview":"max-image-preview:large","max-video-preview":"max-video-preview:-1"},"canonical":"https:\/\/www.eoc.ee\/pood\/eestikeelne-kirjandus\/ortodoksi-teadmiste-kasiraamat\/","og_locale":"fr_FR","og_type":"article","og_title":"ORTODOKSI TEADMISTE K\u00c4SIRAAMAT &#8211; \u00c9glise Orthodoxe d'Estonie","og_description":"See raamatuke on abiks k\u00f5igile neile, kes tahavad osa saada \u00f5igeusu (ortodoksi) kiriku sakramentidest ja tavadest. Siin on l\u00fchike s\u00f5naline \u00fclevaade ja piltlik n\u00e4ide sellest, kuidas mingi ese v\u00f5i toiming v\u00e4lja n\u00e4eb.","og_url":"https:\/\/www.eoc.ee\/pood\/eestikeelne-kirjandus\/ortodoksi-teadmiste-kasiraamat\/","og_site_name":"\u00c9glise Orthodoxe d'Estonie","article_modified_time":"2021-02-06T11:41:26+00:00","og_image":[{"width":800,"height":1140,"url":"https:\/\/www.eoc.ee\/wp-content\/uploads\/2021\/02\/IMG_7768-1.jpg","type":"image\/jpeg"}],"schema":{"@context":"https:\/\/schema.org","@graph":[{"@type":"WebPage","@id":"https:\/\/www.eoc.ee\/pood\/eestikeelne-kirjandus\/ortodoksi-teadmiste-kasiraamat\/","url":"https:\/\/www.eoc.ee\/pood\/eestikeelne-kirjandus\/ortodoksi-teadmiste-kasiraamat\/","name":"ORTODOKSI TEADMISTE K\u00c4SIRAAMAT &#8211; \u00c9glise Orthodoxe d'Estonie","isPartOf":{"@id":"https:\/\/www.eoc.ee\/#website"},"primaryImageOfPage":{"@id":"https:\/\/www.eoc.ee\/pood\/eestikeelne-kirjandus\/ortodoksi-teadmiste-kasiraamat\/#primaryimage"},"image":{"@id":"https:\/\/www.eoc.ee\/pood\/eestikeelne-kirjandus\/ortodoksi-teadmiste-kasiraamat\/#primaryimage"},"thumbnailUrl":"https:\/\/www.eoc.ee\/wp-content\/uploads\/2021\/02\/IMG_7768-1.jpg","datePublished":"2020-11-06T06:38:08+00:00","dateModified":"2021-02-06T11:41:26+00:00","breadcrumb":{"@id":"https:\/\/www.eoc.ee\/pood\/eestikeelne-kirjandus\/ortodoksi-teadmiste-kasiraamat\/#breadcrumb"},"inLanguage":"fr-FR","potentialAction":[{"@type":"ReadAction","target":["https:\/\/www.eoc.ee\/pood\/eestikeelne-kirjandus\/ortodoksi-teadmiste-kasiraamat\/"]}]},{"@type":"ImageObject","inLanguage":"fr-FR","@id":"https:\/\/www.eoc.ee\/pood\/eestikeelne-kirjandus\/ortodoksi-teadmiste-kasiraamat\/#primaryimage","url":"https:\/\/www.eoc.ee\/wp-content\/uploads\/2021\/02\/IMG_7768-1.jpg","contentUrl":"https:\/\/www.eoc.ee\/wp-content\/uploads\/2021\/02\/IMG_7768-1.jpg","width":800,"height":1140,"caption":"Ortodoksi teadmiste k\u00e4siraamat"},{"@type":"BreadcrumbList","@id":"https:\/\/www.eoc.ee\/pood\/eestikeelne-kirjandus\/ortodoksi-teadmiste-kasiraamat\/#breadcrumb","itemListElement":[{"@type":"ListItem","position":1,"name":"Home","item":"https:\/\/www.eoc.ee\/"},{"@type":"ListItem","position":2,"name":"ORTODOKSI TEADMISTE K\u00c4SIRAAMAT"}]},{"@type":"WebSite","@id":"https:\/\/www.eoc.ee\/#website","url":"https:\/\/www.eoc.ee\/","name":"\u00c9glise Orthodoxe d'Estonie","description":"Eesti Apostlik-\u00d5igeusu Kirik","potentialAction":[{"@type":"SearchAction","target":{"@type":"EntryPoint","urlTemplate":"https:\/\/www.eoc.ee\/?s={search_term_string}"},"query-input":{"@type":"PropertyValueSpecification","valueRequired":true,"valueName":"search_term_string"}}],"inLanguage":"fr-FR"}]}},"_links":{"self":[{"href":"https:\/\/www.eoc.ee\/fr\/wp-json\/wp\/v2\/product\/33800","targetHints":{"allow":["GET"]}}],"collection":[{"href":"https:\/\/www.eoc.ee\/fr\/wp-json\/wp\/v2\/product"}],"about":[{"href":"https:\/\/www.eoc.ee\/fr\/wp-json\/wp\/v2\/types\/product"}],"wp:featuredmedia":[{"embeddable":true,"href":"https:\/\/www.eoc.ee\/fr\/wp-json\/wp\/v2\/media\/33801"}],"wp:attachment":[{"href":"https:\/\/www.eoc.ee\/fr\/wp-json\/wp\/v2\/media?parent=33800"}],"wp:term":[{"taxonomy":"product_brand","embeddable":true,"href":"https:\/\/www.eoc.ee\/fr\/wp-json\/wp\/v2\/product_brand?post=33800"},{"taxonomy":"product_cat","embeddable":true,"href":"https:\/\/www.eoc.ee\/fr\/wp-json\/wp\/v2\/product_cat?post=33800"},{"taxonomy":"product_tag","embeddable":true,"href":"https:\/\/www.eoc.ee\/fr\/wp-json\/wp\/v2\/product_tag?post=33800"}],"curies":[{"name":"wp","href":"https:\/\/api.w.org\/{rel}","templated":true}]}}