{"id":33806,"date":"2020-04-29T14:09:48","date_gmt":"2020-04-29T11:09:48","guid":{"rendered":"http:\/\/www.eoc.ee\/?post_type=product&#038;p=33806"},"modified":"2025-03-11T10:22:25","modified_gmt":"2025-03-11T08:22:25","slug":"jumaliku-liturgia-tahtsamad-hetked-seletus-lastele","status":"publish","type":"product","link":"https:\/\/www.eoc.ee\/fr\/pood\/eestikeelne-kirjandus\/jumaliku-liturgia-tahtsamad-hetked-seletus-lastele\/","title":{"rendered":"JUMALIKU LITURGIA T\u00c4HTSAMAD HETKED. SELETUS LASTELE"},"content":{"rendered":"<p><strong>Autorid:<\/strong> preester Nikolaus Lacaille; toimetaja Edith-Helen Ulm<br \/>\n<strong>Ilmumis<\/strong><strong>aasta: <\/strong>2003<br \/>\n<strong>Formaat: <\/strong>pehmekaaneline<strong><br \/>\nKirjastus:<\/strong> EA\u00d5K P\u00fcha Platoni seminar; O\u00dc S\u00f5nasepp<\/p>\n","protected":false},"excerpt":{"rendered":"<p>Seda raamatut v\u00f5ib kasutada selleks, et tutvustada lastele jumaliku liturgia erilisi hetki. Liturgia ajal v\u00f5ib juhtida lapse t\u00e4helepanu nendele hetkedele ja tulla hiljem k\u00f5neldu juurde tagasi. Lapsele v\u00f5ib lugeda teksti ette ning siis ta saab v\u00e4ljendada, mida ta n\u00e4gi, l\u00e4bi elas, tundis ja tunnetas.<\/p>\n","protected":false},"featured_media":33807,"template":"","meta":{"_exactmetrics_skip_tracking":false,"_exactmetrics_sitenote_active":false,"_exactmetrics_sitenote_note":"","_exactmetrics_sitenote_category":0,"_monsterinsights_skip_tracking":false,"_monsterinsights_sitenote_active":false,"_monsterinsights_sitenote_note":"","_monsterinsights_sitenote_category":0},"product_brand":[],"product_cat":[222,395],"product_tag":[378,377,376],"class_list":{"0":"post-33806","1":"product","2":"type-product","3":"status-publish","4":"has-post-thumbnail","6":"product_cat-eestikeelne-kirjandus","7":"product_cat-lastele","8":"product_tag-armulaud","9":"product_tag-liturgia","10":"product_tag-sakrament","12":"first","13":"instock","14":"shipping-taxable","15":"purchasable","16":"product-type-simple"},"yoast_head":"<!-- This site is optimized with the Yoast SEO plugin v27.5 - https:\/\/yoast.com\/product\/yoast-seo-wordpress\/ -->\n<title>JUMALIKU LITURGIA T\u00c4HTSAMAD HETKED. SELETUS LASTELE &#8211; \u00c9glise Orthodoxe d&#039;Estonie<\/title>\n<meta name=\"robots\" content=\"index, follow, max-snippet:-1, max-image-preview:large, max-video-preview:-1\" \/>\n<link rel=\"canonical\" href=\"https:\/\/www.eoc.ee\/pood\/eestikeelne-kirjandus\/jumaliku-liturgia-tahtsamad-hetked-seletus-lastele\/\" \/>\n<meta property=\"og:locale\" content=\"fr_FR\" \/>\n<meta property=\"og:type\" content=\"article\" \/>\n<meta property=\"og:title\" content=\"JUMALIKU LITURGIA T\u00c4HTSAMAD HETKED. SELETUS LASTELE &#8211; \u00c9glise Orthodoxe d&#039;Estonie\" \/>\n<meta property=\"og:description\" content=\"Seda raamatut v\u00f5ib kasutada selleks, et tutvustada lastele jumaliku liturgia erilisi hetki. Liturgia ajal v\u00f5ib juhtida lapse t\u00e4helepanu nendele hetkedele ja tulla hiljem k\u00f5neldu juurde tagasi. Lapsele v\u00f5ib lugeda teksti ette ning siis ta saab v\u00e4ljendada, mida ta n\u00e4gi, l\u00e4bi elas, tundis ja tunnetas.\" \/>\n<meta property=\"og:url\" content=\"https:\/\/www.eoc.ee\/pood\/eestikeelne-kirjandus\/jumaliku-liturgia-tahtsamad-hetked-seletus-lastele\/\" \/>\n<meta property=\"og:site_name\" content=\"\u00c9glise Orthodoxe d&#039;Estonie\" \/>\n<meta property=\"article:modified_time\" content=\"2025-03-11T08:22:25+00:00\" \/>\n<meta property=\"og:image\" content=\"https:\/\/www.eoc.ee\/wp-content\/uploads\/2021\/02\/IMG_7764-1.jpg\" \/>\n\t<meta property=\"og:image:width\" content=\"800\" \/>\n\t<meta property=\"og:image:height\" content=\"1140\" \/>\n\t<meta property=\"og:image:type\" content=\"image\/jpeg\" \/>\n<script type=\"application\/ld+json\" class=\"yoast-schema-graph\">{\"@context\":\"https:\\\/\\\/schema.org\",\"@graph\":[{\"@type\":\"WebPage\",\"@id\":\"https:\\\/\\\/www.eoc.ee\\\/pood\\\/eestikeelne-kirjandus\\\/jumaliku-liturgia-tahtsamad-hetked-seletus-lastele\\\/\",\"url\":\"https:\\\/\\\/www.eoc.ee\\\/pood\\\/eestikeelne-kirjandus\\\/jumaliku-liturgia-tahtsamad-hetked-seletus-lastele\\\/\",\"name\":\"JUMALIKU LITURGIA T\u00c4HTSAMAD HETKED. SELETUS LASTELE &#8211; \u00c9glise Orthodoxe d'Estonie\",\"isPartOf\":{\"@id\":\"https:\\\/\\\/www.eoc.ee\\\/#website\"},\"primaryImageOfPage\":{\"@id\":\"https:\\\/\\\/www.eoc.ee\\\/pood\\\/eestikeelne-kirjandus\\\/jumaliku-liturgia-tahtsamad-hetked-seletus-lastele\\\/#primaryimage\"},\"image\":{\"@id\":\"https:\\\/\\\/www.eoc.ee\\\/pood\\\/eestikeelne-kirjandus\\\/jumaliku-liturgia-tahtsamad-hetked-seletus-lastele\\\/#primaryimage\"},\"thumbnailUrl\":\"https:\\\/\\\/www.eoc.ee\\\/wp-content\\\/uploads\\\/2021\\\/02\\\/IMG_7764-1.jpg\",\"datePublished\":\"2020-04-29T11:09:48+00:00\",\"dateModified\":\"2025-03-11T08:22:25+00:00\",\"breadcrumb\":{\"@id\":\"https:\\\/\\\/www.eoc.ee\\\/pood\\\/eestikeelne-kirjandus\\\/jumaliku-liturgia-tahtsamad-hetked-seletus-lastele\\\/#breadcrumb\"},\"inLanguage\":\"fr-FR\",\"potentialAction\":[{\"@type\":\"ReadAction\",\"target\":[\"https:\\\/\\\/www.eoc.ee\\\/pood\\\/eestikeelne-kirjandus\\\/jumaliku-liturgia-tahtsamad-hetked-seletus-lastele\\\/\"]}]},{\"@type\":\"ImageObject\",\"inLanguage\":\"fr-FR\",\"@id\":\"https:\\\/\\\/www.eoc.ee\\\/pood\\\/eestikeelne-kirjandus\\\/jumaliku-liturgia-tahtsamad-hetked-seletus-lastele\\\/#primaryimage\",\"url\":\"https:\\\/\\\/www.eoc.ee\\\/wp-content\\\/uploads\\\/2021\\\/02\\\/IMG_7764-1.jpg\",\"contentUrl\":\"https:\\\/\\\/www.eoc.ee\\\/wp-content\\\/uploads\\\/2021\\\/02\\\/IMG_7764-1.jpg\",\"width\":800,\"height\":1140,\"caption\":\"Jumaliku liturgia t\u00e4htsamad hetked\"},{\"@type\":\"BreadcrumbList\",\"@id\":\"https:\\\/\\\/www.eoc.ee\\\/pood\\\/eestikeelne-kirjandus\\\/jumaliku-liturgia-tahtsamad-hetked-seletus-lastele\\\/#breadcrumb\",\"itemListElement\":[{\"@type\":\"ListItem\",\"position\":1,\"name\":\"Home\",\"item\":\"https:\\\/\\\/www.eoc.ee\\\/\"},{\"@type\":\"ListItem\",\"position\":2,\"name\":\"JUMALIKU LITURGIA T\u00c4HTSAMAD HETKED. SELETUS LASTELE\"}]},{\"@type\":\"WebSite\",\"@id\":\"https:\\\/\\\/www.eoc.ee\\\/#website\",\"url\":\"https:\\\/\\\/www.eoc.ee\\\/\",\"name\":\"\u00c9glise Orthodoxe d'Estonie\",\"description\":\"Eesti Apostlik-\u00d5igeusu Kirik\",\"potentialAction\":[{\"@type\":\"SearchAction\",\"target\":{\"@type\":\"EntryPoint\",\"urlTemplate\":\"https:\\\/\\\/www.eoc.ee\\\/?s={search_term_string}\"},\"query-input\":{\"@type\":\"PropertyValueSpecification\",\"valueRequired\":true,\"valueName\":\"search_term_string\"}}],\"inLanguage\":\"fr-FR\"}]}<\/script>\n<!-- \/ Yoast SEO plugin. -->","yoast_head_json":{"title":"JUMALIKU LITURGIA T\u00c4HTSAMAD HETKED. SELETUS LASTELE &#8211; \u00c9glise Orthodoxe d'Estonie","robots":{"index":"index","follow":"follow","max-snippet":"max-snippet:-1","max-image-preview":"max-image-preview:large","max-video-preview":"max-video-preview:-1"},"canonical":"https:\/\/www.eoc.ee\/pood\/eestikeelne-kirjandus\/jumaliku-liturgia-tahtsamad-hetked-seletus-lastele\/","og_locale":"fr_FR","og_type":"article","og_title":"JUMALIKU LITURGIA T\u00c4HTSAMAD HETKED. SELETUS LASTELE &#8211; \u00c9glise Orthodoxe d'Estonie","og_description":"Seda raamatut v\u00f5ib kasutada selleks, et tutvustada lastele jumaliku liturgia erilisi hetki. Liturgia ajal v\u00f5ib juhtida lapse t\u00e4helepanu nendele hetkedele ja tulla hiljem k\u00f5neldu juurde tagasi. Lapsele v\u00f5ib lugeda teksti ette ning siis ta saab v\u00e4ljendada, mida ta n\u00e4gi, l\u00e4bi elas, tundis ja tunnetas.","og_url":"https:\/\/www.eoc.ee\/pood\/eestikeelne-kirjandus\/jumaliku-liturgia-tahtsamad-hetked-seletus-lastele\/","og_site_name":"\u00c9glise Orthodoxe d'Estonie","article_modified_time":"2025-03-11T08:22:25+00:00","og_image":[{"width":800,"height":1140,"url":"https:\/\/www.eoc.ee\/wp-content\/uploads\/2021\/02\/IMG_7764-1.jpg","type":"image\/jpeg"}],"schema":{"@context":"https:\/\/schema.org","@graph":[{"@type":"WebPage","@id":"https:\/\/www.eoc.ee\/pood\/eestikeelne-kirjandus\/jumaliku-liturgia-tahtsamad-hetked-seletus-lastele\/","url":"https:\/\/www.eoc.ee\/pood\/eestikeelne-kirjandus\/jumaliku-liturgia-tahtsamad-hetked-seletus-lastele\/","name":"JUMALIKU LITURGIA T\u00c4HTSAMAD HETKED. SELETUS LASTELE &#8211; \u00c9glise Orthodoxe d'Estonie","isPartOf":{"@id":"https:\/\/www.eoc.ee\/#website"},"primaryImageOfPage":{"@id":"https:\/\/www.eoc.ee\/pood\/eestikeelne-kirjandus\/jumaliku-liturgia-tahtsamad-hetked-seletus-lastele\/#primaryimage"},"image":{"@id":"https:\/\/www.eoc.ee\/pood\/eestikeelne-kirjandus\/jumaliku-liturgia-tahtsamad-hetked-seletus-lastele\/#primaryimage"},"thumbnailUrl":"https:\/\/www.eoc.ee\/wp-content\/uploads\/2021\/02\/IMG_7764-1.jpg","datePublished":"2020-04-29T11:09:48+00:00","dateModified":"2025-03-11T08:22:25+00:00","breadcrumb":{"@id":"https:\/\/www.eoc.ee\/pood\/eestikeelne-kirjandus\/jumaliku-liturgia-tahtsamad-hetked-seletus-lastele\/#breadcrumb"},"inLanguage":"fr-FR","potentialAction":[{"@type":"ReadAction","target":["https:\/\/www.eoc.ee\/pood\/eestikeelne-kirjandus\/jumaliku-liturgia-tahtsamad-hetked-seletus-lastele\/"]}]},{"@type":"ImageObject","inLanguage":"fr-FR","@id":"https:\/\/www.eoc.ee\/pood\/eestikeelne-kirjandus\/jumaliku-liturgia-tahtsamad-hetked-seletus-lastele\/#primaryimage","url":"https:\/\/www.eoc.ee\/wp-content\/uploads\/2021\/02\/IMG_7764-1.jpg","contentUrl":"https:\/\/www.eoc.ee\/wp-content\/uploads\/2021\/02\/IMG_7764-1.jpg","width":800,"height":1140,"caption":"Jumaliku liturgia t\u00e4htsamad hetked"},{"@type":"BreadcrumbList","@id":"https:\/\/www.eoc.ee\/pood\/eestikeelne-kirjandus\/jumaliku-liturgia-tahtsamad-hetked-seletus-lastele\/#breadcrumb","itemListElement":[{"@type":"ListItem","position":1,"name":"Home","item":"https:\/\/www.eoc.ee\/"},{"@type":"ListItem","position":2,"name":"JUMALIKU LITURGIA T\u00c4HTSAMAD HETKED. SELETUS LASTELE"}]},{"@type":"WebSite","@id":"https:\/\/www.eoc.ee\/#website","url":"https:\/\/www.eoc.ee\/","name":"\u00c9glise Orthodoxe d'Estonie","description":"Eesti Apostlik-\u00d5igeusu Kirik","potentialAction":[{"@type":"SearchAction","target":{"@type":"EntryPoint","urlTemplate":"https:\/\/www.eoc.ee\/?s={search_term_string}"},"query-input":{"@type":"PropertyValueSpecification","valueRequired":true,"valueName":"search_term_string"}}],"inLanguage":"fr-FR"}]}},"_links":{"self":[{"href":"https:\/\/www.eoc.ee\/fr\/wp-json\/wp\/v2\/product\/33806","targetHints":{"allow":["GET"]}}],"collection":[{"href":"https:\/\/www.eoc.ee\/fr\/wp-json\/wp\/v2\/product"}],"about":[{"href":"https:\/\/www.eoc.ee\/fr\/wp-json\/wp\/v2\/types\/product"}],"wp:featuredmedia":[{"embeddable":true,"href":"https:\/\/www.eoc.ee\/fr\/wp-json\/wp\/v2\/media\/33807"}],"wp:attachment":[{"href":"https:\/\/www.eoc.ee\/fr\/wp-json\/wp\/v2\/media?parent=33806"}],"wp:term":[{"taxonomy":"product_brand","embeddable":true,"href":"https:\/\/www.eoc.ee\/fr\/wp-json\/wp\/v2\/product_brand?post=33806"},{"taxonomy":"product_cat","embeddable":true,"href":"https:\/\/www.eoc.ee\/fr\/wp-json\/wp\/v2\/product_cat?post=33806"},{"taxonomy":"product_tag","embeddable":true,"href":"https:\/\/www.eoc.ee\/fr\/wp-json\/wp\/v2\/product_tag?post=33806"}],"curies":[{"name":"wp","href":"https:\/\/api.w.org\/{rel}","templated":true}]}}