{"id":33938,"date":"2020-04-29T11:39:22","date_gmt":"2020-04-29T08:39:22","guid":{"rendered":"http:\/\/www.eoc.ee\/?post_type=product&#038;p=33938"},"modified":"2021-03-13T11:45:12","modified_gmt":"2021-03-13T09:45:12","slug":"laske-lapsed-minu-juurde-tulla-kristuse-tahendamissonad-ja-teod","status":"publish","type":"product","link":"https:\/\/www.eoc.ee\/fr\/pood\/lastele\/laske-lapsed-minu-juurde-tulla-kristuse-tahendamissonad-ja-teod\/","title":{"rendered":"Laske lapsed minu juurde tulla. Kristuse t\u00e4hendamiss\u00f5nad ja teod"},"content":{"rendered":"<p><strong>Autorid:<\/strong> Piret Riim<br \/>\n<strong>Ilmumise kuup\u00e4ev:<\/strong> 2017<br \/>\n<strong>Lehek\u00fclgi:<\/strong> 27<br \/>\n<strong>Formaat: <\/strong>pehmekaaneline<strong><br \/>\nKirjastus:<\/strong> EA\u00d5K kirjastus; Auratr\u00fckk<br \/>\n<strong>ISBN:<\/strong> 978-9949-9740-4-7<\/p>\n","protected":false},"excerpt":{"rendered":"<p>Selles raamatukeses l\u00e4heneb autor evangeeliumikohtadele siiralt ja lapsemeelselt. Katkend raamatust: \u00a0\u00bb Kuidas Jeesuse juurde minna? Kui sa kirikus k\u00e4id, siis k\u00e4idki Jeesuse juures. Aga Jeesus tuleb ka ise sinu juurde, kui sa teda kutsud. Temale v\u00f5id sa r\u00e4\u00e4kida igasuguseid asju, isegi suuremaid saladusi. Tema ei r\u00e4\u00e4gi saladusi kunagi teistele! Ja kui sul on abi vaja, siis tuleb Jeesus ikka appi. Sa lihtsalt palu teda!\u00a0\u00bb<\/p>\n","protected":false},"featured_media":33939,"template":"","meta":{"_exactmetrics_skip_tracking":false,"_exactmetrics_sitenote_active":false,"_exactmetrics_sitenote_note":"","_exactmetrics_sitenote_category":0,"_monsterinsights_skip_tracking":false,"_monsterinsights_sitenote_active":false,"_monsterinsights_sitenote_note":"","_monsterinsights_sitenote_category":0},"product_brand":[],"product_cat":[395],"product_tag":[397,396],"class_list":{"0":"post-33938","1":"product","2":"type-product","3":"status-publish","4":"has-post-thumbnail","6":"product_cat-lastele","7":"product_tag-evangeelium","8":"product_tag-jeesus-kristus","10":"first","11":"instock","12":"shipping-taxable","13":"purchasable","14":"product-type-simple"},"yoast_head":"<!-- This site is optimized with the Yoast SEO plugin v27.5 - https:\/\/yoast.com\/product\/yoast-seo-wordpress\/ -->\n<title>Laske lapsed minu juurde tulla. Kristuse t\u00e4hendamiss\u00f5nad ja teod &#8211; \u00c9glise Orthodoxe d&#039;Estonie<\/title>\n<meta name=\"robots\" content=\"index, follow, max-snippet:-1, max-image-preview:large, max-video-preview:-1\" \/>\n<link rel=\"canonical\" href=\"https:\/\/www.eoc.ee\/pood\/lastele\/laske-lapsed-minu-juurde-tulla-kristuse-tahendamissonad-ja-teod\/\" \/>\n<meta property=\"og:locale\" content=\"fr_FR\" \/>\n<meta property=\"og:type\" content=\"article\" \/>\n<meta property=\"og:title\" content=\"Laske lapsed minu juurde tulla. Kristuse t\u00e4hendamiss\u00f5nad ja teod &#8211; \u00c9glise Orthodoxe d&#039;Estonie\" \/>\n<meta property=\"og:description\" content=\"Selles raamatukeses l\u00e4heneb autor evangeeliumikohtadele siiralt ja lapsemeelselt. Katkend raamatust: &quot; Kuidas Jeesuse juurde minna? Kui sa kirikus k\u00e4id, siis k\u00e4idki Jeesuse juures. Aga Jeesus tuleb ka ise sinu juurde, kui sa teda kutsud. Temale v\u00f5id sa r\u00e4\u00e4kida igasuguseid asju, isegi suuremaid saladusi. Tema ei r\u00e4\u00e4gi saladusi kunagi teistele! Ja kui sul on abi vaja, siis tuleb Jeesus ikka appi. Sa lihtsalt palu teda!&quot;\" \/>\n<meta property=\"og:url\" content=\"https:\/\/www.eoc.ee\/pood\/lastele\/laske-lapsed-minu-juurde-tulla-kristuse-tahendamissonad-ja-teod\/\" \/>\n<meta property=\"og:site_name\" content=\"\u00c9glise Orthodoxe d&#039;Estonie\" \/>\n<meta property=\"article:modified_time\" content=\"2021-03-13T09:45:12+00:00\" \/>\n<meta property=\"og:image\" content=\"https:\/\/www.eoc.ee\/wp-content\/uploads\/2021\/03\/kristuse-ta-hendamisso-nad.png\" \/>\n\t<meta property=\"og:image:width\" content=\"986\" \/>\n\t<meta property=\"og:image:height\" content=\"1220\" \/>\n\t<meta property=\"og:image:type\" content=\"image\/png\" \/>\n<meta name=\"twitter:label1\" content=\"Dur\u00e9e de lecture estim\u00e9e\" \/>\n\t<meta name=\"twitter:data1\" content=\"1 minute\" \/>\n<script type=\"application\/ld+json\" class=\"yoast-schema-graph\">{\"@context\":\"https:\\\/\\\/schema.org\",\"@graph\":[{\"@type\":\"WebPage\",\"@id\":\"https:\\\/\\\/www.eoc.ee\\\/pood\\\/lastele\\\/laske-lapsed-minu-juurde-tulla-kristuse-tahendamissonad-ja-teod\\\/\",\"url\":\"https:\\\/\\\/www.eoc.ee\\\/pood\\\/lastele\\\/laske-lapsed-minu-juurde-tulla-kristuse-tahendamissonad-ja-teod\\\/\",\"name\":\"Laske lapsed minu juurde tulla. Kristuse t\u00e4hendamiss\u00f5nad ja teod &#8211; \u00c9glise Orthodoxe d'Estonie\",\"isPartOf\":{\"@id\":\"https:\\\/\\\/www.eoc.ee\\\/#website\"},\"primaryImageOfPage\":{\"@id\":\"https:\\\/\\\/www.eoc.ee\\\/pood\\\/lastele\\\/laske-lapsed-minu-juurde-tulla-kristuse-tahendamissonad-ja-teod\\\/#primaryimage\"},\"image\":{\"@id\":\"https:\\\/\\\/www.eoc.ee\\\/pood\\\/lastele\\\/laske-lapsed-minu-juurde-tulla-kristuse-tahendamissonad-ja-teod\\\/#primaryimage\"},\"thumbnailUrl\":\"https:\\\/\\\/www.eoc.ee\\\/wp-content\\\/uploads\\\/2021\\\/03\\\/kristuse-ta-hendamisso-nad.png\",\"datePublished\":\"2020-04-29T08:39:22+00:00\",\"dateModified\":\"2021-03-13T09:45:12+00:00\",\"breadcrumb\":{\"@id\":\"https:\\\/\\\/www.eoc.ee\\\/pood\\\/lastele\\\/laske-lapsed-minu-juurde-tulla-kristuse-tahendamissonad-ja-teod\\\/#breadcrumb\"},\"inLanguage\":\"fr-FR\",\"potentialAction\":[{\"@type\":\"ReadAction\",\"target\":[\"https:\\\/\\\/www.eoc.ee\\\/pood\\\/lastele\\\/laske-lapsed-minu-juurde-tulla-kristuse-tahendamissonad-ja-teod\\\/\"]}]},{\"@type\":\"ImageObject\",\"inLanguage\":\"fr-FR\",\"@id\":\"https:\\\/\\\/www.eoc.ee\\\/pood\\\/lastele\\\/laske-lapsed-minu-juurde-tulla-kristuse-tahendamissonad-ja-teod\\\/#primaryimage\",\"url\":\"https:\\\/\\\/www.eoc.ee\\\/wp-content\\\/uploads\\\/2021\\\/03\\\/kristuse-ta-hendamisso-nad.png\",\"contentUrl\":\"https:\\\/\\\/www.eoc.ee\\\/wp-content\\\/uploads\\\/2021\\\/03\\\/kristuse-ta-hendamisso-nad.png\",\"width\":986,\"height\":1220},{\"@type\":\"BreadcrumbList\",\"@id\":\"https:\\\/\\\/www.eoc.ee\\\/pood\\\/lastele\\\/laske-lapsed-minu-juurde-tulla-kristuse-tahendamissonad-ja-teod\\\/#breadcrumb\",\"itemListElement\":[{\"@type\":\"ListItem\",\"position\":1,\"name\":\"Home\",\"item\":\"https:\\\/\\\/www.eoc.ee\\\/\"},{\"@type\":\"ListItem\",\"position\":2,\"name\":\"Laske lapsed minu juurde tulla. Kristuse t\u00e4hendamiss\u00f5nad ja teod\"}]},{\"@type\":\"WebSite\",\"@id\":\"https:\\\/\\\/www.eoc.ee\\\/#website\",\"url\":\"https:\\\/\\\/www.eoc.ee\\\/\",\"name\":\"\u00c9glise Orthodoxe d'Estonie\",\"description\":\"Eesti Apostlik-\u00d5igeusu Kirik\",\"potentialAction\":[{\"@type\":\"SearchAction\",\"target\":{\"@type\":\"EntryPoint\",\"urlTemplate\":\"https:\\\/\\\/www.eoc.ee\\\/?s={search_term_string}\"},\"query-input\":{\"@type\":\"PropertyValueSpecification\",\"valueRequired\":true,\"valueName\":\"search_term_string\"}}],\"inLanguage\":\"fr-FR\"}]}<\/script>\n<!-- \/ Yoast SEO plugin. -->","yoast_head_json":{"title":"Laske lapsed minu juurde tulla. Kristuse t\u00e4hendamiss\u00f5nad ja teod &#8211; \u00c9glise Orthodoxe d'Estonie","robots":{"index":"index","follow":"follow","max-snippet":"max-snippet:-1","max-image-preview":"max-image-preview:large","max-video-preview":"max-video-preview:-1"},"canonical":"https:\/\/www.eoc.ee\/pood\/lastele\/laske-lapsed-minu-juurde-tulla-kristuse-tahendamissonad-ja-teod\/","og_locale":"fr_FR","og_type":"article","og_title":"Laske lapsed minu juurde tulla. Kristuse t\u00e4hendamiss\u00f5nad ja teod &#8211; \u00c9glise Orthodoxe d'Estonie","og_description":"Selles raamatukeses l\u00e4heneb autor evangeeliumikohtadele siiralt ja lapsemeelselt. Katkend raamatust: \" Kuidas Jeesuse juurde minna? Kui sa kirikus k\u00e4id, siis k\u00e4idki Jeesuse juures. Aga Jeesus tuleb ka ise sinu juurde, kui sa teda kutsud. Temale v\u00f5id sa r\u00e4\u00e4kida igasuguseid asju, isegi suuremaid saladusi. Tema ei r\u00e4\u00e4gi saladusi kunagi teistele! Ja kui sul on abi vaja, siis tuleb Jeesus ikka appi. Sa lihtsalt palu teda!\"","og_url":"https:\/\/www.eoc.ee\/pood\/lastele\/laske-lapsed-minu-juurde-tulla-kristuse-tahendamissonad-ja-teod\/","og_site_name":"\u00c9glise Orthodoxe d'Estonie","article_modified_time":"2021-03-13T09:45:12+00:00","og_image":[{"width":986,"height":1220,"url":"https:\/\/www.eoc.ee\/wp-content\/uploads\/2021\/03\/kristuse-ta-hendamisso-nad.png","type":"image\/png"}],"twitter_misc":{"Dur\u00e9e de lecture estim\u00e9e":"1 minute"},"schema":{"@context":"https:\/\/schema.org","@graph":[{"@type":"WebPage","@id":"https:\/\/www.eoc.ee\/pood\/lastele\/laske-lapsed-minu-juurde-tulla-kristuse-tahendamissonad-ja-teod\/","url":"https:\/\/www.eoc.ee\/pood\/lastele\/laske-lapsed-minu-juurde-tulla-kristuse-tahendamissonad-ja-teod\/","name":"Laske lapsed minu juurde tulla. Kristuse t\u00e4hendamiss\u00f5nad ja teod &#8211; \u00c9glise Orthodoxe d'Estonie","isPartOf":{"@id":"https:\/\/www.eoc.ee\/#website"},"primaryImageOfPage":{"@id":"https:\/\/www.eoc.ee\/pood\/lastele\/laske-lapsed-minu-juurde-tulla-kristuse-tahendamissonad-ja-teod\/#primaryimage"},"image":{"@id":"https:\/\/www.eoc.ee\/pood\/lastele\/laske-lapsed-minu-juurde-tulla-kristuse-tahendamissonad-ja-teod\/#primaryimage"},"thumbnailUrl":"https:\/\/www.eoc.ee\/wp-content\/uploads\/2021\/03\/kristuse-ta-hendamisso-nad.png","datePublished":"2020-04-29T08:39:22+00:00","dateModified":"2021-03-13T09:45:12+00:00","breadcrumb":{"@id":"https:\/\/www.eoc.ee\/pood\/lastele\/laske-lapsed-minu-juurde-tulla-kristuse-tahendamissonad-ja-teod\/#breadcrumb"},"inLanguage":"fr-FR","potentialAction":[{"@type":"ReadAction","target":["https:\/\/www.eoc.ee\/pood\/lastele\/laske-lapsed-minu-juurde-tulla-kristuse-tahendamissonad-ja-teod\/"]}]},{"@type":"ImageObject","inLanguage":"fr-FR","@id":"https:\/\/www.eoc.ee\/pood\/lastele\/laske-lapsed-minu-juurde-tulla-kristuse-tahendamissonad-ja-teod\/#primaryimage","url":"https:\/\/www.eoc.ee\/wp-content\/uploads\/2021\/03\/kristuse-ta-hendamisso-nad.png","contentUrl":"https:\/\/www.eoc.ee\/wp-content\/uploads\/2021\/03\/kristuse-ta-hendamisso-nad.png","width":986,"height":1220},{"@type":"BreadcrumbList","@id":"https:\/\/www.eoc.ee\/pood\/lastele\/laske-lapsed-minu-juurde-tulla-kristuse-tahendamissonad-ja-teod\/#breadcrumb","itemListElement":[{"@type":"ListItem","position":1,"name":"Home","item":"https:\/\/www.eoc.ee\/"},{"@type":"ListItem","position":2,"name":"Laske lapsed minu juurde tulla. Kristuse t\u00e4hendamiss\u00f5nad ja teod"}]},{"@type":"WebSite","@id":"https:\/\/www.eoc.ee\/#website","url":"https:\/\/www.eoc.ee\/","name":"\u00c9glise Orthodoxe d'Estonie","description":"Eesti Apostlik-\u00d5igeusu Kirik","potentialAction":[{"@type":"SearchAction","target":{"@type":"EntryPoint","urlTemplate":"https:\/\/www.eoc.ee\/?s={search_term_string}"},"query-input":{"@type":"PropertyValueSpecification","valueRequired":true,"valueName":"search_term_string"}}],"inLanguage":"fr-FR"}]}},"_links":{"self":[{"href":"https:\/\/www.eoc.ee\/fr\/wp-json\/wp\/v2\/product\/33938","targetHints":{"allow":["GET"]}}],"collection":[{"href":"https:\/\/www.eoc.ee\/fr\/wp-json\/wp\/v2\/product"}],"about":[{"href":"https:\/\/www.eoc.ee\/fr\/wp-json\/wp\/v2\/types\/product"}],"wp:featuredmedia":[{"embeddable":true,"href":"https:\/\/www.eoc.ee\/fr\/wp-json\/wp\/v2\/media\/33939"}],"wp:attachment":[{"href":"https:\/\/www.eoc.ee\/fr\/wp-json\/wp\/v2\/media?parent=33938"}],"wp:term":[{"taxonomy":"product_brand","embeddable":true,"href":"https:\/\/www.eoc.ee\/fr\/wp-json\/wp\/v2\/product_brand?post=33938"},{"taxonomy":"product_cat","embeddable":true,"href":"https:\/\/www.eoc.ee\/fr\/wp-json\/wp\/v2\/product_cat?post=33938"},{"taxonomy":"product_tag","embeddable":true,"href":"https:\/\/www.eoc.ee\/fr\/wp-json\/wp\/v2\/product_tag?post=33938"}],"curies":[{"name":"wp","href":"https:\/\/api.w.org\/{rel}","templated":true}]}}