{"id":34726,"date":"2022-01-12T10:33:57","date_gmt":"2022-01-12T08:33:57","guid":{"rendered":"https:\/\/www.eoc.ee\/?post_type=product&#038;p=34726"},"modified":"2024-05-09T23:03:07","modified_gmt":"2024-05-09T20:03:07","slug":"andestamise-joud-hingehoiu-ja-eetika-kusimusi","status":"publish","type":"product","link":"https:\/\/www.eoc.ee\/fr\/pood\/eestikeelne-kirjandus\/andestamise-joud-hingehoiu-ja-eetika-kusimusi\/","title":{"rendered":"Andestamise j\u00f5ud. Hingehoiu ja eetika k\u00fcsimusi"},"content":{"rendered":"<p>&nbsp;<\/p>\n<p>Hinger\u00f5\u00f5mus- ja rahus saame elada vaid siis, kui salgame enese ja t\u00fchjendame end t\u00e4ielikult, p\u00fchendudes oma ligimesele.<\/p>\n<p>Arhimandriit Makarios ei ole andnud oma raamatus retsepte, mida j\u00e4rgides inimestevahelised suhted iseenesest paraneksid, kuid annab meile \u00f5igeusu traditsioonile ja p\u00fchadele kirikuisadele toetudes lihtsal ja arusaadaval viisil alused Jumala ja ligimesega kooseksisteerimiseks. Vaimses elus ei tohiks olla r\u00f5humist, pinget ja v\u00e4simust, see peaks olema t\u00e4idetud r\u00f5\u00f5mu, vabaduse ja hingamisega. Inimesed, kellega suhtleme, peaksid tunnetama meie s\u00fcmpaatiat, soovi neid aidata ja t\u00f5elist armastust.<\/p>\n<p>Sellises suunas ja vaimsuses arendas arhimandriit Makarios andestamise j\u00f5u ja inimsuhete teemasid oma raamatu hingehoidu ja eetilisi k\u00fcsimusi k\u00e4sitlevates peat\u00fckkides. Need arutlused h\u00f5lmavad vaimset endassesulgumist, inimlikku kooseksisteerimist ja meie suhteid ligimesega. Sellest k\u00f5nelevad ka p\u00fcha Maksimos Tunnistaja armastusele p\u00fchendatud teose nelisada peat\u00fckki, mida on tutvustatud raamatu viimases osas.<\/p>\n<p>(Tekst raamatu tagakaanelt.)<\/p>\n<p style=\"margin: 0cm;margin-bottom: .0001pt\"><strong>Autor<\/strong>: Makarios Griniezakis<\/p>\n<p style=\"margin: 0cm;margin-bottom: .0001pt\"><strong>T\u00f5lge eesti keelde<\/strong>: Edith-Helen Ulm, 2019<\/p>\n<p style=\"margin: 0cm;margin-bottom: .0001pt\"><strong>Ilmumisaasta<\/strong>: 2021<\/p>\n<p style=\"margin: 0cm;margin-bottom: .0001pt\"><strong>Lehek\u00fclgi<\/strong>: 184<\/p>\n<p style=\"margin: 0cm;margin-bottom: .0001pt\"><strong>Formaat<\/strong>: pehmekaaneline<\/p>\n<p style=\"margin: 0cm;margin-bottom: .0001pt\"><strong>V\u00e4ljaandja<\/strong>: Imettegev Jumalaema MT\u00dc<\/p>\n<p style=\"margin: 0cm;margin-bottom: .0001pt\"><strong>Kirjastus<\/strong>: EKSA<\/p>\n<p style=\"margin: 0cm;margin-bottom: .0001pt\"><strong>ISBN<\/strong>: 978-9949-604-23-4<\/p>\n<p>&nbsp;<\/p>\n","protected":false},"excerpt":{"rendered":"<p>&nbsp; Hinger\u00f5\u00f5mus- ja rahus saame elada vaid siis, kui salgame enese ja t\u00fchjendame end t\u00e4ielikult, p\u00fchendudes oma ligimesele. Arhimandriit Makarios ei ole andnud oma raamatus retsepte, mida j\u00e4rgides inimestevahelised suhted iseenesest paraneksid, kuid annab meile \u00f5igeusu traditsioonile ja p\u00fchadele kirikuisadele toetudes lihtsal ja arusaadaval viisil alused Jumala ja ligimesega kooseksisteerimiseks. Vaimses elus ei tohiks olla [&hellip;]<\/p>\n","protected":false},"featured_media":34732,"template":"","meta":{"_exactmetrics_skip_tracking":false,"_exactmetrics_sitenote_active":false,"_exactmetrics_sitenote_note":"","_exactmetrics_sitenote_category":0,"_monsterinsights_skip_tracking":false,"_monsterinsights_sitenote_active":false,"_monsterinsights_sitenote_note":"","_monsterinsights_sitenote_category":0},"product_brand":[],"product_cat":[222],"product_tag":[438,437,436],"class_list":{"0":"post-34726","1":"product","2":"type-product","3":"status-publish","4":"has-post-thumbnail","6":"product_cat-eestikeelne-kirjandus","7":"product_tag-eetika","8":"product_tag-hingehoid","9":"product_tag-makarios-griniezakis","11":"first","12":"instock","13":"shipping-taxable","14":"purchasable","15":"product-type-simple"},"yoast_head":"<!-- This site is optimized with the Yoast SEO plugin v27.5 - https:\/\/yoast.com\/product\/yoast-seo-wordpress\/ -->\n<title>Andestamise j\u00f5ud. Hingehoiu ja eetika k\u00fcsimusi &#8211; \u00c9glise Orthodoxe d&#039;Estonie<\/title>\n<meta name=\"robots\" content=\"index, follow, max-snippet:-1, max-image-preview:large, max-video-preview:-1\" \/>\n<link rel=\"canonical\" href=\"https:\/\/www.eoc.ee\/pood\/eestikeelne-kirjandus\/andestamise-joud-hingehoiu-ja-eetika-kusimusi\/\" \/>\n<meta property=\"og:locale\" content=\"fr_FR\" \/>\n<meta property=\"og:type\" content=\"article\" \/>\n<meta property=\"og:title\" content=\"Andestamise j\u00f5ud. Hingehoiu ja eetika k\u00fcsimusi &#8211; \u00c9glise Orthodoxe d&#039;Estonie\" \/>\n<meta property=\"og:description\" content=\"&nbsp; Hinger\u00f5\u00f5mus- ja rahus saame elada vaid siis, kui salgame enese ja t\u00fchjendame end t\u00e4ielikult, p\u00fchendudes oma ligimesele. Arhimandriit Makarios ei ole andnud oma raamatus retsepte, mida j\u00e4rgides inimestevahelised suhted iseenesest paraneksid, kuid annab meile \u00f5igeusu traditsioonile ja p\u00fchadele kirikuisadele toetudes lihtsal ja arusaadaval viisil alused Jumala ja ligimesega kooseksisteerimiseks. Vaimses elus ei tohiks olla [&hellip;]\" \/>\n<meta property=\"og:url\" content=\"https:\/\/www.eoc.ee\/pood\/eestikeelne-kirjandus\/andestamise-joud-hingehoiu-ja-eetika-kusimusi\/\" \/>\n<meta property=\"og:site_name\" content=\"\u00c9glise Orthodoxe d&#039;Estonie\" \/>\n<meta property=\"article:modified_time\" content=\"2024-05-09T20:03:07+00:00\" \/>\n<meta property=\"og:image\" content=\"http:\/\/www.eoc.ee\/wp-content\/uploads\/2022\/01\/IMG_20220112_102015-scaled.jpg\" \/>\n\t<meta property=\"og:image:width\" content=\"1920\" \/>\n\t<meta property=\"og:image:height\" content=\"2560\" \/>\n\t<meta property=\"og:image:type\" content=\"image\/jpeg\" \/>\n<meta name=\"twitter:label1\" content=\"Dur\u00e9e de lecture estim\u00e9e\" \/>\n\t<meta name=\"twitter:data1\" content=\"1 minute\" \/>\n<script type=\"application\/ld+json\" class=\"yoast-schema-graph\">{\"@context\":\"https:\\\/\\\/schema.org\",\"@graph\":[{\"@type\":\"WebPage\",\"@id\":\"https:\\\/\\\/www.eoc.ee\\\/pood\\\/eestikeelne-kirjandus\\\/andestamise-joud-hingehoiu-ja-eetika-kusimusi\\\/\",\"url\":\"https:\\\/\\\/www.eoc.ee\\\/pood\\\/eestikeelne-kirjandus\\\/andestamise-joud-hingehoiu-ja-eetika-kusimusi\\\/\",\"name\":\"Andestamise j\u00f5ud. Hingehoiu ja eetika k\u00fcsimusi &#8211; \u00c9glise Orthodoxe d'Estonie\",\"isPartOf\":{\"@id\":\"https:\\\/\\\/www.eoc.ee\\\/#website\"},\"primaryImageOfPage\":{\"@id\":\"https:\\\/\\\/www.eoc.ee\\\/pood\\\/eestikeelne-kirjandus\\\/andestamise-joud-hingehoiu-ja-eetika-kusimusi\\\/#primaryimage\"},\"image\":{\"@id\":\"https:\\\/\\\/www.eoc.ee\\\/pood\\\/eestikeelne-kirjandus\\\/andestamise-joud-hingehoiu-ja-eetika-kusimusi\\\/#primaryimage\"},\"thumbnailUrl\":\"https:\\\/\\\/www.eoc.ee\\\/wp-content\\\/uploads\\\/2022\\\/01\\\/IMG_20220112_102015-scaled.jpg\",\"datePublished\":\"2022-01-12T08:33:57+00:00\",\"dateModified\":\"2024-05-09T20:03:07+00:00\",\"breadcrumb\":{\"@id\":\"https:\\\/\\\/www.eoc.ee\\\/pood\\\/eestikeelne-kirjandus\\\/andestamise-joud-hingehoiu-ja-eetika-kusimusi\\\/#breadcrumb\"},\"inLanguage\":\"fr-FR\",\"potentialAction\":[{\"@type\":\"ReadAction\",\"target\":[\"https:\\\/\\\/www.eoc.ee\\\/pood\\\/eestikeelne-kirjandus\\\/andestamise-joud-hingehoiu-ja-eetika-kusimusi\\\/\"]}]},{\"@type\":\"ImageObject\",\"inLanguage\":\"fr-FR\",\"@id\":\"https:\\\/\\\/www.eoc.ee\\\/pood\\\/eestikeelne-kirjandus\\\/andestamise-joud-hingehoiu-ja-eetika-kusimusi\\\/#primaryimage\",\"url\":\"https:\\\/\\\/www.eoc.ee\\\/wp-content\\\/uploads\\\/2022\\\/01\\\/IMG_20220112_102015-scaled.jpg\",\"contentUrl\":\"https:\\\/\\\/www.eoc.ee\\\/wp-content\\\/uploads\\\/2022\\\/01\\\/IMG_20220112_102015-scaled.jpg\",\"width\":1920,\"height\":2560},{\"@type\":\"BreadcrumbList\",\"@id\":\"https:\\\/\\\/www.eoc.ee\\\/pood\\\/eestikeelne-kirjandus\\\/andestamise-joud-hingehoiu-ja-eetika-kusimusi\\\/#breadcrumb\",\"itemListElement\":[{\"@type\":\"ListItem\",\"position\":1,\"name\":\"Home\",\"item\":\"https:\\\/\\\/www.eoc.ee\\\/\"},{\"@type\":\"ListItem\",\"position\":2,\"name\":\"Andestamise j\u00f5ud. Hingehoiu ja eetika k\u00fcsimusi\"}]},{\"@type\":\"WebSite\",\"@id\":\"https:\\\/\\\/www.eoc.ee\\\/#website\",\"url\":\"https:\\\/\\\/www.eoc.ee\\\/\",\"name\":\"\u00c9glise Orthodoxe d'Estonie\",\"description\":\"Eesti Apostlik-\u00d5igeusu Kirik\",\"potentialAction\":[{\"@type\":\"SearchAction\",\"target\":{\"@type\":\"EntryPoint\",\"urlTemplate\":\"https:\\\/\\\/www.eoc.ee\\\/?s={search_term_string}\"},\"query-input\":{\"@type\":\"PropertyValueSpecification\",\"valueRequired\":true,\"valueName\":\"search_term_string\"}}],\"inLanguage\":\"fr-FR\"}]}<\/script>\n<!-- \/ Yoast SEO plugin. -->","yoast_head_json":{"title":"Andestamise j\u00f5ud. Hingehoiu ja eetika k\u00fcsimusi &#8211; \u00c9glise Orthodoxe d'Estonie","robots":{"index":"index","follow":"follow","max-snippet":"max-snippet:-1","max-image-preview":"max-image-preview:large","max-video-preview":"max-video-preview:-1"},"canonical":"https:\/\/www.eoc.ee\/pood\/eestikeelne-kirjandus\/andestamise-joud-hingehoiu-ja-eetika-kusimusi\/","og_locale":"fr_FR","og_type":"article","og_title":"Andestamise j\u00f5ud. Hingehoiu ja eetika k\u00fcsimusi &#8211; \u00c9glise Orthodoxe d'Estonie","og_description":"&nbsp; Hinger\u00f5\u00f5mus- ja rahus saame elada vaid siis, kui salgame enese ja t\u00fchjendame end t\u00e4ielikult, p\u00fchendudes oma ligimesele. Arhimandriit Makarios ei ole andnud oma raamatus retsepte, mida j\u00e4rgides inimestevahelised suhted iseenesest paraneksid, kuid annab meile \u00f5igeusu traditsioonile ja p\u00fchadele kirikuisadele toetudes lihtsal ja arusaadaval viisil alused Jumala ja ligimesega kooseksisteerimiseks. Vaimses elus ei tohiks olla [&hellip;]","og_url":"https:\/\/www.eoc.ee\/pood\/eestikeelne-kirjandus\/andestamise-joud-hingehoiu-ja-eetika-kusimusi\/","og_site_name":"\u00c9glise Orthodoxe d'Estonie","article_modified_time":"2024-05-09T20:03:07+00:00","og_image":[{"width":1920,"height":2560,"url":"http:\/\/www.eoc.ee\/wp-content\/uploads\/2022\/01\/IMG_20220112_102015-scaled.jpg","type":"image\/jpeg"}],"twitter_misc":{"Dur\u00e9e de lecture estim\u00e9e":"1 minute"},"schema":{"@context":"https:\/\/schema.org","@graph":[{"@type":"WebPage","@id":"https:\/\/www.eoc.ee\/pood\/eestikeelne-kirjandus\/andestamise-joud-hingehoiu-ja-eetika-kusimusi\/","url":"https:\/\/www.eoc.ee\/pood\/eestikeelne-kirjandus\/andestamise-joud-hingehoiu-ja-eetika-kusimusi\/","name":"Andestamise j\u00f5ud. Hingehoiu ja eetika k\u00fcsimusi &#8211; \u00c9glise Orthodoxe d'Estonie","isPartOf":{"@id":"https:\/\/www.eoc.ee\/#website"},"primaryImageOfPage":{"@id":"https:\/\/www.eoc.ee\/pood\/eestikeelne-kirjandus\/andestamise-joud-hingehoiu-ja-eetika-kusimusi\/#primaryimage"},"image":{"@id":"https:\/\/www.eoc.ee\/pood\/eestikeelne-kirjandus\/andestamise-joud-hingehoiu-ja-eetika-kusimusi\/#primaryimage"},"thumbnailUrl":"https:\/\/www.eoc.ee\/wp-content\/uploads\/2022\/01\/IMG_20220112_102015-scaled.jpg","datePublished":"2022-01-12T08:33:57+00:00","dateModified":"2024-05-09T20:03:07+00:00","breadcrumb":{"@id":"https:\/\/www.eoc.ee\/pood\/eestikeelne-kirjandus\/andestamise-joud-hingehoiu-ja-eetika-kusimusi\/#breadcrumb"},"inLanguage":"fr-FR","potentialAction":[{"@type":"ReadAction","target":["https:\/\/www.eoc.ee\/pood\/eestikeelne-kirjandus\/andestamise-joud-hingehoiu-ja-eetika-kusimusi\/"]}]},{"@type":"ImageObject","inLanguage":"fr-FR","@id":"https:\/\/www.eoc.ee\/pood\/eestikeelne-kirjandus\/andestamise-joud-hingehoiu-ja-eetika-kusimusi\/#primaryimage","url":"https:\/\/www.eoc.ee\/wp-content\/uploads\/2022\/01\/IMG_20220112_102015-scaled.jpg","contentUrl":"https:\/\/www.eoc.ee\/wp-content\/uploads\/2022\/01\/IMG_20220112_102015-scaled.jpg","width":1920,"height":2560},{"@type":"BreadcrumbList","@id":"https:\/\/www.eoc.ee\/pood\/eestikeelne-kirjandus\/andestamise-joud-hingehoiu-ja-eetika-kusimusi\/#breadcrumb","itemListElement":[{"@type":"ListItem","position":1,"name":"Home","item":"https:\/\/www.eoc.ee\/"},{"@type":"ListItem","position":2,"name":"Andestamise j\u00f5ud. Hingehoiu ja eetika k\u00fcsimusi"}]},{"@type":"WebSite","@id":"https:\/\/www.eoc.ee\/#website","url":"https:\/\/www.eoc.ee\/","name":"\u00c9glise Orthodoxe d'Estonie","description":"Eesti Apostlik-\u00d5igeusu Kirik","potentialAction":[{"@type":"SearchAction","target":{"@type":"EntryPoint","urlTemplate":"https:\/\/www.eoc.ee\/?s={search_term_string}"},"query-input":{"@type":"PropertyValueSpecification","valueRequired":true,"valueName":"search_term_string"}}],"inLanguage":"fr-FR"}]}},"_links":{"self":[{"href":"https:\/\/www.eoc.ee\/fr\/wp-json\/wp\/v2\/product\/34726","targetHints":{"allow":["GET"]}}],"collection":[{"href":"https:\/\/www.eoc.ee\/fr\/wp-json\/wp\/v2\/product"}],"about":[{"href":"https:\/\/www.eoc.ee\/fr\/wp-json\/wp\/v2\/types\/product"}],"wp:featuredmedia":[{"embeddable":true,"href":"https:\/\/www.eoc.ee\/fr\/wp-json\/wp\/v2\/media\/34732"}],"wp:attachment":[{"href":"https:\/\/www.eoc.ee\/fr\/wp-json\/wp\/v2\/media?parent=34726"}],"wp:term":[{"taxonomy":"product_brand","embeddable":true,"href":"https:\/\/www.eoc.ee\/fr\/wp-json\/wp\/v2\/product_brand?post=34726"},{"taxonomy":"product_cat","embeddable":true,"href":"https:\/\/www.eoc.ee\/fr\/wp-json\/wp\/v2\/product_cat?post=34726"},{"taxonomy":"product_tag","embeddable":true,"href":"https:\/\/www.eoc.ee\/fr\/wp-json\/wp\/v2\/product_tag?post=34726"}],"curies":[{"name":"wp","href":"https:\/\/api.w.org\/{rel}","templated":true}]}}