{"id":36771,"date":"2022-12-22T14:44:29","date_gmt":"2022-12-22T12:44:29","guid":{"rendered":"https:\/\/www.eoc.ee\/?post_type=product&#038;p=36771"},"modified":"2025-11-04T10:55:59","modified_gmt":"2025-11-04T08:55:59","slug":"butsantsi-teoloogia","status":"publish","type":"product","link":"https:\/\/www.eoc.ee\/fr\/pood\/eestikeelne-kirjandus\/butsantsi-teoloogia\/","title":{"rendered":"B\u00fctsantsi teoloogia"},"content":{"rendered":"<p><strong>Autor<\/strong>: John Meyendorff<\/p>\n<p><strong>T\u00f5lkija<\/strong>: Marrit Andrejeva<\/p>\n<p><strong>Ilmumisaeg<\/strong>: detsember 2022<\/p>\n<p><strong>Lehek\u00fclgi<\/strong>: 368<\/p>\n<p><strong>Formaat<\/strong>: pehmekaaneline<\/p>\n<p><strong>V\u00e4ljaandja<\/strong>: EA\u00d5K Teoloogiline Instituut<\/p>\n<p><strong>Tr\u00fckikoda<\/strong>: Printon<\/p>\n","protected":false},"excerpt":{"rendered":"<p>EA\u00d5K Teoloogilise Instituudi sarja Ajalugu ja Teoloogia 5. k\u00f6itena ilmunud maailmakuulsa \u00f5igeusu teoloogi John Meyendorffi klassikaline teos \u00ab\u00a0B\u00fctsantsi teoloogia\u00a0\u00bb annab igale huvilisele \u00fclevaate b\u00fctsantsi teoloogia ajaloost ja \u00f5petusest. Raamat pakub huvi nii spetsiifiliselt \u00f5igeusust kui ka laiemalt religiooniloost ja ajaloost huvitatud lugejale.<\/p>\n","protected":false},"featured_media":36772,"template":"","meta":{"_exactmetrics_skip_tracking":false,"_exactmetrics_sitenote_active":false,"_exactmetrics_sitenote_note":"","_exactmetrics_sitenote_category":0,"_monsterinsights_skip_tracking":false,"_monsterinsights_sitenote_active":false,"_monsterinsights_sitenote_note":"","_monsterinsights_sitenote_category":0},"product_brand":[],"product_cat":[222],"product_tag":[],"class_list":{"0":"post-36771","1":"product","2":"type-product","3":"status-publish","4":"has-post-thumbnail","6":"product_cat-eestikeelne-kirjandus","8":"first","9":"instock","10":"sale","11":"shipping-taxable","12":"purchasable","13":"product-type-simple"},"yoast_head":"<!-- This site is optimized with the Yoast SEO plugin v27.5 - https:\/\/yoast.com\/product\/yoast-seo-wordpress\/ -->\n<title>B\u00fctsantsi teoloogia &#8211; \u00c9glise Orthodoxe d&#039;Estonie<\/title>\n<meta name=\"robots\" content=\"index, follow, max-snippet:-1, max-image-preview:large, max-video-preview:-1\" \/>\n<link rel=\"canonical\" href=\"https:\/\/www.eoc.ee\/pood\/eestikeelne-kirjandus\/butsantsi-teoloogia\/\" \/>\n<meta property=\"og:locale\" content=\"fr_FR\" \/>\n<meta property=\"og:type\" content=\"article\" \/>\n<meta property=\"og:title\" content=\"B\u00fctsantsi teoloogia &#8211; \u00c9glise Orthodoxe d&#039;Estonie\" \/>\n<meta property=\"og:description\" content=\"EA\u00d5K Teoloogilise Instituudi sarja Ajalugu ja Teoloogia 5. k\u00f6itena ilmunud maailmakuulsa \u00f5igeusu teoloogi John Meyendorffi klassikaline teos &quot;B\u00fctsantsi teoloogia&quot; annab igale huvilisele \u00fclevaate b\u00fctsantsi teoloogia ajaloost ja \u00f5petusest. Raamat pakub huvi nii spetsiifiliselt \u00f5igeusust kui ka laiemalt religiooniloost ja ajaloost huvitatud lugejale.\" \/>\n<meta property=\"og:url\" content=\"https:\/\/www.eoc.ee\/pood\/eestikeelne-kirjandus\/butsantsi-teoloogia\/\" \/>\n<meta property=\"og:site_name\" content=\"\u00c9glise Orthodoxe d&#039;Estonie\" \/>\n<meta property=\"article:modified_time\" content=\"2025-11-04T08:55:59+00:00\" \/>\n<meta property=\"og:image\" content=\"https:\/\/www.eoc.ee\/wp-content\/uploads\/2022\/12\/2022-John-Meyendorff-BUTSANTSI-TEOLOOGIA_raamat_kaaned_300x215mm_katmata_bleed3mm_trykki1024_1-1.jpg\" \/>\n\t<meta property=\"og:image:width\" content=\"464\" \/>\n\t<meta property=\"og:image:height\" content=\"717\" \/>\n\t<meta property=\"og:image:type\" content=\"image\/jpeg\" \/>\n<meta name=\"twitter:label1\" content=\"Dur\u00e9e de lecture estim\u00e9e\" \/>\n\t<meta name=\"twitter:data1\" content=\"1 minute\" \/>\n<script type=\"application\/ld+json\" class=\"yoast-schema-graph\">{\"@context\":\"https:\\\/\\\/schema.org\",\"@graph\":[{\"@type\":\"WebPage\",\"@id\":\"https:\\\/\\\/www.eoc.ee\\\/pood\\\/eestikeelne-kirjandus\\\/butsantsi-teoloogia\\\/\",\"url\":\"https:\\\/\\\/www.eoc.ee\\\/pood\\\/eestikeelne-kirjandus\\\/butsantsi-teoloogia\\\/\",\"name\":\"B\u00fctsantsi teoloogia &#8211; \u00c9glise Orthodoxe d'Estonie\",\"isPartOf\":{\"@id\":\"https:\\\/\\\/www.eoc.ee\\\/#website\"},\"primaryImageOfPage\":{\"@id\":\"https:\\\/\\\/www.eoc.ee\\\/pood\\\/eestikeelne-kirjandus\\\/butsantsi-teoloogia\\\/#primaryimage\"},\"image\":{\"@id\":\"https:\\\/\\\/www.eoc.ee\\\/pood\\\/eestikeelne-kirjandus\\\/butsantsi-teoloogia\\\/#primaryimage\"},\"thumbnailUrl\":\"https:\\\/\\\/www.eoc.ee\\\/wp-content\\\/uploads\\\/2022\\\/12\\\/2022-John-Meyendorff-BUTSANTSI-TEOLOOGIA_raamat_kaaned_300x215mm_katmata_bleed3mm_trykki1024_1-1.jpg\",\"datePublished\":\"2022-12-22T12:44:29+00:00\",\"dateModified\":\"2025-11-04T08:55:59+00:00\",\"breadcrumb\":{\"@id\":\"https:\\\/\\\/www.eoc.ee\\\/pood\\\/eestikeelne-kirjandus\\\/butsantsi-teoloogia\\\/#breadcrumb\"},\"inLanguage\":\"fr-FR\",\"potentialAction\":[{\"@type\":\"ReadAction\",\"target\":[\"https:\\\/\\\/www.eoc.ee\\\/pood\\\/eestikeelne-kirjandus\\\/butsantsi-teoloogia\\\/\"]}]},{\"@type\":\"ImageObject\",\"inLanguage\":\"fr-FR\",\"@id\":\"https:\\\/\\\/www.eoc.ee\\\/pood\\\/eestikeelne-kirjandus\\\/butsantsi-teoloogia\\\/#primaryimage\",\"url\":\"https:\\\/\\\/www.eoc.ee\\\/wp-content\\\/uploads\\\/2022\\\/12\\\/2022-John-Meyendorff-BUTSANTSI-TEOLOOGIA_raamat_kaaned_300x215mm_katmata_bleed3mm_trykki1024_1-1.jpg\",\"contentUrl\":\"https:\\\/\\\/www.eoc.ee\\\/wp-content\\\/uploads\\\/2022\\\/12\\\/2022-John-Meyendorff-BUTSANTSI-TEOLOOGIA_raamat_kaaned_300x215mm_katmata_bleed3mm_trykki1024_1-1.jpg\",\"width\":464,\"height\":717},{\"@type\":\"BreadcrumbList\",\"@id\":\"https:\\\/\\\/www.eoc.ee\\\/pood\\\/eestikeelne-kirjandus\\\/butsantsi-teoloogia\\\/#breadcrumb\",\"itemListElement\":[{\"@type\":\"ListItem\",\"position\":1,\"name\":\"Home\",\"item\":\"https:\\\/\\\/www.eoc.ee\\\/\"},{\"@type\":\"ListItem\",\"position\":2,\"name\":\"B\u00fctsantsi teoloogia\"}]},{\"@type\":\"WebSite\",\"@id\":\"https:\\\/\\\/www.eoc.ee\\\/#website\",\"url\":\"https:\\\/\\\/www.eoc.ee\\\/\",\"name\":\"\u00c9glise Orthodoxe d'Estonie\",\"description\":\"Eesti Apostlik-\u00d5igeusu Kirik\",\"potentialAction\":[{\"@type\":\"SearchAction\",\"target\":{\"@type\":\"EntryPoint\",\"urlTemplate\":\"https:\\\/\\\/www.eoc.ee\\\/?s={search_term_string}\"},\"query-input\":{\"@type\":\"PropertyValueSpecification\",\"valueRequired\":true,\"valueName\":\"search_term_string\"}}],\"inLanguage\":\"fr-FR\"}]}<\/script>\n<!-- \/ Yoast SEO plugin. -->","yoast_head_json":{"title":"B\u00fctsantsi teoloogia &#8211; \u00c9glise Orthodoxe d'Estonie","robots":{"index":"index","follow":"follow","max-snippet":"max-snippet:-1","max-image-preview":"max-image-preview:large","max-video-preview":"max-video-preview:-1"},"canonical":"https:\/\/www.eoc.ee\/pood\/eestikeelne-kirjandus\/butsantsi-teoloogia\/","og_locale":"fr_FR","og_type":"article","og_title":"B\u00fctsantsi teoloogia &#8211; \u00c9glise Orthodoxe d'Estonie","og_description":"EA\u00d5K Teoloogilise Instituudi sarja Ajalugu ja Teoloogia 5. k\u00f6itena ilmunud maailmakuulsa \u00f5igeusu teoloogi John Meyendorffi klassikaline teos \"B\u00fctsantsi teoloogia\" annab igale huvilisele \u00fclevaate b\u00fctsantsi teoloogia ajaloost ja \u00f5petusest. Raamat pakub huvi nii spetsiifiliselt \u00f5igeusust kui ka laiemalt religiooniloost ja ajaloost huvitatud lugejale.","og_url":"https:\/\/www.eoc.ee\/pood\/eestikeelne-kirjandus\/butsantsi-teoloogia\/","og_site_name":"\u00c9glise Orthodoxe d'Estonie","article_modified_time":"2025-11-04T08:55:59+00:00","og_image":[{"width":464,"height":717,"url":"https:\/\/www.eoc.ee\/wp-content\/uploads\/2022\/12\/2022-John-Meyendorff-BUTSANTSI-TEOLOOGIA_raamat_kaaned_300x215mm_katmata_bleed3mm_trykki1024_1-1.jpg","type":"image\/jpeg"}],"twitter_misc":{"Dur\u00e9e de lecture estim\u00e9e":"1 minute"},"schema":{"@context":"https:\/\/schema.org","@graph":[{"@type":"WebPage","@id":"https:\/\/www.eoc.ee\/pood\/eestikeelne-kirjandus\/butsantsi-teoloogia\/","url":"https:\/\/www.eoc.ee\/pood\/eestikeelne-kirjandus\/butsantsi-teoloogia\/","name":"B\u00fctsantsi teoloogia &#8211; \u00c9glise Orthodoxe d'Estonie","isPartOf":{"@id":"https:\/\/www.eoc.ee\/#website"},"primaryImageOfPage":{"@id":"https:\/\/www.eoc.ee\/pood\/eestikeelne-kirjandus\/butsantsi-teoloogia\/#primaryimage"},"image":{"@id":"https:\/\/www.eoc.ee\/pood\/eestikeelne-kirjandus\/butsantsi-teoloogia\/#primaryimage"},"thumbnailUrl":"https:\/\/www.eoc.ee\/wp-content\/uploads\/2022\/12\/2022-John-Meyendorff-BUTSANTSI-TEOLOOGIA_raamat_kaaned_300x215mm_katmata_bleed3mm_trykki1024_1-1.jpg","datePublished":"2022-12-22T12:44:29+00:00","dateModified":"2025-11-04T08:55:59+00:00","breadcrumb":{"@id":"https:\/\/www.eoc.ee\/pood\/eestikeelne-kirjandus\/butsantsi-teoloogia\/#breadcrumb"},"inLanguage":"fr-FR","potentialAction":[{"@type":"ReadAction","target":["https:\/\/www.eoc.ee\/pood\/eestikeelne-kirjandus\/butsantsi-teoloogia\/"]}]},{"@type":"ImageObject","inLanguage":"fr-FR","@id":"https:\/\/www.eoc.ee\/pood\/eestikeelne-kirjandus\/butsantsi-teoloogia\/#primaryimage","url":"https:\/\/www.eoc.ee\/wp-content\/uploads\/2022\/12\/2022-John-Meyendorff-BUTSANTSI-TEOLOOGIA_raamat_kaaned_300x215mm_katmata_bleed3mm_trykki1024_1-1.jpg","contentUrl":"https:\/\/www.eoc.ee\/wp-content\/uploads\/2022\/12\/2022-John-Meyendorff-BUTSANTSI-TEOLOOGIA_raamat_kaaned_300x215mm_katmata_bleed3mm_trykki1024_1-1.jpg","width":464,"height":717},{"@type":"BreadcrumbList","@id":"https:\/\/www.eoc.ee\/pood\/eestikeelne-kirjandus\/butsantsi-teoloogia\/#breadcrumb","itemListElement":[{"@type":"ListItem","position":1,"name":"Home","item":"https:\/\/www.eoc.ee\/"},{"@type":"ListItem","position":2,"name":"B\u00fctsantsi teoloogia"}]},{"@type":"WebSite","@id":"https:\/\/www.eoc.ee\/#website","url":"https:\/\/www.eoc.ee\/","name":"\u00c9glise Orthodoxe d'Estonie","description":"Eesti Apostlik-\u00d5igeusu Kirik","potentialAction":[{"@type":"SearchAction","target":{"@type":"EntryPoint","urlTemplate":"https:\/\/www.eoc.ee\/?s={search_term_string}"},"query-input":{"@type":"PropertyValueSpecification","valueRequired":true,"valueName":"search_term_string"}}],"inLanguage":"fr-FR"}]}},"_links":{"self":[{"href":"https:\/\/www.eoc.ee\/fr\/wp-json\/wp\/v2\/product\/36771","targetHints":{"allow":["GET"]}}],"collection":[{"href":"https:\/\/www.eoc.ee\/fr\/wp-json\/wp\/v2\/product"}],"about":[{"href":"https:\/\/www.eoc.ee\/fr\/wp-json\/wp\/v2\/types\/product"}],"wp:featuredmedia":[{"embeddable":true,"href":"https:\/\/www.eoc.ee\/fr\/wp-json\/wp\/v2\/media\/36772"}],"wp:attachment":[{"href":"https:\/\/www.eoc.ee\/fr\/wp-json\/wp\/v2\/media?parent=36771"}],"wp:term":[{"taxonomy":"product_brand","embeddable":true,"href":"https:\/\/www.eoc.ee\/fr\/wp-json\/wp\/v2\/product_brand?post=36771"},{"taxonomy":"product_cat","embeddable":true,"href":"https:\/\/www.eoc.ee\/fr\/wp-json\/wp\/v2\/product_cat?post=36771"},{"taxonomy":"product_tag","embeddable":true,"href":"https:\/\/www.eoc.ee\/fr\/wp-json\/wp\/v2\/product_tag?post=36771"}],"curies":[{"name":"wp","href":"https:\/\/api.w.org\/{rel}","templated":true}]}}