{"id":39506,"date":"2023-12-19T15:19:53","date_gmt":"2023-12-19T13:19:53","guid":{"rendered":"https:\/\/www.eoc.ee\/?post_type=product&#038;p=39506"},"modified":"2023-12-19T15:20:44","modified_gmt":"2023-12-19T13:20:44","slug":"susi-suitsutile","status":"publish","type":"product","link":"https:\/\/www.eoc.ee\/fr\/pood\/maaramata\/susi-suitsutile\/","title":{"rendered":"S\u00fcsi (suitsutile)"},"content":{"rendered":"<p>Pakk suitsutis\u00fctt (6 s\u00f6etablett).<\/p>\n","protected":false},"excerpt":{"rendered":"<p>Pakk suitsutis\u00fctt (6 s\u00f6etablett).<\/p>\n","protected":false},"featured_media":39507,"template":"","meta":{"_exactmetrics_skip_tracking":false,"_exactmetrics_sitenote_active":false,"_exactmetrics_sitenote_note":"","_exactmetrics_sitenote_category":0,"_monsterinsights_skip_tracking":false,"_monsterinsights_sitenote_active":false,"_monsterinsights_sitenote_note":"","_monsterinsights_sitenote_category":0},"product_brand":[],"product_cat":[217],"product_tag":[],"class_list":{"0":"post-39506","1":"product","2":"type-product","3":"status-publish","4":"has-post-thumbnail","6":"product_cat-maaramata","8":"first","9":"instock","10":"shipping-taxable","11":"purchasable","12":"product-type-simple"},"yoast_head":"<!-- This site is optimized with the Yoast SEO plugin v27.5 - https:\/\/yoast.com\/product\/yoast-seo-wordpress\/ -->\n<title>S\u00fcsi (suitsutile) &#8211; \u00c9glise Orthodoxe d&#039;Estonie<\/title>\n<meta name=\"robots\" content=\"index, follow, max-snippet:-1, max-image-preview:large, max-video-preview:-1\" \/>\n<link rel=\"canonical\" href=\"https:\/\/www.eoc.ee\/pood\/maaramata\/susi-suitsutile\/\" \/>\n<meta property=\"og:locale\" content=\"fr_FR\" \/>\n<meta property=\"og:type\" content=\"article\" \/>\n<meta property=\"og:title\" content=\"S\u00fcsi (suitsutile) &#8211; \u00c9glise Orthodoxe d&#039;Estonie\" \/>\n<meta property=\"og:description\" content=\"Pakk suitsutis\u00fctt (6 s\u00f6etablett).\" \/>\n<meta property=\"og:url\" content=\"https:\/\/www.eoc.ee\/pood\/maaramata\/susi-suitsutile\/\" \/>\n<meta property=\"og:site_name\" content=\"\u00c9glise Orthodoxe d&#039;Estonie\" \/>\n<meta property=\"article:modified_time\" content=\"2023-12-19T13:20:44+00:00\" \/>\n<meta property=\"og:image\" content=\"https:\/\/www.eoc.ee\/wp-content\/uploads\/2023\/12\/IMG_20231219_144329-scaled.jpg\" \/>\n\t<meta property=\"og:image:width\" content=\"2560\" \/>\n\t<meta property=\"og:image:height\" content=\"1920\" \/>\n\t<meta property=\"og:image:type\" content=\"image\/jpeg\" \/>\n<script type=\"application\/ld+json\" class=\"yoast-schema-graph\">{\"@context\":\"https:\\\/\\\/schema.org\",\"@graph\":[{\"@type\":\"WebPage\",\"@id\":\"https:\\\/\\\/www.eoc.ee\\\/pood\\\/maaramata\\\/susi-suitsutile\\\/\",\"url\":\"https:\\\/\\\/www.eoc.ee\\\/pood\\\/maaramata\\\/susi-suitsutile\\\/\",\"name\":\"S\u00fcsi (suitsutile) &#8211; \u00c9glise Orthodoxe d'Estonie\",\"isPartOf\":{\"@id\":\"https:\\\/\\\/www.eoc.ee\\\/#website\"},\"primaryImageOfPage\":{\"@id\":\"https:\\\/\\\/www.eoc.ee\\\/pood\\\/maaramata\\\/susi-suitsutile\\\/#primaryimage\"},\"image\":{\"@id\":\"https:\\\/\\\/www.eoc.ee\\\/pood\\\/maaramata\\\/susi-suitsutile\\\/#primaryimage\"},\"thumbnailUrl\":\"https:\\\/\\\/www.eoc.ee\\\/wp-content\\\/uploads\\\/2023\\\/12\\\/IMG_20231219_144329-scaled.jpg\",\"datePublished\":\"2023-12-19T13:19:53+00:00\",\"dateModified\":\"2023-12-19T13:20:44+00:00\",\"breadcrumb\":{\"@id\":\"https:\\\/\\\/www.eoc.ee\\\/pood\\\/maaramata\\\/susi-suitsutile\\\/#breadcrumb\"},\"inLanguage\":\"fr-FR\",\"potentialAction\":[{\"@type\":\"ReadAction\",\"target\":[\"https:\\\/\\\/www.eoc.ee\\\/pood\\\/maaramata\\\/susi-suitsutile\\\/\"]}]},{\"@type\":\"ImageObject\",\"inLanguage\":\"fr-FR\",\"@id\":\"https:\\\/\\\/www.eoc.ee\\\/pood\\\/maaramata\\\/susi-suitsutile\\\/#primaryimage\",\"url\":\"https:\\\/\\\/www.eoc.ee\\\/wp-content\\\/uploads\\\/2023\\\/12\\\/IMG_20231219_144329-scaled.jpg\",\"contentUrl\":\"https:\\\/\\\/www.eoc.ee\\\/wp-content\\\/uploads\\\/2023\\\/12\\\/IMG_20231219_144329-scaled.jpg\",\"width\":2560,\"height\":1920},{\"@type\":\"BreadcrumbList\",\"@id\":\"https:\\\/\\\/www.eoc.ee\\\/pood\\\/maaramata\\\/susi-suitsutile\\\/#breadcrumb\",\"itemListElement\":[{\"@type\":\"ListItem\",\"position\":1,\"name\":\"Home\",\"item\":\"https:\\\/\\\/www.eoc.ee\\\/\"},{\"@type\":\"ListItem\",\"position\":2,\"name\":\"S\u00fcsi (suitsutile)\"}]},{\"@type\":\"WebSite\",\"@id\":\"https:\\\/\\\/www.eoc.ee\\\/#website\",\"url\":\"https:\\\/\\\/www.eoc.ee\\\/\",\"name\":\"\u00c9glise Orthodoxe d'Estonie\",\"description\":\"Eesti Apostlik-\u00d5igeusu Kirik\",\"potentialAction\":[{\"@type\":\"SearchAction\",\"target\":{\"@type\":\"EntryPoint\",\"urlTemplate\":\"https:\\\/\\\/www.eoc.ee\\\/?s={search_term_string}\"},\"query-input\":{\"@type\":\"PropertyValueSpecification\",\"valueRequired\":true,\"valueName\":\"search_term_string\"}}],\"inLanguage\":\"fr-FR\"}]}<\/script>\n<!-- \/ Yoast SEO plugin. -->","yoast_head_json":{"title":"S\u00fcsi (suitsutile) &#8211; \u00c9glise Orthodoxe d'Estonie","robots":{"index":"index","follow":"follow","max-snippet":"max-snippet:-1","max-image-preview":"max-image-preview:large","max-video-preview":"max-video-preview:-1"},"canonical":"https:\/\/www.eoc.ee\/pood\/maaramata\/susi-suitsutile\/","og_locale":"fr_FR","og_type":"article","og_title":"S\u00fcsi (suitsutile) &#8211; \u00c9glise Orthodoxe d'Estonie","og_description":"Pakk suitsutis\u00fctt (6 s\u00f6etablett).","og_url":"https:\/\/www.eoc.ee\/pood\/maaramata\/susi-suitsutile\/","og_site_name":"\u00c9glise Orthodoxe d'Estonie","article_modified_time":"2023-12-19T13:20:44+00:00","og_image":[{"width":2560,"height":1920,"url":"https:\/\/www.eoc.ee\/wp-content\/uploads\/2023\/12\/IMG_20231219_144329-scaled.jpg","type":"image\/jpeg"}],"schema":{"@context":"https:\/\/schema.org","@graph":[{"@type":"WebPage","@id":"https:\/\/www.eoc.ee\/pood\/maaramata\/susi-suitsutile\/","url":"https:\/\/www.eoc.ee\/pood\/maaramata\/susi-suitsutile\/","name":"S\u00fcsi (suitsutile) &#8211; \u00c9glise Orthodoxe d'Estonie","isPartOf":{"@id":"https:\/\/www.eoc.ee\/#website"},"primaryImageOfPage":{"@id":"https:\/\/www.eoc.ee\/pood\/maaramata\/susi-suitsutile\/#primaryimage"},"image":{"@id":"https:\/\/www.eoc.ee\/pood\/maaramata\/susi-suitsutile\/#primaryimage"},"thumbnailUrl":"https:\/\/www.eoc.ee\/wp-content\/uploads\/2023\/12\/IMG_20231219_144329-scaled.jpg","datePublished":"2023-12-19T13:19:53+00:00","dateModified":"2023-12-19T13:20:44+00:00","breadcrumb":{"@id":"https:\/\/www.eoc.ee\/pood\/maaramata\/susi-suitsutile\/#breadcrumb"},"inLanguage":"fr-FR","potentialAction":[{"@type":"ReadAction","target":["https:\/\/www.eoc.ee\/pood\/maaramata\/susi-suitsutile\/"]}]},{"@type":"ImageObject","inLanguage":"fr-FR","@id":"https:\/\/www.eoc.ee\/pood\/maaramata\/susi-suitsutile\/#primaryimage","url":"https:\/\/www.eoc.ee\/wp-content\/uploads\/2023\/12\/IMG_20231219_144329-scaled.jpg","contentUrl":"https:\/\/www.eoc.ee\/wp-content\/uploads\/2023\/12\/IMG_20231219_144329-scaled.jpg","width":2560,"height":1920},{"@type":"BreadcrumbList","@id":"https:\/\/www.eoc.ee\/pood\/maaramata\/susi-suitsutile\/#breadcrumb","itemListElement":[{"@type":"ListItem","position":1,"name":"Home","item":"https:\/\/www.eoc.ee\/"},{"@type":"ListItem","position":2,"name":"S\u00fcsi (suitsutile)"}]},{"@type":"WebSite","@id":"https:\/\/www.eoc.ee\/#website","url":"https:\/\/www.eoc.ee\/","name":"\u00c9glise Orthodoxe d'Estonie","description":"Eesti Apostlik-\u00d5igeusu Kirik","potentialAction":[{"@type":"SearchAction","target":{"@type":"EntryPoint","urlTemplate":"https:\/\/www.eoc.ee\/?s={search_term_string}"},"query-input":{"@type":"PropertyValueSpecification","valueRequired":true,"valueName":"search_term_string"}}],"inLanguage":"fr-FR"}]}},"_links":{"self":[{"href":"https:\/\/www.eoc.ee\/fr\/wp-json\/wp\/v2\/product\/39506","targetHints":{"allow":["GET"]}}],"collection":[{"href":"https:\/\/www.eoc.ee\/fr\/wp-json\/wp\/v2\/product"}],"about":[{"href":"https:\/\/www.eoc.ee\/fr\/wp-json\/wp\/v2\/types\/product"}],"wp:featuredmedia":[{"embeddable":true,"href":"https:\/\/www.eoc.ee\/fr\/wp-json\/wp\/v2\/media\/39507"}],"wp:attachment":[{"href":"https:\/\/www.eoc.ee\/fr\/wp-json\/wp\/v2\/media?parent=39506"}],"wp:term":[{"taxonomy":"product_brand","embeddable":true,"href":"https:\/\/www.eoc.ee\/fr\/wp-json\/wp\/v2\/product_brand?post=39506"},{"taxonomy":"product_cat","embeddable":true,"href":"https:\/\/www.eoc.ee\/fr\/wp-json\/wp\/v2\/product_cat?post=39506"},{"taxonomy":"product_tag","embeddable":true,"href":"https:\/\/www.eoc.ee\/fr\/wp-json\/wp\/v2\/product_tag?post=39506"}],"curies":[{"name":"wp","href":"https:\/\/api.w.org\/{rel}","templated":true}]}}