{"id":41223,"date":"2024-08-23T14:56:17","date_gmt":"2024-08-23T11:56:17","guid":{"rendered":"https:\/\/www.eoc.ee\/?post_type=product&#038;p=41223"},"modified":"2024-08-23T14:56:18","modified_gmt":"2024-08-23T11:56:18","slug":"usuteaduslik-ajakiri-1-2023-84-eesti-apostlik-oigeusu-kirik-100","status":"publish","type":"product","link":"https:\/\/www.eoc.ee\/fr\/pood\/eestikeelne-kirjandus\/usuteaduslik-ajakiri-1-2023-84-eesti-apostlik-oigeusu-kirik-100\/","title":{"rendered":"Usuteaduslik Ajakiri 1\/2023 (84). Eesti Apostlik-\u00d5igeusu Kirik 100"},"content":{"rendered":"<p>Ilmunud on Usuteadusliku Ajakirja erinumber, mis on p\u00fchendatud Eesti Apostlik-\u00d5igeusu Kiriku sajandale aastap\u00e4evale. V\u00e4ikesearvulise tiraa\u017eiga juubeliv\u00e4ljaanne on meie kiriku ajaloos t\u00e4helepanuv\u00e4\u00e4rne ja oluline lugemisvara igale EA\u00d5K minevikust huvitatule.<\/p>\n<p>Ajakirja sisust:<\/p>\n<p>Pikem ingliskeelne artikkel meie tunnustatud kirikuloolastelt Priit Rohtmetsalt ja Toomas Schvakilt vaatleb EA\u00d5K asutamist, tolleaegset ajaloolist ja poliitilist konteksti ja eri t\u00f5lgendusi selle kohta. Siit leiame v\u00e4\u00e4rtusliku k\u00e4sitluse juubelit veetva usu\u00fchenduse s\u00fcnniloo kohta.<\/p>\n<p>Dr preester Andrei S\u00f5t\u0161ov kirjutab eesti \u00f5igeusu leeripraktikast \u2013 oluline n\u00e4ide sellest, kuidas siinsetes oludes kasutati oma konfessiooni \u00f5petussisu edasiandmisel pikalt ja edukalt kohalikku, enamjaolt teisest kirikust p\u00e4rit institutsiooni.<\/p>\n<p>Teoloogiadoktor Juha Riikose (Valamo rahva\u00fclikool) artikkel k\u00e4sitleb EA\u00d5K-ga sarnast asutamislugu jagava Soome \u00f5eskiriku autonoomia saamist ja ise\u00e4ranis selle kaitsmist Moskva taas\u00fchendamisp\u00fc\u00fcete vastu p\u00e4rast Teist maailmas\u00f5da.<\/p>\n<p>Doktorant Madli Sepper kirjutab eesti \u00f5igeusu kirikutekstiilide p\u00e4ritolust ja kasutamisest. See pole sugugi k\u00f5rvaline teema, sest n\u00e4htaval k\u00fcljel on idakiriku usuv\u00e4ljenduses oluline koht ja p\u00fchade katetega seotud praktika peegeldab ka eesti \u00f5igeusu kultuurilugu \u00fcldisemalt.<\/p>\n<p>Viimaks on prantsuskeelne arvamusartikkel Peristeri metropoliidilt prof Grigorios Papathomaselt, EA\u00d5K s\u00f5bralt ja endiselt siinse teoloogiaseminari dekaanilt, kes m\u00f5tiskleb oikumeenilise patriarhaadi praktika \u00fcle autokefaalse v\u00f5i autonoomse staatuse andmisel ise\u00e4ranis Chalkedoni kirikukogu 28. kaanoni valgusel.<\/p>\n<p>L\u00f5ppu on lisatud ka l\u00fchike EA\u00d5K ajaloo kronoloogia ja \u00fclevaade kiriku t\u00e4nap\u00e4evast.<\/p>\n","protected":false},"excerpt":{"rendered":"<p>Ilmunud on Usuteadusliku Ajakirja erinumber, mis on p\u00fchendatud Eesti Apostlik-\u00d5igeusu Kiriku sajandale aastap\u00e4evale. V\u00e4ikesearvulise tiraa\u017eiga juubeliv\u00e4ljaanne on meie kiriku ajaloos t\u00e4helepanuv\u00e4\u00e4rne ja oluline lugemisvara igale EA\u00d5K minevikust huvitatule. Ajakirja sisust: Pikem ingliskeelne artikkel meie tunnustatud kirikuloolastelt Priit Rohtmetsalt ja Toomas Schvakilt vaatleb EA\u00d5K asutamist, tolleaegset ajaloolist ja poliitilist konteksti ja eri t\u00f5lgendusi selle kohta. Siit [&hellip;]<\/p>\n","protected":false},"featured_media":41224,"template":"","meta":{"_exactmetrics_skip_tracking":false,"_exactmetrics_sitenote_active":false,"_exactmetrics_sitenote_note":"","_exactmetrics_sitenote_category":0,"_monsterinsights_skip_tracking":false,"_monsterinsights_sitenote_active":false,"_monsterinsights_sitenote_note":"","_monsterinsights_sitenote_category":0},"product_brand":[],"product_cat":[222],"product_tag":[],"class_list":{"0":"post-41223","1":"product","2":"type-product","3":"status-publish","4":"has-post-thumbnail","6":"product_cat-eestikeelne-kirjandus","8":"first","9":"instock","10":"shipping-taxable","11":"purchasable","12":"product-type-simple"},"yoast_head":"<!-- This site is optimized with the Yoast SEO plugin v27.5 - https:\/\/yoast.com\/product\/yoast-seo-wordpress\/ -->\n<title>Usuteaduslik Ajakiri 1\/2023 (84). Eesti Apostlik-\u00d5igeusu Kirik 100 &#8211; \u00c9glise Orthodoxe d&#039;Estonie<\/title>\n<meta name=\"robots\" content=\"index, follow, max-snippet:-1, max-image-preview:large, max-video-preview:-1\" \/>\n<link rel=\"canonical\" href=\"https:\/\/www.eoc.ee\/pood\/eestikeelne-kirjandus\/usuteaduslik-ajakiri-1-2023-84-eesti-apostlik-oigeusu-kirik-100\/\" \/>\n<meta property=\"og:locale\" content=\"fr_FR\" \/>\n<meta property=\"og:type\" content=\"article\" \/>\n<meta property=\"og:title\" content=\"Usuteaduslik Ajakiri 1\/2023 (84). Eesti Apostlik-\u00d5igeusu Kirik 100 &#8211; \u00c9glise Orthodoxe d&#039;Estonie\" \/>\n<meta property=\"og:description\" content=\"Ilmunud on Usuteadusliku Ajakirja erinumber, mis on p\u00fchendatud Eesti Apostlik-\u00d5igeusu Kiriku sajandale aastap\u00e4evale. V\u00e4ikesearvulise tiraa\u017eiga juubeliv\u00e4ljaanne on meie kiriku ajaloos t\u00e4helepanuv\u00e4\u00e4rne ja oluline lugemisvara igale EA\u00d5K minevikust huvitatule. Ajakirja sisust: Pikem ingliskeelne artikkel meie tunnustatud kirikuloolastelt Priit Rohtmetsalt ja Toomas Schvakilt vaatleb EA\u00d5K asutamist, tolleaegset ajaloolist ja poliitilist konteksti ja eri t\u00f5lgendusi selle kohta. Siit [&hellip;]\" \/>\n<meta property=\"og:url\" content=\"https:\/\/www.eoc.ee\/pood\/eestikeelne-kirjandus\/usuteaduslik-ajakiri-1-2023-84-eesti-apostlik-oigeusu-kirik-100\/\" \/>\n<meta property=\"og:site_name\" content=\"\u00c9glise Orthodoxe d&#039;Estonie\" \/>\n<meta property=\"article:modified_time\" content=\"2024-08-23T11:56:18+00:00\" \/>\n<meta property=\"og:image\" content=\"https:\/\/www.eoc.ee\/wp-content\/uploads\/2024\/08\/IMG_20240823_140201.jpg\" \/>\n\t<meta property=\"og:image:width\" content=\"2433\" \/>\n\t<meta property=\"og:image:height\" content=\"2527\" \/>\n\t<meta property=\"og:image:type\" content=\"image\/jpeg\" \/>\n<meta name=\"twitter:label1\" content=\"Dur\u00e9e de lecture estim\u00e9e\" \/>\n\t<meta name=\"twitter:data1\" content=\"1 minute\" \/>\n<script type=\"application\/ld+json\" class=\"yoast-schema-graph\">{\"@context\":\"https:\\\/\\\/schema.org\",\"@graph\":[{\"@type\":\"WebPage\",\"@id\":\"https:\\\/\\\/www.eoc.ee\\\/pood\\\/eestikeelne-kirjandus\\\/usuteaduslik-ajakiri-1-2023-84-eesti-apostlik-oigeusu-kirik-100\\\/\",\"url\":\"https:\\\/\\\/www.eoc.ee\\\/pood\\\/eestikeelne-kirjandus\\\/usuteaduslik-ajakiri-1-2023-84-eesti-apostlik-oigeusu-kirik-100\\\/\",\"name\":\"Usuteaduslik Ajakiri 1\\\/2023 (84). Eesti Apostlik-\u00d5igeusu Kirik 100 &#8211; \u00c9glise Orthodoxe d'Estonie\",\"isPartOf\":{\"@id\":\"https:\\\/\\\/www.eoc.ee\\\/#website\"},\"primaryImageOfPage\":{\"@id\":\"https:\\\/\\\/www.eoc.ee\\\/pood\\\/eestikeelne-kirjandus\\\/usuteaduslik-ajakiri-1-2023-84-eesti-apostlik-oigeusu-kirik-100\\\/#primaryimage\"},\"image\":{\"@id\":\"https:\\\/\\\/www.eoc.ee\\\/pood\\\/eestikeelne-kirjandus\\\/usuteaduslik-ajakiri-1-2023-84-eesti-apostlik-oigeusu-kirik-100\\\/#primaryimage\"},\"thumbnailUrl\":\"https:\\\/\\\/www.eoc.ee\\\/wp-content\\\/uploads\\\/2024\\\/08\\\/IMG_20240823_140201.jpg\",\"datePublished\":\"2024-08-23T11:56:17+00:00\",\"dateModified\":\"2024-08-23T11:56:18+00:00\",\"breadcrumb\":{\"@id\":\"https:\\\/\\\/www.eoc.ee\\\/pood\\\/eestikeelne-kirjandus\\\/usuteaduslik-ajakiri-1-2023-84-eesti-apostlik-oigeusu-kirik-100\\\/#breadcrumb\"},\"inLanguage\":\"fr-FR\",\"potentialAction\":[{\"@type\":\"ReadAction\",\"target\":[\"https:\\\/\\\/www.eoc.ee\\\/pood\\\/eestikeelne-kirjandus\\\/usuteaduslik-ajakiri-1-2023-84-eesti-apostlik-oigeusu-kirik-100\\\/\"]}]},{\"@type\":\"ImageObject\",\"inLanguage\":\"fr-FR\",\"@id\":\"https:\\\/\\\/www.eoc.ee\\\/pood\\\/eestikeelne-kirjandus\\\/usuteaduslik-ajakiri-1-2023-84-eesti-apostlik-oigeusu-kirik-100\\\/#primaryimage\",\"url\":\"https:\\\/\\\/www.eoc.ee\\\/wp-content\\\/uploads\\\/2024\\\/08\\\/IMG_20240823_140201.jpg\",\"contentUrl\":\"https:\\\/\\\/www.eoc.ee\\\/wp-content\\\/uploads\\\/2024\\\/08\\\/IMG_20240823_140201.jpg\",\"width\":2433,\"height\":2527},{\"@type\":\"BreadcrumbList\",\"@id\":\"https:\\\/\\\/www.eoc.ee\\\/pood\\\/eestikeelne-kirjandus\\\/usuteaduslik-ajakiri-1-2023-84-eesti-apostlik-oigeusu-kirik-100\\\/#breadcrumb\",\"itemListElement\":[{\"@type\":\"ListItem\",\"position\":1,\"name\":\"Home\",\"item\":\"https:\\\/\\\/www.eoc.ee\\\/\"},{\"@type\":\"ListItem\",\"position\":2,\"name\":\"Usuteaduslik Ajakiri 1\\\/2023 (84). Eesti Apostlik-\u00d5igeusu Kirik 100\"}]},{\"@type\":\"WebSite\",\"@id\":\"https:\\\/\\\/www.eoc.ee\\\/#website\",\"url\":\"https:\\\/\\\/www.eoc.ee\\\/\",\"name\":\"\u00c9glise Orthodoxe d'Estonie\",\"description\":\"Eesti Apostlik-\u00d5igeusu Kirik\",\"potentialAction\":[{\"@type\":\"SearchAction\",\"target\":{\"@type\":\"EntryPoint\",\"urlTemplate\":\"https:\\\/\\\/www.eoc.ee\\\/?s={search_term_string}\"},\"query-input\":{\"@type\":\"PropertyValueSpecification\",\"valueRequired\":true,\"valueName\":\"search_term_string\"}}],\"inLanguage\":\"fr-FR\"}]}<\/script>\n<!-- \/ Yoast SEO plugin. -->","yoast_head_json":{"title":"Usuteaduslik Ajakiri 1\/2023 (84). Eesti Apostlik-\u00d5igeusu Kirik 100 &#8211; \u00c9glise Orthodoxe d'Estonie","robots":{"index":"index","follow":"follow","max-snippet":"max-snippet:-1","max-image-preview":"max-image-preview:large","max-video-preview":"max-video-preview:-1"},"canonical":"https:\/\/www.eoc.ee\/pood\/eestikeelne-kirjandus\/usuteaduslik-ajakiri-1-2023-84-eesti-apostlik-oigeusu-kirik-100\/","og_locale":"fr_FR","og_type":"article","og_title":"Usuteaduslik Ajakiri 1\/2023 (84). Eesti Apostlik-\u00d5igeusu Kirik 100 &#8211; \u00c9glise Orthodoxe d'Estonie","og_description":"Ilmunud on Usuteadusliku Ajakirja erinumber, mis on p\u00fchendatud Eesti Apostlik-\u00d5igeusu Kiriku sajandale aastap\u00e4evale. V\u00e4ikesearvulise tiraa\u017eiga juubeliv\u00e4ljaanne on meie kiriku ajaloos t\u00e4helepanuv\u00e4\u00e4rne ja oluline lugemisvara igale EA\u00d5K minevikust huvitatule. Ajakirja sisust: Pikem ingliskeelne artikkel meie tunnustatud kirikuloolastelt Priit Rohtmetsalt ja Toomas Schvakilt vaatleb EA\u00d5K asutamist, tolleaegset ajaloolist ja poliitilist konteksti ja eri t\u00f5lgendusi selle kohta. Siit [&hellip;]","og_url":"https:\/\/www.eoc.ee\/pood\/eestikeelne-kirjandus\/usuteaduslik-ajakiri-1-2023-84-eesti-apostlik-oigeusu-kirik-100\/","og_site_name":"\u00c9glise Orthodoxe d'Estonie","article_modified_time":"2024-08-23T11:56:18+00:00","og_image":[{"width":2433,"height":2527,"url":"https:\/\/www.eoc.ee\/wp-content\/uploads\/2024\/08\/IMG_20240823_140201.jpg","type":"image\/jpeg"}],"twitter_misc":{"Dur\u00e9e de lecture estim\u00e9e":"1 minute"},"schema":{"@context":"https:\/\/schema.org","@graph":[{"@type":"WebPage","@id":"https:\/\/www.eoc.ee\/pood\/eestikeelne-kirjandus\/usuteaduslik-ajakiri-1-2023-84-eesti-apostlik-oigeusu-kirik-100\/","url":"https:\/\/www.eoc.ee\/pood\/eestikeelne-kirjandus\/usuteaduslik-ajakiri-1-2023-84-eesti-apostlik-oigeusu-kirik-100\/","name":"Usuteaduslik Ajakiri 1\/2023 (84). Eesti Apostlik-\u00d5igeusu Kirik 100 &#8211; \u00c9glise Orthodoxe d'Estonie","isPartOf":{"@id":"https:\/\/www.eoc.ee\/#website"},"primaryImageOfPage":{"@id":"https:\/\/www.eoc.ee\/pood\/eestikeelne-kirjandus\/usuteaduslik-ajakiri-1-2023-84-eesti-apostlik-oigeusu-kirik-100\/#primaryimage"},"image":{"@id":"https:\/\/www.eoc.ee\/pood\/eestikeelne-kirjandus\/usuteaduslik-ajakiri-1-2023-84-eesti-apostlik-oigeusu-kirik-100\/#primaryimage"},"thumbnailUrl":"https:\/\/www.eoc.ee\/wp-content\/uploads\/2024\/08\/IMG_20240823_140201.jpg","datePublished":"2024-08-23T11:56:17+00:00","dateModified":"2024-08-23T11:56:18+00:00","breadcrumb":{"@id":"https:\/\/www.eoc.ee\/pood\/eestikeelne-kirjandus\/usuteaduslik-ajakiri-1-2023-84-eesti-apostlik-oigeusu-kirik-100\/#breadcrumb"},"inLanguage":"fr-FR","potentialAction":[{"@type":"ReadAction","target":["https:\/\/www.eoc.ee\/pood\/eestikeelne-kirjandus\/usuteaduslik-ajakiri-1-2023-84-eesti-apostlik-oigeusu-kirik-100\/"]}]},{"@type":"ImageObject","inLanguage":"fr-FR","@id":"https:\/\/www.eoc.ee\/pood\/eestikeelne-kirjandus\/usuteaduslik-ajakiri-1-2023-84-eesti-apostlik-oigeusu-kirik-100\/#primaryimage","url":"https:\/\/www.eoc.ee\/wp-content\/uploads\/2024\/08\/IMG_20240823_140201.jpg","contentUrl":"https:\/\/www.eoc.ee\/wp-content\/uploads\/2024\/08\/IMG_20240823_140201.jpg","width":2433,"height":2527},{"@type":"BreadcrumbList","@id":"https:\/\/www.eoc.ee\/pood\/eestikeelne-kirjandus\/usuteaduslik-ajakiri-1-2023-84-eesti-apostlik-oigeusu-kirik-100\/#breadcrumb","itemListElement":[{"@type":"ListItem","position":1,"name":"Home","item":"https:\/\/www.eoc.ee\/"},{"@type":"ListItem","position":2,"name":"Usuteaduslik Ajakiri 1\/2023 (84). Eesti Apostlik-\u00d5igeusu Kirik 100"}]},{"@type":"WebSite","@id":"https:\/\/www.eoc.ee\/#website","url":"https:\/\/www.eoc.ee\/","name":"\u00c9glise Orthodoxe d'Estonie","description":"Eesti Apostlik-\u00d5igeusu Kirik","potentialAction":[{"@type":"SearchAction","target":{"@type":"EntryPoint","urlTemplate":"https:\/\/www.eoc.ee\/?s={search_term_string}"},"query-input":{"@type":"PropertyValueSpecification","valueRequired":true,"valueName":"search_term_string"}}],"inLanguage":"fr-FR"}]}},"_links":{"self":[{"href":"https:\/\/www.eoc.ee\/fr\/wp-json\/wp\/v2\/product\/41223","targetHints":{"allow":["GET"]}}],"collection":[{"href":"https:\/\/www.eoc.ee\/fr\/wp-json\/wp\/v2\/product"}],"about":[{"href":"https:\/\/www.eoc.ee\/fr\/wp-json\/wp\/v2\/types\/product"}],"wp:featuredmedia":[{"embeddable":true,"href":"https:\/\/www.eoc.ee\/fr\/wp-json\/wp\/v2\/media\/41224"}],"wp:attachment":[{"href":"https:\/\/www.eoc.ee\/fr\/wp-json\/wp\/v2\/media?parent=41223"}],"wp:term":[{"taxonomy":"product_brand","embeddable":true,"href":"https:\/\/www.eoc.ee\/fr\/wp-json\/wp\/v2\/product_brand?post=41223"},{"taxonomy":"product_cat","embeddable":true,"href":"https:\/\/www.eoc.ee\/fr\/wp-json\/wp\/v2\/product_cat?post=41223"},{"taxonomy":"product_tag","embeddable":true,"href":"https:\/\/www.eoc.ee\/fr\/wp-json\/wp\/v2\/product_tag?post=41223"}],"curies":[{"name":"wp","href":"https:\/\/api.w.org\/{rel}","templated":true}]}}