{"id":41493,"date":"2024-10-30T15:51:44","date_gmt":"2024-10-30T13:51:44","guid":{"rendered":"https:\/\/www.eoc.ee\/?post_type=product&#038;p=41493"},"modified":"2024-10-30T15:52:22","modified_gmt":"2024-10-30T13:52:22","slug":"parnu-issandamuutmise-kirik-120","status":"publish","type":"product","link":"https:\/\/www.eoc.ee\/fr\/pood\/eestikeelne-kirjandus\/parnu-issandamuutmise-kirik-120\/","title":{"rendered":"P\u00e4rnu Issandamuutmise kirik 120"},"content":{"rendered":"<p>Tekst raamatu tagakaanelt:<\/p>\n<p>P\u00e4rnu Issandamuutmise \u00f5igeusu kogudus on Eesti Apostlik-\u00d5igeusu Kiriku kogudustest \u00fcks suuremaid. K\u00e4esoleva raamat kirjeldab l\u00fchidalt koguduse ja p\u00fchakoja saja kahek\u00fcmne aastast ajalugu. Raamat ilmub 6. augustil 2024, kiriku nimep\u00e4eva &#8211; Issanda muutmise p\u00fchaks. Saame teada P\u00e4rnusse teise \u00f5igeusukiriku ehitamise p\u00f5hjustest ja teokstegemisest, kogudust teenindanud vaimulikest ja nende teenistusk\u00e4igust, koguduse elu raamistanud muutlikest \u00fchiskondlikest oludest. Raamatu autoriteks on Ela Tomson, preester teoloogiadoktor Andrei S\u00f5t\u0161ov ning \u00fclempreester Ardalion Keskk\u00fcla. Raamatu koostamisel on kasutatud materjale koguduse arhiivist ja teoloogiadoktor preester S\u00f5t\u0161ovi uurimist\u00f6\u00f6 tekste. Eesti Vabariigi ning Eesti Apostlik-\u00d5igeusu Kiriku taasiseseisvuse aja s\u00fcndmustikku on meenutanud koguduse praegune hingekarjane \u00fclempreester Ardalion Keskk\u00fcla. Saates\u00f5na kirjutas P\u00e4rnu ja Saare p\u00fchitsetud piiskop Aleksander.<\/p>\n<p>Raamat on illustreeritud rohke fotomaterjaliga. Lisatud on inglisekeelne kokkuv\u00f5te ja kasutatud allikate loend.<\/p>\n<p>Raamatus on 112 lehek\u00fclge.<\/p>\n","protected":false},"excerpt":{"rendered":"<p>Tekst raamatu tagakaanelt: P\u00e4rnu Issandamuutmise \u00f5igeusu kogudus on Eesti Apostlik-\u00d5igeusu Kiriku kogudustest \u00fcks suuremaid. K\u00e4esoleva raamat kirjeldab l\u00fchidalt koguduse ja p\u00fchakoja saja kahek\u00fcmne aastast ajalugu. Raamat ilmub 6. augustil 2024, kiriku nimep\u00e4eva &#8211; Issanda muutmise p\u00fchaks. Saame teada P\u00e4rnusse teise \u00f5igeusukiriku ehitamise p\u00f5hjustest ja teokstegemisest, kogudust teenindanud vaimulikest ja nende teenistusk\u00e4igust, koguduse elu raamistanud muutlikest [&hellip;]<\/p>\n","protected":false},"featured_media":41494,"template":"","meta":{"_exactmetrics_skip_tracking":false,"_exactmetrics_sitenote_active":false,"_exactmetrics_sitenote_note":"","_exactmetrics_sitenote_category":0,"_monsterinsights_skip_tracking":false,"_monsterinsights_sitenote_active":false,"_monsterinsights_sitenote_note":"","_monsterinsights_sitenote_category":0},"product_brand":[],"product_cat":[222],"product_tag":[],"class_list":{"0":"post-41493","1":"product","2":"type-product","3":"status-publish","4":"has-post-thumbnail","6":"product_cat-eestikeelne-kirjandus","8":"first","9":"instock","10":"shipping-taxable","11":"purchasable","12":"product-type-simple"},"yoast_head":"<!-- This site is optimized with the Yoast SEO plugin v27.5 - https:\/\/yoast.com\/product\/yoast-seo-wordpress\/ -->\n<title>P\u00e4rnu Issandamuutmise kirik 120 &#8211; \u00c9glise Orthodoxe d&#039;Estonie<\/title>\n<meta name=\"robots\" content=\"index, follow, max-snippet:-1, max-image-preview:large, max-video-preview:-1\" \/>\n<link rel=\"canonical\" href=\"https:\/\/www.eoc.ee\/pood\/eestikeelne-kirjandus\/parnu-issandamuutmise-kirik-120\/\" \/>\n<meta property=\"og:locale\" content=\"fr_FR\" \/>\n<meta property=\"og:type\" content=\"article\" \/>\n<meta property=\"og:title\" content=\"P\u00e4rnu Issandamuutmise kirik 120 &#8211; \u00c9glise Orthodoxe d&#039;Estonie\" \/>\n<meta property=\"og:description\" content=\"Tekst raamatu tagakaanelt: P\u00e4rnu Issandamuutmise \u00f5igeusu kogudus on Eesti Apostlik-\u00d5igeusu Kiriku kogudustest \u00fcks suuremaid. K\u00e4esoleva raamat kirjeldab l\u00fchidalt koguduse ja p\u00fchakoja saja kahek\u00fcmne aastast ajalugu. Raamat ilmub 6. augustil 2024, kiriku nimep\u00e4eva &#8211; Issanda muutmise p\u00fchaks. Saame teada P\u00e4rnusse teise \u00f5igeusukiriku ehitamise p\u00f5hjustest ja teokstegemisest, kogudust teenindanud vaimulikest ja nende teenistusk\u00e4igust, koguduse elu raamistanud muutlikest [&hellip;]\" \/>\n<meta property=\"og:url\" content=\"https:\/\/www.eoc.ee\/pood\/eestikeelne-kirjandus\/parnu-issandamuutmise-kirik-120\/\" \/>\n<meta property=\"og:site_name\" content=\"\u00c9glise Orthodoxe d&#039;Estonie\" \/>\n<meta property=\"article:modified_time\" content=\"2024-10-30T13:52:22+00:00\" \/>\n<meta property=\"og:image\" content=\"https:\/\/www.eoc.ee\/wp-content\/uploads\/2024\/10\/IMG_20241030_151548-scaled.jpg\" \/>\n\t<meta property=\"og:image:width\" content=\"1920\" \/>\n\t<meta property=\"og:image:height\" content=\"2560\" \/>\n\t<meta property=\"og:image:type\" content=\"image\/jpeg\" \/>\n<meta name=\"twitter:label1\" content=\"Dur\u00e9e de lecture estim\u00e9e\" \/>\n\t<meta name=\"twitter:data1\" content=\"1 minute\" \/>\n<script type=\"application\/ld+json\" class=\"yoast-schema-graph\">{\"@context\":\"https:\\\/\\\/schema.org\",\"@graph\":[{\"@type\":\"WebPage\",\"@id\":\"https:\\\/\\\/www.eoc.ee\\\/pood\\\/eestikeelne-kirjandus\\\/parnu-issandamuutmise-kirik-120\\\/\",\"url\":\"https:\\\/\\\/www.eoc.ee\\\/pood\\\/eestikeelne-kirjandus\\\/parnu-issandamuutmise-kirik-120\\\/\",\"name\":\"P\u00e4rnu Issandamuutmise kirik 120 &#8211; \u00c9glise Orthodoxe d'Estonie\",\"isPartOf\":{\"@id\":\"https:\\\/\\\/www.eoc.ee\\\/#website\"},\"primaryImageOfPage\":{\"@id\":\"https:\\\/\\\/www.eoc.ee\\\/pood\\\/eestikeelne-kirjandus\\\/parnu-issandamuutmise-kirik-120\\\/#primaryimage\"},\"image\":{\"@id\":\"https:\\\/\\\/www.eoc.ee\\\/pood\\\/eestikeelne-kirjandus\\\/parnu-issandamuutmise-kirik-120\\\/#primaryimage\"},\"thumbnailUrl\":\"https:\\\/\\\/www.eoc.ee\\\/wp-content\\\/uploads\\\/2024\\\/10\\\/IMG_20241030_151548-scaled.jpg\",\"datePublished\":\"2024-10-30T13:51:44+00:00\",\"dateModified\":\"2024-10-30T13:52:22+00:00\",\"breadcrumb\":{\"@id\":\"https:\\\/\\\/www.eoc.ee\\\/pood\\\/eestikeelne-kirjandus\\\/parnu-issandamuutmise-kirik-120\\\/#breadcrumb\"},\"inLanguage\":\"fr-FR\",\"potentialAction\":[{\"@type\":\"ReadAction\",\"target\":[\"https:\\\/\\\/www.eoc.ee\\\/pood\\\/eestikeelne-kirjandus\\\/parnu-issandamuutmise-kirik-120\\\/\"]}]},{\"@type\":\"ImageObject\",\"inLanguage\":\"fr-FR\",\"@id\":\"https:\\\/\\\/www.eoc.ee\\\/pood\\\/eestikeelne-kirjandus\\\/parnu-issandamuutmise-kirik-120\\\/#primaryimage\",\"url\":\"https:\\\/\\\/www.eoc.ee\\\/wp-content\\\/uploads\\\/2024\\\/10\\\/IMG_20241030_151548-scaled.jpg\",\"contentUrl\":\"https:\\\/\\\/www.eoc.ee\\\/wp-content\\\/uploads\\\/2024\\\/10\\\/IMG_20241030_151548-scaled.jpg\",\"width\":1920,\"height\":2560},{\"@type\":\"BreadcrumbList\",\"@id\":\"https:\\\/\\\/www.eoc.ee\\\/pood\\\/eestikeelne-kirjandus\\\/parnu-issandamuutmise-kirik-120\\\/#breadcrumb\",\"itemListElement\":[{\"@type\":\"ListItem\",\"position\":1,\"name\":\"Home\",\"item\":\"https:\\\/\\\/www.eoc.ee\\\/\"},{\"@type\":\"ListItem\",\"position\":2,\"name\":\"P\u00e4rnu Issandamuutmise kirik 120\"}]},{\"@type\":\"WebSite\",\"@id\":\"https:\\\/\\\/www.eoc.ee\\\/#website\",\"url\":\"https:\\\/\\\/www.eoc.ee\\\/\",\"name\":\"\u00c9glise Orthodoxe d'Estonie\",\"description\":\"Eesti Apostlik-\u00d5igeusu Kirik\",\"potentialAction\":[{\"@type\":\"SearchAction\",\"target\":{\"@type\":\"EntryPoint\",\"urlTemplate\":\"https:\\\/\\\/www.eoc.ee\\\/?s={search_term_string}\"},\"query-input\":{\"@type\":\"PropertyValueSpecification\",\"valueRequired\":true,\"valueName\":\"search_term_string\"}}],\"inLanguage\":\"fr-FR\"}]}<\/script>\n<!-- \/ Yoast SEO plugin. -->","yoast_head_json":{"title":"P\u00e4rnu Issandamuutmise kirik 120 &#8211; \u00c9glise Orthodoxe d'Estonie","robots":{"index":"index","follow":"follow","max-snippet":"max-snippet:-1","max-image-preview":"max-image-preview:large","max-video-preview":"max-video-preview:-1"},"canonical":"https:\/\/www.eoc.ee\/pood\/eestikeelne-kirjandus\/parnu-issandamuutmise-kirik-120\/","og_locale":"fr_FR","og_type":"article","og_title":"P\u00e4rnu Issandamuutmise kirik 120 &#8211; \u00c9glise Orthodoxe d'Estonie","og_description":"Tekst raamatu tagakaanelt: P\u00e4rnu Issandamuutmise \u00f5igeusu kogudus on Eesti Apostlik-\u00d5igeusu Kiriku kogudustest \u00fcks suuremaid. K\u00e4esoleva raamat kirjeldab l\u00fchidalt koguduse ja p\u00fchakoja saja kahek\u00fcmne aastast ajalugu. Raamat ilmub 6. augustil 2024, kiriku nimep\u00e4eva &#8211; Issanda muutmise p\u00fchaks. Saame teada P\u00e4rnusse teise \u00f5igeusukiriku ehitamise p\u00f5hjustest ja teokstegemisest, kogudust teenindanud vaimulikest ja nende teenistusk\u00e4igust, koguduse elu raamistanud muutlikest [&hellip;]","og_url":"https:\/\/www.eoc.ee\/pood\/eestikeelne-kirjandus\/parnu-issandamuutmise-kirik-120\/","og_site_name":"\u00c9glise Orthodoxe d'Estonie","article_modified_time":"2024-10-30T13:52:22+00:00","og_image":[{"width":1920,"height":2560,"url":"https:\/\/www.eoc.ee\/wp-content\/uploads\/2024\/10\/IMG_20241030_151548-scaled.jpg","type":"image\/jpeg"}],"twitter_misc":{"Dur\u00e9e de lecture estim\u00e9e":"1 minute"},"schema":{"@context":"https:\/\/schema.org","@graph":[{"@type":"WebPage","@id":"https:\/\/www.eoc.ee\/pood\/eestikeelne-kirjandus\/parnu-issandamuutmise-kirik-120\/","url":"https:\/\/www.eoc.ee\/pood\/eestikeelne-kirjandus\/parnu-issandamuutmise-kirik-120\/","name":"P\u00e4rnu Issandamuutmise kirik 120 &#8211; \u00c9glise Orthodoxe d'Estonie","isPartOf":{"@id":"https:\/\/www.eoc.ee\/#website"},"primaryImageOfPage":{"@id":"https:\/\/www.eoc.ee\/pood\/eestikeelne-kirjandus\/parnu-issandamuutmise-kirik-120\/#primaryimage"},"image":{"@id":"https:\/\/www.eoc.ee\/pood\/eestikeelne-kirjandus\/parnu-issandamuutmise-kirik-120\/#primaryimage"},"thumbnailUrl":"https:\/\/www.eoc.ee\/wp-content\/uploads\/2024\/10\/IMG_20241030_151548-scaled.jpg","datePublished":"2024-10-30T13:51:44+00:00","dateModified":"2024-10-30T13:52:22+00:00","breadcrumb":{"@id":"https:\/\/www.eoc.ee\/pood\/eestikeelne-kirjandus\/parnu-issandamuutmise-kirik-120\/#breadcrumb"},"inLanguage":"fr-FR","potentialAction":[{"@type":"ReadAction","target":["https:\/\/www.eoc.ee\/pood\/eestikeelne-kirjandus\/parnu-issandamuutmise-kirik-120\/"]}]},{"@type":"ImageObject","inLanguage":"fr-FR","@id":"https:\/\/www.eoc.ee\/pood\/eestikeelne-kirjandus\/parnu-issandamuutmise-kirik-120\/#primaryimage","url":"https:\/\/www.eoc.ee\/wp-content\/uploads\/2024\/10\/IMG_20241030_151548-scaled.jpg","contentUrl":"https:\/\/www.eoc.ee\/wp-content\/uploads\/2024\/10\/IMG_20241030_151548-scaled.jpg","width":1920,"height":2560},{"@type":"BreadcrumbList","@id":"https:\/\/www.eoc.ee\/pood\/eestikeelne-kirjandus\/parnu-issandamuutmise-kirik-120\/#breadcrumb","itemListElement":[{"@type":"ListItem","position":1,"name":"Home","item":"https:\/\/www.eoc.ee\/"},{"@type":"ListItem","position":2,"name":"P\u00e4rnu Issandamuutmise kirik 120"}]},{"@type":"WebSite","@id":"https:\/\/www.eoc.ee\/#website","url":"https:\/\/www.eoc.ee\/","name":"\u00c9glise Orthodoxe d'Estonie","description":"Eesti Apostlik-\u00d5igeusu Kirik","potentialAction":[{"@type":"SearchAction","target":{"@type":"EntryPoint","urlTemplate":"https:\/\/www.eoc.ee\/?s={search_term_string}"},"query-input":{"@type":"PropertyValueSpecification","valueRequired":true,"valueName":"search_term_string"}}],"inLanguage":"fr-FR"}]}},"_links":{"self":[{"href":"https:\/\/www.eoc.ee\/fr\/wp-json\/wp\/v2\/product\/41493","targetHints":{"allow":["GET"]}}],"collection":[{"href":"https:\/\/www.eoc.ee\/fr\/wp-json\/wp\/v2\/product"}],"about":[{"href":"https:\/\/www.eoc.ee\/fr\/wp-json\/wp\/v2\/types\/product"}],"wp:featuredmedia":[{"embeddable":true,"href":"https:\/\/www.eoc.ee\/fr\/wp-json\/wp\/v2\/media\/41494"}],"wp:attachment":[{"href":"https:\/\/www.eoc.ee\/fr\/wp-json\/wp\/v2\/media?parent=41493"}],"wp:term":[{"taxonomy":"product_brand","embeddable":true,"href":"https:\/\/www.eoc.ee\/fr\/wp-json\/wp\/v2\/product_brand?post=41493"},{"taxonomy":"product_cat","embeddable":true,"href":"https:\/\/www.eoc.ee\/fr\/wp-json\/wp\/v2\/product_cat?post=41493"},{"taxonomy":"product_tag","embeddable":true,"href":"https:\/\/www.eoc.ee\/fr\/wp-json\/wp\/v2\/product_tag?post=41493"}],"curies":[{"name":"wp","href":"https:\/\/api.w.org\/{rel}","templated":true}]}}