{"id":42712,"date":"2025-04-08T14:39:02","date_gmt":"2025-04-08T11:39:02","guid":{"rendered":"https:\/\/www.eoc.ee\/?post_type=product&#038;p=42712"},"modified":"2025-04-08T14:39:02","modified_gmt":"2025-04-08T11:39:02","slug":"kaekett-lastele-iii","status":"publish","type":"product","link":"https:\/\/www.eoc.ee\/fr\/pood\/helmed\/kaekett-lastele-iii\/","title":{"rendered":"K\u00e4ekett lastele (III)"},"content":{"rendered":"<p>K\u00e4ekett ripatsitega.<\/p>\n","protected":false},"excerpt":{"rendered":"<p>K\u00e4ekett ripatsitega.<\/p>\n","protected":false},"featured_media":42713,"template":"","meta":{"_exactmetrics_skip_tracking":false,"_exactmetrics_sitenote_active":false,"_exactmetrics_sitenote_note":"","_exactmetrics_sitenote_category":0,"_monsterinsights_skip_tracking":false,"_monsterinsights_sitenote_active":false,"_monsterinsights_sitenote_note":"","_monsterinsights_sitenote_category":0},"product_brand":[],"product_cat":[443],"product_tag":[],"class_list":{"0":"post-42712","1":"product","2":"type-product","3":"status-publish","4":"has-post-thumbnail","6":"product_cat-helmed","8":"first","9":"instock","10":"shipping-taxable","11":"purchasable","12":"product-type-simple"},"yoast_head":"<!-- This site is optimized with the Yoast SEO plugin v27.3 - https:\/\/yoast.com\/product\/yoast-seo-wordpress\/ -->\n<title>K\u00e4ekett lastele (III) &#8211; \u00c9glise Orthodoxe d&#039;Estonie<\/title>\n<meta name=\"robots\" content=\"index, follow, max-snippet:-1, max-image-preview:large, max-video-preview:-1\" \/>\n<link rel=\"canonical\" href=\"https:\/\/www.eoc.ee\/pood\/helmed\/kaekett-lastele-iii\/\" \/>\n<meta property=\"og:locale\" content=\"fr_FR\" \/>\n<meta property=\"og:type\" content=\"article\" \/>\n<meta property=\"og:title\" content=\"K\u00e4ekett lastele (III) &#8211; \u00c9glise Orthodoxe d&#039;Estonie\" \/>\n<meta property=\"og:description\" content=\"K\u00e4ekett ripatsitega.\" \/>\n<meta property=\"og:url\" content=\"https:\/\/www.eoc.ee\/pood\/helmed\/kaekett-lastele-iii\/\" \/>\n<meta property=\"og:site_name\" content=\"\u00c9glise Orthodoxe d&#039;Estonie\" \/>\n<meta property=\"og:image\" content=\"https:\/\/www.eoc.ee\/wp-content\/uploads\/2025\/04\/IMG_20250408_135411-scaled.jpg\" \/>\n\t<meta property=\"og:image:width\" content=\"1920\" \/>\n\t<meta property=\"og:image:height\" content=\"2560\" \/>\n\t<meta property=\"og:image:type\" content=\"image\/jpeg\" \/>\n<script type=\"application\/ld+json\" class=\"yoast-schema-graph\">{\"@context\":\"https:\\\/\\\/schema.org\",\"@graph\":[{\"@type\":\"WebPage\",\"@id\":\"https:\\\/\\\/www.eoc.ee\\\/pood\\\/helmed\\\/kaekett-lastele-iii\\\/\",\"url\":\"https:\\\/\\\/www.eoc.ee\\\/pood\\\/helmed\\\/kaekett-lastele-iii\\\/\",\"name\":\"K\u00e4ekett lastele (III) &#8211; \u00c9glise Orthodoxe d'Estonie\",\"isPartOf\":{\"@id\":\"https:\\\/\\\/www.eoc.ee\\\/#website\"},\"primaryImageOfPage\":{\"@id\":\"https:\\\/\\\/www.eoc.ee\\\/pood\\\/helmed\\\/kaekett-lastele-iii\\\/#primaryimage\"},\"image\":{\"@id\":\"https:\\\/\\\/www.eoc.ee\\\/pood\\\/helmed\\\/kaekett-lastele-iii\\\/#primaryimage\"},\"thumbnailUrl\":\"https:\\\/\\\/www.eoc.ee\\\/wp-content\\\/uploads\\\/2025\\\/04\\\/IMG_20250408_135411-scaled.jpg\",\"datePublished\":\"2025-04-08T11:39:02+00:00\",\"breadcrumb\":{\"@id\":\"https:\\\/\\\/www.eoc.ee\\\/pood\\\/helmed\\\/kaekett-lastele-iii\\\/#breadcrumb\"},\"inLanguage\":\"fr-FR\",\"potentialAction\":[{\"@type\":\"ReadAction\",\"target\":[\"https:\\\/\\\/www.eoc.ee\\\/pood\\\/helmed\\\/kaekett-lastele-iii\\\/\"]}]},{\"@type\":\"ImageObject\",\"inLanguage\":\"fr-FR\",\"@id\":\"https:\\\/\\\/www.eoc.ee\\\/pood\\\/helmed\\\/kaekett-lastele-iii\\\/#primaryimage\",\"url\":\"https:\\\/\\\/www.eoc.ee\\\/wp-content\\\/uploads\\\/2025\\\/04\\\/IMG_20250408_135411-scaled.jpg\",\"contentUrl\":\"https:\\\/\\\/www.eoc.ee\\\/wp-content\\\/uploads\\\/2025\\\/04\\\/IMG_20250408_135411-scaled.jpg\",\"width\":1920,\"height\":2560},{\"@type\":\"BreadcrumbList\",\"@id\":\"https:\\\/\\\/www.eoc.ee\\\/pood\\\/helmed\\\/kaekett-lastele-iii\\\/#breadcrumb\",\"itemListElement\":[{\"@type\":\"ListItem\",\"position\":1,\"name\":\"Home\",\"item\":\"https:\\\/\\\/www.eoc.ee\\\/\"},{\"@type\":\"ListItem\",\"position\":2,\"name\":\"K\u00e4ekett lastele (III)\"}]},{\"@type\":\"WebSite\",\"@id\":\"https:\\\/\\\/www.eoc.ee\\\/#website\",\"url\":\"https:\\\/\\\/www.eoc.ee\\\/\",\"name\":\"\u00c9glise Orthodoxe d'Estonie\",\"description\":\"Eesti Apostlik-\u00d5igeusu Kirik\",\"potentialAction\":[{\"@type\":\"SearchAction\",\"target\":{\"@type\":\"EntryPoint\",\"urlTemplate\":\"https:\\\/\\\/www.eoc.ee\\\/?s={search_term_string}\"},\"query-input\":{\"@type\":\"PropertyValueSpecification\",\"valueRequired\":true,\"valueName\":\"search_term_string\"}}],\"inLanguage\":\"fr-FR\"}]}<\/script>\n<!-- \/ Yoast SEO plugin. -->","yoast_head_json":{"title":"K\u00e4ekett lastele (III) &#8211; \u00c9glise Orthodoxe d'Estonie","robots":{"index":"index","follow":"follow","max-snippet":"max-snippet:-1","max-image-preview":"max-image-preview:large","max-video-preview":"max-video-preview:-1"},"canonical":"https:\/\/www.eoc.ee\/pood\/helmed\/kaekett-lastele-iii\/","og_locale":"fr_FR","og_type":"article","og_title":"K\u00e4ekett lastele (III) &#8211; \u00c9glise Orthodoxe d'Estonie","og_description":"K\u00e4ekett ripatsitega.","og_url":"https:\/\/www.eoc.ee\/pood\/helmed\/kaekett-lastele-iii\/","og_site_name":"\u00c9glise Orthodoxe d'Estonie","og_image":[{"width":1920,"height":2560,"url":"https:\/\/www.eoc.ee\/wp-content\/uploads\/2025\/04\/IMG_20250408_135411-scaled.jpg","type":"image\/jpeg"}],"schema":{"@context":"https:\/\/schema.org","@graph":[{"@type":"WebPage","@id":"https:\/\/www.eoc.ee\/pood\/helmed\/kaekett-lastele-iii\/","url":"https:\/\/www.eoc.ee\/pood\/helmed\/kaekett-lastele-iii\/","name":"K\u00e4ekett lastele (III) &#8211; \u00c9glise Orthodoxe d'Estonie","isPartOf":{"@id":"https:\/\/www.eoc.ee\/#website"},"primaryImageOfPage":{"@id":"https:\/\/www.eoc.ee\/pood\/helmed\/kaekett-lastele-iii\/#primaryimage"},"image":{"@id":"https:\/\/www.eoc.ee\/pood\/helmed\/kaekett-lastele-iii\/#primaryimage"},"thumbnailUrl":"https:\/\/www.eoc.ee\/wp-content\/uploads\/2025\/04\/IMG_20250408_135411-scaled.jpg","datePublished":"2025-04-08T11:39:02+00:00","breadcrumb":{"@id":"https:\/\/www.eoc.ee\/pood\/helmed\/kaekett-lastele-iii\/#breadcrumb"},"inLanguage":"fr-FR","potentialAction":[{"@type":"ReadAction","target":["https:\/\/www.eoc.ee\/pood\/helmed\/kaekett-lastele-iii\/"]}]},{"@type":"ImageObject","inLanguage":"fr-FR","@id":"https:\/\/www.eoc.ee\/pood\/helmed\/kaekett-lastele-iii\/#primaryimage","url":"https:\/\/www.eoc.ee\/wp-content\/uploads\/2025\/04\/IMG_20250408_135411-scaled.jpg","contentUrl":"https:\/\/www.eoc.ee\/wp-content\/uploads\/2025\/04\/IMG_20250408_135411-scaled.jpg","width":1920,"height":2560},{"@type":"BreadcrumbList","@id":"https:\/\/www.eoc.ee\/pood\/helmed\/kaekett-lastele-iii\/#breadcrumb","itemListElement":[{"@type":"ListItem","position":1,"name":"Home","item":"https:\/\/www.eoc.ee\/"},{"@type":"ListItem","position":2,"name":"K\u00e4ekett lastele (III)"}]},{"@type":"WebSite","@id":"https:\/\/www.eoc.ee\/#website","url":"https:\/\/www.eoc.ee\/","name":"\u00c9glise Orthodoxe d'Estonie","description":"Eesti Apostlik-\u00d5igeusu Kirik","potentialAction":[{"@type":"SearchAction","target":{"@type":"EntryPoint","urlTemplate":"https:\/\/www.eoc.ee\/?s={search_term_string}"},"query-input":{"@type":"PropertyValueSpecification","valueRequired":true,"valueName":"search_term_string"}}],"inLanguage":"fr-FR"}]}},"_links":{"self":[{"href":"https:\/\/www.eoc.ee\/fr\/wp-json\/wp\/v2\/product\/42712","targetHints":{"allow":["GET"]}}],"collection":[{"href":"https:\/\/www.eoc.ee\/fr\/wp-json\/wp\/v2\/product"}],"about":[{"href":"https:\/\/www.eoc.ee\/fr\/wp-json\/wp\/v2\/types\/product"}],"wp:featuredmedia":[{"embeddable":true,"href":"https:\/\/www.eoc.ee\/fr\/wp-json\/wp\/v2\/media\/42713"}],"wp:attachment":[{"href":"https:\/\/www.eoc.ee\/fr\/wp-json\/wp\/v2\/media?parent=42712"}],"wp:term":[{"taxonomy":"product_brand","embeddable":true,"href":"https:\/\/www.eoc.ee\/fr\/wp-json\/wp\/v2\/product_brand?post=42712"},{"taxonomy":"product_cat","embeddable":true,"href":"https:\/\/www.eoc.ee\/fr\/wp-json\/wp\/v2\/product_cat?post=42712"},{"taxonomy":"product_tag","embeddable":true,"href":"https:\/\/www.eoc.ee\/fr\/wp-json\/wp\/v2\/product_tag?post=42712"}],"curies":[{"name":"wp","href":"https:\/\/api.w.org\/{rel}","templated":true}]}}