{"id":42730,"date":"2025-04-08T16:07:32","date_gmt":"2025-04-08T13:07:32","guid":{"rendered":"https:\/\/www.eoc.ee\/?post_type=product&#038;p=42730"},"modified":"2025-04-08T16:07:32","modified_gmt":"2025-04-08T13:07:32","slug":"cd-plaat-kontsert-oikumeenilise-patriarhi-bartolomeuse-auks","status":"publish","type":"product","link":"https:\/\/www.eoc.ee\/fr\/pood\/maaramata\/cd-plaat-kontsert-oikumeenilise-patriarhi-bartolomeuse-auks\/","title":{"rendered":"CD plaat Kontsert oikumeenilise patriarhi Bartolomeuse auks"},"content":{"rendered":"<p>17. septembril 2023 P\u00e4rnu Kontserdimajas<\/p>\n<p>P\u00e4rnu Linnaorkester<\/p>\n<p>Solistid Jaan Ots (klaver) ja Chris Sommer (trompet)<\/p>\n<p>Dirigent Neeme J\u00e4rvi<\/p>\n<p>Kontsertmeister Anu M\u00e4nd<\/p>\n<p>&nbsp;<\/p>\n<p>1.\u00a0 Madis J\u00e4rvi\u00a0 &#8211; \u00ab\u00a0Pidulik Muusika Bartolomeusele\u00a0\u00bb trompetile, timpanile, orelile ja keelpilliorkestrile (esiettekanne, 2023). Solistid Piret Aidulo (orel), Chris Sommer (trompet).<\/p>\n<p>2. Heino Eller &#8211; \u00ab\u00a0Kodumaine viis\u00a0\u00bb<\/p>\n<p>3. Joseph Haydn &#8211; Klaverikontsert nr 2, Hob. XVIII\/2. Solist Jaan Ots.<\/p>\n<p>4. Allegro moderato<\/p>\n<p>5. Adagio molto<\/p>\n<p>6. Allegro<\/p>\n<p>7. George Bizet &#8211; Adagietto s\u00fcidist \u00ab\u00a0Arleeslanna\u00a0\u00bb<\/p>\n<p>8. Pietro Mascagni &#8211; Intermezzo ooperist \u00ab\u00a0Talupoja au\u00a0\u00bb<\/p>\n<p>9. Tomaso Albinoni &#8211; Adagio<\/p>\n<p>10. Eduard Tubin &#8211; Prel\u00fc\u00fcd nr 1 b-moll, seade Charles Coleman<\/p>\n<p>11. Edvard Grieg &#8211; \u00ab\u00a0Anitra tants\u00a0\u00bb s\u00fcidist \u00ab\u00a0Peer Gynt\u00a0\u00bb nr 1 op 46<\/p>\n<p>12. Franz Schubert &#8211; \u00ab\u00a0Ave Maria\u00a0\u00bb<\/p>\n<p>13. Jean Sibelius &#8211; \u00ab\u00a0Andante festivo\u00a0\u00bb<\/p>\n","protected":false},"excerpt":{"rendered":"<p>17. septembril 2023 P\u00e4rnu Kontserdimajas P\u00e4rnu Linnaorkester Solistid Jaan Ots (klaver) ja Chris Sommer (trompet) Dirigent Neeme J\u00e4rvi Kontsertmeister Anu M\u00e4nd &nbsp; 1.\u00a0 Madis J\u00e4rvi\u00a0 &#8211; \u00ab\u00a0Pidulik Muusika Bartolomeusele\u00a0\u00bb trompetile, timpanile, orelile ja keelpilliorkestrile (esiettekanne, 2023). Solistid Piret Aidulo (orel), Chris Sommer (trompet). 2. Heino Eller &#8211; \u00ab\u00a0Kodumaine viis\u00a0\u00bb 3. Joseph Haydn &#8211; Klaverikontsert nr [&hellip;]<\/p>\n","protected":false},"featured_media":42731,"template":"","meta":{"_exactmetrics_skip_tracking":false,"_exactmetrics_sitenote_active":false,"_exactmetrics_sitenote_note":"","_exactmetrics_sitenote_category":0,"_monsterinsights_skip_tracking":false,"_monsterinsights_sitenote_active":false,"_monsterinsights_sitenote_note":"","_monsterinsights_sitenote_category":0},"product_brand":[],"product_cat":[217],"product_tag":[],"class_list":{"0":"post-42730","1":"product","2":"type-product","3":"status-publish","4":"has-post-thumbnail","6":"product_cat-maaramata","8":"first","9":"instock","10":"shipping-taxable","11":"purchasable","12":"product-type-simple"},"yoast_head":"<!-- This site is optimized with the Yoast SEO plugin v27.5 - https:\/\/yoast.com\/product\/yoast-seo-wordpress\/ -->\n<title>CD plaat Kontsert oikumeenilise patriarhi Bartolomeuse auks &#8211; \u00c9glise Orthodoxe d&#039;Estonie<\/title>\n<meta name=\"robots\" content=\"index, follow, max-snippet:-1, max-image-preview:large, max-video-preview:-1\" \/>\n<link rel=\"canonical\" href=\"https:\/\/www.eoc.ee\/pood\/maaramata\/cd-plaat-kontsert-oikumeenilise-patriarhi-bartolomeuse-auks\/\" \/>\n<meta property=\"og:locale\" content=\"fr_FR\" \/>\n<meta property=\"og:type\" content=\"article\" \/>\n<meta property=\"og:title\" content=\"CD plaat Kontsert oikumeenilise patriarhi Bartolomeuse auks &#8211; \u00c9glise Orthodoxe d&#039;Estonie\" \/>\n<meta property=\"og:description\" content=\"17. septembril 2023 P\u00e4rnu Kontserdimajas P\u00e4rnu Linnaorkester Solistid Jaan Ots (klaver) ja Chris Sommer (trompet) Dirigent Neeme J\u00e4rvi Kontsertmeister Anu M\u00e4nd &nbsp; 1.\u00a0 Madis J\u00e4rvi\u00a0 &#8211; \u00ab\u00a0Pidulik Muusika Bartolomeusele\u00a0\u00bb trompetile, timpanile, orelile ja keelpilliorkestrile (esiettekanne, 2023). Solistid Piret Aidulo (orel), Chris Sommer (trompet). 2. Heino Eller &#8211; \u00ab\u00a0Kodumaine viis\u00a0\u00bb 3. Joseph Haydn &#8211; Klaverikontsert nr [&hellip;]\" \/>\n<meta property=\"og:url\" content=\"https:\/\/www.eoc.ee\/pood\/maaramata\/cd-plaat-kontsert-oikumeenilise-patriarhi-bartolomeuse-auks\/\" \/>\n<meta property=\"og:site_name\" content=\"\u00c9glise Orthodoxe d&#039;Estonie\" \/>\n<meta property=\"og:image\" content=\"https:\/\/www.eoc.ee\/wp-content\/uploads\/2025\/04\/IMG_20250408_134314-scaled.jpg\" \/>\n\t<meta property=\"og:image:width\" content=\"1920\" \/>\n\t<meta property=\"og:image:height\" content=\"2560\" \/>\n\t<meta property=\"og:image:type\" content=\"image\/jpeg\" \/>\n<meta name=\"twitter:label1\" content=\"Dur\u00e9e de lecture estim\u00e9e\" \/>\n\t<meta name=\"twitter:data1\" content=\"1 minute\" \/>\n<script type=\"application\/ld+json\" class=\"yoast-schema-graph\">{\"@context\":\"https:\\\/\\\/schema.org\",\"@graph\":[{\"@type\":\"WebPage\",\"@id\":\"https:\\\/\\\/www.eoc.ee\\\/pood\\\/maaramata\\\/cd-plaat-kontsert-oikumeenilise-patriarhi-bartolomeuse-auks\\\/\",\"url\":\"https:\\\/\\\/www.eoc.ee\\\/pood\\\/maaramata\\\/cd-plaat-kontsert-oikumeenilise-patriarhi-bartolomeuse-auks\\\/\",\"name\":\"CD plaat Kontsert oikumeenilise patriarhi Bartolomeuse auks &#8211; \u00c9glise Orthodoxe d'Estonie\",\"isPartOf\":{\"@id\":\"https:\\\/\\\/www.eoc.ee\\\/#website\"},\"primaryImageOfPage\":{\"@id\":\"https:\\\/\\\/www.eoc.ee\\\/pood\\\/maaramata\\\/cd-plaat-kontsert-oikumeenilise-patriarhi-bartolomeuse-auks\\\/#primaryimage\"},\"image\":{\"@id\":\"https:\\\/\\\/www.eoc.ee\\\/pood\\\/maaramata\\\/cd-plaat-kontsert-oikumeenilise-patriarhi-bartolomeuse-auks\\\/#primaryimage\"},\"thumbnailUrl\":\"https:\\\/\\\/www.eoc.ee\\\/wp-content\\\/uploads\\\/2025\\\/04\\\/IMG_20250408_134314-scaled.jpg\",\"datePublished\":\"2025-04-08T13:07:32+00:00\",\"breadcrumb\":{\"@id\":\"https:\\\/\\\/www.eoc.ee\\\/pood\\\/maaramata\\\/cd-plaat-kontsert-oikumeenilise-patriarhi-bartolomeuse-auks\\\/#breadcrumb\"},\"inLanguage\":\"fr-FR\",\"potentialAction\":[{\"@type\":\"ReadAction\",\"target\":[\"https:\\\/\\\/www.eoc.ee\\\/pood\\\/maaramata\\\/cd-plaat-kontsert-oikumeenilise-patriarhi-bartolomeuse-auks\\\/\"]}]},{\"@type\":\"ImageObject\",\"inLanguage\":\"fr-FR\",\"@id\":\"https:\\\/\\\/www.eoc.ee\\\/pood\\\/maaramata\\\/cd-plaat-kontsert-oikumeenilise-patriarhi-bartolomeuse-auks\\\/#primaryimage\",\"url\":\"https:\\\/\\\/www.eoc.ee\\\/wp-content\\\/uploads\\\/2025\\\/04\\\/IMG_20250408_134314-scaled.jpg\",\"contentUrl\":\"https:\\\/\\\/www.eoc.ee\\\/wp-content\\\/uploads\\\/2025\\\/04\\\/IMG_20250408_134314-scaled.jpg\",\"width\":1920,\"height\":2560},{\"@type\":\"BreadcrumbList\",\"@id\":\"https:\\\/\\\/www.eoc.ee\\\/pood\\\/maaramata\\\/cd-plaat-kontsert-oikumeenilise-patriarhi-bartolomeuse-auks\\\/#breadcrumb\",\"itemListElement\":[{\"@type\":\"ListItem\",\"position\":1,\"name\":\"Home\",\"item\":\"https:\\\/\\\/www.eoc.ee\\\/\"},{\"@type\":\"ListItem\",\"position\":2,\"name\":\"CD plaat Kontsert oikumeenilise patriarhi Bartolomeuse auks\"}]},{\"@type\":\"WebSite\",\"@id\":\"https:\\\/\\\/www.eoc.ee\\\/#website\",\"url\":\"https:\\\/\\\/www.eoc.ee\\\/\",\"name\":\"\u00c9glise Orthodoxe d'Estonie\",\"description\":\"Eesti Apostlik-\u00d5igeusu Kirik\",\"potentialAction\":[{\"@type\":\"SearchAction\",\"target\":{\"@type\":\"EntryPoint\",\"urlTemplate\":\"https:\\\/\\\/www.eoc.ee\\\/?s={search_term_string}\"},\"query-input\":{\"@type\":\"PropertyValueSpecification\",\"valueRequired\":true,\"valueName\":\"search_term_string\"}}],\"inLanguage\":\"fr-FR\"}]}<\/script>\n<!-- \/ Yoast SEO plugin. -->","yoast_head_json":{"title":"CD plaat Kontsert oikumeenilise patriarhi Bartolomeuse auks &#8211; \u00c9glise Orthodoxe d'Estonie","robots":{"index":"index","follow":"follow","max-snippet":"max-snippet:-1","max-image-preview":"max-image-preview:large","max-video-preview":"max-video-preview:-1"},"canonical":"https:\/\/www.eoc.ee\/pood\/maaramata\/cd-plaat-kontsert-oikumeenilise-patriarhi-bartolomeuse-auks\/","og_locale":"fr_FR","og_type":"article","og_title":"CD plaat Kontsert oikumeenilise patriarhi Bartolomeuse auks &#8211; \u00c9glise Orthodoxe d'Estonie","og_description":"17. septembril 2023 P\u00e4rnu Kontserdimajas P\u00e4rnu Linnaorkester Solistid Jaan Ots (klaver) ja Chris Sommer (trompet) Dirigent Neeme J\u00e4rvi Kontsertmeister Anu M\u00e4nd &nbsp; 1.\u00a0 Madis J\u00e4rvi\u00a0 &#8211; \u00ab\u00a0Pidulik Muusika Bartolomeusele\u00a0\u00bb trompetile, timpanile, orelile ja keelpilliorkestrile (esiettekanne, 2023). Solistid Piret Aidulo (orel), Chris Sommer (trompet). 2. Heino Eller &#8211; \u00ab\u00a0Kodumaine viis\u00a0\u00bb 3. Joseph Haydn &#8211; Klaverikontsert nr [&hellip;]","og_url":"https:\/\/www.eoc.ee\/pood\/maaramata\/cd-plaat-kontsert-oikumeenilise-patriarhi-bartolomeuse-auks\/","og_site_name":"\u00c9glise Orthodoxe d'Estonie","og_image":[{"width":1920,"height":2560,"url":"https:\/\/www.eoc.ee\/wp-content\/uploads\/2025\/04\/IMG_20250408_134314-scaled.jpg","type":"image\/jpeg"}],"twitter_misc":{"Dur\u00e9e de lecture estim\u00e9e":"1 minute"},"schema":{"@context":"https:\/\/schema.org","@graph":[{"@type":"WebPage","@id":"https:\/\/www.eoc.ee\/pood\/maaramata\/cd-plaat-kontsert-oikumeenilise-patriarhi-bartolomeuse-auks\/","url":"https:\/\/www.eoc.ee\/pood\/maaramata\/cd-plaat-kontsert-oikumeenilise-patriarhi-bartolomeuse-auks\/","name":"CD plaat Kontsert oikumeenilise patriarhi Bartolomeuse auks &#8211; \u00c9glise Orthodoxe d'Estonie","isPartOf":{"@id":"https:\/\/www.eoc.ee\/#website"},"primaryImageOfPage":{"@id":"https:\/\/www.eoc.ee\/pood\/maaramata\/cd-plaat-kontsert-oikumeenilise-patriarhi-bartolomeuse-auks\/#primaryimage"},"image":{"@id":"https:\/\/www.eoc.ee\/pood\/maaramata\/cd-plaat-kontsert-oikumeenilise-patriarhi-bartolomeuse-auks\/#primaryimage"},"thumbnailUrl":"https:\/\/www.eoc.ee\/wp-content\/uploads\/2025\/04\/IMG_20250408_134314-scaled.jpg","datePublished":"2025-04-08T13:07:32+00:00","breadcrumb":{"@id":"https:\/\/www.eoc.ee\/pood\/maaramata\/cd-plaat-kontsert-oikumeenilise-patriarhi-bartolomeuse-auks\/#breadcrumb"},"inLanguage":"fr-FR","potentialAction":[{"@type":"ReadAction","target":["https:\/\/www.eoc.ee\/pood\/maaramata\/cd-plaat-kontsert-oikumeenilise-patriarhi-bartolomeuse-auks\/"]}]},{"@type":"ImageObject","inLanguage":"fr-FR","@id":"https:\/\/www.eoc.ee\/pood\/maaramata\/cd-plaat-kontsert-oikumeenilise-patriarhi-bartolomeuse-auks\/#primaryimage","url":"https:\/\/www.eoc.ee\/wp-content\/uploads\/2025\/04\/IMG_20250408_134314-scaled.jpg","contentUrl":"https:\/\/www.eoc.ee\/wp-content\/uploads\/2025\/04\/IMG_20250408_134314-scaled.jpg","width":1920,"height":2560},{"@type":"BreadcrumbList","@id":"https:\/\/www.eoc.ee\/pood\/maaramata\/cd-plaat-kontsert-oikumeenilise-patriarhi-bartolomeuse-auks\/#breadcrumb","itemListElement":[{"@type":"ListItem","position":1,"name":"Home","item":"https:\/\/www.eoc.ee\/"},{"@type":"ListItem","position":2,"name":"CD plaat Kontsert oikumeenilise patriarhi Bartolomeuse auks"}]},{"@type":"WebSite","@id":"https:\/\/www.eoc.ee\/#website","url":"https:\/\/www.eoc.ee\/","name":"\u00c9glise Orthodoxe d'Estonie","description":"Eesti Apostlik-\u00d5igeusu Kirik","potentialAction":[{"@type":"SearchAction","target":{"@type":"EntryPoint","urlTemplate":"https:\/\/www.eoc.ee\/?s={search_term_string}"},"query-input":{"@type":"PropertyValueSpecification","valueRequired":true,"valueName":"search_term_string"}}],"inLanguage":"fr-FR"}]}},"_links":{"self":[{"href":"https:\/\/www.eoc.ee\/fr\/wp-json\/wp\/v2\/product\/42730","targetHints":{"allow":["GET"]}}],"collection":[{"href":"https:\/\/www.eoc.ee\/fr\/wp-json\/wp\/v2\/product"}],"about":[{"href":"https:\/\/www.eoc.ee\/fr\/wp-json\/wp\/v2\/types\/product"}],"wp:featuredmedia":[{"embeddable":true,"href":"https:\/\/www.eoc.ee\/fr\/wp-json\/wp\/v2\/media\/42731"}],"wp:attachment":[{"href":"https:\/\/www.eoc.ee\/fr\/wp-json\/wp\/v2\/media?parent=42730"}],"wp:term":[{"taxonomy":"product_brand","embeddable":true,"href":"https:\/\/www.eoc.ee\/fr\/wp-json\/wp\/v2\/product_brand?post=42730"},{"taxonomy":"product_cat","embeddable":true,"href":"https:\/\/www.eoc.ee\/fr\/wp-json\/wp\/v2\/product_cat?post=42730"},{"taxonomy":"product_tag","embeddable":true,"href":"https:\/\/www.eoc.ee\/fr\/wp-json\/wp\/v2\/product_tag?post=42730"}],"curies":[{"name":"wp","href":"https:\/\/api.w.org\/{rel}","templated":true}]}}