{"id":43147,"date":"2025-05-27T15:08:42","date_gmt":"2025-05-27T12:08:42","guid":{"rendered":"https:\/\/www.eoc.ee\/?post_type=product&#038;p=43147"},"modified":"2025-12-09T14:39:55","modified_gmt":"2025-12-09T12:39:55","slug":"vaikesed-kinkekotid-nooriga-suletavad","status":"publish","type":"product","link":"https:\/\/www.eoc.ee\/fr\/pood\/maaramata\/vaikesed-kinkekotid-nooriga-suletavad\/","title":{"rendered":"V\u00e4ikesed riidest kinkekotid (n\u00f6\u00f6riga suletavad)"},"content":{"rendered":"<p>V\u00e4ikesed riidest n\u00f6\u00f6riga suletavad kinkekotid, ca 11 x 10 cm, koti m\u00f5\u00f5tmed on pisut varieeruvad. Tellides palume kirjutada, mis v\u00e4rvi kotti soovite: helesinine, tumesinine, punane. <strong>Tumesinist \u00a0v\u00e4rvi kotid on otsas.<\/strong><\/p>\n","protected":false},"excerpt":{"rendered":"<p>V\u00e4ikesed riidest n\u00f6\u00f6riga suletavad kinkekotid, ca 11 x 10 cm, koti m\u00f5\u00f5tmed on pisut varieeruvad. Tellides palume kirjutada, mis v\u00e4rvi kotti soovite: helesinine, tumesinine, punane. Tumesinist \u00a0v\u00e4rvi kotid on otsas.<\/p>\n","protected":false},"featured_media":43148,"template":"","meta":{"_exactmetrics_skip_tracking":false,"_exactmetrics_sitenote_active":false,"_exactmetrics_sitenote_note":"","_exactmetrics_sitenote_category":0,"_monsterinsights_skip_tracking":false,"_monsterinsights_sitenote_active":false,"_monsterinsights_sitenote_note":"","_monsterinsights_sitenote_category":0},"product_brand":[],"product_cat":[217],"product_tag":[],"class_list":{"0":"post-43147","1":"product","2":"type-product","3":"status-publish","4":"has-post-thumbnail","6":"product_cat-maaramata","8":"first","9":"instock","10":"shipping-taxable","11":"purchasable","12":"product-type-simple"},"yoast_head":"<!-- This site is optimized with the Yoast SEO plugin v27.5 - https:\/\/yoast.com\/product\/yoast-seo-wordpress\/ -->\n<title>V\u00e4ikesed riidest kinkekotid (n\u00f6\u00f6riga suletavad) &#8211; \u00c9glise Orthodoxe d&#039;Estonie<\/title>\n<meta name=\"robots\" content=\"index, follow, max-snippet:-1, max-image-preview:large, max-video-preview:-1\" \/>\n<link rel=\"canonical\" href=\"https:\/\/www.eoc.ee\/pood\/maaramata\/vaikesed-kinkekotid-nooriga-suletavad\/\" \/>\n<meta property=\"og:locale\" content=\"fr_FR\" \/>\n<meta property=\"og:type\" content=\"article\" \/>\n<meta property=\"og:title\" content=\"V\u00e4ikesed riidest kinkekotid (n\u00f6\u00f6riga suletavad) &#8211; \u00c9glise Orthodoxe d&#039;Estonie\" \/>\n<meta property=\"og:description\" content=\"V\u00e4ikesed riidest n\u00f6\u00f6riga suletavad kinkekotid, ca 11 x 10 cm, koti m\u00f5\u00f5tmed on pisut varieeruvad. Tellides palume kirjutada, mis v\u00e4rvi kotti soovite: helesinine, tumesinine, punane. Tumesinist \u00a0v\u00e4rvi kotid on otsas.\" \/>\n<meta property=\"og:url\" content=\"https:\/\/www.eoc.ee\/pood\/maaramata\/vaikesed-kinkekotid-nooriga-suletavad\/\" \/>\n<meta property=\"og:site_name\" content=\"\u00c9glise Orthodoxe d&#039;Estonie\" \/>\n<meta property=\"article:modified_time\" content=\"2025-12-09T12:39:55+00:00\" \/>\n<meta property=\"og:image\" content=\"https:\/\/www.eoc.ee\/wp-content\/uploads\/2025\/05\/IMG_20250527_142147-scaled.jpg\" \/>\n\t<meta property=\"og:image:width\" content=\"2560\" \/>\n\t<meta property=\"og:image:height\" content=\"1920\" \/>\n\t<meta property=\"og:image:type\" content=\"image\/jpeg\" \/>\n<meta name=\"twitter:label1\" content=\"Dur\u00e9e de lecture estim\u00e9e\" \/>\n\t<meta name=\"twitter:data1\" content=\"1 minute\" \/>\n<script type=\"application\/ld+json\" class=\"yoast-schema-graph\">{\"@context\":\"https:\\\/\\\/schema.org\",\"@graph\":[{\"@type\":\"WebPage\",\"@id\":\"https:\\\/\\\/www.eoc.ee\\\/pood\\\/maaramata\\\/vaikesed-kinkekotid-nooriga-suletavad\\\/\",\"url\":\"https:\\\/\\\/www.eoc.ee\\\/pood\\\/maaramata\\\/vaikesed-kinkekotid-nooriga-suletavad\\\/\",\"name\":\"V\u00e4ikesed riidest kinkekotid (n\u00f6\u00f6riga suletavad) &#8211; \u00c9glise Orthodoxe d'Estonie\",\"isPartOf\":{\"@id\":\"https:\\\/\\\/www.eoc.ee\\\/#website\"},\"primaryImageOfPage\":{\"@id\":\"https:\\\/\\\/www.eoc.ee\\\/pood\\\/maaramata\\\/vaikesed-kinkekotid-nooriga-suletavad\\\/#primaryimage\"},\"image\":{\"@id\":\"https:\\\/\\\/www.eoc.ee\\\/pood\\\/maaramata\\\/vaikesed-kinkekotid-nooriga-suletavad\\\/#primaryimage\"},\"thumbnailUrl\":\"https:\\\/\\\/www.eoc.ee\\\/wp-content\\\/uploads\\\/2025\\\/05\\\/IMG_20250527_142147-scaled.jpg\",\"datePublished\":\"2025-05-27T12:08:42+00:00\",\"dateModified\":\"2025-12-09T12:39:55+00:00\",\"breadcrumb\":{\"@id\":\"https:\\\/\\\/www.eoc.ee\\\/pood\\\/maaramata\\\/vaikesed-kinkekotid-nooriga-suletavad\\\/#breadcrumb\"},\"inLanguage\":\"fr-FR\",\"potentialAction\":[{\"@type\":\"ReadAction\",\"target\":[\"https:\\\/\\\/www.eoc.ee\\\/pood\\\/maaramata\\\/vaikesed-kinkekotid-nooriga-suletavad\\\/\"]}]},{\"@type\":\"ImageObject\",\"inLanguage\":\"fr-FR\",\"@id\":\"https:\\\/\\\/www.eoc.ee\\\/pood\\\/maaramata\\\/vaikesed-kinkekotid-nooriga-suletavad\\\/#primaryimage\",\"url\":\"https:\\\/\\\/www.eoc.ee\\\/wp-content\\\/uploads\\\/2025\\\/05\\\/IMG_20250527_142147-scaled.jpg\",\"contentUrl\":\"https:\\\/\\\/www.eoc.ee\\\/wp-content\\\/uploads\\\/2025\\\/05\\\/IMG_20250527_142147-scaled.jpg\",\"width\":2560,\"height\":1920},{\"@type\":\"BreadcrumbList\",\"@id\":\"https:\\\/\\\/www.eoc.ee\\\/pood\\\/maaramata\\\/vaikesed-kinkekotid-nooriga-suletavad\\\/#breadcrumb\",\"itemListElement\":[{\"@type\":\"ListItem\",\"position\":1,\"name\":\"Home\",\"item\":\"https:\\\/\\\/www.eoc.ee\\\/\"},{\"@type\":\"ListItem\",\"position\":2,\"name\":\"V\u00e4ikesed riidest kinkekotid (n\u00f6\u00f6riga suletavad)\"}]},{\"@type\":\"WebSite\",\"@id\":\"https:\\\/\\\/www.eoc.ee\\\/#website\",\"url\":\"https:\\\/\\\/www.eoc.ee\\\/\",\"name\":\"\u00c9glise Orthodoxe d'Estonie\",\"description\":\"Eesti Apostlik-\u00d5igeusu Kirik\",\"potentialAction\":[{\"@type\":\"SearchAction\",\"target\":{\"@type\":\"EntryPoint\",\"urlTemplate\":\"https:\\\/\\\/www.eoc.ee\\\/?s={search_term_string}\"},\"query-input\":{\"@type\":\"PropertyValueSpecification\",\"valueRequired\":true,\"valueName\":\"search_term_string\"}}],\"inLanguage\":\"fr-FR\"}]}<\/script>\n<!-- \/ Yoast SEO plugin. -->","yoast_head_json":{"title":"V\u00e4ikesed riidest kinkekotid (n\u00f6\u00f6riga suletavad) &#8211; \u00c9glise Orthodoxe d'Estonie","robots":{"index":"index","follow":"follow","max-snippet":"max-snippet:-1","max-image-preview":"max-image-preview:large","max-video-preview":"max-video-preview:-1"},"canonical":"https:\/\/www.eoc.ee\/pood\/maaramata\/vaikesed-kinkekotid-nooriga-suletavad\/","og_locale":"fr_FR","og_type":"article","og_title":"V\u00e4ikesed riidest kinkekotid (n\u00f6\u00f6riga suletavad) &#8211; \u00c9glise Orthodoxe d'Estonie","og_description":"V\u00e4ikesed riidest n\u00f6\u00f6riga suletavad kinkekotid, ca 11 x 10 cm, koti m\u00f5\u00f5tmed on pisut varieeruvad. Tellides palume kirjutada, mis v\u00e4rvi kotti soovite: helesinine, tumesinine, punane. Tumesinist \u00a0v\u00e4rvi kotid on otsas.","og_url":"https:\/\/www.eoc.ee\/pood\/maaramata\/vaikesed-kinkekotid-nooriga-suletavad\/","og_site_name":"\u00c9glise Orthodoxe d'Estonie","article_modified_time":"2025-12-09T12:39:55+00:00","og_image":[{"width":2560,"height":1920,"url":"https:\/\/www.eoc.ee\/wp-content\/uploads\/2025\/05\/IMG_20250527_142147-scaled.jpg","type":"image\/jpeg"}],"twitter_misc":{"Dur\u00e9e de lecture estim\u00e9e":"1 minute"},"schema":{"@context":"https:\/\/schema.org","@graph":[{"@type":"WebPage","@id":"https:\/\/www.eoc.ee\/pood\/maaramata\/vaikesed-kinkekotid-nooriga-suletavad\/","url":"https:\/\/www.eoc.ee\/pood\/maaramata\/vaikesed-kinkekotid-nooriga-suletavad\/","name":"V\u00e4ikesed riidest kinkekotid (n\u00f6\u00f6riga suletavad) &#8211; \u00c9glise Orthodoxe d'Estonie","isPartOf":{"@id":"https:\/\/www.eoc.ee\/#website"},"primaryImageOfPage":{"@id":"https:\/\/www.eoc.ee\/pood\/maaramata\/vaikesed-kinkekotid-nooriga-suletavad\/#primaryimage"},"image":{"@id":"https:\/\/www.eoc.ee\/pood\/maaramata\/vaikesed-kinkekotid-nooriga-suletavad\/#primaryimage"},"thumbnailUrl":"https:\/\/www.eoc.ee\/wp-content\/uploads\/2025\/05\/IMG_20250527_142147-scaled.jpg","datePublished":"2025-05-27T12:08:42+00:00","dateModified":"2025-12-09T12:39:55+00:00","breadcrumb":{"@id":"https:\/\/www.eoc.ee\/pood\/maaramata\/vaikesed-kinkekotid-nooriga-suletavad\/#breadcrumb"},"inLanguage":"fr-FR","potentialAction":[{"@type":"ReadAction","target":["https:\/\/www.eoc.ee\/pood\/maaramata\/vaikesed-kinkekotid-nooriga-suletavad\/"]}]},{"@type":"ImageObject","inLanguage":"fr-FR","@id":"https:\/\/www.eoc.ee\/pood\/maaramata\/vaikesed-kinkekotid-nooriga-suletavad\/#primaryimage","url":"https:\/\/www.eoc.ee\/wp-content\/uploads\/2025\/05\/IMG_20250527_142147-scaled.jpg","contentUrl":"https:\/\/www.eoc.ee\/wp-content\/uploads\/2025\/05\/IMG_20250527_142147-scaled.jpg","width":2560,"height":1920},{"@type":"BreadcrumbList","@id":"https:\/\/www.eoc.ee\/pood\/maaramata\/vaikesed-kinkekotid-nooriga-suletavad\/#breadcrumb","itemListElement":[{"@type":"ListItem","position":1,"name":"Home","item":"https:\/\/www.eoc.ee\/"},{"@type":"ListItem","position":2,"name":"V\u00e4ikesed riidest kinkekotid (n\u00f6\u00f6riga suletavad)"}]},{"@type":"WebSite","@id":"https:\/\/www.eoc.ee\/#website","url":"https:\/\/www.eoc.ee\/","name":"\u00c9glise Orthodoxe d'Estonie","description":"Eesti Apostlik-\u00d5igeusu Kirik","potentialAction":[{"@type":"SearchAction","target":{"@type":"EntryPoint","urlTemplate":"https:\/\/www.eoc.ee\/?s={search_term_string}"},"query-input":{"@type":"PropertyValueSpecification","valueRequired":true,"valueName":"search_term_string"}}],"inLanguage":"fr-FR"}]}},"_links":{"self":[{"href":"https:\/\/www.eoc.ee\/fr\/wp-json\/wp\/v2\/product\/43147","targetHints":{"allow":["GET"]}}],"collection":[{"href":"https:\/\/www.eoc.ee\/fr\/wp-json\/wp\/v2\/product"}],"about":[{"href":"https:\/\/www.eoc.ee\/fr\/wp-json\/wp\/v2\/types\/product"}],"wp:featuredmedia":[{"embeddable":true,"href":"https:\/\/www.eoc.ee\/fr\/wp-json\/wp\/v2\/media\/43148"}],"wp:attachment":[{"href":"https:\/\/www.eoc.ee\/fr\/wp-json\/wp\/v2\/media?parent=43147"}],"wp:term":[{"taxonomy":"product_brand","embeddable":true,"href":"https:\/\/www.eoc.ee\/fr\/wp-json\/wp\/v2\/product_brand?post=43147"},{"taxonomy":"product_cat","embeddable":true,"href":"https:\/\/www.eoc.ee\/fr\/wp-json\/wp\/v2\/product_cat?post=43147"},{"taxonomy":"product_tag","embeddable":true,"href":"https:\/\/www.eoc.ee\/fr\/wp-json\/wp\/v2\/product_tag?post=43147"}],"curies":[{"name":"wp","href":"https:\/\/api.w.org\/{rel}","templated":true}]}}