{"id":43859,"date":"2025-09-24T14:44:06","date_gmt":"2025-09-24T11:44:06","guid":{"rendered":"https:\/\/www.eoc.ee\/?post_type=product&#038;p=43859"},"modified":"2025-09-24T14:44:06","modified_gmt":"2025-09-24T11:44:06","slug":"vaike-kristuse-ikoon-ca-6-4-x-5-2-cm-kleebitav","status":"publish","type":"product","link":"https:\/\/www.eoc.ee\/fr\/pood\/ikoonid\/vaike-kristuse-ikoon-ca-6-4-x-5-2-cm-kleebitav\/","title":{"rendered":"V\u00e4ike Kristuse ikoon (ca 6,4 x 5,2 cm, kleebitav)"},"content":{"rendered":"<p>V\u00e4ike kleebitav Kristuse ikoon.<\/p>\n","protected":false},"excerpt":{"rendered":"<p>V\u00e4ike kleebitav Kristuse ikoon.<\/p>\n","protected":false},"featured_media":43860,"template":"","meta":{"_exactmetrics_skip_tracking":false,"_exactmetrics_sitenote_active":false,"_exactmetrics_sitenote_note":"","_exactmetrics_sitenote_category":0,"_monsterinsights_skip_tracking":false,"_monsterinsights_sitenote_active":false,"_monsterinsights_sitenote_note":"","_monsterinsights_sitenote_category":0},"product_brand":[],"product_cat":[435],"product_tag":[],"class_list":{"0":"post-43859","1":"product","2":"type-product","3":"status-publish","4":"has-post-thumbnail","6":"product_cat-ikoonid","8":"first","9":"instock","10":"shipping-taxable","11":"purchasable","12":"product-type-simple"},"yoast_head":"<!-- This site is optimized with the Yoast SEO plugin v27.5 - https:\/\/yoast.com\/product\/yoast-seo-wordpress\/ -->\n<title>V\u00e4ike Kristuse ikoon (ca 6,4 x 5,2 cm, kleebitav) &#8211; \u00c9glise Orthodoxe d&#039;Estonie<\/title>\n<meta name=\"robots\" content=\"index, follow, max-snippet:-1, max-image-preview:large, max-video-preview:-1\" \/>\n<link rel=\"canonical\" href=\"https:\/\/www.eoc.ee\/pood\/ikoonid\/vaike-kristuse-ikoon-ca-6-4-x-5-2-cm-kleebitav\/\" \/>\n<meta property=\"og:locale\" content=\"fr_FR\" \/>\n<meta property=\"og:type\" content=\"article\" \/>\n<meta property=\"og:title\" content=\"V\u00e4ike Kristuse ikoon (ca 6,4 x 5,2 cm, kleebitav) &#8211; \u00c9glise Orthodoxe d&#039;Estonie\" \/>\n<meta property=\"og:description\" content=\"V\u00e4ike kleebitav Kristuse ikoon.\" \/>\n<meta property=\"og:url\" content=\"https:\/\/www.eoc.ee\/pood\/ikoonid\/vaike-kristuse-ikoon-ca-6-4-x-5-2-cm-kleebitav\/\" \/>\n<meta property=\"og:site_name\" content=\"\u00c9glise Orthodoxe d&#039;Estonie\" \/>\n<meta property=\"og:image\" content=\"https:\/\/www.eoc.ee\/wp-content\/uploads\/2025\/09\/552122937_1179049550725333_4799972182144709006_n.jpg\" \/>\n\t<meta property=\"og:image:width\" content=\"1536\" \/>\n\t<meta property=\"og:image:height\" content=\"2048\" \/>\n\t<meta property=\"og:image:type\" content=\"image\/jpeg\" \/>\n<meta name=\"twitter:label1\" content=\"Dur\u00e9e de lecture estim\u00e9e\" \/>\n\t<meta name=\"twitter:data1\" content=\"1 minute\" \/>\n<script type=\"application\/ld+json\" class=\"yoast-schema-graph\">{\"@context\":\"https:\\\/\\\/schema.org\",\"@graph\":[{\"@type\":\"WebPage\",\"@id\":\"https:\\\/\\\/www.eoc.ee\\\/pood\\\/ikoonid\\\/vaike-kristuse-ikoon-ca-6-4-x-5-2-cm-kleebitav\\\/\",\"url\":\"https:\\\/\\\/www.eoc.ee\\\/pood\\\/ikoonid\\\/vaike-kristuse-ikoon-ca-6-4-x-5-2-cm-kleebitav\\\/\",\"name\":\"V\u00e4ike Kristuse ikoon (ca 6,4 x 5,2 cm, kleebitav) &#8211; \u00c9glise Orthodoxe d'Estonie\",\"isPartOf\":{\"@id\":\"https:\\\/\\\/www.eoc.ee\\\/#website\"},\"primaryImageOfPage\":{\"@id\":\"https:\\\/\\\/www.eoc.ee\\\/pood\\\/ikoonid\\\/vaike-kristuse-ikoon-ca-6-4-x-5-2-cm-kleebitav\\\/#primaryimage\"},\"image\":{\"@id\":\"https:\\\/\\\/www.eoc.ee\\\/pood\\\/ikoonid\\\/vaike-kristuse-ikoon-ca-6-4-x-5-2-cm-kleebitav\\\/#primaryimage\"},\"thumbnailUrl\":\"https:\\\/\\\/www.eoc.ee\\\/wp-content\\\/uploads\\\/2025\\\/09\\\/552122937_1179049550725333_4799972182144709006_n.jpg\",\"datePublished\":\"2025-09-24T11:44:06+00:00\",\"breadcrumb\":{\"@id\":\"https:\\\/\\\/www.eoc.ee\\\/pood\\\/ikoonid\\\/vaike-kristuse-ikoon-ca-6-4-x-5-2-cm-kleebitav\\\/#breadcrumb\"},\"inLanguage\":\"fr-FR\",\"potentialAction\":[{\"@type\":\"ReadAction\",\"target\":[\"https:\\\/\\\/www.eoc.ee\\\/pood\\\/ikoonid\\\/vaike-kristuse-ikoon-ca-6-4-x-5-2-cm-kleebitav\\\/\"]}]},{\"@type\":\"ImageObject\",\"inLanguage\":\"fr-FR\",\"@id\":\"https:\\\/\\\/www.eoc.ee\\\/pood\\\/ikoonid\\\/vaike-kristuse-ikoon-ca-6-4-x-5-2-cm-kleebitav\\\/#primaryimage\",\"url\":\"https:\\\/\\\/www.eoc.ee\\\/wp-content\\\/uploads\\\/2025\\\/09\\\/552122937_1179049550725333_4799972182144709006_n.jpg\",\"contentUrl\":\"https:\\\/\\\/www.eoc.ee\\\/wp-content\\\/uploads\\\/2025\\\/09\\\/552122937_1179049550725333_4799972182144709006_n.jpg\",\"width\":1536,\"height\":2048},{\"@type\":\"BreadcrumbList\",\"@id\":\"https:\\\/\\\/www.eoc.ee\\\/pood\\\/ikoonid\\\/vaike-kristuse-ikoon-ca-6-4-x-5-2-cm-kleebitav\\\/#breadcrumb\",\"itemListElement\":[{\"@type\":\"ListItem\",\"position\":1,\"name\":\"Home\",\"item\":\"https:\\\/\\\/www.eoc.ee\\\/\"},{\"@type\":\"ListItem\",\"position\":2,\"name\":\"V\u00e4ike Kristuse ikoon (ca 6,4 x 5,2 cm, kleebitav)\"}]},{\"@type\":\"WebSite\",\"@id\":\"https:\\\/\\\/www.eoc.ee\\\/#website\",\"url\":\"https:\\\/\\\/www.eoc.ee\\\/\",\"name\":\"\u00c9glise Orthodoxe d'Estonie\",\"description\":\"Eesti Apostlik-\u00d5igeusu Kirik\",\"potentialAction\":[{\"@type\":\"SearchAction\",\"target\":{\"@type\":\"EntryPoint\",\"urlTemplate\":\"https:\\\/\\\/www.eoc.ee\\\/?s={search_term_string}\"},\"query-input\":{\"@type\":\"PropertyValueSpecification\",\"valueRequired\":true,\"valueName\":\"search_term_string\"}}],\"inLanguage\":\"fr-FR\"}]}<\/script>\n<!-- \/ Yoast SEO plugin. -->","yoast_head_json":{"title":"V\u00e4ike Kristuse ikoon (ca 6,4 x 5,2 cm, kleebitav) &#8211; \u00c9glise Orthodoxe d'Estonie","robots":{"index":"index","follow":"follow","max-snippet":"max-snippet:-1","max-image-preview":"max-image-preview:large","max-video-preview":"max-video-preview:-1"},"canonical":"https:\/\/www.eoc.ee\/pood\/ikoonid\/vaike-kristuse-ikoon-ca-6-4-x-5-2-cm-kleebitav\/","og_locale":"fr_FR","og_type":"article","og_title":"V\u00e4ike Kristuse ikoon (ca 6,4 x 5,2 cm, kleebitav) &#8211; \u00c9glise Orthodoxe d'Estonie","og_description":"V\u00e4ike kleebitav Kristuse ikoon.","og_url":"https:\/\/www.eoc.ee\/pood\/ikoonid\/vaike-kristuse-ikoon-ca-6-4-x-5-2-cm-kleebitav\/","og_site_name":"\u00c9glise Orthodoxe d'Estonie","og_image":[{"width":1536,"height":2048,"url":"https:\/\/www.eoc.ee\/wp-content\/uploads\/2025\/09\/552122937_1179049550725333_4799972182144709006_n.jpg","type":"image\/jpeg"}],"twitter_misc":{"Dur\u00e9e de lecture estim\u00e9e":"1 minute"},"schema":{"@context":"https:\/\/schema.org","@graph":[{"@type":"WebPage","@id":"https:\/\/www.eoc.ee\/pood\/ikoonid\/vaike-kristuse-ikoon-ca-6-4-x-5-2-cm-kleebitav\/","url":"https:\/\/www.eoc.ee\/pood\/ikoonid\/vaike-kristuse-ikoon-ca-6-4-x-5-2-cm-kleebitav\/","name":"V\u00e4ike Kristuse ikoon (ca 6,4 x 5,2 cm, kleebitav) &#8211; \u00c9glise Orthodoxe d'Estonie","isPartOf":{"@id":"https:\/\/www.eoc.ee\/#website"},"primaryImageOfPage":{"@id":"https:\/\/www.eoc.ee\/pood\/ikoonid\/vaike-kristuse-ikoon-ca-6-4-x-5-2-cm-kleebitav\/#primaryimage"},"image":{"@id":"https:\/\/www.eoc.ee\/pood\/ikoonid\/vaike-kristuse-ikoon-ca-6-4-x-5-2-cm-kleebitav\/#primaryimage"},"thumbnailUrl":"https:\/\/www.eoc.ee\/wp-content\/uploads\/2025\/09\/552122937_1179049550725333_4799972182144709006_n.jpg","datePublished":"2025-09-24T11:44:06+00:00","breadcrumb":{"@id":"https:\/\/www.eoc.ee\/pood\/ikoonid\/vaike-kristuse-ikoon-ca-6-4-x-5-2-cm-kleebitav\/#breadcrumb"},"inLanguage":"fr-FR","potentialAction":[{"@type":"ReadAction","target":["https:\/\/www.eoc.ee\/pood\/ikoonid\/vaike-kristuse-ikoon-ca-6-4-x-5-2-cm-kleebitav\/"]}]},{"@type":"ImageObject","inLanguage":"fr-FR","@id":"https:\/\/www.eoc.ee\/pood\/ikoonid\/vaike-kristuse-ikoon-ca-6-4-x-5-2-cm-kleebitav\/#primaryimage","url":"https:\/\/www.eoc.ee\/wp-content\/uploads\/2025\/09\/552122937_1179049550725333_4799972182144709006_n.jpg","contentUrl":"https:\/\/www.eoc.ee\/wp-content\/uploads\/2025\/09\/552122937_1179049550725333_4799972182144709006_n.jpg","width":1536,"height":2048},{"@type":"BreadcrumbList","@id":"https:\/\/www.eoc.ee\/pood\/ikoonid\/vaike-kristuse-ikoon-ca-6-4-x-5-2-cm-kleebitav\/#breadcrumb","itemListElement":[{"@type":"ListItem","position":1,"name":"Home","item":"https:\/\/www.eoc.ee\/"},{"@type":"ListItem","position":2,"name":"V\u00e4ike Kristuse ikoon (ca 6,4 x 5,2 cm, kleebitav)"}]},{"@type":"WebSite","@id":"https:\/\/www.eoc.ee\/#website","url":"https:\/\/www.eoc.ee\/","name":"\u00c9glise Orthodoxe d'Estonie","description":"Eesti Apostlik-\u00d5igeusu Kirik","potentialAction":[{"@type":"SearchAction","target":{"@type":"EntryPoint","urlTemplate":"https:\/\/www.eoc.ee\/?s={search_term_string}"},"query-input":{"@type":"PropertyValueSpecification","valueRequired":true,"valueName":"search_term_string"}}],"inLanguage":"fr-FR"}]}},"_links":{"self":[{"href":"https:\/\/www.eoc.ee\/fr\/wp-json\/wp\/v2\/product\/43859","targetHints":{"allow":["GET"]}}],"collection":[{"href":"https:\/\/www.eoc.ee\/fr\/wp-json\/wp\/v2\/product"}],"about":[{"href":"https:\/\/www.eoc.ee\/fr\/wp-json\/wp\/v2\/types\/product"}],"wp:featuredmedia":[{"embeddable":true,"href":"https:\/\/www.eoc.ee\/fr\/wp-json\/wp\/v2\/media\/43860"}],"wp:attachment":[{"href":"https:\/\/www.eoc.ee\/fr\/wp-json\/wp\/v2\/media?parent=43859"}],"wp:term":[{"taxonomy":"product_brand","embeddable":true,"href":"https:\/\/www.eoc.ee\/fr\/wp-json\/wp\/v2\/product_brand?post=43859"},{"taxonomy":"product_cat","embeddable":true,"href":"https:\/\/www.eoc.ee\/fr\/wp-json\/wp\/v2\/product_cat?post=43859"},{"taxonomy":"product_tag","embeddable":true,"href":"https:\/\/www.eoc.ee\/fr\/wp-json\/wp\/v2\/product_tag?post=43859"}],"curies":[{"name":"wp","href":"https:\/\/api.w.org\/{rel}","templated":true}]}}