{"id":44266,"date":"2025-11-05T14:38:22","date_gmt":"2025-11-05T12:38:22","guid":{"rendered":"https:\/\/www.eoc.ee\/?post_type=product&#038;p=44266"},"modified":"2025-11-05T15:07:24","modified_gmt":"2025-11-05T13:07:24","slug":"suurte-puhade-ikoon-kirikusse-ca-42-x-32-cm","status":"publish","type":"product","link":"https:\/\/www.eoc.ee\/fr\/pood\/ikoonid\/suurte-puhade-ikoon-kirikusse-ca-42-x-32-cm\/","title":{"rendered":"Suurte p\u00fchade ikoon (kirikusse, ca 42 x 32 cm)"},"content":{"rendered":"<p>Suurte p\u00fchade ikoon. Kaasas vahetatavad (paberist) j\u00e4rgnevate suurte p\u00fchade ikoonid: Paasa ehk Kristuse \u00fclest\u00f5usmise p\u00fcha, Jumalaema templisseminemise p, Issanda vastuv\u00f5tmise (templisseviimise) p, Issanda ristimise ehk jumalailmumise p, Kristuse s\u00fcndimise p, Jumalaema uinumise p, Jumalaema s\u00fcndimise p, Issandamuutmise p, Issanda taevaminemise p, Kolmainup\u00fcha, palmipuudep\u00fcha ehk Issanda Jeruusalemma minemise p, risti\u00fclendamise p, Jumalaema r\u00f5\u00f5mukuulutamise p.<\/p>\n<p>Ikoonikapp puidust, klaasiga.<\/p>\n","protected":false},"excerpt":{"rendered":"<p>Suurte p\u00fchade ikoon. Kaasas vahetatavad (paberist) j\u00e4rgnevate suurte p\u00fchade ikoonid: Paasa ehk Kristuse \u00fclest\u00f5usmise p\u00fcha, Jumalaema templisseminemise p, Issanda vastuv\u00f5tmise (templisseviimise) p, Issanda ristimise ehk jumalailmumise p, Kristuse s\u00fcndimise p, Jumalaema uinumise p, Jumalaema s\u00fcndimise p, Issandamuutmise p, Issanda taevaminemise p, Kolmainup\u00fcha, palmipuudep\u00fcha ehk Issanda Jeruusalemma minemise p, risti\u00fclendamise p, Jumalaema r\u00f5\u00f5mukuulutamise p. Ikoonikapp puidust, [&hellip;]<\/p>\n","protected":false},"featured_media":44267,"template":"","meta":{"_exactmetrics_skip_tracking":false,"_exactmetrics_sitenote_active":false,"_exactmetrics_sitenote_note":"","_exactmetrics_sitenote_category":0,"_monsterinsights_skip_tracking":false,"_monsterinsights_sitenote_active":false,"_monsterinsights_sitenote_note":"","_monsterinsights_sitenote_category":0},"product_brand":[],"product_cat":[435],"product_tag":[],"class_list":{"0":"post-44266","1":"product","2":"type-product","3":"status-publish","4":"has-post-thumbnail","6":"product_cat-ikoonid","8":"first","9":"instock","10":"shipping-taxable","11":"purchasable","12":"product-type-simple"},"yoast_head":"<!-- This site is optimized with the Yoast SEO plugin v27.5 - https:\/\/yoast.com\/product\/yoast-seo-wordpress\/ -->\n<title>Suurte p\u00fchade ikoon (kirikusse, ca 42 x 32 cm) &#8211; \u00c9glise Orthodoxe d&#039;Estonie<\/title>\n<meta name=\"robots\" content=\"index, follow, max-snippet:-1, max-image-preview:large, max-video-preview:-1\" \/>\n<link rel=\"canonical\" href=\"https:\/\/www.eoc.ee\/pood\/ikoonid\/suurte-puhade-ikoon-kirikusse-ca-42-x-32-cm\/\" \/>\n<meta property=\"og:locale\" content=\"fr_FR\" \/>\n<meta property=\"og:type\" content=\"article\" \/>\n<meta property=\"og:title\" content=\"Suurte p\u00fchade ikoon (kirikusse, ca 42 x 32 cm) &#8211; \u00c9glise Orthodoxe d&#039;Estonie\" \/>\n<meta property=\"og:description\" content=\"Suurte p\u00fchade ikoon. Kaasas vahetatavad (paberist) j\u00e4rgnevate suurte p\u00fchade ikoonid: Paasa ehk Kristuse \u00fclest\u00f5usmise p\u00fcha, Jumalaema templisseminemise p, Issanda vastuv\u00f5tmise (templisseviimise) p, Issanda ristimise ehk jumalailmumise p, Kristuse s\u00fcndimise p, Jumalaema uinumise p, Jumalaema s\u00fcndimise p, Issandamuutmise p, Issanda taevaminemise p, Kolmainup\u00fcha, palmipuudep\u00fcha ehk Issanda Jeruusalemma minemise p, risti\u00fclendamise p, Jumalaema r\u00f5\u00f5mukuulutamise p. Ikoonikapp puidust, [&hellip;]\" \/>\n<meta property=\"og:url\" content=\"https:\/\/www.eoc.ee\/pood\/ikoonid\/suurte-puhade-ikoon-kirikusse-ca-42-x-32-cm\/\" \/>\n<meta property=\"og:site_name\" content=\"\u00c9glise Orthodoxe d&#039;Estonie\" \/>\n<meta property=\"article:modified_time\" content=\"2025-11-05T13:07:24+00:00\" \/>\n<meta property=\"og:image\" content=\"https:\/\/www.eoc.ee\/wp-content\/uploads\/2025\/11\/a1847953-3fdb-43db-92fa-308eed67418f.jpeg\" \/>\n\t<meta property=\"og:image:width\" content=\"1536\" \/>\n\t<meta property=\"og:image:height\" content=\"2048\" \/>\n\t<meta property=\"og:image:type\" content=\"image\/jpeg\" \/>\n<meta name=\"twitter:label1\" content=\"Dur\u00e9e de lecture estim\u00e9e\" \/>\n\t<meta name=\"twitter:data1\" content=\"1 minute\" \/>\n<script type=\"application\/ld+json\" class=\"yoast-schema-graph\">{\"@context\":\"https:\\\/\\\/schema.org\",\"@graph\":[{\"@type\":\"WebPage\",\"@id\":\"https:\\\/\\\/www.eoc.ee\\\/pood\\\/ikoonid\\\/suurte-puhade-ikoon-kirikusse-ca-42-x-32-cm\\\/\",\"url\":\"https:\\\/\\\/www.eoc.ee\\\/pood\\\/ikoonid\\\/suurte-puhade-ikoon-kirikusse-ca-42-x-32-cm\\\/\",\"name\":\"Suurte p\u00fchade ikoon (kirikusse, ca 42 x 32 cm) &#8211; \u00c9glise Orthodoxe d'Estonie\",\"isPartOf\":{\"@id\":\"https:\\\/\\\/www.eoc.ee\\\/#website\"},\"primaryImageOfPage\":{\"@id\":\"https:\\\/\\\/www.eoc.ee\\\/pood\\\/ikoonid\\\/suurte-puhade-ikoon-kirikusse-ca-42-x-32-cm\\\/#primaryimage\"},\"image\":{\"@id\":\"https:\\\/\\\/www.eoc.ee\\\/pood\\\/ikoonid\\\/suurte-puhade-ikoon-kirikusse-ca-42-x-32-cm\\\/#primaryimage\"},\"thumbnailUrl\":\"https:\\\/\\\/www.eoc.ee\\\/wp-content\\\/uploads\\\/2025\\\/11\\\/a1847953-3fdb-43db-92fa-308eed67418f.jpeg\",\"datePublished\":\"2025-11-05T12:38:22+00:00\",\"dateModified\":\"2025-11-05T13:07:24+00:00\",\"breadcrumb\":{\"@id\":\"https:\\\/\\\/www.eoc.ee\\\/pood\\\/ikoonid\\\/suurte-puhade-ikoon-kirikusse-ca-42-x-32-cm\\\/#breadcrumb\"},\"inLanguage\":\"fr-FR\",\"potentialAction\":[{\"@type\":\"ReadAction\",\"target\":[\"https:\\\/\\\/www.eoc.ee\\\/pood\\\/ikoonid\\\/suurte-puhade-ikoon-kirikusse-ca-42-x-32-cm\\\/\"]}]},{\"@type\":\"ImageObject\",\"inLanguage\":\"fr-FR\",\"@id\":\"https:\\\/\\\/www.eoc.ee\\\/pood\\\/ikoonid\\\/suurte-puhade-ikoon-kirikusse-ca-42-x-32-cm\\\/#primaryimage\",\"url\":\"https:\\\/\\\/www.eoc.ee\\\/wp-content\\\/uploads\\\/2025\\\/11\\\/a1847953-3fdb-43db-92fa-308eed67418f.jpeg\",\"contentUrl\":\"https:\\\/\\\/www.eoc.ee\\\/wp-content\\\/uploads\\\/2025\\\/11\\\/a1847953-3fdb-43db-92fa-308eed67418f.jpeg\",\"width\":1536,\"height\":2048},{\"@type\":\"BreadcrumbList\",\"@id\":\"https:\\\/\\\/www.eoc.ee\\\/pood\\\/ikoonid\\\/suurte-puhade-ikoon-kirikusse-ca-42-x-32-cm\\\/#breadcrumb\",\"itemListElement\":[{\"@type\":\"ListItem\",\"position\":1,\"name\":\"Home\",\"item\":\"https:\\\/\\\/www.eoc.ee\\\/\"},{\"@type\":\"ListItem\",\"position\":2,\"name\":\"Suurte p\u00fchade ikoon (kirikusse, ca 42 x 32 cm)\"}]},{\"@type\":\"WebSite\",\"@id\":\"https:\\\/\\\/www.eoc.ee\\\/#website\",\"url\":\"https:\\\/\\\/www.eoc.ee\\\/\",\"name\":\"\u00c9glise Orthodoxe d'Estonie\",\"description\":\"Eesti Apostlik-\u00d5igeusu Kirik\",\"potentialAction\":[{\"@type\":\"SearchAction\",\"target\":{\"@type\":\"EntryPoint\",\"urlTemplate\":\"https:\\\/\\\/www.eoc.ee\\\/?s={search_term_string}\"},\"query-input\":{\"@type\":\"PropertyValueSpecification\",\"valueRequired\":true,\"valueName\":\"search_term_string\"}}],\"inLanguage\":\"fr-FR\"}]}<\/script>\n<!-- \/ Yoast SEO plugin. -->","yoast_head_json":{"title":"Suurte p\u00fchade ikoon (kirikusse, ca 42 x 32 cm) &#8211; \u00c9glise Orthodoxe d'Estonie","robots":{"index":"index","follow":"follow","max-snippet":"max-snippet:-1","max-image-preview":"max-image-preview:large","max-video-preview":"max-video-preview:-1"},"canonical":"https:\/\/www.eoc.ee\/pood\/ikoonid\/suurte-puhade-ikoon-kirikusse-ca-42-x-32-cm\/","og_locale":"fr_FR","og_type":"article","og_title":"Suurte p\u00fchade ikoon (kirikusse, ca 42 x 32 cm) &#8211; \u00c9glise Orthodoxe d'Estonie","og_description":"Suurte p\u00fchade ikoon. Kaasas vahetatavad (paberist) j\u00e4rgnevate suurte p\u00fchade ikoonid: Paasa ehk Kristuse \u00fclest\u00f5usmise p\u00fcha, Jumalaema templisseminemise p, Issanda vastuv\u00f5tmise (templisseviimise) p, Issanda ristimise ehk jumalailmumise p, Kristuse s\u00fcndimise p, Jumalaema uinumise p, Jumalaema s\u00fcndimise p, Issandamuutmise p, Issanda taevaminemise p, Kolmainup\u00fcha, palmipuudep\u00fcha ehk Issanda Jeruusalemma minemise p, risti\u00fclendamise p, Jumalaema r\u00f5\u00f5mukuulutamise p. Ikoonikapp puidust, [&hellip;]","og_url":"https:\/\/www.eoc.ee\/pood\/ikoonid\/suurte-puhade-ikoon-kirikusse-ca-42-x-32-cm\/","og_site_name":"\u00c9glise Orthodoxe d'Estonie","article_modified_time":"2025-11-05T13:07:24+00:00","og_image":[{"width":1536,"height":2048,"url":"https:\/\/www.eoc.ee\/wp-content\/uploads\/2025\/11\/a1847953-3fdb-43db-92fa-308eed67418f.jpeg","type":"image\/jpeg"}],"twitter_misc":{"Dur\u00e9e de lecture estim\u00e9e":"1 minute"},"schema":{"@context":"https:\/\/schema.org","@graph":[{"@type":"WebPage","@id":"https:\/\/www.eoc.ee\/pood\/ikoonid\/suurte-puhade-ikoon-kirikusse-ca-42-x-32-cm\/","url":"https:\/\/www.eoc.ee\/pood\/ikoonid\/suurte-puhade-ikoon-kirikusse-ca-42-x-32-cm\/","name":"Suurte p\u00fchade ikoon (kirikusse, ca 42 x 32 cm) &#8211; \u00c9glise Orthodoxe d'Estonie","isPartOf":{"@id":"https:\/\/www.eoc.ee\/#website"},"primaryImageOfPage":{"@id":"https:\/\/www.eoc.ee\/pood\/ikoonid\/suurte-puhade-ikoon-kirikusse-ca-42-x-32-cm\/#primaryimage"},"image":{"@id":"https:\/\/www.eoc.ee\/pood\/ikoonid\/suurte-puhade-ikoon-kirikusse-ca-42-x-32-cm\/#primaryimage"},"thumbnailUrl":"https:\/\/www.eoc.ee\/wp-content\/uploads\/2025\/11\/a1847953-3fdb-43db-92fa-308eed67418f.jpeg","datePublished":"2025-11-05T12:38:22+00:00","dateModified":"2025-11-05T13:07:24+00:00","breadcrumb":{"@id":"https:\/\/www.eoc.ee\/pood\/ikoonid\/suurte-puhade-ikoon-kirikusse-ca-42-x-32-cm\/#breadcrumb"},"inLanguage":"fr-FR","potentialAction":[{"@type":"ReadAction","target":["https:\/\/www.eoc.ee\/pood\/ikoonid\/suurte-puhade-ikoon-kirikusse-ca-42-x-32-cm\/"]}]},{"@type":"ImageObject","inLanguage":"fr-FR","@id":"https:\/\/www.eoc.ee\/pood\/ikoonid\/suurte-puhade-ikoon-kirikusse-ca-42-x-32-cm\/#primaryimage","url":"https:\/\/www.eoc.ee\/wp-content\/uploads\/2025\/11\/a1847953-3fdb-43db-92fa-308eed67418f.jpeg","contentUrl":"https:\/\/www.eoc.ee\/wp-content\/uploads\/2025\/11\/a1847953-3fdb-43db-92fa-308eed67418f.jpeg","width":1536,"height":2048},{"@type":"BreadcrumbList","@id":"https:\/\/www.eoc.ee\/pood\/ikoonid\/suurte-puhade-ikoon-kirikusse-ca-42-x-32-cm\/#breadcrumb","itemListElement":[{"@type":"ListItem","position":1,"name":"Home","item":"https:\/\/www.eoc.ee\/"},{"@type":"ListItem","position":2,"name":"Suurte p\u00fchade ikoon (kirikusse, ca 42 x 32 cm)"}]},{"@type":"WebSite","@id":"https:\/\/www.eoc.ee\/#website","url":"https:\/\/www.eoc.ee\/","name":"\u00c9glise Orthodoxe d'Estonie","description":"Eesti Apostlik-\u00d5igeusu Kirik","potentialAction":[{"@type":"SearchAction","target":{"@type":"EntryPoint","urlTemplate":"https:\/\/www.eoc.ee\/?s={search_term_string}"},"query-input":{"@type":"PropertyValueSpecification","valueRequired":true,"valueName":"search_term_string"}}],"inLanguage":"fr-FR"}]}},"_links":{"self":[{"href":"https:\/\/www.eoc.ee\/fr\/wp-json\/wp\/v2\/product\/44266","targetHints":{"allow":["GET"]}}],"collection":[{"href":"https:\/\/www.eoc.ee\/fr\/wp-json\/wp\/v2\/product"}],"about":[{"href":"https:\/\/www.eoc.ee\/fr\/wp-json\/wp\/v2\/types\/product"}],"wp:featuredmedia":[{"embeddable":true,"href":"https:\/\/www.eoc.ee\/fr\/wp-json\/wp\/v2\/media\/44267"}],"wp:attachment":[{"href":"https:\/\/www.eoc.ee\/fr\/wp-json\/wp\/v2\/media?parent=44266"}],"wp:term":[{"taxonomy":"product_brand","embeddable":true,"href":"https:\/\/www.eoc.ee\/fr\/wp-json\/wp\/v2\/product_brand?post=44266"},{"taxonomy":"product_cat","embeddable":true,"href":"https:\/\/www.eoc.ee\/fr\/wp-json\/wp\/v2\/product_cat?post=44266"},{"taxonomy":"product_tag","embeddable":true,"href":"https:\/\/www.eoc.ee\/fr\/wp-json\/wp\/v2\/product_tag?post=44266"}],"curies":[{"name":"wp","href":"https:\/\/api.w.org\/{rel}","templated":true}]}}