{"id":45704,"date":"2026-02-03T15:20:25","date_gmt":"2026-02-03T13:20:25","guid":{"rendered":"https:\/\/www.eoc.ee\/?post_type=product&#038;p=45704"},"modified":"2026-02-03T15:20:51","modified_gmt":"2026-02-03T13:20:51","slug":"puha-nikolai-ikooniga-kinkekarp-ikoonitahvli-mootmed-ca-10-5-x-7-cm","status":"publish","type":"product","link":"https:\/\/www.eoc.ee\/fr\/pood\/ikoonid\/puha-nikolai-ikooniga-kinkekarp-ikoonitahvli-mootmed-ca-10-5-x-7-cm\/","title":{"rendered":"P\u00fcha Nikolai ikooniga kinkekarp (ikoonitahvli m\u00f5\u00f5tmed ca 10,5 x 7 cm)"},"content":{"rendered":"<p>P\u00fcha Nikolai ikooniga kinkekarp, sahtlis palven\u00f6\u00f6r-k\u00e4ev\u00f5ru, ohutis, roosi\u00f5li.<\/p>\n","protected":false},"excerpt":{"rendered":"<p>P\u00fcha Nikolai ikooniga kinkekarp, sahtlis palven\u00f6\u00f6r-k\u00e4ev\u00f5ru, ohutis, roosi\u00f5li.<\/p>\n","protected":false},"featured_media":45706,"template":"","meta":{"_exactmetrics_skip_tracking":false,"_exactmetrics_sitenote_active":false,"_exactmetrics_sitenote_note":"","_exactmetrics_sitenote_category":0,"_monsterinsights_skip_tracking":false,"_monsterinsights_sitenote_active":false,"_monsterinsights_sitenote_note":"","_monsterinsights_sitenote_category":0},"product_brand":[],"product_cat":[435,442],"product_tag":[],"class_list":{"0":"post-45704","1":"product","2":"type-product","3":"status-publish","4":"has-post-thumbnail","6":"product_cat-ikoonid","7":"product_cat-palvenoorid","9":"first","10":"instock","11":"shipping-taxable","12":"purchasable","13":"product-type-simple"},"yoast_head":"<!-- This site is optimized with the Yoast SEO plugin v27.4 - https:\/\/yoast.com\/product\/yoast-seo-wordpress\/ -->\n<title>P\u00fcha Nikolai ikooniga kinkekarp (ikoonitahvli m\u00f5\u00f5tmed ca 10,5 x 7 cm) &#8211; \u00c9glise Orthodoxe d&#039;Estonie<\/title>\n<meta name=\"robots\" content=\"index, follow, max-snippet:-1, max-image-preview:large, max-video-preview:-1\" \/>\n<link rel=\"canonical\" href=\"https:\/\/www.eoc.ee\/pood\/ikoonid\/puha-nikolai-ikooniga-kinkekarp-ikoonitahvli-mootmed-ca-10-5-x-7-cm\/\" \/>\n<meta property=\"og:locale\" content=\"fr_FR\" \/>\n<meta property=\"og:type\" content=\"article\" \/>\n<meta property=\"og:title\" content=\"P\u00fcha Nikolai ikooniga kinkekarp (ikoonitahvli m\u00f5\u00f5tmed ca 10,5 x 7 cm) &#8211; \u00c9glise Orthodoxe d&#039;Estonie\" \/>\n<meta property=\"og:description\" content=\"P\u00fcha Nikolai ikooniga kinkekarp, sahtlis palven\u00f6\u00f6r-k\u00e4ev\u00f5ru, ohutis, roosi\u00f5li.\" \/>\n<meta property=\"og:url\" content=\"https:\/\/www.eoc.ee\/pood\/ikoonid\/puha-nikolai-ikooniga-kinkekarp-ikoonitahvli-mootmed-ca-10-5-x-7-cm\/\" \/>\n<meta property=\"og:site_name\" content=\"\u00c9glise Orthodoxe d&#039;Estonie\" \/>\n<meta property=\"article:modified_time\" content=\"2026-02-03T13:20:51+00:00\" \/>\n<meta property=\"og:image\" content=\"https:\/\/www.eoc.ee\/wp-content\/uploads\/2026\/02\/db71aeaf-7c63-488c-81e1-ad2bc548db56.jpeg\" \/>\n\t<meta property=\"og:image:width\" content=\"1536\" \/>\n\t<meta property=\"og:image:height\" content=\"2048\" \/>\n\t<meta property=\"og:image:type\" content=\"image\/jpeg\" \/>\n<meta name=\"twitter:label1\" content=\"Dur\u00e9e de lecture estim\u00e9e\" \/>\n\t<meta name=\"twitter:data1\" content=\"1 minute\" \/>\n<script type=\"application\/ld+json\" class=\"yoast-schema-graph\">{\"@context\":\"https:\\\/\\\/schema.org\",\"@graph\":[{\"@type\":\"WebPage\",\"@id\":\"https:\\\/\\\/www.eoc.ee\\\/pood\\\/ikoonid\\\/puha-nikolai-ikooniga-kinkekarp-ikoonitahvli-mootmed-ca-10-5-x-7-cm\\\/\",\"url\":\"https:\\\/\\\/www.eoc.ee\\\/pood\\\/ikoonid\\\/puha-nikolai-ikooniga-kinkekarp-ikoonitahvli-mootmed-ca-10-5-x-7-cm\\\/\",\"name\":\"P\u00fcha Nikolai ikooniga kinkekarp (ikoonitahvli m\u00f5\u00f5tmed ca 10,5 x 7 cm) &#8211; \u00c9glise Orthodoxe d'Estonie\",\"isPartOf\":{\"@id\":\"https:\\\/\\\/www.eoc.ee\\\/#website\"},\"primaryImageOfPage\":{\"@id\":\"https:\\\/\\\/www.eoc.ee\\\/pood\\\/ikoonid\\\/puha-nikolai-ikooniga-kinkekarp-ikoonitahvli-mootmed-ca-10-5-x-7-cm\\\/#primaryimage\"},\"image\":{\"@id\":\"https:\\\/\\\/www.eoc.ee\\\/pood\\\/ikoonid\\\/puha-nikolai-ikooniga-kinkekarp-ikoonitahvli-mootmed-ca-10-5-x-7-cm\\\/#primaryimage\"},\"thumbnailUrl\":\"https:\\\/\\\/www.eoc.ee\\\/wp-content\\\/uploads\\\/2026\\\/02\\\/db71aeaf-7c63-488c-81e1-ad2bc548db56.jpeg\",\"datePublished\":\"2026-02-03T13:20:25+00:00\",\"dateModified\":\"2026-02-03T13:20:51+00:00\",\"breadcrumb\":{\"@id\":\"https:\\\/\\\/www.eoc.ee\\\/pood\\\/ikoonid\\\/puha-nikolai-ikooniga-kinkekarp-ikoonitahvli-mootmed-ca-10-5-x-7-cm\\\/#breadcrumb\"},\"inLanguage\":\"fr-FR\",\"potentialAction\":[{\"@type\":\"ReadAction\",\"target\":[\"https:\\\/\\\/www.eoc.ee\\\/pood\\\/ikoonid\\\/puha-nikolai-ikooniga-kinkekarp-ikoonitahvli-mootmed-ca-10-5-x-7-cm\\\/\"]}]},{\"@type\":\"ImageObject\",\"inLanguage\":\"fr-FR\",\"@id\":\"https:\\\/\\\/www.eoc.ee\\\/pood\\\/ikoonid\\\/puha-nikolai-ikooniga-kinkekarp-ikoonitahvli-mootmed-ca-10-5-x-7-cm\\\/#primaryimage\",\"url\":\"https:\\\/\\\/www.eoc.ee\\\/wp-content\\\/uploads\\\/2026\\\/02\\\/db71aeaf-7c63-488c-81e1-ad2bc548db56.jpeg\",\"contentUrl\":\"https:\\\/\\\/www.eoc.ee\\\/wp-content\\\/uploads\\\/2026\\\/02\\\/db71aeaf-7c63-488c-81e1-ad2bc548db56.jpeg\",\"width\":1536,\"height\":2048},{\"@type\":\"BreadcrumbList\",\"@id\":\"https:\\\/\\\/www.eoc.ee\\\/pood\\\/ikoonid\\\/puha-nikolai-ikooniga-kinkekarp-ikoonitahvli-mootmed-ca-10-5-x-7-cm\\\/#breadcrumb\",\"itemListElement\":[{\"@type\":\"ListItem\",\"position\":1,\"name\":\"Home\",\"item\":\"https:\\\/\\\/www.eoc.ee\\\/\"},{\"@type\":\"ListItem\",\"position\":2,\"name\":\"P\u00fcha Nikolai ikooniga kinkekarp (ikoonitahvli m\u00f5\u00f5tmed ca 10,5 x 7 cm)\"}]},{\"@type\":\"WebSite\",\"@id\":\"https:\\\/\\\/www.eoc.ee\\\/#website\",\"url\":\"https:\\\/\\\/www.eoc.ee\\\/\",\"name\":\"\u00c9glise Orthodoxe d'Estonie\",\"description\":\"Eesti Apostlik-\u00d5igeusu Kirik\",\"potentialAction\":[{\"@type\":\"SearchAction\",\"target\":{\"@type\":\"EntryPoint\",\"urlTemplate\":\"https:\\\/\\\/www.eoc.ee\\\/?s={search_term_string}\"},\"query-input\":{\"@type\":\"PropertyValueSpecification\",\"valueRequired\":true,\"valueName\":\"search_term_string\"}}],\"inLanguage\":\"fr-FR\"}]}<\/script>\n<!-- \/ Yoast SEO plugin. -->","yoast_head_json":{"title":"P\u00fcha Nikolai ikooniga kinkekarp (ikoonitahvli m\u00f5\u00f5tmed ca 10,5 x 7 cm) &#8211; \u00c9glise Orthodoxe d'Estonie","robots":{"index":"index","follow":"follow","max-snippet":"max-snippet:-1","max-image-preview":"max-image-preview:large","max-video-preview":"max-video-preview:-1"},"canonical":"https:\/\/www.eoc.ee\/pood\/ikoonid\/puha-nikolai-ikooniga-kinkekarp-ikoonitahvli-mootmed-ca-10-5-x-7-cm\/","og_locale":"fr_FR","og_type":"article","og_title":"P\u00fcha Nikolai ikooniga kinkekarp (ikoonitahvli m\u00f5\u00f5tmed ca 10,5 x 7 cm) &#8211; \u00c9glise Orthodoxe d'Estonie","og_description":"P\u00fcha Nikolai ikooniga kinkekarp, sahtlis palven\u00f6\u00f6r-k\u00e4ev\u00f5ru, ohutis, roosi\u00f5li.","og_url":"https:\/\/www.eoc.ee\/pood\/ikoonid\/puha-nikolai-ikooniga-kinkekarp-ikoonitahvli-mootmed-ca-10-5-x-7-cm\/","og_site_name":"\u00c9glise Orthodoxe d'Estonie","article_modified_time":"2026-02-03T13:20:51+00:00","og_image":[{"width":1536,"height":2048,"url":"https:\/\/www.eoc.ee\/wp-content\/uploads\/2026\/02\/db71aeaf-7c63-488c-81e1-ad2bc548db56.jpeg","type":"image\/jpeg"}],"twitter_misc":{"Dur\u00e9e de lecture estim\u00e9e":"1 minute"},"schema":{"@context":"https:\/\/schema.org","@graph":[{"@type":"WebPage","@id":"https:\/\/www.eoc.ee\/pood\/ikoonid\/puha-nikolai-ikooniga-kinkekarp-ikoonitahvli-mootmed-ca-10-5-x-7-cm\/","url":"https:\/\/www.eoc.ee\/pood\/ikoonid\/puha-nikolai-ikooniga-kinkekarp-ikoonitahvli-mootmed-ca-10-5-x-7-cm\/","name":"P\u00fcha Nikolai ikooniga kinkekarp (ikoonitahvli m\u00f5\u00f5tmed ca 10,5 x 7 cm) &#8211; \u00c9glise Orthodoxe d'Estonie","isPartOf":{"@id":"https:\/\/www.eoc.ee\/#website"},"primaryImageOfPage":{"@id":"https:\/\/www.eoc.ee\/pood\/ikoonid\/puha-nikolai-ikooniga-kinkekarp-ikoonitahvli-mootmed-ca-10-5-x-7-cm\/#primaryimage"},"image":{"@id":"https:\/\/www.eoc.ee\/pood\/ikoonid\/puha-nikolai-ikooniga-kinkekarp-ikoonitahvli-mootmed-ca-10-5-x-7-cm\/#primaryimage"},"thumbnailUrl":"https:\/\/www.eoc.ee\/wp-content\/uploads\/2026\/02\/db71aeaf-7c63-488c-81e1-ad2bc548db56.jpeg","datePublished":"2026-02-03T13:20:25+00:00","dateModified":"2026-02-03T13:20:51+00:00","breadcrumb":{"@id":"https:\/\/www.eoc.ee\/pood\/ikoonid\/puha-nikolai-ikooniga-kinkekarp-ikoonitahvli-mootmed-ca-10-5-x-7-cm\/#breadcrumb"},"inLanguage":"fr-FR","potentialAction":[{"@type":"ReadAction","target":["https:\/\/www.eoc.ee\/pood\/ikoonid\/puha-nikolai-ikooniga-kinkekarp-ikoonitahvli-mootmed-ca-10-5-x-7-cm\/"]}]},{"@type":"ImageObject","inLanguage":"fr-FR","@id":"https:\/\/www.eoc.ee\/pood\/ikoonid\/puha-nikolai-ikooniga-kinkekarp-ikoonitahvli-mootmed-ca-10-5-x-7-cm\/#primaryimage","url":"https:\/\/www.eoc.ee\/wp-content\/uploads\/2026\/02\/db71aeaf-7c63-488c-81e1-ad2bc548db56.jpeg","contentUrl":"https:\/\/www.eoc.ee\/wp-content\/uploads\/2026\/02\/db71aeaf-7c63-488c-81e1-ad2bc548db56.jpeg","width":1536,"height":2048},{"@type":"BreadcrumbList","@id":"https:\/\/www.eoc.ee\/pood\/ikoonid\/puha-nikolai-ikooniga-kinkekarp-ikoonitahvli-mootmed-ca-10-5-x-7-cm\/#breadcrumb","itemListElement":[{"@type":"ListItem","position":1,"name":"Home","item":"https:\/\/www.eoc.ee\/"},{"@type":"ListItem","position":2,"name":"P\u00fcha Nikolai ikooniga kinkekarp (ikoonitahvli m\u00f5\u00f5tmed ca 10,5 x 7 cm)"}]},{"@type":"WebSite","@id":"https:\/\/www.eoc.ee\/#website","url":"https:\/\/www.eoc.ee\/","name":"\u00c9glise Orthodoxe d'Estonie","description":"Eesti Apostlik-\u00d5igeusu Kirik","potentialAction":[{"@type":"SearchAction","target":{"@type":"EntryPoint","urlTemplate":"https:\/\/www.eoc.ee\/?s={search_term_string}"},"query-input":{"@type":"PropertyValueSpecification","valueRequired":true,"valueName":"search_term_string"}}],"inLanguage":"fr-FR"}]}},"_links":{"self":[{"href":"https:\/\/www.eoc.ee\/fr\/wp-json\/wp\/v2\/product\/45704","targetHints":{"allow":["GET"]}}],"collection":[{"href":"https:\/\/www.eoc.ee\/fr\/wp-json\/wp\/v2\/product"}],"about":[{"href":"https:\/\/www.eoc.ee\/fr\/wp-json\/wp\/v2\/types\/product"}],"wp:featuredmedia":[{"embeddable":true,"href":"https:\/\/www.eoc.ee\/fr\/wp-json\/wp\/v2\/media\/45706"}],"wp:attachment":[{"href":"https:\/\/www.eoc.ee\/fr\/wp-json\/wp\/v2\/media?parent=45704"}],"wp:term":[{"taxonomy":"product_brand","embeddable":true,"href":"https:\/\/www.eoc.ee\/fr\/wp-json\/wp\/v2\/product_brand?post=45704"},{"taxonomy":"product_cat","embeddable":true,"href":"https:\/\/www.eoc.ee\/fr\/wp-json\/wp\/v2\/product_cat?post=45704"},{"taxonomy":"product_tag","embeddable":true,"href":"https:\/\/www.eoc.ee\/fr\/wp-json\/wp\/v2\/product_tag?post=45704"}],"curies":[{"name":"wp","href":"https:\/\/api.w.org\/{rel}","templated":true}]}}