{"id":46675,"date":"2026-03-24T14:57:57","date_gmt":"2026-03-24T12:57:57","guid":{"rendered":"https:\/\/www.eoc.ee\/?post_type=product&#038;p=46675"},"modified":"2026-03-24T14:57:57","modified_gmt":"2026-03-24T12:57:57","slug":"ripatsiga-k-ev-ru-valikus-5-erinevat-v-rvi","status":"publish","type":"product","link":"https:\/\/www.eoc.ee\/fr\/pood\/maaramata\/ripatsiga-k-ev-ru-valikus-5-erinevat-v-rvi\/","title":{"rendered":"Ripatsiga k\u00e4ev\u00f5ru (valikus 5 erinevat v\u00e4rvi)"},"content":{"rendered":"<p>Ristikujulise ripatsiga k\u00e4ev\u00f5ru. Metallist, aga veniva paelaga. Tellides palume kirjutada, millist v\u00e4rvi soovite. Valikus on rohelise, sinise, punase, lilla ja valge ristiga k\u00e4ev\u00f5rud.<\/p>\n","protected":false},"excerpt":{"rendered":"<p>Ristikujulise ripatsiga k\u00e4ev\u00f5ru. Metallist, aga veniva paelaga. Tellides palume kirjutada, millist v\u00e4rvi soovite. Valikus on rohelise, sinise, punase, lilla ja valge ristiga k\u00e4ev\u00f5rud.<\/p>\n","protected":false},"featured_media":46676,"template":"","meta":{"_exactmetrics_skip_tracking":false,"_exactmetrics_sitenote_active":false,"_exactmetrics_sitenote_note":"","_exactmetrics_sitenote_category":0,"_monsterinsights_skip_tracking":false,"_monsterinsights_sitenote_active":false,"_monsterinsights_sitenote_note":"","_monsterinsights_sitenote_category":0},"product_brand":[],"product_cat":[217],"product_tag":[],"class_list":{"0":"post-46675","1":"product","2":"type-product","3":"status-publish","4":"has-post-thumbnail","6":"product_cat-maaramata","8":"first","9":"instock","10":"shipping-taxable","11":"purchasable","12":"product-type-simple"},"yoast_head":"<!-- This site is optimized with the Yoast SEO plugin v27.5 - https:\/\/yoast.com\/product\/yoast-seo-wordpress\/ -->\n<title>Ripatsiga k\u00e4ev\u00f5ru (valikus 5 erinevat v\u00e4rvi) &#8211; \u00c9glise Orthodoxe d&#039;Estonie<\/title>\n<meta name=\"robots\" content=\"index, follow, max-snippet:-1, max-image-preview:large, max-video-preview:-1\" \/>\n<link rel=\"canonical\" href=\"https:\/\/www.eoc.ee\/pood\/maaramata\/ripatsiga-k-ev-ru-valikus-5-erinevat-v-rvi\/\" \/>\n<meta property=\"og:locale\" content=\"fr_FR\" \/>\n<meta property=\"og:type\" content=\"article\" \/>\n<meta property=\"og:title\" content=\"Ripatsiga k\u00e4ev\u00f5ru (valikus 5 erinevat v\u00e4rvi) &#8211; \u00c9glise Orthodoxe d&#039;Estonie\" \/>\n<meta property=\"og:description\" content=\"Ristikujulise ripatsiga k\u00e4ev\u00f5ru. Metallist, aga veniva paelaga. Tellides palume kirjutada, millist v\u00e4rvi soovite. Valikus on rohelise, sinise, punase, lilla ja valge ristiga k\u00e4ev\u00f5rud.\" \/>\n<meta property=\"og:url\" content=\"https:\/\/www.eoc.ee\/pood\/maaramata\/ripatsiga-k-ev-ru-valikus-5-erinevat-v-rvi\/\" \/>\n<meta property=\"og:site_name\" content=\"\u00c9glise Orthodoxe d&#039;Estonie\" \/>\n<meta property=\"og:image\" content=\"https:\/\/www.eoc.ee\/wp-content\/uploads\/2026\/03\/2861c1db-141d-4297-bd21-a89824e7f397.jpeg\" \/>\n\t<meta property=\"og:image:width\" content=\"1262\" \/>\n\t<meta property=\"og:image:height\" content=\"890\" \/>\n\t<meta property=\"og:image:type\" content=\"image\/jpeg\" \/>\n<meta name=\"twitter:label1\" content=\"Dur\u00e9e de lecture estim\u00e9e\" \/>\n\t<meta name=\"twitter:data1\" content=\"1 minute\" \/>\n<script type=\"application\/ld+json\" class=\"yoast-schema-graph\">{\"@context\":\"https:\\\/\\\/schema.org\",\"@graph\":[{\"@type\":\"WebPage\",\"@id\":\"https:\\\/\\\/www.eoc.ee\\\/pood\\\/maaramata\\\/ripatsiga-k-ev-ru-valikus-5-erinevat-v-rvi\\\/\",\"url\":\"https:\\\/\\\/www.eoc.ee\\\/pood\\\/maaramata\\\/ripatsiga-k-ev-ru-valikus-5-erinevat-v-rvi\\\/\",\"name\":\"Ripatsiga k\u00e4ev\u00f5ru (valikus 5 erinevat v\u00e4rvi) &#8211; \u00c9glise Orthodoxe d'Estonie\",\"isPartOf\":{\"@id\":\"https:\\\/\\\/www.eoc.ee\\\/#website\"},\"primaryImageOfPage\":{\"@id\":\"https:\\\/\\\/www.eoc.ee\\\/pood\\\/maaramata\\\/ripatsiga-k-ev-ru-valikus-5-erinevat-v-rvi\\\/#primaryimage\"},\"image\":{\"@id\":\"https:\\\/\\\/www.eoc.ee\\\/pood\\\/maaramata\\\/ripatsiga-k-ev-ru-valikus-5-erinevat-v-rvi\\\/#primaryimage\"},\"thumbnailUrl\":\"https:\\\/\\\/www.eoc.ee\\\/wp-content\\\/uploads\\\/2026\\\/03\\\/2861c1db-141d-4297-bd21-a89824e7f397.jpeg\",\"datePublished\":\"2026-03-24T12:57:57+00:00\",\"breadcrumb\":{\"@id\":\"https:\\\/\\\/www.eoc.ee\\\/pood\\\/maaramata\\\/ripatsiga-k-ev-ru-valikus-5-erinevat-v-rvi\\\/#breadcrumb\"},\"inLanguage\":\"fr-FR\",\"potentialAction\":[{\"@type\":\"ReadAction\",\"target\":[\"https:\\\/\\\/www.eoc.ee\\\/pood\\\/maaramata\\\/ripatsiga-k-ev-ru-valikus-5-erinevat-v-rvi\\\/\"]}]},{\"@type\":\"ImageObject\",\"inLanguage\":\"fr-FR\",\"@id\":\"https:\\\/\\\/www.eoc.ee\\\/pood\\\/maaramata\\\/ripatsiga-k-ev-ru-valikus-5-erinevat-v-rvi\\\/#primaryimage\",\"url\":\"https:\\\/\\\/www.eoc.ee\\\/wp-content\\\/uploads\\\/2026\\\/03\\\/2861c1db-141d-4297-bd21-a89824e7f397.jpeg\",\"contentUrl\":\"https:\\\/\\\/www.eoc.ee\\\/wp-content\\\/uploads\\\/2026\\\/03\\\/2861c1db-141d-4297-bd21-a89824e7f397.jpeg\",\"width\":1262,\"height\":890},{\"@type\":\"BreadcrumbList\",\"@id\":\"https:\\\/\\\/www.eoc.ee\\\/pood\\\/maaramata\\\/ripatsiga-k-ev-ru-valikus-5-erinevat-v-rvi\\\/#breadcrumb\",\"itemListElement\":[{\"@type\":\"ListItem\",\"position\":1,\"name\":\"Home\",\"item\":\"https:\\\/\\\/www.eoc.ee\\\/\"},{\"@type\":\"ListItem\",\"position\":2,\"name\":\"Ripatsiga k\u00e4ev\u00f5ru (valikus 5 erinevat v\u00e4rvi)\"}]},{\"@type\":\"WebSite\",\"@id\":\"https:\\\/\\\/www.eoc.ee\\\/#website\",\"url\":\"https:\\\/\\\/www.eoc.ee\\\/\",\"name\":\"\u00c9glise Orthodoxe d'Estonie\",\"description\":\"Eesti Apostlik-\u00d5igeusu Kirik\",\"potentialAction\":[{\"@type\":\"SearchAction\",\"target\":{\"@type\":\"EntryPoint\",\"urlTemplate\":\"https:\\\/\\\/www.eoc.ee\\\/?s={search_term_string}\"},\"query-input\":{\"@type\":\"PropertyValueSpecification\",\"valueRequired\":true,\"valueName\":\"search_term_string\"}}],\"inLanguage\":\"fr-FR\"}]}<\/script>\n<!-- \/ Yoast SEO plugin. -->","yoast_head_json":{"title":"Ripatsiga k\u00e4ev\u00f5ru (valikus 5 erinevat v\u00e4rvi) &#8211; \u00c9glise Orthodoxe d'Estonie","robots":{"index":"index","follow":"follow","max-snippet":"max-snippet:-1","max-image-preview":"max-image-preview:large","max-video-preview":"max-video-preview:-1"},"canonical":"https:\/\/www.eoc.ee\/pood\/maaramata\/ripatsiga-k-ev-ru-valikus-5-erinevat-v-rvi\/","og_locale":"fr_FR","og_type":"article","og_title":"Ripatsiga k\u00e4ev\u00f5ru (valikus 5 erinevat v\u00e4rvi) &#8211; \u00c9glise Orthodoxe d'Estonie","og_description":"Ristikujulise ripatsiga k\u00e4ev\u00f5ru. Metallist, aga veniva paelaga. Tellides palume kirjutada, millist v\u00e4rvi soovite. Valikus on rohelise, sinise, punase, lilla ja valge ristiga k\u00e4ev\u00f5rud.","og_url":"https:\/\/www.eoc.ee\/pood\/maaramata\/ripatsiga-k-ev-ru-valikus-5-erinevat-v-rvi\/","og_site_name":"\u00c9glise Orthodoxe d'Estonie","og_image":[{"width":1262,"height":890,"url":"https:\/\/www.eoc.ee\/wp-content\/uploads\/2026\/03\/2861c1db-141d-4297-bd21-a89824e7f397.jpeg","type":"image\/jpeg"}],"twitter_misc":{"Dur\u00e9e de lecture estim\u00e9e":"1 minute"},"schema":{"@context":"https:\/\/schema.org","@graph":[{"@type":"WebPage","@id":"https:\/\/www.eoc.ee\/pood\/maaramata\/ripatsiga-k-ev-ru-valikus-5-erinevat-v-rvi\/","url":"https:\/\/www.eoc.ee\/pood\/maaramata\/ripatsiga-k-ev-ru-valikus-5-erinevat-v-rvi\/","name":"Ripatsiga k\u00e4ev\u00f5ru (valikus 5 erinevat v\u00e4rvi) &#8211; \u00c9glise Orthodoxe d'Estonie","isPartOf":{"@id":"https:\/\/www.eoc.ee\/#website"},"primaryImageOfPage":{"@id":"https:\/\/www.eoc.ee\/pood\/maaramata\/ripatsiga-k-ev-ru-valikus-5-erinevat-v-rvi\/#primaryimage"},"image":{"@id":"https:\/\/www.eoc.ee\/pood\/maaramata\/ripatsiga-k-ev-ru-valikus-5-erinevat-v-rvi\/#primaryimage"},"thumbnailUrl":"https:\/\/www.eoc.ee\/wp-content\/uploads\/2026\/03\/2861c1db-141d-4297-bd21-a89824e7f397.jpeg","datePublished":"2026-03-24T12:57:57+00:00","breadcrumb":{"@id":"https:\/\/www.eoc.ee\/pood\/maaramata\/ripatsiga-k-ev-ru-valikus-5-erinevat-v-rvi\/#breadcrumb"},"inLanguage":"fr-FR","potentialAction":[{"@type":"ReadAction","target":["https:\/\/www.eoc.ee\/pood\/maaramata\/ripatsiga-k-ev-ru-valikus-5-erinevat-v-rvi\/"]}]},{"@type":"ImageObject","inLanguage":"fr-FR","@id":"https:\/\/www.eoc.ee\/pood\/maaramata\/ripatsiga-k-ev-ru-valikus-5-erinevat-v-rvi\/#primaryimage","url":"https:\/\/www.eoc.ee\/wp-content\/uploads\/2026\/03\/2861c1db-141d-4297-bd21-a89824e7f397.jpeg","contentUrl":"https:\/\/www.eoc.ee\/wp-content\/uploads\/2026\/03\/2861c1db-141d-4297-bd21-a89824e7f397.jpeg","width":1262,"height":890},{"@type":"BreadcrumbList","@id":"https:\/\/www.eoc.ee\/pood\/maaramata\/ripatsiga-k-ev-ru-valikus-5-erinevat-v-rvi\/#breadcrumb","itemListElement":[{"@type":"ListItem","position":1,"name":"Home","item":"https:\/\/www.eoc.ee\/"},{"@type":"ListItem","position":2,"name":"Ripatsiga k\u00e4ev\u00f5ru (valikus 5 erinevat v\u00e4rvi)"}]},{"@type":"WebSite","@id":"https:\/\/www.eoc.ee\/#website","url":"https:\/\/www.eoc.ee\/","name":"\u00c9glise Orthodoxe d'Estonie","description":"Eesti Apostlik-\u00d5igeusu Kirik","potentialAction":[{"@type":"SearchAction","target":{"@type":"EntryPoint","urlTemplate":"https:\/\/www.eoc.ee\/?s={search_term_string}"},"query-input":{"@type":"PropertyValueSpecification","valueRequired":true,"valueName":"search_term_string"}}],"inLanguage":"fr-FR"}]}},"_links":{"self":[{"href":"https:\/\/www.eoc.ee\/fr\/wp-json\/wp\/v2\/product\/46675","targetHints":{"allow":["GET"]}}],"collection":[{"href":"https:\/\/www.eoc.ee\/fr\/wp-json\/wp\/v2\/product"}],"about":[{"href":"https:\/\/www.eoc.ee\/fr\/wp-json\/wp\/v2\/types\/product"}],"wp:featuredmedia":[{"embeddable":true,"href":"https:\/\/www.eoc.ee\/fr\/wp-json\/wp\/v2\/media\/46676"}],"wp:attachment":[{"href":"https:\/\/www.eoc.ee\/fr\/wp-json\/wp\/v2\/media?parent=46675"}],"wp:term":[{"taxonomy":"product_brand","embeddable":true,"href":"https:\/\/www.eoc.ee\/fr\/wp-json\/wp\/v2\/product_brand?post=46675"},{"taxonomy":"product_cat","embeddable":true,"href":"https:\/\/www.eoc.ee\/fr\/wp-json\/wp\/v2\/product_cat?post=46675"},{"taxonomy":"product_tag","embeddable":true,"href":"https:\/\/www.eoc.ee\/fr\/wp-json\/wp\/v2\/product_tag?post=46675"}],"curies":[{"name":"wp","href":"https:\/\/api.w.org\/{rel}","templated":true}]}}