{"id":46810,"date":"2026-04-22T15:00:28","date_gmt":"2026-04-22T12:00:28","guid":{"rendered":"https:\/\/www.eoc.ee\/?post_type=product&#038;p=46810"},"modified":"2026-04-22T15:00:28","modified_gmt":"2026-04-22T12:00:28","slug":"sooduspakkumine-kolmest-raamatust-koosnev-komplekt","status":"publish","type":"product","link":"https:\/\/www.eoc.ee\/fr\/pood\/eestikeelne-kirjandus\/sooduspakkumine-kolmest-raamatust-koosnev-komplekt\/","title":{"rendered":"SOODUSPAKKUMINE, kolmest raamatust koosnev komplekt"},"content":{"rendered":"<p>Komplekti kuuluvad:<\/p>\n<p>P\u00fcha Johannes Kuldsuu \u00ab\u00a0Jutlused meeleparandusest\u00a0\u00bb<\/p>\n<blockquote class=\"wp-embedded-content\" data-secret=\"VWZki1Nwh3\"><p><a href=\"https:\/\/www.eoc.ee\/pood\/eestikeelne-kirjandus\/puha-johannes-kuldsuu-jutlused-meeleparandusest\/\">P\u00fcha Johannes Kuldsuu JUTLUSED MEELEPARANDUSEST<\/a><\/p><\/blockquote>\n<p><iframe loading=\"lazy\" class=\"wp-embedded-content\" sandbox=\"allow-scripts\" security=\"restricted\" style=\"position: absolute; visibility: hidden;\" title=\"&#8220;P\u00fcha Johannes Kuldsuu JUTLUSED MEELEPARANDUSEST&#8221; &#8212; Eesti Apostlik-\u00d5igeusu Kirik\" src=\"https:\/\/www.eoc.ee\/pood\/eestikeelne-kirjandus\/puha-johannes-kuldsuu-jutlused-meeleparandusest\/embed\/#?secret=IkbeckuVNm#?secret=VWZki1Nwh3\" data-secret=\"VWZki1Nwh3\" width=\"500\" height=\"282\" frameborder=\"0\" marginwidth=\"0\" marginheight=\"0\" scrolling=\"no\"><\/iframe><\/p>\n<p>Oikumeenilise Patriarhaadi arhimandriit (n\u00fc\u00fcdne Austraalia ja kogu Okeaani peapiiskop) Makarios Griniezakis \u00ab\u00a0Andestamise j\u00f5ud. Hingehoiu ja eetika k\u00fcsimusi.\u00a0\u00bb<\/p>\n<blockquote class=\"wp-embedded-content\" data-secret=\"67AKrzr1TP\"><p><a href=\"https:\/\/www.eoc.ee\/pood\/eestikeelne-kirjandus\/andestamise-joud-hingehoiu-ja-eetika-kusimusi\/\">Andestamise j\u00f5ud. Hingehoiu ja eetika k\u00fcsimusi<\/a><\/p><\/blockquote>\n<p><iframe loading=\"lazy\" class=\"wp-embedded-content\" sandbox=\"allow-scripts\" security=\"restricted\" style=\"position: absolute; visibility: hidden;\" title=\"&#8220;Andestamise j\u00f5ud. Hingehoiu ja eetika k\u00fcsimusi&#8221; &#8212; Eesti Apostlik-\u00d5igeusu Kirik\" src=\"https:\/\/www.eoc.ee\/pood\/eestikeelne-kirjandus\/andestamise-joud-hingehoiu-ja-eetika-kusimusi\/embed\/#?secret=K8js5Vj9KY#?secret=67AKrzr1TP\" data-secret=\"67AKrzr1TP\" width=\"500\" height=\"282\" frameborder=\"0\" marginwidth=\"0\" marginheight=\"0\" scrolling=\"no\"><\/iframe><\/p>\n<p>Suro\u017ei peapiiskop Anthony (Bloom) \u00ab\u00a0Elav palve\u00a0\u00bb<\/p>\n<blockquote class=\"wp-embedded-content\" data-secret=\"VesWBX6kFS\"><p><a href=\"https:\/\/www.eoc.ee\/pood\/eestikeelne-kirjandus\/elav-palve\/\">Elav palve<\/a><\/p><\/blockquote>\n<p><iframe loading=\"lazy\" class=\"wp-embedded-content\" sandbox=\"allow-scripts\" security=\"restricted\" style=\"position: absolute; visibility: hidden;\" title=\"&#8220;Elav palve&#8221; &#8212; Eesti Apostlik-\u00d5igeusu Kirik\" src=\"https:\/\/www.eoc.ee\/pood\/eestikeelne-kirjandus\/elav-palve\/embed\/#?secret=BYG1ElHViC#?secret=VesWBX6kFS\" data-secret=\"VesWBX6kFS\" width=\"500\" height=\"282\" frameborder=\"0\" marginwidth=\"0\" marginheight=\"0\" scrolling=\"no\"><\/iframe><\/p>\n<p>&nbsp;<\/p>\n","protected":false},"excerpt":{"rendered":"<p>Komplekti kuuluvad: P\u00fcha Johannes Kuldsuu \u00ab\u00a0Jutlused meeleparandusest\u00a0\u00bb P\u00fcha Johannes Kuldsuu JUTLUSED MEELEPARANDUSEST Oikumeenilise Patriarhaadi arhimandriit (n\u00fc\u00fcdne Austraalia ja kogu Okeaani peapiiskop) Makarios Griniezakis \u00ab\u00a0Andestamise j\u00f5ud. Hingehoiu ja eetika k\u00fcsimusi.\u00a0\u00bb Andestamise j\u00f5ud. Hingehoiu ja eetika k\u00fcsimusi Suro\u017ei peapiiskop Anthony (Bloom) \u00ab\u00a0Elav palve\u00a0\u00bb Elav palve &nbsp;<\/p>\n","protected":false},"featured_media":46811,"template":"","meta":{"_exactmetrics_skip_tracking":false,"_exactmetrics_sitenote_active":false,"_exactmetrics_sitenote_note":"","_exactmetrics_sitenote_category":0,"_monsterinsights_skip_tracking":false,"_monsterinsights_sitenote_active":false,"_monsterinsights_sitenote_note":"","_monsterinsights_sitenote_category":0},"product_brand":[],"product_cat":[222],"product_tag":[],"class_list":{"0":"post-46810","1":"product","2":"type-product","3":"status-publish","4":"has-post-thumbnail","6":"product_cat-eestikeelne-kirjandus","8":"first","9":"instock","10":"shipping-taxable","11":"purchasable","12":"product-type-simple"},"yoast_head":"<!-- This site is optimized with the Yoast SEO plugin v27.5 - https:\/\/yoast.com\/product\/yoast-seo-wordpress\/ -->\n<title>SOODUSPAKKUMINE, kolmest raamatust koosnev komplekt &#8211; \u00c9glise Orthodoxe d&#039;Estonie<\/title>\n<meta name=\"robots\" content=\"index, follow, max-snippet:-1, max-image-preview:large, max-video-preview:-1\" \/>\n<link rel=\"canonical\" href=\"https:\/\/www.eoc.ee\/pood\/eestikeelne-kirjandus\/sooduspakkumine-kolmest-raamatust-koosnev-komplekt\/\" \/>\n<meta property=\"og:locale\" content=\"fr_FR\" \/>\n<meta property=\"og:type\" content=\"article\" \/>\n<meta property=\"og:title\" content=\"SOODUSPAKKUMINE, kolmest raamatust koosnev komplekt &#8211; \u00c9glise Orthodoxe d&#039;Estonie\" \/>\n<meta property=\"og:description\" content=\"Komplekti kuuluvad: P\u00fcha Johannes Kuldsuu \u00ab\u00a0Jutlused meeleparandusest\u00a0\u00bb P\u00fcha Johannes Kuldsuu JUTLUSED MEELEPARANDUSEST Oikumeenilise Patriarhaadi arhimandriit (n\u00fc\u00fcdne Austraalia ja kogu Okeaani peapiiskop) Makarios Griniezakis \u00ab\u00a0Andestamise j\u00f5ud. Hingehoiu ja eetika k\u00fcsimusi.\u00a0\u00bb Andestamise j\u00f5ud. Hingehoiu ja eetika k\u00fcsimusi Suro\u017ei peapiiskop Anthony (Bloom) \u00ab\u00a0Elav palve\u00a0\u00bb Elav palve &nbsp;\" \/>\n<meta property=\"og:url\" content=\"https:\/\/www.eoc.ee\/pood\/eestikeelne-kirjandus\/sooduspakkumine-kolmest-raamatust-koosnev-komplekt\/\" \/>\n<meta property=\"og:site_name\" content=\"\u00c9glise Orthodoxe d&#039;Estonie\" \/>\n<meta property=\"og:image\" content=\"https:\/\/www.eoc.ee\/wp-content\/uploads\/2026\/04\/2f90622b-05e7-48dc-a303-ddbc8b1481ec-scaled.jpeg\" \/>\n\t<meta property=\"og:image:width\" content=\"2560\" \/>\n\t<meta property=\"og:image:height\" content=\"1152\" \/>\n\t<meta property=\"og:image:type\" content=\"image\/jpeg\" \/>\n<meta name=\"twitter:label1\" content=\"Dur\u00e9e de lecture estim\u00e9e\" \/>\n\t<meta name=\"twitter:data1\" content=\"1 minute\" \/>\n<script type=\"application\/ld+json\" class=\"yoast-schema-graph\">{\"@context\":\"https:\\\/\\\/schema.org\",\"@graph\":[{\"@type\":\"WebPage\",\"@id\":\"https:\\\/\\\/www.eoc.ee\\\/pood\\\/eestikeelne-kirjandus\\\/sooduspakkumine-kolmest-raamatust-koosnev-komplekt\\\/\",\"url\":\"https:\\\/\\\/www.eoc.ee\\\/pood\\\/eestikeelne-kirjandus\\\/sooduspakkumine-kolmest-raamatust-koosnev-komplekt\\\/\",\"name\":\"SOODUSPAKKUMINE, kolmest raamatust koosnev komplekt &#8211; \u00c9glise Orthodoxe d'Estonie\",\"isPartOf\":{\"@id\":\"https:\\\/\\\/www.eoc.ee\\\/#website\"},\"primaryImageOfPage\":{\"@id\":\"https:\\\/\\\/www.eoc.ee\\\/pood\\\/eestikeelne-kirjandus\\\/sooduspakkumine-kolmest-raamatust-koosnev-komplekt\\\/#primaryimage\"},\"image\":{\"@id\":\"https:\\\/\\\/www.eoc.ee\\\/pood\\\/eestikeelne-kirjandus\\\/sooduspakkumine-kolmest-raamatust-koosnev-komplekt\\\/#primaryimage\"},\"thumbnailUrl\":\"https:\\\/\\\/www.eoc.ee\\\/wp-content\\\/uploads\\\/2026\\\/04\\\/2f90622b-05e7-48dc-a303-ddbc8b1481ec-scaled.jpeg\",\"datePublished\":\"2026-04-22T12:00:28+00:00\",\"breadcrumb\":{\"@id\":\"https:\\\/\\\/www.eoc.ee\\\/pood\\\/eestikeelne-kirjandus\\\/sooduspakkumine-kolmest-raamatust-koosnev-komplekt\\\/#breadcrumb\"},\"inLanguage\":\"fr-FR\",\"potentialAction\":[{\"@type\":\"ReadAction\",\"target\":[\"https:\\\/\\\/www.eoc.ee\\\/pood\\\/eestikeelne-kirjandus\\\/sooduspakkumine-kolmest-raamatust-koosnev-komplekt\\\/\"]}]},{\"@type\":\"ImageObject\",\"inLanguage\":\"fr-FR\",\"@id\":\"https:\\\/\\\/www.eoc.ee\\\/pood\\\/eestikeelne-kirjandus\\\/sooduspakkumine-kolmest-raamatust-koosnev-komplekt\\\/#primaryimage\",\"url\":\"https:\\\/\\\/www.eoc.ee\\\/wp-content\\\/uploads\\\/2026\\\/04\\\/2f90622b-05e7-48dc-a303-ddbc8b1481ec-scaled.jpeg\",\"contentUrl\":\"https:\\\/\\\/www.eoc.ee\\\/wp-content\\\/uploads\\\/2026\\\/04\\\/2f90622b-05e7-48dc-a303-ddbc8b1481ec-scaled.jpeg\",\"width\":2560,\"height\":1152},{\"@type\":\"BreadcrumbList\",\"@id\":\"https:\\\/\\\/www.eoc.ee\\\/pood\\\/eestikeelne-kirjandus\\\/sooduspakkumine-kolmest-raamatust-koosnev-komplekt\\\/#breadcrumb\",\"itemListElement\":[{\"@type\":\"ListItem\",\"position\":1,\"name\":\"Home\",\"item\":\"https:\\\/\\\/www.eoc.ee\\\/\"},{\"@type\":\"ListItem\",\"position\":2,\"name\":\"SOODUSPAKKUMINE, kolmest raamatust koosnev komplekt\"}]},{\"@type\":\"WebSite\",\"@id\":\"https:\\\/\\\/www.eoc.ee\\\/#website\",\"url\":\"https:\\\/\\\/www.eoc.ee\\\/\",\"name\":\"\u00c9glise Orthodoxe d'Estonie\",\"description\":\"Eesti Apostlik-\u00d5igeusu Kirik\",\"potentialAction\":[{\"@type\":\"SearchAction\",\"target\":{\"@type\":\"EntryPoint\",\"urlTemplate\":\"https:\\\/\\\/www.eoc.ee\\\/?s={search_term_string}\"},\"query-input\":{\"@type\":\"PropertyValueSpecification\",\"valueRequired\":true,\"valueName\":\"search_term_string\"}}],\"inLanguage\":\"fr-FR\"}]}<\/script>\n<!-- \/ Yoast SEO plugin. -->","yoast_head_json":{"title":"SOODUSPAKKUMINE, kolmest raamatust koosnev komplekt &#8211; \u00c9glise Orthodoxe d'Estonie","robots":{"index":"index","follow":"follow","max-snippet":"max-snippet:-1","max-image-preview":"max-image-preview:large","max-video-preview":"max-video-preview:-1"},"canonical":"https:\/\/www.eoc.ee\/pood\/eestikeelne-kirjandus\/sooduspakkumine-kolmest-raamatust-koosnev-komplekt\/","og_locale":"fr_FR","og_type":"article","og_title":"SOODUSPAKKUMINE, kolmest raamatust koosnev komplekt &#8211; \u00c9glise Orthodoxe d'Estonie","og_description":"Komplekti kuuluvad: P\u00fcha Johannes Kuldsuu \u00ab\u00a0Jutlused meeleparandusest\u00a0\u00bb P\u00fcha Johannes Kuldsuu JUTLUSED MEELEPARANDUSEST Oikumeenilise Patriarhaadi arhimandriit (n\u00fc\u00fcdne Austraalia ja kogu Okeaani peapiiskop) Makarios Griniezakis \u00ab\u00a0Andestamise j\u00f5ud. Hingehoiu ja eetika k\u00fcsimusi.\u00a0\u00bb Andestamise j\u00f5ud. Hingehoiu ja eetika k\u00fcsimusi Suro\u017ei peapiiskop Anthony (Bloom) \u00ab\u00a0Elav palve\u00a0\u00bb Elav palve &nbsp;","og_url":"https:\/\/www.eoc.ee\/pood\/eestikeelne-kirjandus\/sooduspakkumine-kolmest-raamatust-koosnev-komplekt\/","og_site_name":"\u00c9glise Orthodoxe d'Estonie","og_image":[{"width":2560,"height":1152,"url":"https:\/\/www.eoc.ee\/wp-content\/uploads\/2026\/04\/2f90622b-05e7-48dc-a303-ddbc8b1481ec-scaled.jpeg","type":"image\/jpeg"}],"twitter_misc":{"Dur\u00e9e de lecture estim\u00e9e":"1 minute"},"schema":{"@context":"https:\/\/schema.org","@graph":[{"@type":"WebPage","@id":"https:\/\/www.eoc.ee\/pood\/eestikeelne-kirjandus\/sooduspakkumine-kolmest-raamatust-koosnev-komplekt\/","url":"https:\/\/www.eoc.ee\/pood\/eestikeelne-kirjandus\/sooduspakkumine-kolmest-raamatust-koosnev-komplekt\/","name":"SOODUSPAKKUMINE, kolmest raamatust koosnev komplekt &#8211; \u00c9glise Orthodoxe d'Estonie","isPartOf":{"@id":"https:\/\/www.eoc.ee\/#website"},"primaryImageOfPage":{"@id":"https:\/\/www.eoc.ee\/pood\/eestikeelne-kirjandus\/sooduspakkumine-kolmest-raamatust-koosnev-komplekt\/#primaryimage"},"image":{"@id":"https:\/\/www.eoc.ee\/pood\/eestikeelne-kirjandus\/sooduspakkumine-kolmest-raamatust-koosnev-komplekt\/#primaryimage"},"thumbnailUrl":"https:\/\/www.eoc.ee\/wp-content\/uploads\/2026\/04\/2f90622b-05e7-48dc-a303-ddbc8b1481ec-scaled.jpeg","datePublished":"2026-04-22T12:00:28+00:00","breadcrumb":{"@id":"https:\/\/www.eoc.ee\/pood\/eestikeelne-kirjandus\/sooduspakkumine-kolmest-raamatust-koosnev-komplekt\/#breadcrumb"},"inLanguage":"fr-FR","potentialAction":[{"@type":"ReadAction","target":["https:\/\/www.eoc.ee\/pood\/eestikeelne-kirjandus\/sooduspakkumine-kolmest-raamatust-koosnev-komplekt\/"]}]},{"@type":"ImageObject","inLanguage":"fr-FR","@id":"https:\/\/www.eoc.ee\/pood\/eestikeelne-kirjandus\/sooduspakkumine-kolmest-raamatust-koosnev-komplekt\/#primaryimage","url":"https:\/\/www.eoc.ee\/wp-content\/uploads\/2026\/04\/2f90622b-05e7-48dc-a303-ddbc8b1481ec-scaled.jpeg","contentUrl":"https:\/\/www.eoc.ee\/wp-content\/uploads\/2026\/04\/2f90622b-05e7-48dc-a303-ddbc8b1481ec-scaled.jpeg","width":2560,"height":1152},{"@type":"BreadcrumbList","@id":"https:\/\/www.eoc.ee\/pood\/eestikeelne-kirjandus\/sooduspakkumine-kolmest-raamatust-koosnev-komplekt\/#breadcrumb","itemListElement":[{"@type":"ListItem","position":1,"name":"Home","item":"https:\/\/www.eoc.ee\/"},{"@type":"ListItem","position":2,"name":"SOODUSPAKKUMINE, kolmest raamatust koosnev komplekt"}]},{"@type":"WebSite","@id":"https:\/\/www.eoc.ee\/#website","url":"https:\/\/www.eoc.ee\/","name":"\u00c9glise Orthodoxe d'Estonie","description":"Eesti Apostlik-\u00d5igeusu Kirik","potentialAction":[{"@type":"SearchAction","target":{"@type":"EntryPoint","urlTemplate":"https:\/\/www.eoc.ee\/?s={search_term_string}"},"query-input":{"@type":"PropertyValueSpecification","valueRequired":true,"valueName":"search_term_string"}}],"inLanguage":"fr-FR"}]}},"_links":{"self":[{"href":"https:\/\/www.eoc.ee\/fr\/wp-json\/wp\/v2\/product\/46810","targetHints":{"allow":["GET"]}}],"collection":[{"href":"https:\/\/www.eoc.ee\/fr\/wp-json\/wp\/v2\/product"}],"about":[{"href":"https:\/\/www.eoc.ee\/fr\/wp-json\/wp\/v2\/types\/product"}],"wp:featuredmedia":[{"embeddable":true,"href":"https:\/\/www.eoc.ee\/fr\/wp-json\/wp\/v2\/media\/46811"}],"wp:attachment":[{"href":"https:\/\/www.eoc.ee\/fr\/wp-json\/wp\/v2\/media?parent=46810"}],"wp:term":[{"taxonomy":"product_brand","embeddable":true,"href":"https:\/\/www.eoc.ee\/fr\/wp-json\/wp\/v2\/product_brand?post=46810"},{"taxonomy":"product_cat","embeddable":true,"href":"https:\/\/www.eoc.ee\/fr\/wp-json\/wp\/v2\/product_cat?post=46810"},{"taxonomy":"product_tag","embeddable":true,"href":"https:\/\/www.eoc.ee\/fr\/wp-json\/wp\/v2\/product_tag?post=46810"}],"curies":[{"name":"wp","href":"https:\/\/api.w.org\/{rel}","templated":true}]}}